{"id":104781,"date":"2019-02-05T09:37:43","date_gmt":"2019-02-05T14:37:43","guid":{"rendered":"http:\/\/academia.utp.edu.co\/propiedades-magneticas-y-magnetoopticas-de-nuevos-materiales\/?page_id=104781"},"modified":"2019-10-07T09:48:00","modified_gmt":"2019-10-07T14:48:00","slug":"energias-alternativas","status":"publish","type":"page","link":"https:\/\/academia.utp.edu.co\/propiedades-magneticas-y-magnetoopticas-de-nuevos-materiales\/redes\/energias-alternativas\/","title":{"rendered":"Energ\u00edas Alternativas"},"content":{"rendered":"\n<hr class=\"wp-block-separator\" \/>\n\n\n\n<h2 class=\"wp-block-heading\" style=\"text-align:center\"><strong>RED COLMEX DE TECNOLOG\u00cdAS&nbsp;EN ENERG\u00cdAS&nbsp;RENOVABLES<\/strong><\/h2>\n\n\n\n<hr class=\"wp-block-separator\" \/>\n\n\n\n<h3 class=\"wp-block-heading\"><strong>OBJETIVO:<\/strong><\/h3>\n\n\n\n<p>Esta red surge en el 2012 a partir de la colaboraci\u00f3n entre la Dra. Beatriz Cruz Mu\u00f1oz l\u00edder del grupo de Propiedades Magn\u00e9ticas y Magneto-\u00f3pticas de Nuevos Materiales (GIMM) de la UTP \u2013 Pereira y el Dr. Rub\u00e9n Dorantes R. l\u00edder del Laboratorio de Refrigeraci\u00f3n Fen\u00f3nemos de Transporte y Energ\u00edas Renovables (LAFER) de la UAM- Azcapotzalco &#8211; Ciudad de M\u00e9xico, con la intenci\u00f3n de caracterizar mec\u00e1nicamente recubrimientos de superficies moderadamente selectivas utilizadas en sistemas de captaci\u00f3n solar ubicados en el deportivo Reynosa de la Ciudad de M\u00e9xico. \u00a0Por la necesidad de caracterizar las propiedades \u00f3pticas de estas superficies se cont\u00f3 con el apoyo del Dr. Mario Miki Yoshida y su grupo de investigaci\u00f3n en Nanoestructuras Funcionales del CIMAV-Chihuahua-M\u00e9xico.<br \/><br \/>A partir de esa colaboraci\u00f3n fue aprobado el presupuesto en el 2016 de un proyecto de investigaci\u00f3n financiado por el CONACYT (M\u00e9xico) presentado en conjunto entre las tres instituciones, siendo el responsable t\u00e9cnico la UAM-Azcapotzalco, con el fin de desarrollar superficies selectivas de alta calidad para desarrollar tecnolog\u00eda propia en calentamiento solar. El desarrollo de este proyecto conjunto ha permitido a sus participantes la realizaci\u00f3n de diversas actividades en I+D con el fin de compartir el conocimiento cient\u00edfico espec\u00edfico adquirido con los a\u00f1os por cada integrante de los grupos mencionados, mediante la asignaci\u00f3n de tareas que han permitido la orientaci\u00f3n de esfuerzos, intereses y recursos hacia el desarrollo de investigaciones en el \u00e1rea del aprovechamiento t\u00e9rmico de la energ\u00eda solar.<br \/><br \/>Esta red realiza reuniones cada mes tanto virtuales como presenciales para examinar el cumplimiento de las tareas propuestas en diversos subproyectos de investigaci\u00f3n de la red UTP, UAM-CIMAV. A continuaci\u00f3n, se listan los subproyectos de la UTP:<\/p>\n\n\n\n<ul class=\"wp-block-list\"><li> <a href=\"https:\/\/www.utp.edu.co\/vicerrectoria\/investigaciones\/investigaciones\/DetallesProyecto\/1945\">ESTUDIO EXPERIMENTAL COMPARATIVO DE RECUBRIMIENTOS DE ALTA ABSORTIVIDAD Y BAJA EMISIVIDAD SOBRE SUSTRATOS MET\u00c1LICOS UTILIZADOS COMO ABSORBEDORES EN CALENTADORES SOLARES (3-16-11)<\/a><\/li><li> <a href=\"https:\/\/www.utp.edu.co\/vicerrectoria\/investigaciones\/investigaciones\/DetallesProyecto\/2117\">DISE\u00d1O Y CONSTRUCCI\u00d3N DE UN BANCO DE PRUEBAS ESCALABLE PARA LA EVALUACI\u00d3N T\u00c9RMICA DE COLECTORES SOLARES PLANOS DE SUPERFICIE SELECTIVA (E3-18-1)<\/a><\/li><li> <a href=\"https:\/\/www.utp.edu.co\/vicerrectoria\/investigaciones\/investigaciones\/DetallesProyecto\/2094\">DISE\u00d1O E IMPLEMENTACI\u00d3N DE UN COLECTOR SOLAR CON SUPERFICIE SELECTIVA Y DE UN BANCO DE PRUEBAS PARA DETERMINAR EL RENDIMIENTO T\u00c9RMICO DE COLECTORES SOLARES (3-18-5)<\/a> <\/li><\/ul>\n\n\n\n<h3 class=\"wp-block-heading\"><strong>INTEGRANTES:<\/strong><\/h3>\n\n\n\n<ul class=\"wp-block-list\"><li> Dr. Rub\u00e9n Dorantes Rodriguez (UAM)<\/li><li> Dr. Mario Miki Yoshida (Cimav)<\/li><li> Dra. Patricia Amezaga Madrid Cimav)<\/li><li> Dr. Beatriz Cruz Mu\u00f1oz (UTP) <\/li><\/ul>\n\n\n\n<h3 class=\"wp-block-heading\"><strong> COORDINADORES: <\/strong><\/h3>\n\n\n\n<ul class=\"wp-block-list\"><li> Dra Beatriz Cruz Mu\u00f1oz<\/li><li> Dr. Rub\u00e9n Dorantes Rodriguez <\/li><\/ul>\n\n\n\n<h3 class=\"wp-block-heading\"><strong>ACTIVIDADES:<\/strong><\/h3>\n\n\n\n<ol class=\"wp-block-list\"><li> Visitas acad\u00e9micas de investigaci\u00f3n de los integrantes de los grupos de investigaci\u00f3n pertenecientes a la red entre las tres instituciones.<\/li><li> Reuniones virtuales y\/o presenciales peri\u00f3dicas.<\/li><li> Direcci\u00f3n de proyectos de pregrado y posgrado<\/li><li> Participaci\u00f3n en eventos cient\u00edficos.<\/li><li> Publicaciones en revistas acad\u00e9micas indexadas. <\/li><\/ol>\n\n\n\n<h3 class=\"wp-block-heading\"><strong>RESULTADOS:<\/strong><\/h3>\n\n\n\n<p>Como resultado de esta colaboraci\u00f3n en el 2013 se particip\u00f3 en el 2013 ISES Solar World Congress (3-7 noviembre 2013, Canc\u00fan, Mexico) y se public\u00f3 un art\u00edculo en la revista Energy Procedia. Adem\u00e1s, gracias a ese trabajo inicial una ingeniera F\u00edsica de la UTP obtuvo su t\u00edtulo de pregrado en el 2014).<br \/><br \/>A partir de esos resultados iniciales se tienen diversos resultados demostrables del trabajo realizado en la red, el balance en la UTP es: <\/p>\n\n\n\n<ol class=\"wp-block-list\"><li>Estudiantes que han obtenido su t\u00edtulo de pregrado en el marco de los proyectos de investigaci\u00f3n de la red:<br \/>INGENIERIA FISICA: 9 &nbsp;&nbsp;&nbsp;&nbsp;&nbsp;&nbsp;&nbsp;&nbsp;&nbsp;&nbsp;&nbsp;&nbsp;&nbsp;&nbsp;&nbsp;&nbsp;&nbsp;&nbsp;&nbsp; INGENIERIA MEC\u00c1NICA: 1 <br \/>MAESTRIA EN INSTRUMENTACION F\u00cdSICA: 1 ESTUDIANTE (en proceso) <\/li><li>Participaci\u00f3n en eventos nacionales e internacionales: 5<\/li><li>Art\u00edculos publicados en revistas indexadas: 2<\/li><li>Memorias de Encuentros de Semilleros: 5<\/li><li>Adicionalmente se tiene estudiantes de pregrado y maestr\u00eda de las tres instituciones que realizan actualmente su trabajo de investigaci\u00f3n en el marco de los proyectos soportados la red. Un posdoctor financiado por Colciencias y una Joven Investigadora financiada por Colciencias que iniciar\u00e1n sus labores investigativas en el a\u00f1o 2019.<\/li><\/ol>\n","protected":false},"excerpt":{"rendered":"<p>RED COLMEX DE TECNOLOG\u00cdAS&nbsp;EN ENERG\u00cdAS&nbsp;RENOVABLES OBJETIVO: Esta red surge en el 2012 a partir de la colaboraci\u00f3n entre la Dra. Beatriz Cruz Mu\u00f1oz l\u00edder del grupo de Propiedades Magn\u00e9ticas y <a href=\"https:\/\/academia.utp.edu.co\/propiedades-magneticas-y-magnetoopticas-de-nuevos-materiales\/redes\/energias-alternativas\/\" rel=\"nofollow\"><span class=\"sr-only\">Leer m\u00e1sEnerg\u00edas Alternativas<\/span>[&hellip;]<\/a><\/p>\n","protected":false},"author":781,"featured_media":0,"parent":104721,"menu_order":0,"comment_status":"closed","ping_status":"closed","template":"","meta":{"footnotes":""},"class_list":["post-104781","page","type-page","status-publish","hentry"],"_links":{"self":[{"href":"https:\/\/academia.utp.edu.co\/propiedades-magneticas-y-magnetoopticas-de-nuevos-materiales\/wp-json\/wp\/v2\/pages\/104781","targetHints":{"allow":["GET"]}}],"collection":[{"href":"https:\/\/academia.utp.edu.co\/propiedades-magneticas-y-magnetoopticas-de-nuevos-materiales\/wp-json\/wp\/v2\/pages"}],"about":[{"href":"https:\/\/academia.utp.edu.co\/propiedades-magneticas-y-magnetoopticas-de-nuevos-materiales\/wp-json\/wp\/v2\/types\/page"}],"author":[{"embeddable":true,"href":"https:\/\/academia.utp.edu.co\/propiedades-magneticas-y-magnetoopticas-de-nuevos-materiales\/wp-json\/wp\/v2\/users\/781"}],"replies":[{"embeddable":true,"href":"https:\/\/academia.utp.edu.co\/propiedades-magneticas-y-magnetoopticas-de-nuevos-materiales\/wp-json\/wp\/v2\/comments?post=104781"}],"version-history":[{"count":19,"href":"https:\/\/academia.utp.edu.co\/propiedades-magneticas-y-magnetoopticas-de-nuevos-materiales\/wp-json\/wp\/v2\/pages\/104781\/revisions"}],"predecessor-version":[{"id":108361,"href":"https:\/\/academia.utp.edu.co\/propiedades-magneticas-y-magnetoopticas-de-nuevos-materiales\/wp-json\/wp\/v2\/pages\/104781\/revisions\/108361"}],"up":[{"embeddable":true,"href":"https:\/\/academia.utp.edu.co\/propiedades-magneticas-y-magnetoopticas-de-nuevos-materiales\/wp-json\/wp\/v2\/pages\/104721"}],"wp:attachment":[{"href":"https:\/\/academia.utp.edu.co\/propiedades-magneticas-y-magnetoopticas-de-nuevos-materiales\/wp-json\/wp\/v2\/media?parent=104781"}],"curies":[{"name":"wp","href":"https:\/\/api.w.org\/{rel}","templated":true}]}}