{"id":104801,"date":"2019-02-05T09:38:24","date_gmt":"2019-02-05T14:38:24","guid":{"rendered":"http:\/\/academia.utp.edu.co\/propiedades-magneticas-y-magnetoopticas-de-nuevos-materiales\/?page_id=104801"},"modified":"2019-10-07T09:46:23","modified_gmt":"2019-10-07T14:46:23","slug":"nanomateriales","status":"publish","type":"page","link":"https:\/\/academia.utp.edu.co\/propiedades-magneticas-y-magnetoopticas-de-nuevos-materiales\/redes\/nanomateriales\/","title":{"rendered":"Nanomateriales Funcionales"},"content":{"rendered":"\n<hr class=\"wp-block-separator\" \/>\n\n\n\n<h2 class=\"wp-block-heading\" style=\"text-align:center\"><strong>RED de NANOMATERIALES FUNCIONALES<\/strong><\/h2>\n\n\n\n<hr class=\"wp-block-separator\" \/>\n\n\n\n<h3 class=\"wp-block-heading\"><strong>OBJETIVO:<\/strong><\/h3>\n\n\n\n<p>Esta red fue conformada en el 2018 al considerarse el enfoque similar en cuanto a las investigaciones que se pod\u00edan generar en el \u00e1rea de nanotecnolog\u00eda, entre el Grupo de Propiedades Magn\u00e9tica y Magneto\u00f3pticas de Nuevos Materiales de la UTP-Pereira y el \u00c1rea de Nanotecnolog\u00eda de Tecnoacademia Risaralda. En su primera fase el objetivo de la red es hacer investigaciones te\u00f3ricas y experimentales en cuanto a las condiciones para la obtenci\u00f3n de nanomateriales con base en el \u00f3xido de zinc con propiedades \u00f3pticas, mec\u00e1nicas y\/o magn\u00e9ticas; a partir de la s\u00edntesis por m\u00e9todos alternativos tales como el aleamiento mec\u00e1nico para la posterior consolidaci\u00f3n mediante sinterizaci\u00f3n, sputtering y recocido. <\/p>\n\n\n\n<h3 class=\"wp-block-heading\"><strong>INTEGRANTES:<\/strong><\/h3>\n\n\n\n<ul class=\"wp-block-list\"><li>Milton Humberto Medina Barreto<\/li><li>Manuel Pinz\u00f3n Candelario<\/li><li>Beatriz Cruz Mu\u00f1oz<\/li><li>Johan David \u00d1a\u00f1ez Zuleta<\/li><\/ul>\n\n\n\n<h3 class=\"wp-block-heading\"><strong>COORDINADORES:<\/strong><\/h3>\n\n\n\n<ul class=\"wp-block-list\"><li> Milton Humberto Medina Barreto <\/li><\/ul>\n\n\n\n<h3 class=\"wp-block-heading\"><strong>ACTIVIDADES:<\/strong><\/h3>\n\n\n\n<ol class=\"wp-block-list\"><li> Reuniones quincenales<\/li><li>Direcci\u00f3n de proyectos de grado, participaci\u00f3n en eventos cient\u00edficos.<\/li><li>Desarrollo de proyectos en el \u00e1rea de nanomateriales enfocados inicialmente al \u00f3xido de zinc.<\/li><li>Desarrollo de infraestructura para la ejecuci\u00f3n de medidas experimentales de aleamiento mec\u00e1nico en fr\u00edo.<\/li><li>Desarrollo de la infraestuctura para la deposici\u00f3n de pel\u00edculas delgadas de ZnO sin dopar.<\/li><li>Caracterizaci\u00f3n de los materiales obtenidos mediante los diferentes procesos y su comparaci\u00f3n con m\u00e9todos de simulaci\u00f3n como DFT.<\/li><li>Publicaci\u00f3n de los resultados parciales y finales de los proyectos en conjunto. <\/li><\/ol>\n\n\n\n<h3 class=\"wp-block-heading\"><strong>RESULTADOS:<\/strong><\/h3>\n\n\n\n<p>Direcci\u00f3n de un trabajo de grado en Ingenier\u00eda F\u00edsica de la UTP.<\/p>\n","protected":false},"excerpt":{"rendered":"<p>RED de NANOMATERIALES FUNCIONALES OBJETIVO: Esta red fue conformada en el 2018 al considerarse el enfoque similar en cuanto a las investigaciones que se pod\u00edan generar en el \u00e1rea de <a href=\"https:\/\/academia.utp.edu.co\/propiedades-magneticas-y-magnetoopticas-de-nuevos-materiales\/redes\/nanomateriales\/\" rel=\"nofollow\"><span class=\"sr-only\">Leer m\u00e1sNanomateriales Funcionales<\/span>[&hellip;]<\/a><\/p>\n","protected":false},"author":781,"featured_media":0,"parent":104721,"menu_order":0,"comment_status":"closed","ping_status":"closed","template":"","meta":{"footnotes":""},"class_list":["post-104801","page","type-page","status-publish","hentry"],"_links":{"self":[{"href":"https:\/\/academia.utp.edu.co\/propiedades-magneticas-y-magnetoopticas-de-nuevos-materiales\/wp-json\/wp\/v2\/pages\/104801","targetHints":{"allow":["GET"]}}],"collection":[{"href":"https:\/\/academia.utp.edu.co\/propiedades-magneticas-y-magnetoopticas-de-nuevos-materiales\/wp-json\/wp\/v2\/pages"}],"about":[{"href":"https:\/\/academia.utp.edu.co\/propiedades-magneticas-y-magnetoopticas-de-nuevos-materiales\/wp-json\/wp\/v2\/types\/page"}],"author":[{"embeddable":true,"href":"https:\/\/academia.utp.edu.co\/propiedades-magneticas-y-magnetoopticas-de-nuevos-materiales\/wp-json\/wp\/v2\/users\/781"}],"replies":[{"embeddable":true,"href":"https:\/\/academia.utp.edu.co\/propiedades-magneticas-y-magnetoopticas-de-nuevos-materiales\/wp-json\/wp\/v2\/comments?post=104801"}],"version-history":[{"count":7,"href":"https:\/\/academia.utp.edu.co\/propiedades-magneticas-y-magnetoopticas-de-nuevos-materiales\/wp-json\/wp\/v2\/pages\/104801\/revisions"}],"predecessor-version":[{"id":108351,"href":"https:\/\/academia.utp.edu.co\/propiedades-magneticas-y-magnetoopticas-de-nuevos-materiales\/wp-json\/wp\/v2\/pages\/104801\/revisions\/108351"}],"up":[{"embeddable":true,"href":"https:\/\/academia.utp.edu.co\/propiedades-magneticas-y-magnetoopticas-de-nuevos-materiales\/wp-json\/wp\/v2\/pages\/104721"}],"wp:attachment":[{"href":"https:\/\/academia.utp.edu.co\/propiedades-magneticas-y-magnetoopticas-de-nuevos-materiales\/wp-json\/wp\/v2\/media?parent=104801"}],"curies":[{"name":"wp","href":"https:\/\/api.w.org\/{rel}","templated":true}]}}