{"id":105571,"date":"2019-02-14T17:18:15","date_gmt":"2019-02-14T22:18:15","guid":{"rendered":"http:\/\/academia.utp.edu.co\/propiedades-magneticas-y-magnetoopticas-de-nuevos-materiales\/?page_id=105571"},"modified":"2024-07-26T18:53:30","modified_gmt":"2024-07-26T23:53:30","slug":"trabajos-de-grado","status":"publish","type":"page","link":"https:\/\/academia.utp.edu.co\/propiedades-magneticas-y-magnetoopticas-de-nuevos-materiales\/proyectos\/trabajos-de-grado\/","title":{"rendered":"TRABAJOS DE GRADO"},"content":{"rendered":"\n<p><strong>Nombre del trabajo de grado:<\/strong> Producci\u00f3n y caracterizaci\u00f3n estructural de pel\u00edcula delgada BiFeO3 depositadas por la t\u00e9cnica PLD<\/p>\n\n\n\n<p><strong>Estudiante:<\/strong> July Andrea Rinc\u00f3n L\u00f3pez, Eduardo Andr\u00e9s Fl\u00f3rez Galeano<\/p>\n\n\n\n<p><strong>Fecha de sustentaci\u00f3n: <\/strong>16\/03\/2012<\/p>\n\n\n\n<hr class=\"wp-block-separator has-alpha-channel-opacity\" \/>\n\n\n\n<p><strong>Nombre del trabajo de grado:<\/strong> S\u00edntesis y Caracterizaci\u00f3n del Sistema BiFeO3 eb Volumen y Pel\u00edcula Delgada<\/p>\n\n\n\n<p><strong>Estudiante: <\/strong>Nancy Yaneth Conde Bland\u00f3n<\/p>\n\n\n\n<p><strong>Fecha de sustentaci\u00f3n:<\/strong> 06\/06\/2014<\/p>\n\n\n\n<hr class=\"wp-block-separator has-alpha-channel-opacity\" \/>\n\n\n\n<p><strong>Nombre del trabajo de grado:<\/strong> SIMULACI\u00d3N DE PROPIEDADES MAGN\u00c9TICAS Y ESTRUCTURALES DE ALEACIONES COXFEL00-x POR PRIMEROS PRINCIPIOS<\/p>\n\n\n\n<p><strong>Estudiante: <\/strong>Wilson David Buitrago Ceballos<\/p>\n\n\n\n<p><strong>Fecha de sustentaci\u00f3n:<\/strong> 30\/11\/2017<\/p>\n\n\n\n<hr class=\"wp-block-separator has-alpha-channel-opacity\" \/>\n\n\n\n<p><strong>Nombre del trabajo de grado:<\/strong> Estudio Experimental de las Propiedades \u00d3pticas y Mec\u00e1nicas de Superficies de Captaci\u00f3n Solar<\/p>\n\n\n\n<p><strong>Estudiante: <\/strong>Laura Estefania Mora Joaqui<\/p>\n\n\n\n<p><strong>Fecha de sustentaci\u00f3n:<\/strong> 09\/04\/2018<\/p>\n\n\n\n<hr class=\"wp-block-separator has-alpha-channel-opacity\" \/>\n\n\n\n<p><strong>Nombre del trabajo de grado:<\/strong> DISE\u00d1O E IMPLEMENTACI\u00d3N DE UN EQUIPO DE DEPOSICIONES PELICULARES BASADO EN LA T\u00c9CNICA DE INMERSI\u00d3N SOL-GEL<\/p>\n\n\n\n<p><strong>Estudiante:<\/strong> Laura Andrea Fl\u00f3rez Bedoya, Laura Estefania Mora Joaqui<\/p>\n\n\n\n<p><strong>Fecha de sustentaci\u00f3n: <\/strong>09\/04\/2018<\/p>\n\n\n\n<hr class=\"wp-block-separator has-alpha-channel-opacity\" \/>\n\n\n\n<p><strong>Nombre del trabajo de grado:<\/strong> DEPOSICI\u00d3N Y CARACTERIZACI\u00d3N DE PEL\u00cdCULAS DELGADAS DE \u00d3XIDO POR MEDIO DE LA T\u00c9CNICA CVDAA CON APLICACIONES EN TECNOLOG\u00cdA SOLAR<\/p>\n\n\n\n<p><strong>Estudiante: <\/strong>Sarah Hincapi\u00e9 Usuga<\/p>\n\n\n\n<p><strong>Fecha de sustentaci\u00f3n:<\/strong> 18\/01\/2018<\/p>\n\n\n\n<hr class=\"wp-block-separator has-alpha-channel-opacity\" \/>\n\n\n\n<p><strong>Nombre del trabajo de grado: <\/strong>OPTIMIZACI\u00d3N DE LOS PAR\u00c1METROS DE TRABAJO PARA LA IMPLEMENTACI\u00d3N DE LA T\u00c9CNICA CVD ASISTIDO POR AEROSOL EN LA UTP<\/p>\n\n\n\n<p><strong>Estudiante: <\/strong>Bayron Esteban Rios Bravo<\/p>\n\n\n\n<p><strong>Fecha de sustentaci\u00f3n: <\/strong>18\/01\/2018<\/p>\n\n\n\n<hr class=\"wp-block-separator has-alpha-channel-opacity\" \/>\n\n\n\n<p><strong>Nombre del trabajo de grado:<\/strong> S\u00edntesis de recubrimientos de cloruro de aluminio y acetato de n\u00edquel utilizando la t\u00e9cnica vapor qu\u00edmico de asistida por aerosol (CVDAA)<\/p>\n\n\n\n<p><strong>Estudiante:<\/strong> Yeimy Susana Cort\u00e9s Ruiz<\/p>\n\n\n\n<p><strong>Fecha de sustentaci\u00f3n:<\/strong> 21\/01\/2019<\/p>\n\n\n\n<hr class=\"wp-block-separator has-alpha-channel-opacity\" \/>\n\n\n\n<p><strong>Nombre del trabajo de grado:<\/strong> ESTUDIO F\u00cdSICO COMPARATIVO DE PINTURAS COMERCIALES DE ALTA TEMPERATURA PARA APLICACI\u00d3N EN COLECTORES SOLARES.<\/p>\n\n\n\n<p><strong>Estudiante:<\/strong> Leidy Mariana Mosquera Rivera<\/p>\n\n\n\n<p><strong>Fecha de sustentaci\u00f3n: <\/strong>04\/12\/2020<\/p>\n\n\n\n<hr class=\"wp-block-separator has-alpha-channel-opacity\" \/>\n\n\n\n<p><strong>Nombre del trabajo de grado:<\/strong> PRACTICA EN INVESTIGACION USO DE HERRAMIENTAS TECNOLOGICAS DE HARDWARE MEDIANTE TERMOGRAFIA INFRARROJA Y DE SOFTWARE DIRECCIONADAS A LA PREVENCION Y DETECCION TEMPRANA DE ANOMALIAS MAMARIAS EN MUJERES DEL AREA URBANA Y RURAL DEL DEPARTAMENTO DE RISARALDA.<\/p>\n\n\n\n<p><strong>Estudiante:<\/strong> Valentina Rodr\u00edguez Aristizabal<\/p>\n\n\n\n<p><strong>Fecha de sustentaci\u00f3n:<\/strong> 02\/12\/2022<\/p>\n\n\n\n<hr class=\"wp-block-separator has-alpha-channel-opacity\" \/>\n\n\n\n<p><strong>Nombre del trabajo de grado:<\/strong> REINGENIERIA MECANICA Y TERMICA DE UN PROTOTIPO DE HORNO-ESTUFA SOLAR PARABOLICO PARA LA COCCION DE ALIMENTOS, DESALINIZACION Y POTABILIZACION DE AGUA EN COLOMBIA<\/p>\n\n\n\n<p><strong>Estudiante:<\/strong> Robinson Johan Ram\u00edrez Gil<\/p>\n\n\n\n<p><strong>Fecha de sustentaci\u00f3n: <\/strong>31\/10\/2022<\/p>\n\n\n\n<hr class=\"wp-block-separator has-alpha-channel-opacity\" \/>\n","protected":false},"excerpt":{"rendered":"<p>Nombre del trabajo de grado: Producci\u00f3n y caracterizaci\u00f3n estructural de pel\u00edcula delgada BiFeO3 depositadas por la t\u00e9cnica PLD Estudiante: July Andrea Rinc\u00f3n L\u00f3pez, Eduardo Andr\u00e9s Fl\u00f3rez Galeano Fecha de sustentaci\u00f3n: <a href=\"https:\/\/academia.utp.edu.co\/propiedades-magneticas-y-magnetoopticas-de-nuevos-materiales\/proyectos\/trabajos-de-grado\/\" rel=\"nofollow\"><span class=\"sr-only\">Leer m\u00e1sTRABAJOS DE GRADO<\/span>[&hellip;]<\/a><\/p>\n","protected":false},"author":781,"featured_media":0,"parent":5631,"menu_order":0,"comment_status":"closed","ping_status":"closed","template":"","meta":{"footnotes":""},"class_list":["post-105571","page","type-page","status-publish","hentry"],"_links":{"self":[{"href":"https:\/\/academia.utp.edu.co\/propiedades-magneticas-y-magnetoopticas-de-nuevos-materiales\/wp-json\/wp\/v2\/pages\/105571","targetHints":{"allow":["GET"]}}],"collection":[{"href":"https:\/\/academia.utp.edu.co\/propiedades-magneticas-y-magnetoopticas-de-nuevos-materiales\/wp-json\/wp\/v2\/pages"}],"about":[{"href":"https:\/\/academia.utp.edu.co\/propiedades-magneticas-y-magnetoopticas-de-nuevos-materiales\/wp-json\/wp\/v2\/types\/page"}],"author":[{"embeddable":true,"href":"https:\/\/academia.utp.edu.co\/propiedades-magneticas-y-magnetoopticas-de-nuevos-materiales\/wp-json\/wp\/v2\/users\/781"}],"replies":[{"embeddable":true,"href":"https:\/\/academia.utp.edu.co\/propiedades-magneticas-y-magnetoopticas-de-nuevos-materiales\/wp-json\/wp\/v2\/comments?post=105571"}],"version-history":[{"count":3,"href":"https:\/\/academia.utp.edu.co\/propiedades-magneticas-y-magnetoopticas-de-nuevos-materiales\/wp-json\/wp\/v2\/pages\/105571\/revisions"}],"predecessor-version":[{"id":109714,"href":"https:\/\/academia.utp.edu.co\/propiedades-magneticas-y-magnetoopticas-de-nuevos-materiales\/wp-json\/wp\/v2\/pages\/105571\/revisions\/109714"}],"up":[{"embeddable":true,"href":"https:\/\/academia.utp.edu.co\/propiedades-magneticas-y-magnetoopticas-de-nuevos-materiales\/wp-json\/wp\/v2\/pages\/5631"}],"wp:attachment":[{"href":"https:\/\/academia.utp.edu.co\/propiedades-magneticas-y-magnetoopticas-de-nuevos-materiales\/wp-json\/wp\/v2\/media?parent=105571"}],"curies":[{"name":"wp","href":"https:\/\/api.w.org\/{rel}","templated":true}]}}