{"id":1061,"date":"2018-09-28T16:29:54","date_gmt":"2018-09-28T16:29:54","guid":{"rendered":"http:\/\/academia.utp.edu.co\/propiedades-magneticas-y-magnetoopticas-de-nuevos-materiales\/?page_id=1061"},"modified":"2023-10-19T11:18:40","modified_gmt":"2023-10-19T16:18:40","slug":"nosotros","status":"publish","type":"page","link":"https:\/\/academia.utp.edu.co\/propiedades-magneticas-y-magnetoopticas-de-nuevos-materiales\/nosotros\/","title":{"rendered":"Nosotros"},"content":{"rendered":"\n<h2 class=\"wp-block-heading has-text-align-center\"><strong>GRUPO DE INVESTIGACI\u00d3N PROPIEDADES MAGN\u00c9TICAS Y MAGNETO-\u00d3PTICAS DE NUEVOS MATERIALES<\/strong> <\/h2>\n\n\n\n<hr class=\"wp-block-separator has-css-opacity\" \/>\n\n\n\n<p><strong>C\u00f3digo<\/strong>:  COL0025291 <\/p>\n\n\n\n<p><strong>Categor\u00eda<\/strong>: B<\/p>\n\n\n\n<hr class=\"wp-block-separator has-css-opacity\" \/>\n\n\n\n<h3 class=\"wp-block-heading\"><strong>Objetivo:<\/strong><\/h3>\n\n\n\n<p> El objetivo general de nuestro grupo es desarrollar actividades de investigaci\u00f3n cient\u00edfica encaminadas a la generaci\u00f3n de nuevo conocimiento, al establecimiento de procesos, la transformaci\u00f3n de materiales y la formaci\u00f3n de material humano en una amplia variedad de temas enfocados desde la perspectiva de la f\u00edsica te\u00f3rica y experimental.<\/p>\n\n\n\n<hr class=\"wp-block-separator has-css-opacity\" \/>\n\n\n\n<h3 class=\"wp-block-heading\"> <strong>Director(a)<\/strong> <\/h3>\n\n\n\n<p class=\"has-very-light-gray-background-color has-background\"><strong>BEATRIZ CRUZ MU\u00d1OZ    <br \/><\/strong>bcruz@utp.edu.co<\/p>\n\n\n\n<hr class=\"wp-block-separator has-css-opacity\" \/>\n\n\n\n<h3 class=\"wp-block-heading\">  <strong>Integrantes<\/strong><\/h3>\n\n\n\n<ul class=\"wp-block-list\">\n<li>MILTON HUMBERTO MEDINA BARRETO<\/li>\n\n\n\n<li>RUBEN JOSE DORANTES RODRIGUEZ<\/li>\n\n\n\n<li>ANDR\u00c9S CAMILO GARC\u00cdA CASTRO<\/li>\n\n\n\n<li>DANIEL PATI\u00d1O VARGAS<\/li>\n\n\n\n<li>ERIKA MARIANA ALZATE POSSO<\/li>\n\n\n\n<li>JORGE MARIO HINCAPI\u00c9 ZAPATA<\/li>\n\n\n\n<li>JUAN GUILLERMO MARIN DIAZ<\/li>\n\n\n\n<li>JUAN MARCOS MAR\u00cdN RAM\u00cdREZ<\/li>\n\n\n\n<li>LAURA ANDREA FL\u00d3REZ BEDOYA<\/li>\n\n\n\n<li>JULIANA PATI\u00d1O PI\u00d1EROS<\/li>\n\n\n\n<li>MELANI DEHGHANI HENAO<\/li>\n<\/ul>\n\n\n\n<hr class=\"wp-block-separator has-css-opacity\" \/>\n\n\n\n<h3 class=\"wp-block-heading\"><strong>L\u00edneas de Investigaci\u00f3n<\/strong><\/h3>\n\n\n\n<ul class=\"wp-block-list\">\n<li>Contaminaci\u00f3n electromagn\u00e9tica<\/li>\n\n\n\n<li>Ensayos no destructivos en materiales<\/li>\n\n\n\n<li>Estudio de las propiedades f\u00edsicas de materiales en aplicaciones con energ\u00edas renovables y desarrollo, simulaci\u00f3n y evaluaci\u00f3n de sistemas t\u00e9rmicos con energ\u00eda solar<\/li>\n\n\n\n<li>Instrumentaci\u00f3n de equipos para medidas magn\u00e9ticas<\/li>\n\n\n\n<li>Magneto-\u00f3ptica de nuevos Materiales<\/li>\n\n\n\n<li>Metalurgia de Polvos<\/li>\n<\/ul>\n\n\n\n<p class=\"has-text-align-right\"><a href=\"http:\/\/scienti.colciencias.gov.co:8080\/gruplac\/jsp\/visualiza\/visualizagr.jsp?nro=00000000000648\" target=\"_blank\" rel=\"noreferrer noopener\">URL en Colciencias<\/a><\/p>\n\n\n\n<p>En caso de no estar disponible o en linea la pagina de colciencias dar clic en el siguiente enlace &gt;<a href=\"https:\/\/academia.utp.edu.co\/propiedades-magneticas-y-magnetoopticas-de-nuevos-materiales\/files\/2018\/11\/scienti-colciencias-gov-co-gruplac-jsp-visualiza-visualizagr-jsp-nro-00000000000648.pdf\">Aqu\u00ed<\/a>&lt;<\/p>\n\n\n\n<hr class=\"wp-block-separator has-css-opacity\" \/>\n\n\n\n<h3 class=\"wp-block-heading\"><strong>Redes de Investigaci\u00f3n &#8211; <em>Cobertura<\/em><\/strong><\/h3>\n\n\n\n<ol class=\"wp-block-list\">\n<li>Centro Brasileiro de pesquisas F\u00edsica &#8211; <strong><em>Internacional<\/em><\/strong><\/li>\n\n\n\n<li>Centro de Desenvolvimento de Tecnolog\u00eda Nuclear &#8211; <strong><em>Internacional<\/em><\/strong><\/li>\n\n\n\n<li>Centro de Investigaci\u00f3n y de Estudios del I.P.N &#8211; Unidad Queretaro &#8211; <strong><em>Internacional<\/em><\/strong><\/li>\n\n\n\n<li>Materiales Funcionales &#8211; <strong><em>Internacional<\/em><\/strong><\/li>\n\n\n\n<li>Pontificia Universidad Cat\u00f3lica &#8211; <strong><em>Internacional<\/em><\/strong><\/li>\n\n\n\n<li>Universidad de Michoacan &#8211; <strong><em>Internacional<\/em><\/strong><\/li>\n\n\n\n<li>Universidad Federal de Rio de Jainero &#8211; <strong><em>Internacional<\/em><\/strong><\/li>\n\n\n\n<li>Universidade Federal de Uberlandia &#8211; <strong><em>Internacional<\/em><\/strong><\/li>\n\n\n\n<li>Asociaci\u00f3n Colombiana de Profesores de f\u00edsica ZEMAKAITA &#8211; <strong><em>Nacional<\/em><\/strong><\/li>\n\n\n\n<li>Universidad de Antioquia &#8211; <strong><em>Nacional<\/em><\/strong><\/li>\n\n\n\n<li>Universidad del Cauca &#8211; <strong><em>Nacional<\/em><\/strong><\/li>\n\n\n\n<li>Universidad del Tolima &#8211; <strong><em>Nacional<\/em><\/strong><\/li>\n\n\n\n<li>Universidad del Valle &#8211; <strong><em>Nacional<\/em><\/strong> <\/li>\n<\/ol>\n\n\n\n<hr class=\"wp-block-separator has-css-opacity\" \/>\n\n\n\n<h3 class=\"wp-block-heading\"><strong>Grupo Soporte de Programas de Posgrado<\/strong><\/h3>\n\n\n\n<p>Maestr\u00eda En Instrumentaci\u00f3n F\u00edsica <\/p>\n","protected":false},"excerpt":{"rendered":"<p>GRUPO DE INVESTIGACI\u00d3N PROPIEDADES MAGN\u00c9TICAS Y MAGNETO-\u00d3PTICAS DE NUEVOS MATERIALES C\u00f3digo: COL0025291 Categor\u00eda: B Objetivo: El objetivo general de nuestro grupo es desarrollar actividades de investigaci\u00f3n cient\u00edfica encaminadas a la <a href=\"https:\/\/academia.utp.edu.co\/propiedades-magneticas-y-magnetoopticas-de-nuevos-materiales\/nosotros\/\" rel=\"nofollow\"><span class=\"sr-only\">Leer m\u00e1sNosotros<\/span>[&hellip;]<\/a><\/p>\n","protected":false},"author":781,"featured_media":0,"parent":0,"menu_order":0,"comment_status":"closed","ping_status":"closed","template":"","meta":{"footnotes":""},"class_list":["post-1061","page","type-page","status-publish","hentry"],"_links":{"self":[{"href":"https:\/\/academia.utp.edu.co\/propiedades-magneticas-y-magnetoopticas-de-nuevos-materiales\/wp-json\/wp\/v2\/pages\/1061","targetHints":{"allow":["GET"]}}],"collection":[{"href":"https:\/\/academia.utp.edu.co\/propiedades-magneticas-y-magnetoopticas-de-nuevos-materiales\/wp-json\/wp\/v2\/pages"}],"about":[{"href":"https:\/\/academia.utp.edu.co\/propiedades-magneticas-y-magnetoopticas-de-nuevos-materiales\/wp-json\/wp\/v2\/types\/page"}],"author":[{"embeddable":true,"href":"https:\/\/academia.utp.edu.co\/propiedades-magneticas-y-magnetoopticas-de-nuevos-materiales\/wp-json\/wp\/v2\/users\/781"}],"replies":[{"embeddable":true,"href":"https:\/\/academia.utp.edu.co\/propiedades-magneticas-y-magnetoopticas-de-nuevos-materiales\/wp-json\/wp\/v2\/comments?post=1061"}],"version-history":[{"count":94,"href":"https:\/\/academia.utp.edu.co\/propiedades-magneticas-y-magnetoopticas-de-nuevos-materiales\/wp-json\/wp\/v2\/pages\/1061\/revisions"}],"predecessor-version":[{"id":109697,"href":"https:\/\/academia.utp.edu.co\/propiedades-magneticas-y-magnetoopticas-de-nuevos-materiales\/wp-json\/wp\/v2\/pages\/1061\/revisions\/109697"}],"wp:attachment":[{"href":"https:\/\/academia.utp.edu.co\/propiedades-magneticas-y-magnetoopticas-de-nuevos-materiales\/wp-json\/wp\/v2\/media?parent=1061"}],"curies":[{"name":"wp","href":"https:\/\/api.w.org\/{rel}","templated":true}]}}