{"id":106991,"date":"2019-03-25T16:57:22","date_gmt":"2019-03-25T21:57:22","guid":{"rendered":"http:\/\/academia.utp.edu.co\/propiedades-magneticas-y-magnetoopticas-de-nuevos-materiales\/?page_id=106991"},"modified":"2021-04-22T18:33:39","modified_gmt":"2021-04-22T23:33:39","slug":"documentos-de-trabajo","status":"publish","type":"page","link":"https:\/\/academia.utp.edu.co\/propiedades-magneticas-y-magnetoopticas-de-nuevos-materiales\/documentos-de-trabajo\/","title":{"rendered":"DOCUMENTOS DE TRABAJO"},"content":{"rendered":"\n<h2 class=\"wp-block-heading\"><strong>Semiconductores Magn\u00e9ticos ZnO:<\/strong><\/h2>\n\n\n\n<p>We believe that those involved in this project have the necessary technological and human inputs that will allow the synthesis by mechanical alloying of the doped zinc oxide (with transition metals) and without doping, its subsequent characterization, compaction and sintering of the material to obtain targets; and finally, the deposition of the doped and undoped ZnO selected by means of the physical processes of cathodic sputtering and cathodic deposition, and the chemical vapor deposition process. The aim is to obtain a semiconductor material of ferromagnetic character at room temperature according to the controlled experimental conditions, which can be proposed as a candidate in the manufacture of diluted magnetic semiconductors.<\/p>\n\n\n\n<p><strong>DOI: 10.17605\/OSF.IO\/6MHGB<\/strong><\/p>\n\n\n\n<h3 class=\"wp-block-heading\"><strong>Objetivo General:<\/strong><\/h3>\n\n\n\n<p>Realizar un estudio de materiales semiconductores magn\u00e9ticos diluidos a partir del \u00f3xido de zinc dopado y sin dopar utilizando la s\u00edntesis por aleamiento mec\u00e1nico y posterior comparaci\u00f3n de las pel\u00edculas delgadas obtenidas por deposici\u00f3n f\u00edsica por pulverizaci\u00f3n cat\u00f3dica con magnetr\u00f3n y deposici\u00f3n cat\u00f3dica, con respecto a la deposici\u00f3n qu\u00edmica asistida por aire; de acuerdo con las caracterizaciones estructurales, morfol\u00f3gicas, \u00f3pticas, el\u00e9ctricas y magn\u00e9ticas ejecutadas.<\/p>\n\n\n\n<h3 class=\"wp-block-heading\"><strong>Objetivos Espec\u00edficos:<\/strong><\/h3>\n\n\n\n<ol class=\"wp-block-list\"><li>S\u00edntesis por aleamiento mec\u00e1nico y caracterizaci\u00f3n de los polvos obtenidos a partir del (Zn 1-x M x )O dopado y sin dopar con el fin de seleccionar los compuestos m\u00e1s adecuados como blancos (targets) para la posterior deposici\u00f3n variando el tipo de dopante y su respectiva composici\u00f3n para al menos tres tipos de dopantes.<\/li><li>Fabricaci\u00f3n y caracterizaci\u00f3n de los blancos y sustratos seleccionados.<\/li><li>Implementaci\u00f3n y puesta en funcionamiento de los sistemas de deposici\u00f3n por deposici\u00f3n cat\u00f3dica, pulverizaci\u00f3n cat\u00f3dica con magnetr\u00f3n y deposici\u00f3n qu\u00edmica de vapor asistida por aire aplicado al estudio del sistema (Zn 1-x M x )O dopado y sin dopar.<\/li><li>Implementar, poner en funcionamiento y calibrar dos sistemas para la caracterizaci\u00f3n magn\u00e9tica de pel\u00edculas delgadas mediante el efecto Kerr magneto\u00f3ptico para campos magn\u00e9ticos aplicados bajos (por debajo de 0.5 T) y campos magn\u00e9ticos altos (por encima de 0.5T).<\/li><li>Fabricaci\u00f3n y caracterizaci\u00f3n de pel\u00edculas delgadas, a partir de las muestras seleccionadas del sistema (Zn 1-x M x )O dopado y sin dopar, optimizando las condiciones de crecimiento para el material sintetizado en los blancos.<\/li><li>Evaluaci\u00f3n y an\u00e1lisis de los resultados para su posterior publicaci\u00f3n, circulaci\u00f3n y divulgaci\u00f3n.<\/li><li>Entender a fondo y posteriormente validar los resultados experimentales obtenidos en este proyecto mediante el an\u00e1lisis de los c\u00e1lculos de primeros principios basados en la Teor\u00eda Funcional de la Densidad (DFT)<\/li><\/ol>\n\n\n\n<hr class=\"wp-block-separator\" \/>\n\n\n\n<h2 class=\"wp-block-heading\"><strong>An\u00e1lisis Termogr\u00e1fico como Herramienta para la Caracterizaci\u00f3n y Evaluaci\u00f3n del Desorden de Ansiedad Acad\u00e9mica en Estudiantes de Pregrado.<\/strong><\/h2>\n\n\n\n<p>Design and implement a protocol to standardize the acquisition, pre-processing and processing of infrared images as a diagnostic technique of academic anxiety in undergraduate students<\/p>\n\n\n\n<p><strong>DOI: 10.17605\/OSF.IO\/8Z5QE<\/strong><\/p>\n\n\n\n<h3 class=\"wp-block-heading\"><strong>Objetivo General:<\/strong><\/h3>\n\n\n\n<p>Dise\u00f1ar e implementar un protocolo que permita estandarizar la adquisici\u00f3n, pre-procesamiento y procesamiento de im\u00e1genes infrarrojas como t\u00e9cnica diagn\u00f3stica de ansiedad acad\u00e9mica en estudiantes de pregrado.<\/p>\n\n\n\n<h3 class=\"wp-block-heading\"><strong>Objetivos Espec\u00edficos:<\/strong><\/h3>\n\n\n\n<ol class=\"wp-block-list\"><li>Contextualizar la base bibliogr\u00e1fica necesaria que sirva como punto de partida para la comprensi\u00f3n de conceptos y dise\u00f1o del protocolo que permita el dise\u00f1o metodol\u00f3gico ideal para la adquisici\u00f3n de im\u00e1genes infrarrojas y para la aplicaci\u00f3n del test psicol\u00f3gico on-line, as\u00ed como del acondicionamiento del espacio a partir de la ejecuci\u00f3n de dos momentos de recolecci\u00f3n y organizaci\u00f3n de resultados.<\/li><li>Analizar los resultados del test sicol\u00f3gico para estimar el \u00edndice de evaluaci\u00f3n de ansiedad (IEA) que permita cuantificar la autoevaluaci\u00f3n en cada sujeto.<\/li><li>Tipificar la presencia de ansiedad acad\u00e9mica mediante la identificaci\u00f3n de biomarcadores t\u00e9rmicos a partir de las im\u00e1genes termogr\u00e1ficas procesadas en los dos momentos definidos.<\/li><li>Determinar la correlaci\u00f3n entre la medici\u00f3n cuantitativa de ansiedad en la escala psicol\u00f3gica y los cambios de temperatura presentes en cada biomarcador t\u00e9rmico.<\/li><\/ol>\n\n\n\n<hr class=\"wp-block-separator\" \/>\n\n\n\n<h2 class=\"wp-block-heading\"><strong>Fabricaci\u00f3n de Capas Antirreflejantes y Absorbedores Solares mediante la T\u00e9cnica Sol-gel: Un Resumen Sobre la Variaci\u00f3n de S\u00edntesis y Condiciones Experimentales Realizadas en la UTP<\/strong><\/h2>\n\n\n\n<p>Se prepararon pel\u00edculas delgadas de SiO2 en relaci\u00f3n molar TEOS:H2O:EtOH 1:18:1.8 y CuCoMn en relaci\u00f3n molar Cu:Co:Mn 1:3:3 por el m\u00e9todo de recubrimiento por inmersi\u00f3n (Sol-gel), bajo condiciones fijas de velocidad de dep\u00f3sito y n\u00famero de capas. Inicialmente se usaron sustratos de vidrios con el fin de analizar el comportamiento \u00f3ptico de los recubrimientos utilizando espectroscop\u00eda UV-Vis y FTIR. Una vez depositados los recubrimientos de SiO2 se sometieron a secado a temperatura ambiente y dentro de un horno tubular a 70\u00b0C. Por otro lado, las muestras de CuCoMn se trataron t\u00e9rmicamente a diferentes temperaturas de recocido (550 \u00b0C, 600 \u00b0C y 650 \u00b0C) durante 12 horas a una rampa de 1\u00b0C\/min. Los resultados parciales obtenidos muestran que las pel\u00edculas exhiben una absortancia entre 75% -95%, lo cual est\u00e1 acorde con lo reportado en la literatura para este material. Sin embargo, para aumentar este valor es necesario ampliar el estudio del material, con el fin de definir su estructura, composici\u00f3n y morfolog\u00eda. El objetivo es obtener recubrimientos con las propiedades \u00f3pticas y estructurales adecuadas con el fin de ser usados en la fabricaci\u00f3n de la superficie absorbedora de calentadores de agua e instalaciones de energ\u00eda solar.<\/p>\n\n\n\n<p><strong>DOI: 10.31219\/osf.io\/m8wxt<\/strong><\/p>\n","protected":false},"excerpt":{"rendered":"<p>Semiconductores Magn\u00e9ticos ZnO: We believe that those involved in this project have the necessary technological and human inputs that will allow the synthesis by mechanical alloying of the doped zinc <a href=\"https:\/\/academia.utp.edu.co\/propiedades-magneticas-y-magnetoopticas-de-nuevos-materiales\/documentos-de-trabajo\/\" rel=\"nofollow\"><span class=\"sr-only\">Leer m\u00e1sDOCUMENTOS DE TRABAJO<\/span>[&hellip;]<\/a><\/p>\n","protected":false},"author":781,"featured_media":0,"parent":0,"menu_order":0,"comment_status":"closed","ping_status":"closed","template":"","meta":{"footnotes":""},"class_list":["post-106991","page","type-page","status-publish","hentry"],"_links":{"self":[{"href":"https:\/\/academia.utp.edu.co\/propiedades-magneticas-y-magnetoopticas-de-nuevos-materiales\/wp-json\/wp\/v2\/pages\/106991","targetHints":{"allow":["GET"]}}],"collection":[{"href":"https:\/\/academia.utp.edu.co\/propiedades-magneticas-y-magnetoopticas-de-nuevos-materiales\/wp-json\/wp\/v2\/pages"}],"about":[{"href":"https:\/\/academia.utp.edu.co\/propiedades-magneticas-y-magnetoopticas-de-nuevos-materiales\/wp-json\/wp\/v2\/types\/page"}],"author":[{"embeddable":true,"href":"https:\/\/academia.utp.edu.co\/propiedades-magneticas-y-magnetoopticas-de-nuevos-materiales\/wp-json\/wp\/v2\/users\/781"}],"replies":[{"embeddable":true,"href":"https:\/\/academia.utp.edu.co\/propiedades-magneticas-y-magnetoopticas-de-nuevos-materiales\/wp-json\/wp\/v2\/comments?post=106991"}],"version-history":[{"count":23,"href":"https:\/\/academia.utp.edu.co\/propiedades-magneticas-y-magnetoopticas-de-nuevos-materiales\/wp-json\/wp\/v2\/pages\/106991\/revisions"}],"predecessor-version":[{"id":109511,"href":"https:\/\/academia.utp.edu.co\/propiedades-magneticas-y-magnetoopticas-de-nuevos-materiales\/wp-json\/wp\/v2\/pages\/106991\/revisions\/109511"}],"wp:attachment":[{"href":"https:\/\/academia.utp.edu.co\/propiedades-magneticas-y-magnetoopticas-de-nuevos-materiales\/wp-json\/wp\/v2\/media?parent=106991"}],"curies":[{"name":"wp","href":"https:\/\/api.w.org\/{rel}","templated":true}]}}