{"id":1081,"date":"2018-09-28T16:31:38","date_gmt":"2018-09-28T21:31:38","guid":{"rendered":"http:\/\/academia.utp.edu.co\/propiedades-magneticas-y-magnetoopticas-de-nuevos-materiales\/?page_id=1081"},"modified":"2019-10-09T13:59:15","modified_gmt":"2019-10-09T18:59:15","slug":"mision-vision-objetivos","status":"publish","type":"page","link":"https:\/\/academia.utp.edu.co\/propiedades-magneticas-y-magnetoopticas-de-nuevos-materiales\/nosotros\/mision-vision-objetivos\/","title":{"rendered":"Misi\u00f3n, Visi\u00f3n y Objetivos"},"content":{"rendered":"\n<h3 class=\"wp-block-heading\"><strong>MISI\u00d3N<\/strong><\/h3>\n\n\n\n<p>Como grupo de investigaci\u00f3n adscrito a la Facultad de Ciencias B\u00e1sicas de la UTP, el grupo GIMM busca generar y difundir el conocimiento cient\u00edfico de la Ciencia y la Tecnolog\u00eda en Colombia y en el mundo, con el fin de aportar al desarrollo de las ciencias b\u00e1sicas y aplicadas a trav\u00e9s de la ejecuci\u00f3n de proyectos que resuelven problemas cient\u00edficos y tecnol\u00f3gicos; y al mismo tiempo permiten la formaci\u00f3n de profesionales investigadores en \u00e1reas de la f\u00edsica, la qu\u00edmica y \u00e1reas afines y\/o interdisciplinarias.<\/p>\n\n\n\n<h3 class=\"wp-block-heading\"><strong>VISI\u00d3N<\/strong><\/h3>\n\n\n\n<p>El grupo GIMM pretende consolidarse como un grupo de investigaci\u00f3n reconocido a nivel nacional e internacional, por el desarrollo y caracterizaci\u00f3n de nuevos materiales en conjunto con el impulso de procesos experimentales y te\u00f3ricos, afines con las necesidades de la regi\u00f3n y del pa\u00eds; los cuales permitir\u00e1n la contribuci\u00f3n del grupo GIMM al quehacer cient\u00edfico y tecnol\u00f3gico.<\/p>\n\n\n\n<h3 class=\"wp-block-heading\"><strong>OBJETIVOS<\/strong><\/h3>\n\n\n\n<h4 class=\"wp-block-heading\"><strong> Objetivo\u00a0General:<\/strong><\/h4>\n\n\n\n<ul class=\"wp-block-list\"><li>Crear un grupo de investigaci\u00f3n en propiedades magneto-\u00f3pticas y magn\u00e9ticas de nuevos materiales en la UTP.<\/li><\/ul>\n\n\n\n<h4 class=\"wp-block-heading\"><strong>Objetivos Espec\u00edficos:<\/strong><\/h4>\n\n\n\n<ul class=\"wp-block-list\"><li>Fortalecer el departamento de F\u00edsica de la UTP, ofreciendo trabajos de grado de aplicaci\u00f3n industrial y\/o cient\u00edfica.<\/li><li>Consolidar y posicionar el grupo de investigaci\u00f3n a nivel nacional, logrando pertenecer a una red colombiana de magnetismo.<\/li><li>Fortalecer la comunidad cient\u00edfica a nivel nacional con el ofrecimiento de t\u00e9cnica de estudio de materiales.<\/li><li>Crear y\/o consolidar v\u00ednculos con grupos de investigaci\u00f3n nacionales e internacionales afines al quehacer cient\u00edfico.<\/li><\/ul>\n","protected":false},"excerpt":{"rendered":"<p>MISI\u00d3N Como grupo de investigaci\u00f3n adscrito a la Facultad de Ciencias B\u00e1sicas de la UTP, el grupo GIMM busca generar y difundir el conocimiento cient\u00edfico de la Ciencia y la <a href=\"https:\/\/academia.utp.edu.co\/propiedades-magneticas-y-magnetoopticas-de-nuevos-materiales\/nosotros\/mision-vision-objetivos\/\" rel=\"nofollow\"><span class=\"sr-only\">Leer m\u00e1sMisi\u00f3n, Visi\u00f3n y Objetivos<\/span>[&hellip;]<\/a><\/p>\n","protected":false},"author":781,"featured_media":0,"parent":1061,"menu_order":0,"comment_status":"closed","ping_status":"closed","template":"","meta":{"footnotes":""},"class_list":["post-1081","page","type-page","status-publish","hentry"],"_links":{"self":[{"href":"https:\/\/academia.utp.edu.co\/propiedades-magneticas-y-magnetoopticas-de-nuevos-materiales\/wp-json\/wp\/v2\/pages\/1081","targetHints":{"allow":["GET"]}}],"collection":[{"href":"https:\/\/academia.utp.edu.co\/propiedades-magneticas-y-magnetoopticas-de-nuevos-materiales\/wp-json\/wp\/v2\/pages"}],"about":[{"href":"https:\/\/academia.utp.edu.co\/propiedades-magneticas-y-magnetoopticas-de-nuevos-materiales\/wp-json\/wp\/v2\/types\/page"}],"author":[{"embeddable":true,"href":"https:\/\/academia.utp.edu.co\/propiedades-magneticas-y-magnetoopticas-de-nuevos-materiales\/wp-json\/wp\/v2\/users\/781"}],"replies":[{"embeddable":true,"href":"https:\/\/academia.utp.edu.co\/propiedades-magneticas-y-magnetoopticas-de-nuevos-materiales\/wp-json\/wp\/v2\/comments?post=1081"}],"version-history":[{"count":55,"href":"https:\/\/academia.utp.edu.co\/propiedades-magneticas-y-magnetoopticas-de-nuevos-materiales\/wp-json\/wp\/v2\/pages\/1081\/revisions"}],"predecessor-version":[{"id":109131,"href":"https:\/\/academia.utp.edu.co\/propiedades-magneticas-y-magnetoopticas-de-nuevos-materiales\/wp-json\/wp\/v2\/pages\/1081\/revisions\/109131"}],"up":[{"embeddable":true,"href":"https:\/\/academia.utp.edu.co\/propiedades-magneticas-y-magnetoopticas-de-nuevos-materiales\/wp-json\/wp\/v2\/pages\/1061"}],"wp:attachment":[{"href":"https:\/\/academia.utp.edu.co\/propiedades-magneticas-y-magnetoopticas-de-nuevos-materiales\/wp-json\/wp\/v2\/media?parent=1081"}],"curies":[{"name":"wp","href":"https:\/\/api.w.org\/{rel}","templated":true}]}}