{"id":109281,"date":"2021-04-22T18:34:59","date_gmt":"2021-04-22T23:34:59","guid":{"rendered":"https:\/\/academia.utp.edu.co\/propiedades-magneticas-y-magnetoopticas-de-nuevos-materiales\/?page_id=109281"},"modified":"2021-04-22T18:43:58","modified_gmt":"2021-04-22T23:43:58","slug":"convenios","status":"publish","type":"page","link":"https:\/\/academia.utp.edu.co\/propiedades-magneticas-y-magnetoopticas-de-nuevos-materiales\/redes\/convenios\/","title":{"rendered":"Convenios -SENA"},"content":{"rendered":"\n<p>Como consecuencia de participar en proyectos de desarrollo, investigaci\u00f3n e innovaci\u00f3n; el grupo de investigaci\u00f3n GIMM ha desarrollado diferentes convenios con distintos centros de investigaci\u00f3n de la ciudad, como son: <a href=\"https:\/\/gestionredtecnoparquecolombia.com.co\/\" data-type=\"URL\" data-id=\"https:\/\/gestionredtecnoparquecolombia.com.co\/\">Tecnoparque -Nodo Pereira<\/a> y <a href=\"https:\/\/sites.google.com\/site\/tecnoacademiarisaralda\/home?authuser=0\" data-type=\"URL\" data-id=\"https:\/\/sites.google.com\/site\/tecnoacademiarisaralda\/home?authuser=0\">Tecnoacademia -Nodo Pereira<\/a>. Ambas instituciones pertenecientes al SENA (Servicio Nacional de Aprendizaje) ponen a disposici\u00f3n de los estudiantes tecnolog\u00eda, asesor\u00eda y metodolog\u00edas que buscan resolver problem\u00e1ticas mediante el desarrollo de proyectos. Como resultado de esta conexi\u00f3n se han desarrollado los siguientes proyectos:<\/p>\n\n\n\n<ul class=\"has-black-color has-text-color wp-block-list\"><li><strong><em>Recubrimientos para calentadores solares<\/em><\/strong><\/li><\/ul>\n\n\n\n<p>Estudiante de Ingenier\u00eda F\u00edsica 2015-2016: Jeiner Orlando Moreno<\/p>\n\n\n\n<ul class=\"has-black-color has-text-color wp-block-list\"><li><strong><em>Dise\u00f1o y prototipado de sistema para recubrimiento de sustratos<\/em><\/strong><\/li><\/ul>\n\n\n\n<p>Estudiantes de Ingenier\u00eda F\u00edsica 2016-2018: <a href=\"https:\/\/scienti.minciencias.gov.co\/cvlac\/visualizador\/generarCurriculoCv.do?cod_rh=0000028497\" data-type=\"URL\" data-id=\"https:\/\/scienti.minciencias.gov.co\/cvlac\/visualizador\/generarCurriculoCv.do?cod_rh=0000028497\">Laura Estefan\u00eda Mora Joaqui<\/a> y <a href=\"https:\/\/scienti.minciencias.gov.co\/cvlac\/visualizador\/generarCurriculoCv.do?cod_rh=0001646714\" data-type=\"URL\" data-id=\"https:\/\/scienti.minciencias.gov.co\/cvlac\/visualizador\/generarCurriculoCv.do?cod_rh=0001646714\">Laura Andrea Florez Bedoya <\/a><\/p>\n\n\n\n<ul class=\"has-black-color has-text-color wp-block-list\"><li><strong><em>Equipo dip coating sol-gel (prototipo final)<\/em><\/strong><\/li><\/ul>\n\n\n\n<p>Estudiantes de Ingenier\u00eda F\u00edsica 2016-2018: <a href=\"https:\/\/scienti.minciencias.gov.co\/cvlac\/visualizador\/generarCurriculoCv.do?cod_rh=0000028497\">Laura Estefan\u00eda Mora Joaqui<\/a> y <a href=\"https:\/\/scienti.minciencias.gov.co\/cvlac\/visualizador\/generarCurriculoCv.do?cod_rh=0001646714\">Laura Andrea Florez Bedoya<\/a><\/p>\n\n\n\n<ul class=\"has-black-color has-text-color wp-block-list\"><li><strong><em>Estudio de recubrimientos cer\u00e1micos de NiAlOx sintetizados por la t\u00e9cnica de dep\u00f3sito de vapor asistido por aerosol AACVD<\/em><\/strong><\/li><\/ul>\n\n\n\n<p>Estudiantes de Ingenier\u00eda F\u00edsica 2017-2018: <a href=\"https:\/\/scienti.minciencias.gov.co\/cvlac\/visualizador\/generarCurriculoCv.do?cod_rh=0000132167\" data-type=\"URL\" data-id=\"https:\/\/scienti.minciencias.gov.co\/cvlac\/visualizador\/generarCurriculoCv.do?cod_rh=0000132167\">Yeimi Susana Cortes Ruiz<\/a><\/p>\n\n\n\n<ul class=\"has-black-color has-text-color wp-block-list\"><li><strong><em>Estudio de superficies selectivas sobre sustratos met\u00e1licos utilizando la t\u00e9cnica AACVD por AFM<\/em><\/strong><\/li><\/ul>\n\n\n\n<p>Estudiantes de Ingenier\u00eda F\u00edsica 2019-2020: <a href=\"https:\/\/scienti.minciencias.gov.co\/cvlac\/visualizador\/generarCurriculoCv.do?cod_rh=0001730912\" data-type=\"URL\" data-id=\"https:\/\/scienti.minciencias.gov.co\/cvlac\/visualizador\/generarCurriculoCv.do?cod_rh=0001730912\">Leidy Mariana Mosquera Rivera<\/a><\/p>\n\n\n\n<ul class=\"has-black-color has-text-color wp-block-list\"><li><strong><em>ZnO aleamiento mec\u00e1nico<\/em><\/strong><\/li><\/ul>\n\n\n\n<p>Estudiantes de Ingenier\u00eda F\u00edsica 2016-2020: <a href=\"https:\/\/scienti.minciencias.gov.co\/cvlac\/visualizador\/generarCurriculoCv.do?cod_rh=0000130523\" data-type=\"URL\" data-id=\"https:\/\/scienti.minciencias.gov.co\/cvlac\/visualizador\/generarCurriculoCv.do?cod_rh=0000130523\">Juan Guillermo Mar\u00edn D\u00edaz <\/a><\/p>\n","protected":false},"excerpt":{"rendered":"<p>Como consecuencia de participar en proyectos de desarrollo, investigaci\u00f3n e innovaci\u00f3n; el grupo de investigaci\u00f3n GIMM ha desarrollado diferentes convenios con distintos centros de investigaci\u00f3n de la ciudad, como son: <a href=\"https:\/\/academia.utp.edu.co\/propiedades-magneticas-y-magnetoopticas-de-nuevos-materiales\/redes\/convenios\/\" rel=\"nofollow\"><span class=\"sr-only\">Leer m\u00e1sConvenios -SENA<\/span>[&hellip;]<\/a><\/p>\n","protected":false},"author":781,"featured_media":0,"parent":104721,"menu_order":0,"comment_status":"closed","ping_status":"closed","template":"","meta":{"footnotes":""},"class_list":["post-109281","page","type-page","status-publish","hentry"],"_links":{"self":[{"href":"https:\/\/academia.utp.edu.co\/propiedades-magneticas-y-magnetoopticas-de-nuevos-materiales\/wp-json\/wp\/v2\/pages\/109281","targetHints":{"allow":["GET"]}}],"collection":[{"href":"https:\/\/academia.utp.edu.co\/propiedades-magneticas-y-magnetoopticas-de-nuevos-materiales\/wp-json\/wp\/v2\/pages"}],"about":[{"href":"https:\/\/academia.utp.edu.co\/propiedades-magneticas-y-magnetoopticas-de-nuevos-materiales\/wp-json\/wp\/v2\/types\/page"}],"author":[{"embeddable":true,"href":"https:\/\/academia.utp.edu.co\/propiedades-magneticas-y-magnetoopticas-de-nuevos-materiales\/wp-json\/wp\/v2\/users\/781"}],"replies":[{"embeddable":true,"href":"https:\/\/academia.utp.edu.co\/propiedades-magneticas-y-magnetoopticas-de-nuevos-materiales\/wp-json\/wp\/v2\/comments?post=109281"}],"version-history":[{"count":11,"href":"https:\/\/academia.utp.edu.co\/propiedades-magneticas-y-magnetoopticas-de-nuevos-materiales\/wp-json\/wp\/v2\/pages\/109281\/revisions"}],"predecessor-version":[{"id":109551,"href":"https:\/\/academia.utp.edu.co\/propiedades-magneticas-y-magnetoopticas-de-nuevos-materiales\/wp-json\/wp\/v2\/pages\/109281\/revisions\/109551"}],"up":[{"embeddable":true,"href":"https:\/\/academia.utp.edu.co\/propiedades-magneticas-y-magnetoopticas-de-nuevos-materiales\/wp-json\/wp\/v2\/pages\/104721"}],"wp:attachment":[{"href":"https:\/\/academia.utp.edu.co\/propiedades-magneticas-y-magnetoopticas-de-nuevos-materiales\/wp-json\/wp\/v2\/media?parent=109281"}],"curies":[{"name":"wp","href":"https:\/\/api.w.org\/{rel}","templated":true}]}}