{"id":11,"date":"2017-08-10T19:34:55","date_gmt":"2017-08-10T19:34:55","guid":{"rendered":"http:\/\/academia.utp.edu.co\/propiedades-magneticas-y-magnetoopticas-de-nuevos-materiales\/?page_id=2"},"modified":"2018-11-22T07:39:20","modified_gmt":"2018-11-22T12:39:20","slug":"pagina-ejemplo","status":"publish","type":"page","link":"https:\/\/academia.utp.edu.co\/propiedades-magneticas-y-magnetoopticas-de-nuevos-materiales\/","title":{"rendered":"Grupo de Investigaci\u00f3n en Propiedades Magn\u00e9ticas y Magneto-\u00d3pticas de Nuevos Materiales"},"content":{"rendered":"<p style=\"text-align: center\"><span style=\"font-family: helvetica, arial, sans-serif\">\u00a1BIENVENIDOS!<\/span><\/p>\n<p><span style=\"font-family: helvetica, arial, sans-serif\">Esta es la p\u00e1gina oficial del Grupo de Investigaci\u00f3n en Propiedades Magn\u00e9ticas&nbsp;y Magneto-\u00d3pticas de Nuevos Materiales (GIMM) adscrito a la Faculta de Ciencias B\u00e1sicas de la Universidad Tecnol\u00f3gica de Pereira en Colombia (Suram\u00e9rica). La Directora del GIMM es la Doctora en Ciencias-F\u00edsica Beatriz Cruz Mu\u00f1oz quien lo&nbsp;cre\u00f3&nbsp;en el a\u00f1o 2002, y se encuentra ubicado en el&nbsp;edificio 1A espacio 125A,&nbsp;&nbsp;el objetivo general&nbsp;es fomentar la investigaci\u00f3n en f\u00edsica b\u00e1sica y aplicada en la regi\u00f3n del eje cafetero. El grupo actualmente tambi\u00e9n se encuentra integrado por&nbsp;PhD. Milton Humberto Medina Barreto,&nbsp;PhD. Andr\u00e9s Camilo Garc\u00eda Castro,&nbsp;PhD. Rub\u00e9n Jos\u00e9 Dorantes Rodr\u00edguez&nbsp;y&nbsp;M.Sc. Juan Marcos Mar\u00edn Ramirez.<\/span><\/p>\n","protected":false},"excerpt":{"rendered":"<p>\u00a1BIENVENIDOS! Esta es la p\u00e1gina oficial del Grupo de Investigaci\u00f3n en Propiedades Magn\u00e9ticas&nbsp;y Magneto-\u00d3pticas de Nuevos Materiales (GIMM) adscrito a la Faculta de Ciencias B\u00e1sicas de la Universidad Tecnol\u00f3gica de <a href=\"https:\/\/academia.utp.edu.co\/propiedades-magneticas-y-magnetoopticas-de-nuevos-materiales\/\" rel=\"nofollow\"><span class=\"sr-only\">Leer m\u00e1sGrupo de Investigaci\u00f3n en Propiedades Magn\u00e9ticas y Magneto-\u00d3pticas de Nuevos Materiales<\/span>[&hellip;]<\/a><\/p>\n","protected":false},"author":781,"featured_media":0,"parent":0,"menu_order":0,"comment_status":"closed","ping_status":"open","template":"","meta":{"footnotes":""},"class_list":["post-11","page","type-page","status-publish","hentry"],"_links":{"self":[{"href":"https:\/\/academia.utp.edu.co\/propiedades-magneticas-y-magnetoopticas-de-nuevos-materiales\/wp-json\/wp\/v2\/pages\/11","targetHints":{"allow":["GET"]}}],"collection":[{"href":"https:\/\/academia.utp.edu.co\/propiedades-magneticas-y-magnetoopticas-de-nuevos-materiales\/wp-json\/wp\/v2\/pages"}],"about":[{"href":"https:\/\/academia.utp.edu.co\/propiedades-magneticas-y-magnetoopticas-de-nuevos-materiales\/wp-json\/wp\/v2\/types\/page"}],"author":[{"embeddable":true,"href":"https:\/\/academia.utp.edu.co\/propiedades-magneticas-y-magnetoopticas-de-nuevos-materiales\/wp-json\/wp\/v2\/users\/781"}],"replies":[{"embeddable":true,"href":"https:\/\/academia.utp.edu.co\/propiedades-magneticas-y-magnetoopticas-de-nuevos-materiales\/wp-json\/wp\/v2\/comments?post=11"}],"version-history":[{"count":103,"href":"https:\/\/academia.utp.edu.co\/propiedades-magneticas-y-magnetoopticas-de-nuevos-materiales\/wp-json\/wp\/v2\/pages\/11\/revisions"}],"predecessor-version":[{"id":43271,"href":"https:\/\/academia.utp.edu.co\/propiedades-magneticas-y-magnetoopticas-de-nuevos-materiales\/wp-json\/wp\/v2\/pages\/11\/revisions\/43271"}],"wp:attachment":[{"href":"https:\/\/academia.utp.edu.co\/propiedades-magneticas-y-magnetoopticas-de-nuevos-materiales\/wp-json\/wp\/v2\/media?parent=11"}],"curies":[{"name":"wp","href":"https:\/\/api.w.org\/{rel}","templated":true}]}}