{"id":14761,"date":"2018-11-08T09:18:48","date_gmt":"2018-11-08T14:18:48","guid":{"rendered":"http:\/\/academia.utp.edu.co\/propiedades-magneticas-y-magnetoopticas-de-nuevos-materiales\/?page_id=14761"},"modified":"2024-07-26T17:33:35","modified_gmt":"2024-07-26T22:33:35","slug":"proyectos-en-curso","status":"publish","type":"page","link":"https:\/\/academia.utp.edu.co\/propiedades-magneticas-y-magnetoopticas-de-nuevos-materiales\/proyectos\/proyectos-en-curso\/","title":{"rendered":"PROYECTOS EN CURSO"},"content":{"rendered":"\n<h3 class=\"wp-block-heading\"><strong>Proyectos a cargo del Grupo\/Semillero<\/strong> <\/h3>\n\n\n\n<ul class=\"wp-block-list\">\n<li><a href=\"https:\/\/vicerrectorias.utp.edu.co\/viie\/detallesproyecto\/23174\">MODELO MATEM\u00c1TICO DE ACOPLAMIENTO AEROEL\u00c1STICO FLUJO &#8211; S\u00d3LIDO &#8211; POTENCIA EL\u00c9CTRICA PARA VIBRACIONES INDUCIDAS POR ALETEO.<\/a> <\/li>\n\n\n\n<li><a href=\"https:\/\/vicerrectorias.utp.edu.co\/viie\/detallesproyecto\/2805\">EVALUACI\u00d3N DE PROPIEDADES DE RECUBRIMIENTOS SELECTIVOS SOBRE SUPERFICIES DE ACERO 304 PARA APLICACIONES SOLARES T\u00c9RMICAS<\/a><\/li>\n<\/ul>\n\n\n\n<p><em>Para mayor informaci\u00f3n dar&nbsp;<strong>clic&nbsp;<\/strong>sobre cualquier texto resaltado.<\/em><\/p>\n","protected":false},"excerpt":{"rendered":"<p>Proyectos a cargo del Grupo\/Semillero Para mayor informaci\u00f3n dar&nbsp;clic&nbsp;sobre cualquier texto resaltado.<\/p>\n","protected":false},"author":781,"featured_media":0,"parent":5631,"menu_order":0,"comment_status":"closed","ping_status":"closed","template":"","meta":{"footnotes":""},"class_list":["post-14761","page","type-page","status-publish","hentry"],"_links":{"self":[{"href":"https:\/\/academia.utp.edu.co\/propiedades-magneticas-y-magnetoopticas-de-nuevos-materiales\/wp-json\/wp\/v2\/pages\/14761","targetHints":{"allow":["GET"]}}],"collection":[{"href":"https:\/\/academia.utp.edu.co\/propiedades-magneticas-y-magnetoopticas-de-nuevos-materiales\/wp-json\/wp\/v2\/pages"}],"about":[{"href":"https:\/\/academia.utp.edu.co\/propiedades-magneticas-y-magnetoopticas-de-nuevos-materiales\/wp-json\/wp\/v2\/types\/page"}],"author":[{"embeddable":true,"href":"https:\/\/academia.utp.edu.co\/propiedades-magneticas-y-magnetoopticas-de-nuevos-materiales\/wp-json\/wp\/v2\/users\/781"}],"replies":[{"embeddable":true,"href":"https:\/\/academia.utp.edu.co\/propiedades-magneticas-y-magnetoopticas-de-nuevos-materiales\/wp-json\/wp\/v2\/comments?post=14761"}],"version-history":[{"count":23,"href":"https:\/\/academia.utp.edu.co\/propiedades-magneticas-y-magnetoopticas-de-nuevos-materiales\/wp-json\/wp\/v2\/pages\/14761\/revisions"}],"predecessor-version":[{"id":109709,"href":"https:\/\/academia.utp.edu.co\/propiedades-magneticas-y-magnetoopticas-de-nuevos-materiales\/wp-json\/wp\/v2\/pages\/14761\/revisions\/109709"}],"up":[{"embeddable":true,"href":"https:\/\/academia.utp.edu.co\/propiedades-magneticas-y-magnetoopticas-de-nuevos-materiales\/wp-json\/wp\/v2\/pages\/5631"}],"wp:attachment":[{"href":"https:\/\/academia.utp.edu.co\/propiedades-magneticas-y-magnetoopticas-de-nuevos-materiales\/wp-json\/wp\/v2\/media?parent=14761"}],"curies":[{"name":"wp","href":"https:\/\/api.w.org\/{rel}","templated":true}]}}