{"id":14781,"date":"2018-11-08T09:19:07","date_gmt":"2018-11-08T14:19:07","guid":{"rendered":"http:\/\/academia.utp.edu.co\/propiedades-magneticas-y-magnetoopticas-de-nuevos-materiales\/?page_id=14781"},"modified":"2024-07-26T17:36:51","modified_gmt":"2024-07-26T22:36:51","slug":"proyectos-finalizados","status":"publish","type":"page","link":"https:\/\/academia.utp.edu.co\/propiedades-magneticas-y-magnetoopticas-de-nuevos-materiales\/proyectos\/proyectos-finalizados\/","title":{"rendered":"PROYECTOS FINALIZADOS"},"content":{"rendered":"\n<h3 class=\"wp-block-heading\"><strong>Proyectos a cargo del Grupo\/Semillero<\/strong>  <\/h3>\n\n\n\n<p><a href=\"https:\/\/vicerrectorias.utp.edu.co\/viie\/detallesproyecto\/2331\">PLAN DE FORMACION DE PROYECTO. An\u00e1lisis Termogr\u00e1fico como Herramienta para la Caracterizaci\u00f3n y Evaluaci\u00f3n del Desorden de Ansiedad Acad\u00e9mica en Estudiantes de Pregrado.<\/a><\/p>\n\n\n\n<hr class=\"wp-block-separator has-alpha-channel-opacity\" \/>\n\n\n\n<p><a href=\"https:\/\/vicerrectorias.utp.edu.co\/viie\/detallesproyecto\/1446\">EVALUACI\u00d3N T\u00c9CNICO-AMBIENTAL POR EXPOSICI\u00d3N A RADIACIONES ELECTROMAGN\u00c9TICAS EMITIDAS POR LAS ESTACIONES BASE DE TELEFON\u00cdA M\u00d3VIL EN EL \u00c1REA URBANA DEL MUNICIPIO DE PEREIRA<\/a><\/p>\n\n\n\n<hr class=\"wp-block-separator has-alpha-channel-opacity\" \/>\n\n\n\n<p><a href=\"https:\/\/vicerrectorias.utp.edu.co\/viie\/detallesproyecto\/1945\">ESTUDIO EXPERIMENTAL COMPARATIVO DE RECUBRIMIENTOS DE ALTA ABSORTIVIDAD Y BAJA EMISIVIDAD SOBRE SUSTRATOS MET\u00c1LICOS UTILIZADOS COMO ABSORBEDORES EN CALENTADORES SOLARES<\/a><\/p>\n\n\n\n<hr class=\"wp-block-separator has-alpha-channel-opacity\" \/>\n\n\n\n<p><a href=\"https:\/\/vicerrectorias.utp.edu.co\/viie\/detallesproyecto\/1729\">IMPLEMENTACION DE PROCEDIMIENTOS TECNICOS PARA EL ANALISIS SUPERFICIAL Y EN PROFUNDIDAD DE DEFECTOS EN COMPONENTES AERONAUTICOS MEDIANTE TERMOGRAFIA INFRARROJA ACTIVA PULSADA<\/a><a href=\"https:\/\/vicerrectorias.utp.edu.co\/viie\/detallesproyecto\/1164\"><\/a><\/p>\n\n\n\n<hr class=\"wp-block-separator has-alpha-channel-opacity\" \/>\n\n\n\n<p><a href=\"https:\/\/vicerrectorias.utp.edu.co\/viie\/detallesproyecto\/23174\">MODELO MATEM\u00c1TICO DE ACOPLAMIENTO AEROEL\u00c1STICO FLUJO &#8211; S\u00d3LIDO &#8211; POTENCIA EL\u00c9CTRICA PARA VIBRACIONES INDUCIDAS POR ALETEO.<\/a><\/p>\n\n\n\n<hr class=\"wp-block-separator has-alpha-channel-opacity\" \/>\n\n\n\n<p><a href=\"https:\/\/vicerrectorias.utp.edu.co\/viie\/detallesproyecto\/1130\">MEJORAMIENTO DEL MAGNET\u00d3METRO KERR (MEK) PARA LA EVALUACI\u00d3N DE PROPIEDADES MAGN\u00c9TICAS Y MAGNETO\u00d3PTICAS DE MATERIALES MICRO Y NANO ESTRUCTURADOS.<\/a><\/p>\n\n\n\n<hr class=\"wp-block-separator has-alpha-channel-opacity\" \/>\n\n\n\n<p><a href=\"https:\/\/vicerrectorias.utp.edu.co\/viie\/detallesproyecto\/543\">FABRICACI\u00d3N Y CARACTERIZACI\u00d3N DE PEL\u00cdCULAS DELGADAS MAGN\u00c9TICAS OBTENIDAS POR DEPOSICI\u00d3N DE L\u00c1SER PULSADO (PLD)<\/a><\/p>\n\n\n\n<hr class=\"wp-block-separator has-alpha-channel-opacity\" \/>\n\n\n\n<p><a href=\"https:\/\/vicerrectorias.utp.edu.co\/viie\/detallesproyecto\/1627\">DISE\u00d1O E IMPLEMENTACI\u00d3N DE UN SISTEMA MULTIFUNCIONAL PARA MEDIDAS MAGNETO-\u00d3PTICAS Y MAGNETO-EL\u00c9CTRICAS PARA LA CARACTERIZACI\u00d3N DE NUEVOS MATERIALES<\/a><\/p>\n\n\n\n<hr class=\"wp-block-separator has-alpha-channel-opacity\" \/>\n\n\n\n<p><a href=\"https:\/\/vicerrectorias.utp.edu.co\/viie\/detallesproyecto\/2636\">EVALUACI\u00d3N EXPERIMENTAL COMPARATIVA DE RECUBRIMIENTOS SELECTIVOS CON APLICACI\u00d3N EN SISTEMAS DE CALENTAMIENTO SOLAR DE BAJA Y MEDIA TEMPERATURA<\/a><\/p>\n\n\n\n<hr class=\"wp-block-separator has-alpha-channel-opacity\" \/>\n\n\n\n<p><a href=\"https:\/\/vicerrectorias.utp.edu.co\/viie\/detallesproyecto\/2431\">S\u00cdNTESIS Y CARACTERIZACI\u00d3N DE \u00d3XIDOS MET\u00c1LICOS DEPOSITADOS POR CVD ASISTIDO POR AEROSOL Y EROSI\u00d3N CAT\u00d3DICA CON APLICACI\u00d3N EN ABSORBEDORES SOLARES<\/a><a href=\"https:\/\/vicerrectorias.utp.edu.co\/viie\/detallesproyecto\/338\"><\/a><\/p>\n\n\n\n<hr class=\"wp-block-separator has-alpha-channel-opacity\" \/>\n\n\n\n<p><a href=\"https:\/\/vicerrectorias.utp.edu.co\/viie\/detallesproyecto\/1444\">DEFINICI\u00d3N DE UNA METODOLOG\u00cdA PARA CLASIFICACI\u00d3N Y PROCESAMIENTO NO LINEAL DE SE\u00d1ALES PROVENIENTES DE TRANSDUCTORES \u00d3PTICOS USADAS EN EL AN\u00c1LISIS DE MATERIALES MICRO Y NANO ESTRUCTURADOS.<\/a><\/p>\n\n\n\n<hr class=\"wp-block-separator has-alpha-channel-opacity\" \/>\n\n\n\n<p><a href=\"https:\/\/vicerrectorias.utp.edu.co\/viie\/detallesproyecto\/1438\">ESTABLECIMIENTO DE LOS PAR\u00c1METROS DE DISE\u00d1O E IMPLEMENTACI\u00d3N DE UN SISTEMA DE MEDICI\u00d3N DE COEFICIENTE MAGNETOEL\u00c9CTRICO PARA LA CARACTERIZACI\u00d3N DE NUEVOS MATERIALES NANOESTRUCTURADOS<\/a><\/p>\n\n\n\n<hr class=\"wp-block-separator has-alpha-channel-opacity\" \/>\n\n\n\n<p><a href=\"https:\/\/vicerrectorias.utp.edu.co\/viie\/detallesproyecto\/2805\">EVALUACI\u00d3N DE PROPIEDADES DE RECUBRIMIENTOS SELECTIVOS SOBRE SUPERFICIES DE ACERO 304 PARA APLICACIONES SOLARES T\u00c9RMICAS<\/a><\/p>\n\n\n\n<hr class=\"wp-block-separator has-alpha-channel-opacity\" \/>\n\n\n\n<p><a href=\"https:\/\/vicerrectorias.utp.edu.co\/viie\/detallesproyecto\/392\">INSTRUMENTACION, CONTROL E INTEGRACION DEL PROCESO DE MEDICION DE VARIABLES MAGNETO-OPTICAS POR EFECTO KERR LONGITUDINAL<\/a><\/p>\n\n\n\n<hr class=\"wp-block-separator has-alpha-channel-opacity\" \/>\n\n\n\n<p><a href=\"https:\/\/vicerrectorias.utp.edu.co\/viie\/detallesproyecto\/152\">IMPLEMENTACION Y PUESTA EN FUNCIONAMIENTO DE MEDIDAS MAGNETO-OPTICAS POR EFECTO KERR<\/a><\/p>\n\n\n\n<hr class=\"wp-block-separator has-alpha-channel-opacity\" \/>\n\n\n\n<p><a href=\"https:\/\/vicerrectorias.utp.edu.co\/viie\/detallesproyecto\/1156\">CARACTERISTICAS ESTRUCTURALES, MORFOLOGICAS, ELECTRICAS Y MAGNETICAS EN SISTEMAS NANOESTRUCTURADOS DE FeMnAlNi OBTENIDOS POR ABLACION LASER A PARTIR DE ALEAMIENTO MECANICO<\/a><\/p>\n\n\n\n<hr class=\"wp-block-separator has-alpha-channel-opacity\" \/>\n\n\n\n<p><a href=\"https:\/\/vicerrectorias.utp.edu.co\/viie\/detallesproyecto\/1052\">ESTABLECIMIENTO DE LOS PAR\u00c1METROS DE DISE\u00d1O PARA UN ESTIMULADOR MAGN\u00c9TICO.<\/a><\/p>\n\n\n\n<hr class=\"wp-block-separator has-alpha-channel-opacity\" \/>\n\n\n\n<p><a href=\"https:\/\/vicerrectorias.utp.edu.co\/viie\/detallesproyecto\/1204\">DEPOSICI\u00d3N Y CARACTERIZACI\u00d3N DE PEL\u00cdCULAS DELGADAS DE FeCoC CRECIDAS POR ABLACI\u00d3N LASER<\/a><\/p>\n\n\n\n<hr class=\"wp-block-separator has-alpha-channel-opacity\" \/>\n\n\n\n<p><a href=\"https:\/\/vicerrectorias.utp.edu.co\/viie\/detallesproyecto\/2820\">PLAN DE FORMACION: DISE\u00d1O \u00d3PTICO, T\u00c9RMICO Y MEC\u00c1NICO DE UN EVAPORADOR-POTABILIZADOR SOLAR DE AGUA TIPO CANAL PARAB\u00d3LICO<\/a><\/p>\n\n\n\n<hr class=\"wp-block-separator has-alpha-channel-opacity\" \/>\n\n\n\n<p><a href=\"https:\/\/vicerrectorias.utp.edu.co\/viie\/detallesproyecto\/1523\">DISE\u00d1O E IMPLEMENTACI\u00d3N DE SISTEMAS DE MEDICI\u00d3N MAGN\u00c9TICA Y MAGNETOEL\u00c9CTRICA: DETECTOR M\u00d6SSBAUER Y COEFICIENTE MAGNETOEL\u00c9CTRICO<\/a><\/p>\n\n\n\n<hr class=\"wp-block-separator has-alpha-channel-opacity\" \/>\n\n\n\n<p><a href=\"https:\/\/vicerrectorias.utp.edu.co\/viie\/detallesproyecto\/1587\">DISE\u00d1O DE UN SISTEMA DE MEDICI\u00d3N DE COEFICIENTE MAGNETOEL\u00c9CTRICO PARA LA CARACTERIZACI\u00d3N DE MATERIALES NANOESTRUCTURADOS<\/a><\/p>\n\n\n\n<hr class=\"wp-block-separator has-alpha-channel-opacity\" \/>\n\n\n\n<p><a href=\"https:\/\/vicerrectorias.utp.edu.co\/viie\/detallesproyecto\/1431\">S\u00cdNTESIS Y CARACTERIZACI\u00d3N DEL SISTEMA BIFEO3 EN VOLUMEN Y PEL\u00cdCULA DELGADA<\/a><\/p>\n\n\n\n<hr class=\"wp-block-separator has-alpha-channel-opacity\" \/>\n\n\n\n<p><a href=\"https:\/\/vicerrectorias.utp.edu.co\/viie\/detallesproyecto\/1046\">INFLUENCIA DEL CAMPO MAGN\u00c9TICO EST\u00c1TICO HOMOG\u00c9NEO EN EL DESARROLLO DE SEMILLAS DE LEUCAENA LEUCOCEPHALA.<\/a><\/p>\n\n\n\n<hr class=\"wp-block-separator has-alpha-channel-opacity\" \/>\n\n\n\n<p><a href=\"https:\/\/vicerrectorias.utp.edu.co\/viie\/detallesproyecto\/2165\">VERIFICACI\u00d3N Y CERTIFICACI\u00d3N DE NIVELES DE INTENSIDAD DE CAMPOS ELECTROMAGN\u00c9TICOS NO IONIZANTES EN AMBIENTES DOM\u00c9STICOS &#8211; DIAGNOSTICO EN PEREIRA<\/a><\/p>\n\n\n\n<hr class=\"wp-block-separator has-alpha-channel-opacity\" \/>\n\n\n\n<p><a href=\"https:\/\/vicerrectorias.utp.edu.co\/viie\/detallesproyecto\/2009\">ESTUDIO T\u00c9RMICO COMPARATIVO DE LA FUNCI\u00d3N LAGRIMAL HUMANA ENTRE PERSONAS SANAS Y CON S\u00cdNDROME DEL OJO SECO (SOS)<\/a><\/p>\n\n\n\n<hr class=\"wp-block-separator has-alpha-channel-opacity\" \/>\n\n\n\n<p><a href=\"https:\/\/vicerrectorias.utp.edu.co\/viie\/detallesproyecto\/1050\">CARACTERIZACI\u00d3N DEL SISTEMA FeCCo EN BULK<\/a><\/p>\n\n\n\n<hr class=\"wp-block-separator has-alpha-channel-opacity\" \/>\n\n\n\n<p><a href=\"https:\/\/vicerrectorias.utp.edu.co\/viie\/detallesproyecto\/1043\">EFECTO DEL CARBONO SOBRE LAS PROPIEDADES EN EL SISTEMA PREALEADO Fe0.6Mn0.1Al0.3 COMPACTADO Y SINTERIZADO<\/a><\/p>\n\n\n\n<hr class=\"wp-block-separator has-alpha-channel-opacity\" \/>\n\n\n\n<p><a href=\"https:\/\/vicerrectorias.utp.edu.co\/viie\/detallesproyecto\/1326\">AN\u00c1LISIS DE LOS MECANISMOS DE ACCI\u00d3N ACTIVADOS EN SEMILLAS ESTIMULADAS CON CAMPO MAGN\u00c9TICO EST\u00c1TICO HOMOG\u00c9NEO<\/a><\/p>\n\n\n\n<hr class=\"wp-block-separator has-alpha-channel-opacity\" \/>\n\n\n\n<p><a href=\"https:\/\/vicerrectorias.utp.edu.co\/viie\/detallesproyecto\/2318\">PLAN DE FORMACI\u00d3N PROYECTO: Fabricaci\u00f3n de absorbedores solares para calentadores de agua de baja temperatura, herramienta para la mitigaci\u00f3n del cambio clim\u00e1tico.<\/a><\/p>\n\n\n\n<hr class=\"wp-block-separator has-alpha-channel-opacity\" \/>\n\n\n\n<p><a href=\"https:\/\/vicerrectorias.utp.edu.co\/viie\/detallesproyecto\/2361\">MULTICAPAS DE \u00d3XIDOS MET\u00c1LICOS DEPOSITADOS POR CVD ASISTIDO POR AEROSOL: S\u00cdNTESIS, CARACTERIZACI\u00d3N Y APLICACI\u00d3N EN ABSORBEDORES SOLARES<\/a><\/p>\n\n\n\n<hr class=\"wp-block-separator has-alpha-channel-opacity\" \/>\n\n\n\n<p><a href=\"https:\/\/vicerrectorias.utp.edu.co\/viie\/detallesproyecto\/1942\">DISE\u00d1O Y CONSTRUCCI\u00d3N DE UN EQUIPO DE DEPOSICI\u00d3N DE PEL\u00cdCULAS DELGADAS ESPECIALIZADO EN LA T\u00c9CNICA DE INMERSI\u00d3N DIP COATING<\/a><\/p>\n\n\n\n<hr class=\"wp-block-separator has-alpha-channel-opacity\" \/>\n\n\n\n<p><a href=\"https:\/\/vicerrectorias.utp.edu.co\/viie\/detallesproyecto\/1654\">DISE\u00d1O E IMPLEMENTACI\u00d3N DE DETECTORES DE ELECTRONES EN ESPECTROSCOP\u00cdA M\u00d6SSBAUER POR REFLEXI\u00d3N<\/a><\/p>\n\n\n\n<hr class=\"wp-block-separator has-alpha-channel-opacity\" \/>\n\n\n\n<p><a href=\"https:\/\/vicerrectorias.utp.edu.co\/viie\/detallesproyecto\/1418\">ESTUDIO EXPERIMENTAL DE LAS PROPIEDADES \u00d3PTICAS Y MEC\u00c1NICAS DE SUPERCIES DE CAPTACI\u00d3N SOLAR<\/a><\/p>\n\n\n\n<hr class=\"wp-block-separator has-alpha-channel-opacity\" \/>\n\n\n\n<p><a href=\"https:\/\/vicerrectorias.utp.edu.co\/viie\/detallesproyecto\/2714\">DISE\u00d1O Y CONSTRUCCI\u00d3N DE UNA C\u00c1MARA DE INTEMPERISMO ACELERADO UV-A PARA LA EVALUACI\u00d3N DE LA DEGRADACI\u00d3N DE RECUBRIMIENTOS<\/a><\/p>\n\n\n\n<hr class=\"wp-block-separator has-alpha-channel-opacity\" \/>\n\n\n\n<p><a href=\"https:\/\/vicerrectorias.utp.edu.co\/viie\/detallesproyecto\/644\">ESTUDIO DE LAS PROPIEDADES DE LA ALEACION FeO.60 Mn 0.10 AIO.30 OBTENIDA POR ALEAMIENTO MECANICO Y CONSOLIDADA POR COMPACTACION Y SINTERIZACION. <\/a><strong><a href=\"https:\/\/vicerrectorias.utp.edu.co\/viie\/detallesproyecto\/644\">(Tesis Doctoral<\/a>)<\/strong><\/p>\n\n\n\n<hr class=\"wp-block-separator has-alpha-channel-opacity\" \/>\n\n\n\n<p><a href=\"https:\/\/vicerrectorias.utp.edu.co\/viie\/detallesproyecto\/2117\">DISE\u00d1O Y CONSTRUCCI\u00d3N DE UN BANCO DE PRUEBAS ESCALABLE PARA LA EVALUACI\u00d3N T\u00c9RMICA DE COLECTORES SOLARES PLANOS DE SUPERFICIE SELECTIVA<\/a><\/p>\n\n\n\n<hr class=\"wp-block-separator has-alpha-channel-opacity\" \/>\n\n\n\n<p><a href=\"https:\/\/vicerrectorias.utp.edu.co\/viie\/detallesproyecto\/2094\">DISE\u00d1O E IMPLEMENTACI\u00d3N DE UN COLECTOR SOLAR CON SUPERFICIE SELECTIVA Y DE UN BANCO DE PRUEBAS PARA DETERMINAR EL RENDIMIENTO T\u00c9RMICO DE COLECTORES SOLARES<\/a><\/p>\n\n\n\n<hr class=\"wp-block-separator has-alpha-channel-opacity\" \/>\n\n\n\n<p><a href=\"https:\/\/vicerrectorias.utp.edu.co\/viie\/detallesproyecto\/1202\">PRODUCCI\u00d3N Y CARACTERIZACI\u00d3N ESTRUCTURAL DE PEL\u00cdCULAS DELGADAS DE BiFeO3 DEPOSITADAS POR LA T\u00c9CNICA PLD.<\/a><a href=\"https:\/\/vicerrectorias.utp.edu.co\/viie\/detallesproyecto\/2362\"><\/a><\/p>\n\n\n\n<hr class=\"wp-block-separator has-alpha-channel-opacity\" \/>\n\n\n\n<p><a href=\"https:\/\/vicerrectorias.utp.edu.co\/viie\/detallesproyecto\/1871\">DISE\u00d1O E IMPLEMENTACI\u00d3N DE UN SISTEMA DE DEP\u00d3SITO QU\u00cdMICO DE VAPOR (CVD) ASISTIDO POR AEROSOL<\/a><\/p>\n\n\n\n<hr class=\"wp-block-separator has-alpha-channel-opacity\" \/>\n\n\n\n<p><a href=\"https:\/\/vicerrectorias.utp.edu.co\/viie\/detallesproyecto\/2302\">ESTUDIO DE LA INFLUENCIA DE LA T\u00c9CNICA DE DEP\u00d3SITO V\u00cdA CVDAA Y SOL GEL HACIA LA FORMACI\u00d3N DE PEL\u00cdCULAS SELECTIVAS PARA COLECTORES SOLARES.  <\/a><strong><a href=\"https:\/\/vicerrectorias.utp.edu.co\/viie\/detallesproyecto\/2302\">(Estancia postdoctorales<\/a>)<\/strong><\/p>\n\n\n\n<hr class=\"wp-block-separator has-alpha-channel-opacity\" \/>\n\n\n\n<p><a href=\"https:\/\/vicerrectorias.utp.edu.co\/viie\/detallesproyecto\/1655\">S\u00cdNTESIS Y CARACTERIZACI\u00d3N DE PEL\u00cdCULAS DELGADAS MULTIFERROICAS DE BiFeO3 OBTENIDAS POR LA T\u00c9CNICA DE PULVERIZACI\u00d3N CATODICA<\/a><\/p>\n\n\n\n<hr class=\"wp-block-separator has-alpha-channel-opacity\" \/>\n\n\n\n<p><a href=\"https:\/\/vicerrectorias.utp.edu.co\/viie\/detallesproyecto\/1478\">AN\u00c1LISIS DEL EFECTO DE LA ESTIMULACI\u00d3N MAGNETICA EN LOS PROCESOS DE ADSORCI\u00d3N Y ABSORCI\u00d3N EN SEMILLAS DE MAIZ Y SOYA, DIRIGIDO A MEJORAS EN SU GERMINACI\u00d3N<\/a><\/p>\n\n\n\n<hr class=\"wp-block-separator has-alpha-channel-opacity\" \/>\n\n\n\n<p><a href=\"https:\/\/vicerrectorias.utp.edu.co\/viie\/detallesproyecto\/1419\">DETERMINACI\u00d3N EXPERIMENTAL DEL COEFICIENTE DE ABSORCI\u00d3N DE UN CUERPO DE AGUA Y SU APLICACI\u00d3N EN EL DISE\u00d1O T\u00c9RMICO DE UN CAMPO SOLAR PARA CALENTAMIENTO DE AGUA<\/a><\/p>\n\n\n\n<hr class=\"wp-block-separator has-alpha-channel-opacity\" \/>\n\n\n\n<p><a href=\"https:\/\/vicerrectorias.utp.edu.co\/viie\/detallesproyecto\/2334\">PLAN DE FORMACION DE PROYECTO. Fabricaci\u00f3n de superficies selectivas sobre sustratos met\u00e1licos utilizando la t\u00e9cnica CVDAA<\/a><\/p>\n\n\n\n<hr class=\"wp-block-separator has-alpha-channel-opacity\" \/>\n\n\n\n<p><a href=\"https:\/\/vicerrectorias.utp.edu.co\/viie\/detallesproyecto\/1776\">PLAN DE FORMACI\u00d3N EN PROYECTO MARCO: -DISE\u00d1O E IMPLEMENTACI\u00d3N DE SISTEMAS DE MEDICI\u00d3N MAGN\u00c9TICA Y MAGNETOEL\u00c9CTRICA: DETECTOR MOSSSBAUER Y COEFICIENTE MAGNETOEL\u00c9CTRICO-<\/a><\/p>\n\n\n\n<hr class=\"wp-block-separator has-alpha-channel-opacity\" \/>\n\n\n\n<p><a href=\"https:\/\/vicerrectorias.utp.edu.co\/viie\/detallesproyecto\/877\">EFECTO DE LA COMPOSICION DE CARBONO SOBRE LAS PROPIEDADES MAGNETICAS Y ESTRUCTURALES EN PELICULAS DELGADAS DE Fe-C PRODUCIDAS POR DEPOSICION POR LASER PULSADO (PLD)<\/a><\/p>\n\n\n\n<hr class=\"wp-block-separator has-alpha-channel-opacity\" \/>\n\n\n\n<p><a href=\"https:\/\/vicerrectorias.utp.edu.co\/viie\/detallesproyecto\/1340\">CONSTRUCCION DE UN SISTEMA MULTIBLANCO Y SU APLICACI\u00d3N EN EL ESTUDIO DE MULTICAPAS FERROMAGNETICAS Y ANTIFERROMAGNETICAS EN EL SISTEMA FeMnAlNi OBTENIDAS POR ABLACION LASER<\/a><\/p>\n\n\n\n<hr class=\"wp-block-separator has-alpha-channel-opacity\" \/>\n\n\n\n<p><a href=\"https:\/\/vicerrectorias.utp.edu.co\/viie\/detallesproyecto\/1733\">Plan de formaci\u00f3n: DISE\u00d1O E IMPLEMENTACI\u00d3N DE SISTEMAS DE MEDICI\u00d3N ELECTROMAGN\u00c9TICA Y MAGNETOEL\u00c9CTRICA: DETECTOR M\u00d6SSBAUER Y COEFICIENTE MAGNETOEL\u00c9CTRICO<\/a><\/p>\n\n\n\n<hr class=\"wp-block-separator has-alpha-channel-opacity\" \/>\n\n\n\n<p><a href=\"https:\/\/vicerrectorias.utp.edu.co\/viie\/detallesproyecto\/876\">DISE\u00d1O Y CONSTRUCCI\u00d3N DE UN CONTADOR PROPORCIONAL DE FLUJO DE GAS Y SU IMPLEMENTACI\u00d3N A UN SISTEMA DE ESPECTROSCOPIA M\u00d6SSBAUER<\/a><\/p>\n\n\n\n<p><em>Para mayor informaci\u00f3n dar&nbsp;<strong>clic&nbsp;<\/strong>sobre cualquier texto resaltado.<\/em><\/p>\n","protected":false},"excerpt":{"rendered":"<p>Proyectos a cargo del Grupo\/Semillero PLAN DE FORMACION DE PROYECTO. An\u00e1lisis Termogr\u00e1fico como Herramienta para la Caracterizaci\u00f3n y Evaluaci\u00f3n del Desorden de Ansiedad Acad\u00e9mica en Estudiantes de Pregrado. EVALUACI\u00d3N T\u00c9CNICO-AMBIENTAL <a href=\"https:\/\/academia.utp.edu.co\/propiedades-magneticas-y-magnetoopticas-de-nuevos-materiales\/proyectos\/proyectos-finalizados\/\" rel=\"nofollow\"><span class=\"sr-only\">Leer m\u00e1sPROYECTOS FINALIZADOS<\/span>[&hellip;]<\/a><\/p>\n","protected":false},"author":781,"featured_media":0,"parent":5631,"menu_order":0,"comment_status":"closed","ping_status":"closed","template":"","meta":{"footnotes":""},"class_list":["post-14781","page","type-page","status-publish","hentry"],"_links":{"self":[{"href":"https:\/\/academia.utp.edu.co\/propiedades-magneticas-y-magnetoopticas-de-nuevos-materiales\/wp-json\/wp\/v2\/pages\/14781","targetHints":{"allow":["GET"]}}],"collection":[{"href":"https:\/\/academia.utp.edu.co\/propiedades-magneticas-y-magnetoopticas-de-nuevos-materiales\/wp-json\/wp\/v2\/pages"}],"about":[{"href":"https:\/\/academia.utp.edu.co\/propiedades-magneticas-y-magnetoopticas-de-nuevos-materiales\/wp-json\/wp\/v2\/types\/page"}],"author":[{"embeddable":true,"href":"https:\/\/academia.utp.edu.co\/propiedades-magneticas-y-magnetoopticas-de-nuevos-materiales\/wp-json\/wp\/v2\/users\/781"}],"replies":[{"embeddable":true,"href":"https:\/\/academia.utp.edu.co\/propiedades-magneticas-y-magnetoopticas-de-nuevos-materiales\/wp-json\/wp\/v2\/comments?post=14781"}],"version-history":[{"count":16,"href":"https:\/\/academia.utp.edu.co\/propiedades-magneticas-y-magnetoopticas-de-nuevos-materiales\/wp-json\/wp\/v2\/pages\/14781\/revisions"}],"predecessor-version":[{"id":109712,"href":"https:\/\/academia.utp.edu.co\/propiedades-magneticas-y-magnetoopticas-de-nuevos-materiales\/wp-json\/wp\/v2\/pages\/14781\/revisions\/109712"}],"up":[{"embeddable":true,"href":"https:\/\/academia.utp.edu.co\/propiedades-magneticas-y-magnetoopticas-de-nuevos-materiales\/wp-json\/wp\/v2\/pages\/5631"}],"wp:attachment":[{"href":"https:\/\/academia.utp.edu.co\/propiedades-magneticas-y-magnetoopticas-de-nuevos-materiales\/wp-json\/wp\/v2\/media?parent=14781"}],"curies":[{"name":"wp","href":"https:\/\/api.w.org\/{rel}","templated":true}]}}