{"id":1521,"date":"2018-10-01T15:16:42","date_gmt":"2018-10-01T20:16:42","guid":{"rendered":"http:\/\/academia.utp.edu.co\/propiedades-magneticas-y-magnetoopticas-de-nuevos-materiales\/?page_id=1521"},"modified":"2023-08-24T14:52:07","modified_gmt":"2023-08-24T19:52:07","slug":"integrantes","status":"publish","type":"page","link":"https:\/\/academia.utp.edu.co\/propiedades-magneticas-y-magnetoopticas-de-nuevos-materiales\/nosotros\/integrantes\/","title":{"rendered":"ESTRUCTURA E INTEGRANTES"},"content":{"rendered":"\n<p>El grupo de investigaci\u00f3n esta conformado por un grupo de docentes y estudiantes: <\/p>\n\n\n\n<h1 class=\"wp-block-heading\"><strong>Cuerpo Docente e Investigadores&nbsp;<\/strong><\/h1>\n\n\n\n<p><strong><a href=\"https:\/\/academia.utp.edu.co\/propiedades-magneticas-y-magnetoopticas-de-nuevos-materiales\/integrantes\/beatriz-cruz-munoz\/\">PhD. Beatriz Cruz Mu\u00f1oz <\/a>\u21d2 DIRECTORA\u00a0<\/strong>\u21d4\u00a0<a href=\"https:\/\/scienti.minciencias.gov.co\/cvlac\/visualizador\/generarCurriculoCv.do?cod_rh=0000031542\">CvLac<\/a><br \/><strong><a href=\"https:\/\/academia.utp.edu.co\/propiedades-magneticas-y-magnetoopticas-de-nuevos-materiales\/integrantes\/milton-humberto-medina-barreto\/\">PhD. Milton Humberto Medina Barreto<\/a> \u21d2 Coinvestigador<\/strong>\u21d4 <a href=\"https:\/\/scienti.minciencias.gov.co\/cvlac\/visualizador\/generarCurriculoCv.do?cod_rh=0000259241\">CvLac<\/a><br \/><a href=\"https:\/\/academia.utp.edu.co\/propiedades-magneticas-y-magnetoopticas-de-nuevos-materiales\/nosotros\/integrantes\/phd-ruben-jose-dorantes-rodriguez\/\">PhD. Rub\u00e9n Jos\u00e9 Dorantes Rodr\u00edguez <\/a><strong>\u21d2 Asesor externo<\/strong> \u21d4 <a href=\"https:\/\/scienti.minciencias.gov.co\/cvlac\/visualizador\/generarCurriculoCv.do?cod_rh=0001576328\">CvLac<\/a><br \/>PhD. Jorge Ivan Montes Monsalve<strong> \u21d2<\/strong> <strong>Coinvestigador<\/strong> \u21d4 <a href=\"https:\/\/scienti.minciencias.gov.co\/cvlac\/visualizador\/generarCurriculoCv.do?cod_rh=0000722227\">CvLac<\/a> <br \/><a href=\"https:\/\/academia.utp.edu.co\/propiedades-magneticas-y-magnetoopticas-de-nuevos-materiales\/nosotros\/integrantes\/m-sc-juan-marcos-marin-ramirez\/\">M.Sc. Juan Marcos Mar\u00edn Ramirez<\/a><strong> \u21d2 Coinvestigador<\/strong> \u21d4 <a href=\"https:\/\/scienti.minciencias.gov.co\/cvlac\/visualizador\/generarCurriculoCv.do?cod_rh=0001258273\">CvLac<\/a><br \/><a href=\"https:\/\/academia.utp.edu.co\/propiedades-magneticas-y-magnetoopticas-de-nuevos-materiales\/nosotros\/integrantes\/jorge-mario-hincapie-zapata\/\">Ing. Jorge Mario Hincapi\u00e9 Zapata<\/a><strong> \u21d2 Estudiante Maestr\u00eda<\/strong> \u21d4 <a rel=\"noreferrer noopener\" href=\"https:\/\/scienti.minciencias.gov.co\/cvlac\/visualizador\/generarCurriculoCv.do?cod_rh=0001499620\" target=\"_blank\">CvLac<\/a><br \/>Ing. Laura Andrea Fl\u00f3rez Bedoya <strong>\u21d2 Egresado<\/strong> \u21d4 <a href=\"https:\/\/scienti.minciencias.gov.co\/cvlac\/visualizador\/generarCurriculoCv.do?cod_rh=0001646714\">CvLac<\/a><br \/>Luis German Daza Casiano<strong>\u21d2<\/strong> <strong>investigador<\/strong><a href=\"https:\/\/scienti.minciencias.gov.co\/cvlac\/visualizador\/generarCurriculoCv.do?cod_rh=0001334326\" data-type=\"link\" data-id=\"https:\/\/scienti.minciencias.gov.co\/cvlac\/visualizador\/generarCurriculoCv.do?cod_rh=0001334326\">\u21d4<\/a> <a href=\"https:\/\/scienti.minciencias.gov.co\/cvlac\/visualizador\/generarCurriculoCv.do?cod_rh=0001334326\" data-type=\"link\" data-id=\"https:\/\/scienti.minciencias.gov.co\/cvlac\/visualizador\/generarCurriculoCv.do?cod_rh=0001334326\">CvLac<\/a><\/p>\n\n\n\n<p><\/p>\n\n\n\n<h2 class=\"wp-block-heading\"> <strong>Estudiantes GIMM:<\/strong> <\/h2>\n\n\n\n<p>Juan Pablo Fern\u00e1ndez Angulo \u2192 <strong>Est. Ing.<\/strong> \u00bb juan.fernandez@utp.edu.co  <\/p>\n\n\n\n<p>Juliana Pati\u00f1o Pi\u00f1eros \u2192 <strong>Est. Ing. F\u00edsica <\/strong>\u00bb j.patino1@utp.edu.co<\/p>\n\n\n\n<p>Melani Dehghani Henao \u2192 <strong>Est. Ing. F\u00edsica <\/strong>\u00bb m.dehghani@utp.edu.co<\/p>\n\n\n\n<p>Juan Camilo Moreno Garcia  \u2192 <strong>Est. Ing.<\/strong> \u00bb <a href=\"https:\/\/scienti.minciencias.gov.co\/cvlac\/visualizador\/generarCurriculoCv.do?cod_rh=0001842175\" data-type=\"link\" data-id=\"https:\/\/scienti.minciencias.gov.co\/cvlac\/visualizador\/generarCurriculoCv.do?cod_rh=0001842175\">CvLac<\/a><\/p>\n\n\n\n<p>Robinson Johan Ramirez Gil \u2192 <strong>Est. Ing.<\/strong> <strong>Mec\u00e1nica<\/strong> \u00bb j.ramirez@utp.edu.co\u00bb <a href=\"https:\/\/scienti.minciencias.gov.co\/cvlac\/visualizador\/generarCurriculoCv.do?cod_rh=0001894312\" data-type=\"link\" data-id=\"https:\/\/scienti.minciencias.gov.co\/cvlac\/visualizador\/generarCurriculoCv.do?cod_rh=0001894312\">CvLac<\/a><\/p>\n\n\n\n<p>Jorge Enrique Herrera Arroyave \u2192 <strong>Est. Ing.<\/strong> \u00bb <a href=\"https:\/\/scienti.minciencias.gov.co\/cvlac\/visualizador\/generarCurriculoCv.do?cod_rh=0001431704\" data-type=\"link\" data-id=\"https:\/\/scienti.minciencias.gov.co\/cvlac\/visualizador\/generarCurriculoCv.do?cod_rh=0001431704\">CvLac<\/a> <\/p>\n","protected":false},"excerpt":{"rendered":"<p>El grupo de investigaci\u00f3n esta conformado por un grupo de docentes y estudiantes: Cuerpo Docente e Investigadores&nbsp; PhD. Beatriz Cruz Mu\u00f1oz \u21d2 DIRECTORA\u00a0\u21d4\u00a0CvLacPhD. Milton Humberto Medina Barreto \u21d2 Coinvestigador\u21d4 CvLacPhD. <a href=\"https:\/\/academia.utp.edu.co\/propiedades-magneticas-y-magnetoopticas-de-nuevos-materiales\/nosotros\/integrantes\/\" rel=\"nofollow\"><span class=\"sr-only\">Leer m\u00e1sESTRUCTURA E INTEGRANTES<\/span>[&hellip;]<\/a><\/p>\n","protected":false},"author":781,"featured_media":0,"parent":1061,"menu_order":0,"comment_status":"closed","ping_status":"closed","template":"","meta":{"footnotes":""},"class_list":["post-1521","page","type-page","status-publish","hentry"],"_links":{"self":[{"href":"https:\/\/academia.utp.edu.co\/propiedades-magneticas-y-magnetoopticas-de-nuevos-materiales\/wp-json\/wp\/v2\/pages\/1521","targetHints":{"allow":["GET"]}}],"collection":[{"href":"https:\/\/academia.utp.edu.co\/propiedades-magneticas-y-magnetoopticas-de-nuevos-materiales\/wp-json\/wp\/v2\/pages"}],"about":[{"href":"https:\/\/academia.utp.edu.co\/propiedades-magneticas-y-magnetoopticas-de-nuevos-materiales\/wp-json\/wp\/v2\/types\/page"}],"author":[{"embeddable":true,"href":"https:\/\/academia.utp.edu.co\/propiedades-magneticas-y-magnetoopticas-de-nuevos-materiales\/wp-json\/wp\/v2\/users\/781"}],"replies":[{"embeddable":true,"href":"https:\/\/academia.utp.edu.co\/propiedades-magneticas-y-magnetoopticas-de-nuevos-materiales\/wp-json\/wp\/v2\/comments?post=1521"}],"version-history":[{"count":143,"href":"https:\/\/academia.utp.edu.co\/propiedades-magneticas-y-magnetoopticas-de-nuevos-materiales\/wp-json\/wp\/v2\/pages\/1521\/revisions"}],"predecessor-version":[{"id":109689,"href":"https:\/\/academia.utp.edu.co\/propiedades-magneticas-y-magnetoopticas-de-nuevos-materiales\/wp-json\/wp\/v2\/pages\/1521\/revisions\/109689"}],"up":[{"embeddable":true,"href":"https:\/\/academia.utp.edu.co\/propiedades-magneticas-y-magnetoopticas-de-nuevos-materiales\/wp-json\/wp\/v2\/pages\/1061"}],"wp:attachment":[{"href":"https:\/\/academia.utp.edu.co\/propiedades-magneticas-y-magnetoopticas-de-nuevos-materiales\/wp-json\/wp\/v2\/media?parent=1521"}],"curies":[{"name":"wp","href":"https:\/\/api.w.org\/{rel}","templated":true}]}}