{"id":2561,"date":"2018-10-05T08:00:44","date_gmt":"2018-10-05T13:00:44","guid":{"rendered":"http:\/\/academia.utp.edu.co\/propiedades-magneticas-y-magnetoopticas-de-nuevos-materiales\/?page_id=2561"},"modified":"2019-10-07T10:20:02","modified_gmt":"2019-10-07T15:20:02","slug":"semilleros","status":"publish","type":"page","link":"https:\/\/academia.utp.edu.co\/propiedades-magneticas-y-magnetoopticas-de-nuevos-materiales\/semilleros\/","title":{"rendered":"Semilleros"},"content":{"rendered":"\n<h2 class=\"wp-block-heading\"><strong> Semilleros de investigaci\u00f3n <\/strong><\/h2>\n\n\n\n<blockquote class=\"wp-block-quote is-layout-flow wp-block-quote-is-layout-flow\"><p><em>Se entiende&nbsp;por grupo de investigaci\u00f3n cient\u00edfica o tecnol\u00f3gica \u00abel conjunto de personas que se re\u00fanen para realizar investigaci\u00f3n en una tem\u00e1tica dada, formulan uno o varios problemas de su inter\u00e9s, trazan un plan estrat\u00e9gico de largo o mediano plazo para trabajar en \u00e9l y producen unos resultados de conocimiento sobre el tema en cuesti\u00f3n\u00bb. Un grupo existe siempre y cuando muestre resultados tangibles y verificables, fruto de proyectos y de otras actividades de investigaci\u00f3n, convenientemente expresadas en un plan de acci\u00f3n (proyectos) debidamente formalizado <\/em><\/p><cite> <em>(Colciencias 2002, 2008).<\/em>  <\/cite><\/blockquote>\n\n\n\n<hr class=\"wp-block-separator\" \/>\n\n\n\n<h3 class=\"wp-block-heading\"><strong>Requisito para ser miembro de alguno de los semilleros de investigaci\u00f3n<\/strong>:<\/h3>\n\n\n\n<ul class=\"wp-block-list\"><li>Estudiante Activo de la Universidad Tecnol\u00f3gica de Pereira.<\/li><\/ul>\n\n\n\n<p>Completa la siguiente encuesta si deseas hacer parte de alguno de nuestros semilleros de investigaci\u00f3n:<br \/><br \/><strong>Formulario Inscripci\u00f3n&nbsp;<\/strong>dar clic &gt;aqu\u00ed&lt;<\/p>\n\n\n\n<hr class=\"wp-block-separator\" \/>\n\n\n\n<h2 class=\"wp-block-heading\"><strong>Semilleros:<\/strong><\/h2>\n\n\n\n<p>\u25ba<a href=\"https:\/\/academia.utp.edu.co\/propiedades-magneticas-y-magnetoopticas-de-nuevos-materiales\/semilleros\/tecnologias-calentadores-solares\/\"><strong>ESTUDIO DE MATERIALES Y DESARROLLO DE TECNOLOG\u00cdAS PARA CALENTAMIENTO SOLAR<\/strong><\/a><br \/><br \/>\u25ba<strong><a href=\"https:\/\/academia.utp.edu.co\/propiedades-magneticas-y-magnetoopticas-de-nuevos-materiales\/semilleros\/magnetismo-y-termografia\/\">INTERACCI\u00d3N MAGN\u00c9TICA Y DE LA RADIACI\u00d3N INFRARROJA APLICADA EN MATERIAL ORG\u00c1NICO E INORG\u00c1NICOS<\/a><\/strong><\/p>\n\n\n\n<p> <em>Para mayor informaci\u00f3n dar <strong>clic <\/strong>sobre cualquier texto resaltado.<\/em> <\/p>\n","protected":false},"excerpt":{"rendered":"<p>Semilleros de investigaci\u00f3n Se entiende&nbsp;por grupo de investigaci\u00f3n cient\u00edfica o tecnol\u00f3gica \u00abel conjunto de personas que se re\u00fanen para realizar investigaci\u00f3n en una tem\u00e1tica dada, formulan uno o varios problemas <a href=\"https:\/\/academia.utp.edu.co\/propiedades-magneticas-y-magnetoopticas-de-nuevos-materiales\/semilleros\/\" rel=\"nofollow\"><span class=\"sr-only\">Leer m\u00e1sSemilleros<\/span>[&hellip;]<\/a><\/p>\n","protected":false},"author":781,"featured_media":0,"parent":0,"menu_order":0,"comment_status":"closed","ping_status":"closed","template":"","meta":{"footnotes":""},"class_list":["post-2561","page","type-page","status-publish","hentry"],"_links":{"self":[{"href":"https:\/\/academia.utp.edu.co\/propiedades-magneticas-y-magnetoopticas-de-nuevos-materiales\/wp-json\/wp\/v2\/pages\/2561","targetHints":{"allow":["GET"]}}],"collection":[{"href":"https:\/\/academia.utp.edu.co\/propiedades-magneticas-y-magnetoopticas-de-nuevos-materiales\/wp-json\/wp\/v2\/pages"}],"about":[{"href":"https:\/\/academia.utp.edu.co\/propiedades-magneticas-y-magnetoopticas-de-nuevos-materiales\/wp-json\/wp\/v2\/types\/page"}],"author":[{"embeddable":true,"href":"https:\/\/academia.utp.edu.co\/propiedades-magneticas-y-magnetoopticas-de-nuevos-materiales\/wp-json\/wp\/v2\/users\/781"}],"replies":[{"embeddable":true,"href":"https:\/\/academia.utp.edu.co\/propiedades-magneticas-y-magnetoopticas-de-nuevos-materiales\/wp-json\/wp\/v2\/comments?post=2561"}],"version-history":[{"count":31,"href":"https:\/\/academia.utp.edu.co\/propiedades-magneticas-y-magnetoopticas-de-nuevos-materiales\/wp-json\/wp\/v2\/pages\/2561\/revisions"}],"predecessor-version":[{"id":108571,"href":"https:\/\/academia.utp.edu.co\/propiedades-magneticas-y-magnetoopticas-de-nuevos-materiales\/wp-json\/wp\/v2\/pages\/2561\/revisions\/108571"}],"wp:attachment":[{"href":"https:\/\/academia.utp.edu.co\/propiedades-magneticas-y-magnetoopticas-de-nuevos-materiales\/wp-json\/wp\/v2\/media?parent=2561"}],"curies":[{"name":"wp","href":"https:\/\/api.w.org\/{rel}","templated":true}]}}