{"id":2591,"date":"2018-10-05T10:05:24","date_gmt":"2018-10-05T15:05:24","guid":{"rendered":"http:\/\/academia.utp.edu.co\/propiedades-magneticas-y-magnetoopticas-de-nuevos-materiales\/?page_id=2591"},"modified":"2023-10-29T22:37:23","modified_gmt":"2023-10-30T03:37:23","slug":"tecnologias-calentadores-solares","status":"publish","type":"page","link":"https:\/\/academia.utp.edu.co\/propiedades-magneticas-y-magnetoopticas-de-nuevos-materiales\/semilleros\/tecnologias-calentadores-solares\/","title":{"rendered":"Tecnolog\u00edas Calentadores Solares"},"content":{"rendered":"\n<h2 class=\"wp-block-heading has-text-align-center\"><strong><a href=\"https:\/\/academia.utp.edu.co\/propiedades-magneticas-y-magnetoopticas-de-nuevos-materiales\/semilleros\/\">SEMILLERO DE INVESTIGACI\u00d3N:<\/a> ESTUDIO DE MATERIALES Y DESARROLLO DE TECNOLOG\u00cdAS PARA CALENTAMIENTO SOLAR<\/strong><\/h2>\n\n\n\n<p class=\"has-medium-font-size\"><strong>C\u00d3DIGO<\/strong>:  SE3-13-7 <\/p>\n\n\n\n<h3 class=\"wp-block-heading\"><strong>Objetivo:<\/strong><\/h3>\n\n\n\n<p>Realizar estudios experimentales que permitan analizar y mejorar las propiedades f\u00edsicas, t\u00e9rmicas, de resistencia mec\u00e1nica y ambiental de calentadores solares de uso cotidiano, a trav\u00e9s del uso de materiales y productos existentes en el mercado para su aplicaci\u00f3n directa y para determinar si viabilidad t\u00e9cnica y econ\u00f3mica en su posible aplicaci\u00f3n masiva en sistemas de calentamiento solar existentes, as\u00ed como aplicar metodolog\u00edas para dise\u00f1ar y evaluar t\u00e9rmicamente estos sistemas. <\/p>\n\n\n\n<h3 class=\"wp-block-heading\"><strong>Tutor(a):<\/strong><\/h3>\n\n\n\n<p class=\"has-very-light-gray-background-color has-background\"><strong>BEATRIZ CRUZ MU\u00d1OZ<br \/><\/strong><em>bcruz@utp.edu.co &#8211; <\/em>juan.fernandez@utp.edu.co<\/p>\n\n\n\n<h3 class=\"wp-block-heading\"><strong>Integrantes:<\/strong><\/h3>\n\n\n\n<ul class=\"wp-block-list\">\n<li>MELANI DEHGHANI HENAO<\/li>\n\n\n\n<li>JULIANA PATI\u00d1O PI\u00d1EROS<\/li>\n\n\n\n<li>JUAN PABLO FERN\u00c1NDEZ ANGULO &#8211; LIDER<\/li>\n\n\n\n<li>ROBINSON JOHAN RAM\u00cdREZ GIL<\/li>\n\n\n\n<li>JUAN PABLO LENGUA BETANCUR<\/li>\n\n\n\n<li>GABRIELA FLOREZ BEDOYA<\/li>\n\n\n\n<li>MANUEL ALEJANDRO QUIJANO JARAMILLO<\/li>\n\n\n\n<li>BRYAN COLXIVER AGUDELO CRUZ<\/li>\n\n\n\n<li>JOS\u00c9 LEONARDO MAR\u00cdN MART\u00cdNEZ<\/li>\n\n\n\n<li>RUBEN JOSE DORANTES RODRIGUEZ<\/li>\n<\/ul>\n\n\n\n<h3 class=\"wp-block-heading\"><strong>L\u00edneas de Investigaci\u00f3n:<\/strong><\/h3>\n\n\n\n<ul class=\"wp-block-list\">\n<li>Desarrollo y evaluaci\u00f3n de tecnolog\u00edas de calentamiento solar.<\/li>\n\n\n\n<li>Estudio de las propiedades f\u00edsicas de materiales en aplicaciones con energ\u00edas renovables.<\/li>\n<\/ul>\n\n\n\n<h3 class=\"wp-block-heading\"><strong>Proyectos:<\/strong><\/h3>\n\n\n\n<ol class=\"wp-block-list\">\n<li><a rel=\"noreferrer noopener\" href=\"https:\/\/www2.utp.edu.co\/vicerrectoria\/investigaciones\/investigaciones\/DetallesProyecto\/2714\" target=\"_blank\">DISE\u00d1O Y CONSTRUCCI\u00d3N DE UNA C\u00c1MARA DE INTEMPERISMO ACELERADO UV-A PARA LA EVALUACI\u00d3N DE LA DEGRADACI\u00d3N DE RECUBRIMIENTOS<\/a><\/li>\n\n\n\n<li><a href=\"https:\/\/www2.utp.edu.co\/vicerrectoria\/investigaciones\/investigaciones\/DetallesProyecto\/2636\">EVALUACI\u00d3N EXPERIMENTAL COMPARATIVA DE RECUBRIMIENTOS SELECTIVOS CON APLICACI\u00d3N EN SISTEMAS DE CALENTAMIENTO SOLAR DE BAJA Y MEDIA TEMPERATURA<\/a><\/li>\n<\/ol>\n","protected":false},"excerpt":{"rendered":"<p>SEMILLERO DE INVESTIGACI\u00d3N: ESTUDIO DE MATERIALES Y DESARROLLO DE TECNOLOG\u00cdAS PARA CALENTAMIENTO SOLAR C\u00d3DIGO: SE3-13-7 Objetivo: Realizar estudios experimentales que permitan analizar y mejorar las propiedades f\u00edsicas, t\u00e9rmicas, de resistencia <a href=\"https:\/\/academia.utp.edu.co\/propiedades-magneticas-y-magnetoopticas-de-nuevos-materiales\/semilleros\/tecnologias-calentadores-solares\/\" rel=\"nofollow\"><span class=\"sr-only\">Leer m\u00e1sTecnolog\u00edas Calentadores Solares<\/span>[&hellip;]<\/a><\/p>\n","protected":false},"author":781,"featured_media":0,"parent":2561,"menu_order":0,"comment_status":"closed","ping_status":"closed","template":"","meta":{"footnotes":""},"class_list":["post-2591","page","type-page","status-publish","hentry"],"_links":{"self":[{"href":"https:\/\/academia.utp.edu.co\/propiedades-magneticas-y-magnetoopticas-de-nuevos-materiales\/wp-json\/wp\/v2\/pages\/2591","targetHints":{"allow":["GET"]}}],"collection":[{"href":"https:\/\/academia.utp.edu.co\/propiedades-magneticas-y-magnetoopticas-de-nuevos-materiales\/wp-json\/wp\/v2\/pages"}],"about":[{"href":"https:\/\/academia.utp.edu.co\/propiedades-magneticas-y-magnetoopticas-de-nuevos-materiales\/wp-json\/wp\/v2\/types\/page"}],"author":[{"embeddable":true,"href":"https:\/\/academia.utp.edu.co\/propiedades-magneticas-y-magnetoopticas-de-nuevos-materiales\/wp-json\/wp\/v2\/users\/781"}],"replies":[{"embeddable":true,"href":"https:\/\/academia.utp.edu.co\/propiedades-magneticas-y-magnetoopticas-de-nuevos-materiales\/wp-json\/wp\/v2\/comments?post=2591"}],"version-history":[{"count":32,"href":"https:\/\/academia.utp.edu.co\/propiedades-magneticas-y-magnetoopticas-de-nuevos-materiales\/wp-json\/wp\/v2\/pages\/2591\/revisions"}],"predecessor-version":[{"id":109700,"href":"https:\/\/academia.utp.edu.co\/propiedades-magneticas-y-magnetoopticas-de-nuevos-materiales\/wp-json\/wp\/v2\/pages\/2591\/revisions\/109700"}],"up":[{"embeddable":true,"href":"https:\/\/academia.utp.edu.co\/propiedades-magneticas-y-magnetoopticas-de-nuevos-materiales\/wp-json\/wp\/v2\/pages\/2561"}],"wp:attachment":[{"href":"https:\/\/academia.utp.edu.co\/propiedades-magneticas-y-magnetoopticas-de-nuevos-materiales\/wp-json\/wp\/v2\/media?parent=2591"}],"curies":[{"name":"wp","href":"https:\/\/api.w.org\/{rel}","templated":true}]}}