{"id":5631,"date":"2018-10-10T07:16:27","date_gmt":"2018-10-10T12:16:27","guid":{"rendered":"http:\/\/academia.utp.edu.co\/propiedades-magneticas-y-magnetoopticas-de-nuevos-materiales\/?page_id=5631"},"modified":"2019-10-07T10:20:16","modified_gmt":"2019-10-07T15:20:16","slug":"proyectos","status":"publish","type":"page","link":"https:\/\/academia.utp.edu.co\/propiedades-magneticas-y-magnetoopticas-de-nuevos-materiales\/proyectos\/","title":{"rendered":"Proyectos"},"content":{"rendered":"\n<p><strong>Desde peque\u00f1os nos ense\u00f1an a desarrollar proyectos cient\u00edficos.<\/strong>&nbsp;Es cierto que no tienen el mismo impacto ni alcance que los de tipo profesional, pero aun as\u00ed ya constituyen un primer acercamiento a lo que se&nbsp;<strong>denomina el m\u00e9todo cient\u00edfico, as\u00ed como a sus fases y su desarrollo.<\/strong>&nbsp;La diferencia sustancial de poner en marcha un proyecto de este tipo en el \u00e1mbito de la escuela es que se trata de cuestiones rutinarias, sencillas y que, en cierta forma, ya nos son conocidas. En cambio, al desarrollarlos en el terreno profesional,&nbsp;<strong>la investigaci\u00f3n y la indagaci\u00f3n se emplean a fondo: se crean conocimientos y \u00e9stos pueden llegar a generar nuevas concepciones y paradigmas.<\/strong>&nbsp;<\/p>\n\n\n\n<hr class=\"wp-block-separator\" \/>\n\n\n\n<h3 class=\"wp-block-heading\"><strong>Importancia de un proyecto cient\u00edfico. \u00bfDe qu\u00e9 depende?<\/strong><\/h3>\n\n\n\n<p>Por lo general, las ciencias gozan de una mayoritaria aceptaci\u00f3n en las sociedades. Son las disciplinas preferidas a la hora de realizar estudios o especializaciones. Entre ellas, las que ocupan los primeros lugares son&nbsp;<strong>las distintas<\/strong>&nbsp;<strong>ingenier\u00edas, la econom\u00eda, la contabilidad, la estad\u00edstica y la gesti\u00f3n de empresas<\/strong>. En un segundo rengl\u00f3n se encuentran otras que no necesariamente tienen sus ra\u00edces en el m\u00e9todo cient\u00edfico, como por ejemplo&nbsp;<strong>la medicina, la biolog\u00eda, la astronom\u00eda, la geolog\u00eda o la antropolog\u00eda.<\/strong>&nbsp;La importancia de los&nbsp;proyectos cient\u00edficos&nbsp;no es siempre la misma, pese a que todos se basen en los cinco pasos b\u00e1sicos del m\u00e9todo cient\u00edfico.<\/p>\n\n\n\n<hr class=\"wp-block-separator\" \/>\n\n\n\n<h3 class=\"wp-block-heading\">PROYECTOS A CARGO DEL GRUPO DE INVESTIGACI\u00d3N:<\/h3>\n\n\n\n<ul class=\"wp-block-list\"><li><a href=\"https:\/\/academia.utp.edu.co\/propiedades-magneticas-y-magnetoopticas-de-nuevos-materiales\/proyectos\/proyectos-en-curso\/\">Proyectos en <strong>Curso<\/strong><\/a><\/li><li><a href=\"https:\/\/academia.utp.edu.co\/propiedades-magneticas-y-magnetoopticas-de-nuevos-materiales\/proyectos\/proyectos-finalizados\/\">Proyectos <strong>Terminados<\/strong><\/a><\/li><li>Proyectos de <strong>Grado<\/strong><\/li><li><a href=\"https:\/\/academia.utp.edu.co\/propiedades-magneticas-y-magnetoopticas-de-nuevos-materiales\/documentos-de-trabajo\/\">Documentos de Trabajo<\/a><\/li><\/ul>\n\n\n\n<p><em>Para mayor informaci\u00f3n dar <strong>clic <\/strong>sobre cualquier texto resaltado.<\/em><\/p>\n","protected":false},"excerpt":{"rendered":"<p>Desde peque\u00f1os nos ense\u00f1an a desarrollar proyectos cient\u00edficos.&nbsp;Es cierto que no tienen el mismo impacto ni alcance que los de tipo profesional, pero aun as\u00ed ya constituyen un primer acercamiento <a href=\"https:\/\/academia.utp.edu.co\/propiedades-magneticas-y-magnetoopticas-de-nuevos-materiales\/proyectos\/\" rel=\"nofollow\"><span class=\"sr-only\">Leer m\u00e1sProyectos<\/span>[&hellip;]<\/a><\/p>\n","protected":false},"author":781,"featured_media":0,"parent":0,"menu_order":0,"comment_status":"closed","ping_status":"closed","template":"","meta":{"footnotes":""},"class_list":["post-5631","page","type-page","status-publish","hentry"],"_links":{"self":[{"href":"https:\/\/academia.utp.edu.co\/propiedades-magneticas-y-magnetoopticas-de-nuevos-materiales\/wp-json\/wp\/v2\/pages\/5631","targetHints":{"allow":["GET"]}}],"collection":[{"href":"https:\/\/academia.utp.edu.co\/propiedades-magneticas-y-magnetoopticas-de-nuevos-materiales\/wp-json\/wp\/v2\/pages"}],"about":[{"href":"https:\/\/academia.utp.edu.co\/propiedades-magneticas-y-magnetoopticas-de-nuevos-materiales\/wp-json\/wp\/v2\/types\/page"}],"author":[{"embeddable":true,"href":"https:\/\/academia.utp.edu.co\/propiedades-magneticas-y-magnetoopticas-de-nuevos-materiales\/wp-json\/wp\/v2\/users\/781"}],"replies":[{"embeddable":true,"href":"https:\/\/academia.utp.edu.co\/propiedades-magneticas-y-magnetoopticas-de-nuevos-materiales\/wp-json\/wp\/v2\/comments?post=5631"}],"version-history":[{"count":10,"href":"https:\/\/academia.utp.edu.co\/propiedades-magneticas-y-magnetoopticas-de-nuevos-materiales\/wp-json\/wp\/v2\/pages\/5631\/revisions"}],"predecessor-version":[{"id":108551,"href":"https:\/\/academia.utp.edu.co\/propiedades-magneticas-y-magnetoopticas-de-nuevos-materiales\/wp-json\/wp\/v2\/pages\/5631\/revisions\/108551"}],"wp:attachment":[{"href":"https:\/\/academia.utp.edu.co\/propiedades-magneticas-y-magnetoopticas-de-nuevos-materiales\/wp-json\/wp\/v2\/media?parent=5631"}],"curies":[{"name":"wp","href":"https:\/\/api.w.org\/{rel}","templated":true}]}}