{"id":5661,"date":"2018-10-10T07:16:41","date_gmt":"2018-10-10T12:16:41","guid":{"rendered":"http:\/\/academia.utp.edu.co\/propiedades-magneticas-y-magnetoopticas-de-nuevos-materiales\/?page_id=5661"},"modified":"2019-10-08T15:45:32","modified_gmt":"2019-10-08T20:45:32","slug":"eventos","status":"publish","type":"page","link":"https:\/\/academia.utp.edu.co\/propiedades-magneticas-y-magnetoopticas-de-nuevos-materiales\/eventos\/","title":{"rendered":"Eventos"},"content":{"rendered":"\n<h2 class=\"wp-block-heading\"><strong>Participaci\u00f3n en eventos<\/strong> <\/h2>\n\n\n\n<p>Como formaci\u00f3n acad\u00e9mica y profesional por parte de los estudiantes del grupo de de investigaci\u00f3n &#8211; GIMM y los semilleros de investigaci\u00f3n, se realiza una participaci\u00f3n activa anualmente en los diversos eventos realizados, local, regional y nacionalmente en temas afines y de inter\u00e9s respecto a las lineas de investigaci\u00f3n referentes.<br \/><br \/>Para el grupo de investigaci\u00f3n GIMM la formaci\u00f3n va m\u00e1s all\u00e1 de la parte acad\u00e9mica por ello nos esforzamos por que nuestros estudiantes tengan una excelente formaci\u00f3n en cuanto a presentaciones orales y posters se refiere. <\/p>\n\n\n\n<h2 class=\"wp-block-heading\"><strong>Participaci\u00f3n tipo P\u00d3STER <\/strong><\/h2>\n\n\n\n<p>En los diversos eventos, nos hemos caracterizado por la presentaci\u00f3n de posters con buena calidad no solo en la calidad investigativa presentada si no igualmente en cuanto a la presentaci\u00f3n e imagen, debido a que el talento de nuestros estudiantes no yace solamente en sus capacidades como investigadores, consideramos de igual importancia la presentaci\u00f3n de los resultados y el trabajo desarrollado.<\/p>\n\n\n\n<h2 class=\"wp-block-heading\"><strong>Participaci\u00f3n tipo ORAL <\/strong><\/h2>\n\n\n\n<p>Como uno de los mayores retos para muchos estudiantes y profesionales es la expresi\u00f3n oral en publico, nuestro grupo ah adquirido a trav\u00e9s del tiempo una gran experiencia mediante la practica constante de seminarios en los cuales nuestros estudiantes tanto por parte de los semilleros de investigaci\u00f3n, como del grupo de investigaci\u00f3n &#8211; GIMM, practican y fortalecen sus cualidades en cuanto a la exposici\u00f3n oral.<br \/><br \/>Como muestra de ello nos caracterizamos por presentaciones de excelente calidad tanto en imagen como en la calidad de nuestros resultados y el talento humano presentado por los profesionales en proceso de formaci\u00f3n y aquellos que ha completado sus respectivas maestr\u00edas y doctorado.<\/p>\n\n\n\n<h2 class=\"wp-block-heading\"><strong>Cronograma de Eventos:<\/strong><\/h2>\n\n\n\n<p>Mayor informaci\u00f3n sobre eventos en los cuales a participado el grupo de investigaci\u00f3n:<\/p>\n\n\n\n<hr class=\"wp-block-separator\" \/>\n\n\n\n<h2 class=\"wp-block-heading\"><strong>2020<\/strong><\/h2>\n\n\n\n<table class=\"wp-block-table\"><tbody><tr><td><strong>Evento:<\/strong><br \/><strong>Lugar:<\/strong><br \/><strong>Fecha:<\/strong><br \/><strong>\u00c1mbito:<\/strong><br \/><strong>Participaci\u00f3n:<br \/>P\u00e1gina Web:<\/strong><\/td><\/tr><tr><td><\/td><\/tr><\/tbody><\/table>\n\n\n\n<hr class=\"wp-block-separator\" \/>\n\n\n\n<h3 class=\"wp-block-heading\"><strong>2019<\/strong><\/h3>\n\n\n\n<table class=\"wp-block-table is-style-stripes\"><tbody><tr><td><strong>Evento:<\/strong>  <a href=\"https:\/\/academia.utp.edu.co\/propiedades-magneticas-y-magnetoopticas-de-nuevos-materiales\/introduccion-a-la-fisica-de-celdas-solares\/\">Introducci\u00f3n a la F\u00edsica de Celdas Solares<\/a><br \/><strong>Lugar:<\/strong> UTP &#8211; Pereira &#8211; Risaralda<br \/><strong>Fecha:<\/strong> desde 2019-10-15 &#8211; hasta  2019-10-17<br \/><strong>\u00c1mbito:<\/strong> Nacional<br \/><strong>Participaci\u00f3n:<\/strong> Organizador<br \/><strong>P\u00e1gina Web:<\/strong>  <a href=\"https:\/\/academia.utp.edu.co\/propiedades-magneticas-y-magnetoopticas-de-nuevos-materiales\/introduccion-a-la-fisica-de-celdas-solares\/\">https:\/\/academia.utp.edu.co\/propiedades-magneticas-y-magnetoopticas-de-nuevos-materiales\/introduccion-a-la-fisica-de-celdas-solares\/<\/a> <\/td><\/tr><tr><td><strong>Evento:<\/strong> XXVIII Congreso Nacional de F\u00edsica<br \/><strong>Lugar:<\/strong> Centro de Convenciones &#8211; Armenia &#8211; Quind\u00edo<br \/><strong>Fecha:<\/strong> desde 2019-09-09 \u2013 hasta 2019-09-12<br \/><strong>\u00c1mbito:<\/strong>&nbsp;Nacional<br \/><strong>Participaci\u00f3n:<\/strong> Ponente <br \/><strong>Pagina Web:<\/strong> <\/td><\/tr><tr><td><strong>Evento:<\/strong> RIAO OPTILAS 2019<br \/><strong>Lugar:<\/strong><br \/><strong>Fecha:<\/strong> <br \/><strong>\u00c1mbito:<\/strong> Internacional<br \/><strong>Participaci\u00f3n:<\/strong> Ponente <br \/><strong>P\u00e1gina Web:<\/strong> <a href=\"http:\/\/www.riao.org.mx\/optilas_2019\/\">http:\/\/www.riao.org.mx\/optilas_2019\/<\/a><\/td><\/tr><tr><td><strong>Evento:<\/strong> CIM 2019- X Congreso Internacional de Materiales<br \/><strong>Lugar:<\/strong><br \/><strong>Fecha:<\/strong><br \/><strong>\u00c1mbito:<\/strong> Internacional<br \/><strong>Participaci\u00f3n:<\/strong> Ponente<br \/><strong>P\u00e1gina Web:<\/strong> <a href=\"https:\/\/easychair.org\/cfp\/CIM-2019\">https:\/\/easychair.org\/cfp\/CIM-2019<\/a> <\/td><\/tr><tr><td><strong>Evento:<\/strong> IV Encuentro de Investigadores de Risaralda <br \/><strong>Lugar:<\/strong> UNISARC &#8211; Pereira &#8211; Risralda<br \/><strong>Fecha:<\/strong> 2019-11-07<br \/><strong>\u00c1mbito:<\/strong> Nacional<br \/><strong>Participaci\u00f3n:<\/strong> Ponente<br \/><strong>P\u00e1gina Web:<\/strong> <\/td><\/tr><tr><td><strong>Evento:<\/strong> I Congreso Internacional de Ingenier\u00eda 4.0: Avances y Perspectivas <br \/><strong>Lugar:<\/strong> Universidad Libre &#8211; Pereira &#8211; Risralda  <br \/><strong>Fecha:<\/strong> desde 2019-10-24 \u2013 hasta 2019-10-25<br \/><strong>\u00c1mbito:<\/strong> Nacional<br \/><strong>Participaci\u00f3n:<\/strong> Ponente<br \/><strong>P\u00e1gina Web:<\/strong>  <\/td><\/tr><tr><td><strong>Evento:<\/strong> Tercer Congreso internacional de investigaci\u00f3n&nbsp;TEINNOVA  <br \/><strong>Lugar:<\/strong> SENA &#8211; Pereira &#8211; Risralda  <br \/><strong>Fecha:<\/strong> desde 2019-10-10 \u2013 hasta 2019-10-11<br \/><strong>\u00c1mbito:<\/strong> Nacional<br \/><strong>Participaci\u00f3n:<\/strong> Ponente<br \/><strong>P\u00e1gina Web:<\/strong>   <\/td><\/tr><\/tbody><\/table>\n\n\n\n<hr class=\"wp-block-separator is-style-default\" \/>\n\n\n\n<h3 class=\"wp-block-heading\"><strong>2018<\/strong><\/h3>\n\n\n\n<table class=\"wp-block-table is-style-stripes\"><tbody><tr><td><strong>Evento:<\/strong><br \/><a href=\"https:\/\/academia.utp.edu.co\/propiedades-magneticas-y-magnetoopticas-de-nuevos-materiales\/participacion-de-eventos\/\">VICNIF&amp;APEI &#8211;&nbsp;6\u00ba CONGRESO NACIONAL DE INGENIER\u00cdA F\u00cdSICA \u2013&nbsp;VI CNIF&nbsp;Y EL 1ST APPLIED PHYSICS, ENGINEERING &amp; INNOVATION \u2013&nbsp;APEI<br \/>VICNIF&amp;APEI &#8211; VI Colombian Conference of Engineering Physics and I International Conference on Applied Physics, Engineering e Innovation<\/a><br \/><strong>Lugar:<\/strong> UIS &#8211; Bucaramanga &#8211; Santander<br \/><strong>Fecha: <\/strong>desde 2018-10-22 \u2013 hasta 2018-10-26<br \/><strong>\u00c1mbito:<\/strong>&nbsp;Nacional<br \/><strong>Participaci\u00f3n:<\/strong> Ponente <br \/><strong>P\u00e1gina Web:<\/strong>  <a href=\"http:\/\/ingenieriafisica.co\/\">http:\/\/ingenieriafisica.co\/<\/a> <\/td><\/tr><tr><td><strong>Evento: <\/strong>VIII&nbsp; ENCUENTRO DEPARTAMENTAL DE SEMILLEROS DE INVESTIGACI\u00d3N DE RISARALDA<br \/><strong>Lugar:<br \/>Fecha:<\/strong> <br \/><strong>\u00c1mbito:<\/strong>&nbsp;Nacional<br \/><strong>Participaci\u00f3n:<\/strong> Ponente <br \/><strong>P\u00e1gina Web:<\/strong>   <\/td><\/tr><tr><td><strong>Evento:<\/strong> VIII ENCUENTRO REGIONAL DE SEMILLEROS DE INVESTIGACI\u00d3N<br \/><strong>Lugar:<br \/>Fecha:<\/strong><br \/><strong>\u00c1mbito:<\/strong>&nbsp;Nacional<br \/><strong>Participaci\u00f3n:<\/strong> Ponente <br \/><strong>P\u00e1gina Web:<\/strong>  <\/td><\/tr><tr><td><strong>Evento:<\/strong> XXVII Congreso internacional de materiales en Canc\u00fan 2018.<br \/>XXVII INTERNATIONAL MATERIALS RESEARCH CONGRESS 2018. <strong> <\/strong><br \/><strong>Lugar:<\/strong> Cancun &#8211; Mexico<br \/><strong>Fecha:<\/strong> desde 2018-10-22 \u2013 hasta 2018-10-26<br \/><strong>\u00c1mbito:<\/strong>&nbsp;Internacional<br \/><strong>Participaci\u00f3n:<\/strong> Ponente<br \/><strong>Pagina Web:<\/strong> <a href=\"https:\/\/www.mrs-mexico.org.mx\/imrc2018\/#\">https:\/\/www.mrs-mexico.org.mx\/imrc2018\/#<\/a><\/td><\/tr><tr><td><strong>Evento<\/strong>: IX International Congress of Physics Engineering  <br \/><strong>Lugar:<\/strong> Cancun &#8211; Mexico<br \/><strong>Fecha:<\/strong> desde 2018-10-22 \u2013 hasta 2018-10-26<br \/><strong>\u00c1mbito:<\/strong>&nbsp;Internacional<br \/><strong>Participaci\u00f3n:<\/strong> Ponente<br \/><strong>P\u00e1gina Web:<\/strong>  <a href=\"http:\/\/congresodeingfisica.azc.uam.mx\/#popup\">http:\/\/congresodeingfisica.azc.uam.mx\/#popup<\/a> <\/td><\/tr><tr><td><\/td><\/tr><\/tbody><\/table>\n\n\n\n<hr class=\"wp-block-separator\" \/>\n\n\n\n<h3 class=\"wp-block-heading\"><strong>2017<\/strong><\/h3>\n\n\n\n<table class=\"wp-block-table has-subtle-light-gray-background-color has-background is-style-stripes\"><tbody><tr><td><strong>Evento:  <\/strong>XXVII Congreso Nacional de F\u00edsica<br \/><strong>Lugar:<\/strong> CARTAGENA DE INDIAS<br \/><strong>Fecha:<\/strong> desde 2017-10-03 \u2013 hasta 2017-10-06<br \/><strong>\u00c1mbito:<\/strong>&nbsp;Nacional<br \/><strong>Participaci\u00f3n:<\/strong> Ponente <br \/><strong>Pagina Web:<\/strong> <\/td><\/tr><\/tbody><\/table>\n\n\n\n<hr class=\"wp-block-separator\" \/>\n\n\n\n<h3 class=\"wp-block-heading\"><strong>2016<\/strong><\/h3>\n\n\n\n<table class=\"wp-block-table has-subtle-light-gray-background-color has-background is-style-stripes\"><tbody><tr><td><strong>Evento: <\/strong>V Congreso Nacional de Ingenier\u00eda F\u00edsica<br \/><strong>Lugar: <\/strong>UN \/ U EAFIT &#8211; Medellin &#8211; Antioquia<br \/><strong>Fecha:<\/strong> desde 2016-09-26 \u2013 hasta 2016-09-30<br \/><strong>\u00c1mbito:<\/strong>&nbsp;Nacional<br \/><strong>Participaci\u00f3n:<\/strong> Ponente <br \/><strong>Pagina Web:<\/strong> <\/td><\/tr><\/tbody><\/table>\n","protected":false},"excerpt":{"rendered":"<p>Participaci\u00f3n en eventos Como formaci\u00f3n acad\u00e9mica y profesional por parte de los estudiantes del grupo de de investigaci\u00f3n &#8211; GIMM y los semilleros de investigaci\u00f3n, se realiza una participaci\u00f3n activa <a href=\"https:\/\/academia.utp.edu.co\/propiedades-magneticas-y-magnetoopticas-de-nuevos-materiales\/eventos\/\" rel=\"nofollow\"><span class=\"sr-only\">Leer m\u00e1sEventos<\/span>[&hellip;]<\/a><\/p>\n","protected":false},"author":781,"featured_media":0,"parent":0,"menu_order":0,"comment_status":"closed","ping_status":"closed","template":"","meta":{"footnotes":""},"class_list":["post-5661","page","type-page","status-publish","hentry"],"_links":{"self":[{"href":"https:\/\/academia.utp.edu.co\/propiedades-magneticas-y-magnetoopticas-de-nuevos-materiales\/wp-json\/wp\/v2\/pages\/5661","targetHints":{"allow":["GET"]}}],"collection":[{"href":"https:\/\/academia.utp.edu.co\/propiedades-magneticas-y-magnetoopticas-de-nuevos-materiales\/wp-json\/wp\/v2\/pages"}],"about":[{"href":"https:\/\/academia.utp.edu.co\/propiedades-magneticas-y-magnetoopticas-de-nuevos-materiales\/wp-json\/wp\/v2\/types\/page"}],"author":[{"embeddable":true,"href":"https:\/\/academia.utp.edu.co\/propiedades-magneticas-y-magnetoopticas-de-nuevos-materiales\/wp-json\/wp\/v2\/users\/781"}],"replies":[{"embeddable":true,"href":"https:\/\/academia.utp.edu.co\/propiedades-magneticas-y-magnetoopticas-de-nuevos-materiales\/wp-json\/wp\/v2\/comments?post=5661"}],"version-history":[{"count":77,"href":"https:\/\/academia.utp.edu.co\/propiedades-magneticas-y-magnetoopticas-de-nuevos-materiales\/wp-json\/wp\/v2\/pages\/5661\/revisions"}],"predecessor-version":[{"id":108841,"href":"https:\/\/academia.utp.edu.co\/propiedades-magneticas-y-magnetoopticas-de-nuevos-materiales\/wp-json\/wp\/v2\/pages\/5661\/revisions\/108841"}],"wp:attachment":[{"href":"https:\/\/academia.utp.edu.co\/propiedades-magneticas-y-magnetoopticas-de-nuevos-materiales\/wp-json\/wp\/v2\/media?parent=5661"}],"curies":[{"name":"wp","href":"https:\/\/api.w.org\/{rel}","templated":true}]}}