{"id":5701,"date":"2018-10-10T07:17:10","date_gmt":"2018-10-10T12:17:10","guid":{"rendered":"http:\/\/academia.utp.edu.co\/propiedades-magneticas-y-magnetoopticas-de-nuevos-materiales\/?page_id=5701"},"modified":"2023-10-19T11:03:52","modified_gmt":"2023-10-19T16:03:52","slug":"publicaciones","status":"publish","type":"page","link":"https:\/\/academia.utp.edu.co\/propiedades-magneticas-y-magnetoopticas-de-nuevos-materiales\/publicaciones\/","title":{"rendered":"Publicaciones"},"content":{"rendered":"\n<h2 class=\"wp-block-heading\" style=\"font-size:28px\">2023<\/h2>\n\n\n\n<p><a href=\"https:\/\/doi.org\/10.1016\/j.physb.2023.415075\" data-type=\"link\" data-id=\"https:\/\/doi.org\/10.1016\/j.physb.2023.415075\"><strong>Vertical nanostructures thin films of CdS and CdTe using low temperatures GLAD<\/strong><\/a><\/p>\n\n\n\n<h2 class=\"wp-block-heading\">2022<\/h2>\n\n\n\n<p><a href=\"https:\/\/revistas.javeriana.edu.co\/index.php\/iyu\/article\/view\/28596\" data-type=\"link\" data-id=\"https:\/\/www.redalyc.org\/journal\/477\/47774747005\/47774747005.pdf\"><strong>implementation of an automated film deposition equipment under the sol\/gel Dip-Coating Technique<\/strong><\/a><\/p>\n\n\n\n<h2 class=\"wp-block-heading\" style=\"font-size:28px\">2021<\/h2>\n\n\n\n<p><a href=\"https:\/\/www.sciencedirect.com\/science\/article\/pii\/S0030402621002862?via%3Dihub\" data-type=\"link\" data-id=\"https:\/\/www.sciencedirect.com\/science\/article\/pii\/S0030402621002862?via%3Dihub\"><strong>Twisted-motion substrate with sustained azimuthal rotation effect on the growth of AZO thin films by rf-sputtering<\/strong><\/a><\/p>\n\n\n\n<h2 class=\"wp-block-heading\">2020<\/h2>\n\n\n\n<p><a href=\"https:\/\/iopscience.iop.org\/article\/10.1088\/1742-6596\/1541\/1\/012008\"><strong>Influence of the variation of the experimental conditions when obtaining the TiO2&nbsp;antireflective thin film<\/strong><\/a><\/p>\n\n\n\n<p><a href=\"https:\/\/revistas.utp.edu.co\/index.php\/revistaciencia\/article\/view\/21101\" data-type=\"link\" data-id=\"https:\/\/revistas.utp.edu.co\/index.php\/revistaciencia\/article\/view\/21101\"><strong>Definici\u00f3n de criterios y par\u00e1metros de dise\u00f1o de un sistema de dep\u00f3sito qu\u00edmico de vapor asistido por aerosol (AACVD)<\/strong><\/a><\/p>\n\n\n\n<h2 class=\"wp-block-heading\">2019<\/h2>\n\n\n\n<h3 class=\"wp-block-heading\"><strong>JUNIO<\/strong><\/h3>\n\n\n\n<p><a href=\"https:\/\/revistas.unal.edu.co\/index.php\/dyna\/article\/view\/77344\"><strong>Instrumentation and control of an aerosol-assisted chemical vapor deposition system <\/strong><\/a><\/p>\n\n\n\n<p><strong><a href=\"https:\/\/iopscience.iop.org\/article\/10.1088\/1742-6596\/1247\/1\/012014\/meta\">Synthesis of Bi0.4Sr0.6FeO3-\u03b4 (BSF) powders and ceramics<\/a><\/strong><\/p>\n\n\n\n<p><a href=\"https:\/\/iopscience.iop.org\/article\/10.1088\/1742-6596\/1221\/1\/012077\"><strong>Statistical study of the variable speed of an AACVD device implemented in the UTP<\/strong><\/a><\/p>\n\n\n\n<h2 class=\"wp-block-heading\"><strong>2018<\/strong><\/h2>\n\n\n\n<h3 class=\"wp-block-heading\"><strong>SEPTIEMBRE<\/strong><\/h3>\n\n\n\n<p><strong><a href=\"http:\/\/revistas.utp.edu.co\/index.php\/revistaciencia\/article\/view\/18141\">Design and construction of a proportional gas flow meter with application in M\u00f6ssbauer spectroscopy<\/a><\/strong><\/p>\n\n\n\n<h2 class=\"wp-block-heading\"><strong>2017<\/strong><\/h2>\n\n\n\n<h3 class=\"wp-block-heading\"><strong>MAYO<\/strong><\/h3>\n\n\n\n<p><strong><a href=\"https:\/\/www.researchgate.net\/publication\/317125711_Solid_state_synthesis_of_Bi04Sr06FeO3-d_powder_for_SOFC_applications\">Solid state synthesis of Bi0.4Sr0.6FeO3\u2212\u03b4 powder for SOFC applications<\/a><\/strong><\/p>\n\n\n\n<h3 class=\"wp-block-heading\"><strong>MARZO<\/strong><\/h3>\n\n\n\n<p><strong><a href=\"https:\/\/www.researchgate.net\/publication\/315739853_Structural_and_magnetic_properties_of_FeCoC_system_obtained_by_mechanical_alloying\">Structural and magnetic properties of FeCoC system obtained by mechanical alloying<\/a><\/strong><\/p>\n\n\n\n<h2 class=\"wp-block-heading\"><strong>2016<\/strong><\/h2>\n\n\n\n<h3 class=\"wp-block-heading\"><strong>DICIEMBRE<\/strong><\/h3>\n\n\n\n<p><strong><a href=\"https:\/\/www.researchgate.net\/publication\/320502379_Design_and_implementation_of_an_electrons_detector_in_Mossbauer_spectroscopy_for_reflectio\">Design and implementation of an electrons detector in M\u00f6ssbauer spectroscopy for reflection<\/a><\/strong><\/p>\n\n\n\n<h3 class=\"wp-block-heading\"><strong>OCTUBRE<\/strong><\/h3>\n\n\n\n<p><strong><a href=\"https:\/\/www.researchgate.net\/publication\/319595282_IMPLEMENTACION_EN_ENTORNO_LABVIEW_DE_UN_SISTEMA_MULTIFUNCIONAL_DE_MEDIDAS_MAGNETOOPTICAS_Y_MAGNETOELECTRICAS_PARA_CARACTERIZACION_DE_MATERIALES\">Implementacion en entorno Labview de un sistema multifuncional de medidas magneto\u00f3pticas y magnetoel\u00e9ctricas para caracterizaci\u00f3n de materiales<\/a><\/strong><\/p>\n\n\n\n<h3 class=\"wp-block-heading\"><strong>MAYO<\/strong><\/h3>\n\n\n\n<p><strong><a href=\"https:\/\/www.researchgate.net\/publication\/318451912_Diseno_e_implementacion_de_un_detector_de_electrones_en_espectroscopia_Mossbauer_por_reflexion\">Dise\u00f1o e implementaci\u00f3n de un detector de electrones en espectroscopia M\u00f6ssbauer por reflexi\u00f3n<\/a><\/strong><\/p>\n\n\n\n<h3 class=\"wp-block-heading\"><strong>FEBRERO<\/strong><\/h3>\n\n\n\n<p><strong><a href=\"https:\/\/www.researchgate.net\/publication\/294288720_Estimate_of_the_diameter_of_surface_defects_on_a_pattern_specimen_made_of_Plexiglas_through_active_infrared_thermography\">Estimate of the diameter of surface defects on a pattern specimen made of Plexiglas through active infrared thermography<\/a><\/strong><\/p>\n\n\n\n<p><strong><a href=\"https:\/\/www.researchgate.net\/publication\/294288766_Experimental_set_up_of_a_magnetoelectric_measuring_system_operating_at_different_temperatures\">Experimental set up of a magnetoelectric measuring system operating at different temperatures<\/a><\/strong><\/p>\n","protected":false},"excerpt":{"rendered":"<p>2023 Vertical nanostructures thin films of CdS and CdTe using low temperatures GLAD 2022 implementation of an automated film deposition equipment under the sol\/gel Dip-Coating Technique 2021 Twisted-motion substrate with <a href=\"https:\/\/academia.utp.edu.co\/propiedades-magneticas-y-magnetoopticas-de-nuevos-materiales\/publicaciones\/\" rel=\"nofollow\"><span class=\"sr-only\">Leer m\u00e1sPublicaciones<\/span>[&hellip;]<\/a><\/p>\n","protected":false},"author":781,"featured_media":0,"parent":0,"menu_order":0,"comment_status":"closed","ping_status":"closed","template":"","meta":{"footnotes":""},"class_list":["post-5701","page","type-page","status-publish","hentry"],"_links":{"self":[{"href":"https:\/\/academia.utp.edu.co\/propiedades-magneticas-y-magnetoopticas-de-nuevos-materiales\/wp-json\/wp\/v2\/pages\/5701","targetHints":{"allow":["GET"]}}],"collection":[{"href":"https:\/\/academia.utp.edu.co\/propiedades-magneticas-y-magnetoopticas-de-nuevos-materiales\/wp-json\/wp\/v2\/pages"}],"about":[{"href":"https:\/\/academia.utp.edu.co\/propiedades-magneticas-y-magnetoopticas-de-nuevos-materiales\/wp-json\/wp\/v2\/types\/page"}],"author":[{"embeddable":true,"href":"https:\/\/academia.utp.edu.co\/propiedades-magneticas-y-magnetoopticas-de-nuevos-materiales\/wp-json\/wp\/v2\/users\/781"}],"replies":[{"embeddable":true,"href":"https:\/\/academia.utp.edu.co\/propiedades-magneticas-y-magnetoopticas-de-nuevos-materiales\/wp-json\/wp\/v2\/comments?post=5701"}],"version-history":[{"count":25,"href":"https:\/\/academia.utp.edu.co\/propiedades-magneticas-y-magnetoopticas-de-nuevos-materiales\/wp-json\/wp\/v2\/pages\/5701\/revisions"}],"predecessor-version":[{"id":109696,"href":"https:\/\/academia.utp.edu.co\/propiedades-magneticas-y-magnetoopticas-de-nuevos-materiales\/wp-json\/wp\/v2\/pages\/5701\/revisions\/109696"}],"wp:attachment":[{"href":"https:\/\/academia.utp.edu.co\/propiedades-magneticas-y-magnetoopticas-de-nuevos-materiales\/wp-json\/wp\/v2\/media?parent=5701"}],"curies":[{"name":"wp","href":"https:\/\/api.w.org\/{rel}","templated":true}]}}