{"id":5921,"date":"2018-11-01T11:08:41","date_gmt":"2018-11-01T16:08:41","guid":{"rendered":"http:\/\/academia.utp.edu.co\/propiedades-magneticas-y-magnetoopticas-de-nuevos-materiales\/?page_id=5921"},"modified":"2018-11-28T14:11:59","modified_gmt":"2018-11-28T19:11:59","slug":"m-sc-juan-marcos-marin-ramirez","status":"publish","type":"page","link":"https:\/\/academia.utp.edu.co\/propiedades-magneticas-y-magnetoopticas-de-nuevos-materiales\/nosotros\/integrantes\/m-sc-juan-marcos-marin-ramirez\/","title":{"rendered":"M.Sc. Juan Marcos Mar\u00edn Ramirez"},"content":{"rendered":"<table style=\"width: 100%;border-collapse: collapse;border-color: white\" border=\"0\">\n<tbody>\n<tr style=\"height: 131px\">\n<td style=\"width: 50%;height: 131px;background-color: #e4e4e4;text-align: left;vertical-align: middle\" colspan=\"2\">\n<h1 style=\"text-align: left;padding-left: 30px\"><span style=\"font-family: tahoma, arial, helvetica, sans-serif;color: #000000\">M.Sc. Juan Marcos Mar\u00edn Ramirez<\/span><\/h1>\n<p style=\"padding-left: 30px\"><span style=\"font-family: tahoma, arial, helvetica, sans-serif;color: #000000\">ESTUDIANTE DE DOCTORADO EN F\u00cdSICA&nbsp;&#8211;&nbsp;UNIVERSIDAD DE ANTIOQUIA<\/span><\/p>\n<\/td>\n<\/tr>\n<tr style=\"height: 332px\">\n<td style=\"width: 50%;height: 332px;text-align: center;vertical-align: middle\">\n<div class=\"mceTemp\">\n<p><span style=\"font-family: tahoma, arial, helvetica, sans-serif\"><img loading=\"lazy\" decoding=\"async\" class=\"size-medium wp-image-2021 aligncenter\" src=\"https:\/\/academia.utp.edu.co\/propiedades-magneticas-y-magnetoopticas-de-nuevos-materiales\/files\/2018\/10\/530568599-170667a-251x300.jpg\" alt=\"\" width=\"251\" height=\"300\" srcset=\"https:\/\/academia.utp.edu.co\/propiedades-magneticas-y-magnetoopticas-de-nuevos-materiales\/files\/2018\/10\/530568599-170667a-251x300.jpg 251w, https:\/\/academia.utp.edu.co\/propiedades-magneticas-y-magnetoopticas-de-nuevos-materiales\/files\/2018\/10\/530568599-170667a-250x299.jpg 250w, https:\/\/academia.utp.edu.co\/propiedades-magneticas-y-magnetoopticas-de-nuevos-materiales\/files\/2018\/10\/530568599-170667a.jpg 380w\" sizes=\"auto, (max-width: 251px) 100vw, 251px\" \/><\/span><\/p>\n<\/div>\n<\/td>\n<td style=\"width: 50%;height: 332px;text-align: left;vertical-align: middle\"><span style=\"color: #339966;font-family: tahoma, arial, helvetica, sans-serif\"><strong>Informaci\u00f3n:&nbsp;<\/strong><span style=\"color: #000000\">juanmarcos88@gmail.com <\/span><\/span><\/p>\n<p><span style=\"font-family: tahoma, arial, helvetica, sans-serif\"><a href=\"http:\/\/scienti.colciencias.gov.co:8081\/cvlac\/visualizador\/generarCurriculoCv.do?cod_rh=0001258273\">CvLac<\/a><\/span><\/p>\n<p><span style=\"font-family: tahoma, arial, helvetica, sans-serif\"><a href=\"https:\/\/www.researchgate.net\/profile\/Juan_Marin31\">ResearchGate<\/a><\/span><\/p>\n<p><span style=\"font-family: tahoma, arial, helvetica, sans-serif\">Google Scholar<\/span><\/p>\n<p><span style=\"font-family: tahoma, arial, helvetica, sans-serif\"><a href=\"https:\/\/orcid.org\/0000-0003-3549-5739\">ORCID<\/a>: 0000-0003-3549-5739<\/span><\/p>\n<p><span style=\"font-family: tahoma, arial, helvetica, sans-serif\">Scopus-ID:&nbsp;0000000000<\/span><\/td>\n<\/tr>\n<\/tbody>\n<\/table>\n","protected":false},"excerpt":{"rendered":"<p>M.Sc. Juan Marcos Mar\u00edn Ramirez ESTUDIANTE DE DOCTORADO EN F\u00cdSICA&nbsp;&#8211;&nbsp;UNIVERSIDAD DE ANTIOQUIA Informaci\u00f3n:&nbsp;juanmarcos88@gmail.com CvLac ResearchGate Google Scholar ORCID: 0000-0003-3549-5739 Scopus-ID:&nbsp;0000000000<\/p>\n","protected":false},"author":781,"featured_media":0,"parent":1521,"menu_order":0,"comment_status":"closed","ping_status":"closed","template":"","meta":{"footnotes":""},"class_list":["post-5921","page","type-page","status-publish","hentry"],"_links":{"self":[{"href":"https:\/\/academia.utp.edu.co\/propiedades-magneticas-y-magnetoopticas-de-nuevos-materiales\/wp-json\/wp\/v2\/pages\/5921","targetHints":{"allow":["GET"]}}],"collection":[{"href":"https:\/\/academia.utp.edu.co\/propiedades-magneticas-y-magnetoopticas-de-nuevos-materiales\/wp-json\/wp\/v2\/pages"}],"about":[{"href":"https:\/\/academia.utp.edu.co\/propiedades-magneticas-y-magnetoopticas-de-nuevos-materiales\/wp-json\/wp\/v2\/types\/page"}],"author":[{"embeddable":true,"href":"https:\/\/academia.utp.edu.co\/propiedades-magneticas-y-magnetoopticas-de-nuevos-materiales\/wp-json\/wp\/v2\/users\/781"}],"replies":[{"embeddable":true,"href":"https:\/\/academia.utp.edu.co\/propiedades-magneticas-y-magnetoopticas-de-nuevos-materiales\/wp-json\/wp\/v2\/comments?post=5921"}],"version-history":[{"count":17,"href":"https:\/\/academia.utp.edu.co\/propiedades-magneticas-y-magnetoopticas-de-nuevos-materiales\/wp-json\/wp\/v2\/pages\/5921\/revisions"}],"predecessor-version":[{"id":83921,"href":"https:\/\/academia.utp.edu.co\/propiedades-magneticas-y-magnetoopticas-de-nuevos-materiales\/wp-json\/wp\/v2\/pages\/5921\/revisions\/83921"}],"up":[{"embeddable":true,"href":"https:\/\/academia.utp.edu.co\/propiedades-magneticas-y-magnetoopticas-de-nuevos-materiales\/wp-json\/wp\/v2\/pages\/1521"}],"wp:attachment":[{"href":"https:\/\/academia.utp.edu.co\/propiedades-magneticas-y-magnetoopticas-de-nuevos-materiales\/wp-json\/wp\/v2\/media?parent=5921"}],"curies":[{"name":"wp","href":"https:\/\/api.w.org\/{rel}","templated":true}]}}