{"id":5941,"date":"2018-11-01T11:09:07","date_gmt":"2018-11-01T16:09:07","guid":{"rendered":"http:\/\/academia.utp.edu.co\/propiedades-magneticas-y-magnetoopticas-de-nuevos-materiales\/?page_id=5941"},"modified":"2018-11-28T14:12:04","modified_gmt":"2018-11-28T19:12:04","slug":"jorge-mario-hincapie-zapata","status":"publish","type":"page","link":"https:\/\/academia.utp.edu.co\/propiedades-magneticas-y-magnetoopticas-de-nuevos-materiales\/nosotros\/integrantes\/jorge-mario-hincapie-zapata\/","title":{"rendered":"Ing. Jorge Mario Hincapi\u00e9 Zapata"},"content":{"rendered":"<table style=\"width: 100%;border-collapse: collapse;border-color: white\" border=\"0\">\n<tbody>\n<tr style=\"height: 131px\">\n<td style=\"width: 100%;height: 131px;background-color: #e4e4e4;text-align: left;vertical-align: middle\" colspan=\"2\">\n<h1 style=\"text-align: left;padding-left: 30px\"><span style=\"font-family: tahoma, arial, helvetica, sans-serif;color: #000000\">Ing. Jorge Mario Hincapi\u00e9 Zapata<\/span><\/h1>\n<p style=\"padding-left: 30px\"><span style=\"font-family: tahoma, arial, helvetica, sans-serif;color: #000000\">ESTUDIANTE DE MAESTR\u00cdA EN INSTRUMENTACI\u00d3N F\u00cdSICA &#8211; UNIVERSIDAD TECNOL\u00d3GICA DE PEREIRA&nbsp;<\/span><\/p>\n<\/td>\n<\/tr>\n<tr style=\"height: 332px\">\n<td style=\"width: 50%;height: 332px;text-align: center;vertical-align: middle\">\n<div class=\"mceTemp\">\n<p><span style=\"font-family: tahoma, arial, helvetica, sans-serif\"><img loading=\"lazy\" decoding=\"async\" class=\"size-medium wp-image-2021 aligncenter\" src=\"https:\/\/academia.utp.edu.co\/propiedades-magneticas-y-magnetoopticas-de-nuevos-materiales\/files\/2018\/10\/530568599-170667a-251x300.jpg\" alt=\"\" width=\"251\" height=\"300\" srcset=\"https:\/\/academia.utp.edu.co\/propiedades-magneticas-y-magnetoopticas-de-nuevos-materiales\/files\/2018\/10\/530568599-170667a-251x300.jpg 251w, https:\/\/academia.utp.edu.co\/propiedades-magneticas-y-magnetoopticas-de-nuevos-materiales\/files\/2018\/10\/530568599-170667a-250x299.jpg 250w, https:\/\/academia.utp.edu.co\/propiedades-magneticas-y-magnetoopticas-de-nuevos-materiales\/files\/2018\/10\/530568599-170667a.jpg 380w\" sizes=\"auto, (max-width: 251px) 100vw, 251px\" \/><\/span><\/p>\n<\/div>\n<\/td>\n<td style=\"width: 50%;height: 332px;text-align: left;vertical-align: middle\"><span style=\"color: #339966;font-family: tahoma, arial, helvetica, sans-serif\"><strong>Informaci\u00f3n:&nbsp;<\/strong><span style=\"color: #000000\">jmhincapie@utp.edu.co<\/span><\/span><\/p>\n<p><span style=\"font-family: tahoma, arial, helvetica, sans-serif\"><a href=\"http:\/\/scienti.colciencias.gov.co:8081\/cvlac\/visualizador\/generarCurriculoCv.do?cod_rh=0001499620\">CvLac<\/a><\/span><\/p>\n<p><span style=\"font-family: tahoma, arial, helvetica, sans-serif\"><a href=\"https:\/\/www.researchgate.net\/scientific-contributions\/2086552240_Jorge_M_Hincapie_Zapata\">ResearchGate<\/a><\/span><\/p>\n<p><span style=\"font-family: tahoma, arial, helvetica, sans-serif\">Google Scholar<\/span><\/p>\n<p><span style=\"font-family: tahoma, arial, helvetica, sans-serif\">ORCID:&nbsp;0000-0000-0000-0000<\/span><\/p>\n<p><span style=\"font-family: tahoma, arial, helvetica, sans-serif\">Scopus-ID:&nbsp;0000000000<\/span><\/td>\n<\/tr>\n<\/tbody>\n<\/table>\n","protected":false},"excerpt":{"rendered":"<p>Ing. Jorge Mario Hincapi\u00e9 Zapata ESTUDIANTE DE MAESTR\u00cdA EN INSTRUMENTACI\u00d3N F\u00cdSICA &#8211; UNIVERSIDAD TECNOL\u00d3GICA DE PEREIRA&nbsp; Informaci\u00f3n:&nbsp;jmhincapie@utp.edu.co CvLac ResearchGate Google Scholar ORCID:&nbsp;0000-0000-0000-0000 Scopus-ID:&nbsp;0000000000<\/p>\n","protected":false},"author":781,"featured_media":0,"parent":1521,"menu_order":0,"comment_status":"closed","ping_status":"closed","template":"","meta":{"footnotes":""},"class_list":["post-5941","page","type-page","status-publish","hentry"],"_links":{"self":[{"href":"https:\/\/academia.utp.edu.co\/propiedades-magneticas-y-magnetoopticas-de-nuevos-materiales\/wp-json\/wp\/v2\/pages\/5941","targetHints":{"allow":["GET"]}}],"collection":[{"href":"https:\/\/academia.utp.edu.co\/propiedades-magneticas-y-magnetoopticas-de-nuevos-materiales\/wp-json\/wp\/v2\/pages"}],"about":[{"href":"https:\/\/academia.utp.edu.co\/propiedades-magneticas-y-magnetoopticas-de-nuevos-materiales\/wp-json\/wp\/v2\/types\/page"}],"author":[{"embeddable":true,"href":"https:\/\/academia.utp.edu.co\/propiedades-magneticas-y-magnetoopticas-de-nuevos-materiales\/wp-json\/wp\/v2\/users\/781"}],"replies":[{"embeddable":true,"href":"https:\/\/academia.utp.edu.co\/propiedades-magneticas-y-magnetoopticas-de-nuevos-materiales\/wp-json\/wp\/v2\/comments?post=5941"}],"version-history":[{"count":18,"href":"https:\/\/academia.utp.edu.co\/propiedades-magneticas-y-magnetoopticas-de-nuevos-materiales\/wp-json\/wp\/v2\/pages\/5941\/revisions"}],"predecessor-version":[{"id":83911,"href":"https:\/\/academia.utp.edu.co\/propiedades-magneticas-y-magnetoopticas-de-nuevos-materiales\/wp-json\/wp\/v2\/pages\/5941\/revisions\/83911"}],"up":[{"embeddable":true,"href":"https:\/\/academia.utp.edu.co\/propiedades-magneticas-y-magnetoopticas-de-nuevos-materiales\/wp-json\/wp\/v2\/pages\/1521"}],"wp:attachment":[{"href":"https:\/\/academia.utp.edu.co\/propiedades-magneticas-y-magnetoopticas-de-nuevos-materiales\/wp-json\/wp\/v2\/media?parent=5941"}],"curies":[{"name":"wp","href":"https:\/\/api.w.org\/{rel}","templated":true}]}}