{"id":10,"date":"2026-04-09T14:24:58","date_gmt":"2026-04-09T19:24:58","guid":{"rendered":"https:\/\/academia.utp.edu.co\/psp\/?page_id=10"},"modified":"2026-04-09T14:33:07","modified_gmt":"2026-04-09T19:33:07","slug":"inicio","status":"publish","type":"page","link":"https:\/\/academia.utp.edu.co\/psp\/","title":{"rendered":"Inicio"},"content":{"rendered":"\n<div class=\"wp-block-cover alignfull is-light has-parallax is-repeated wp-duotone-094850-f9644e-2\" style=\"margin-top:0;padding-top:48px;padding-right:48px;padding-bottom:48px;padding-left:48px;min-height:66vh;aspect-ratio:unset;\"><div class=\"wp-block-cover__image-background wp-image-9 size-full has-parallax is-repeated\" style=\"background-position:50% 50%;background-image:url(https:\/\/academia.utp.edu.co\/psp\/files\/2026\/04\/canister-teingo.jpg)\"><\/div><span aria-hidden=\"true\" class=\"wp-block-cover__background has-ast-global-color-2-background-color has-background-dim-30 has-background-dim\"><\/span><div class=\"wp-block-cover__inner-container is-layout-flow wp-block-cover-is-layout-flow\">\n<div class=\"wp-block-group is-content-justification-left is-layout-constrained wp-container-core-group-is-layout-0b562c1c wp-block-group-is-layout-constrained\">\n<h2 class=\"wp-block-heading has-text-align-left has-white-color has-text-color\" style=\"font-size:60px;font-style:normal;font-weight:700;letter-spacing:0px;line-height:1;text-transform:uppercase\">SEMILLERO DE NVESTIGACI\u00d3N PLANIFICACI\u00d3N SOCIOECOL\u00d3GICA DEL PAISAJE<\/h2>\n<\/div>\n\n\n\n<div style=\"height:72px\" aria-hidden=\"true\" class=\"wp-block-spacer\"><\/div>\n\n\n\n<div class=\"wp-block-buttons is-content-justification-center is-nowrap is-layout-flex wp-container-core-buttons-is-layout-12a27398 wp-block-buttons-is-layout-flex\">\n<div class=\"wp-block-button is-style-outline is-style-outline--1\"><a class=\"wp-block-button__link has-white-color has-text-color has-custom-font-size wp-element-button\" href=\"https:\/\/utp.edu.co\" style=\"padding-top:24px;padding-right:48px;padding-bottom:24px;padding-left:48px;font-size:16px;font-style:normal;font-weight:600;letter-spacing:0px;text-transform:uppercase\">UTP<\/a><\/div>\n<\/div>\n<\/div><\/div>\n\n\n\n<div class=\"wp-block-columns has-vivid-cyan-blue-background-color has-background is-layout-flex wp-container-core-columns-is-layout-28f84493 wp-block-columns-is-layout-flex\">\n<div class=\"wp-block-column is-layout-flow wp-block-column-is-layout-flow\">\n<div class=\"wp-block-cover wp-duotone-blue-red\"><img loading=\"lazy\" decoding=\"async\" width=\"1024\" height=\"1024\" class=\"wp-block-cover__image-background wp-image-9\" alt=\"\" src=\"http:\/\/academia.utp.edu.co\/psp\/files\/2026\/04\/canister-teingo.jpg\" data-object-fit=\"cover\" srcset=\"https:\/\/academia.utp.edu.co\/psp\/files\/2026\/04\/canister-teingo.jpg 1024w, https:\/\/academia.utp.edu.co\/psp\/files\/2026\/04\/canister-teingo-300x300.jpg 300w, https:\/\/academia.utp.edu.co\/psp\/files\/2026\/04\/canister-teingo-150x150.jpg 150w, https:\/\/academia.utp.edu.co\/psp\/files\/2026\/04\/canister-teingo-768x768.jpg 768w\" sizes=\"auto, (max-width: 1024px) 100vw, 1024px\" \/><span aria-hidden=\"true\" class=\"wp-block-cover__background has-background-dim\"><\/span><div class=\"wp-block-cover__inner-container is-layout-flow wp-block-cover-is-layout-flow\">\n<p class=\"has-text-align-center has-ast-global-color-4-color has-text-color has-link-color has-large-font-size wp-elements-6910c9efa07af10c86094c50475fbd5e\">adfadsfasdf<\/p>\n<\/div><\/div>\n<\/div>\n\n\n\n<div class=\"wp-block-column is-layout-flow wp-block-column-is-layout-flow\">\n<div class=\"wp-block-cover wp-duotone-blue-red\"><img loading=\"lazy\" decoding=\"async\" width=\"1024\" height=\"1024\" class=\"wp-block-cover__image-background wp-image-9\" alt=\"\" src=\"http:\/\/academia.utp.edu.co\/psp\/files\/2026\/04\/canister-teingo.jpg\" data-object-fit=\"cover\" srcset=\"https:\/\/academia.utp.edu.co\/psp\/files\/2026\/04\/canister-teingo.jpg 1024w, https:\/\/academia.utp.edu.co\/psp\/files\/2026\/04\/canister-teingo-300x300.jpg 300w, https:\/\/academia.utp.edu.co\/psp\/files\/2026\/04\/canister-teingo-150x150.jpg 150w, https:\/\/academia.utp.edu.co\/psp\/files\/2026\/04\/canister-teingo-768x768.jpg 768w\" sizes=\"auto, (max-width: 1024px) 100vw, 1024px\" \/><span aria-hidden=\"true\" class=\"wp-block-cover__background has-background-dim\"><\/span><div class=\"wp-block-cover__inner-container is-layout-flow wp-block-cover-is-layout-flow\">\n<p class=\"has-text-align-center has-ast-global-color-4-color has-text-color has-link-color has-large-font-size wp-elements-6910c9efa07af10c86094c50475fbd5e\">adfadsfasdf<\/p>\n<\/div><\/div>\n<\/div>\n\n\n\n<div class=\"wp-block-column is-layout-flow wp-block-column-is-layout-flow\">\n<div class=\"wp-block-cover wp-duotone-blue-red\"><img loading=\"lazy\" decoding=\"async\" width=\"1024\" height=\"1024\" class=\"wp-block-cover__image-background wp-image-9\" alt=\"\" src=\"http:\/\/academia.utp.edu.co\/psp\/files\/2026\/04\/canister-teingo.jpg\" data-object-fit=\"cover\" srcset=\"https:\/\/academia.utp.edu.co\/psp\/files\/2026\/04\/canister-teingo.jpg 1024w, https:\/\/academia.utp.edu.co\/psp\/files\/2026\/04\/canister-teingo-300x300.jpg 300w, https:\/\/academia.utp.edu.co\/psp\/files\/2026\/04\/canister-teingo-150x150.jpg 150w, https:\/\/academia.utp.edu.co\/psp\/files\/2026\/04\/canister-teingo-768x768.jpg 768w\" sizes=\"auto, (max-width: 1024px) 100vw, 1024px\" \/><span aria-hidden=\"true\" class=\"wp-block-cover__background has-background-dim\"><\/span><div class=\"wp-block-cover__inner-container is-layout-flow wp-block-cover-is-layout-flow\">\n<p class=\"has-text-align-center has-ast-global-color-4-color has-text-color has-link-color has-large-font-size wp-elements-6910c9efa07af10c86094c50475fbd5e\">adfadsfasdf<\/p>\n<\/div><\/div>\n<\/div>\n<\/div>\n\n\n\n<p><\/p>\n","protected":false},"excerpt":{"rendered":"","protected":false},"author":1996,"featured_media":0,"parent":0,"menu_order":0,"comment_status":"closed","ping_status":"closed","template":"","meta":{"site-sidebar-layout":"default","site-content-layout":"","ast-site-content-layout":"default","site-content-style":"default","site-sidebar-style":"default","ast-global-header-display":"","ast-banner-title-visibility":"","ast-main-header-display":"","ast-hfb-above-header-display":"","ast-hfb-below-header-display":"","ast-hfb-mobile-header-display":"","site-post-title":"disabled","ast-breadcrumbs-content":"","ast-featured-img":"","footer-sml-layout":"","ast-disable-related-posts":"","theme-transparent-header-meta":"","adv-header-id-meta":"","stick-header-meta":"","header-above-stick-meta":"","header-main-stick-meta":"","header-below-stick-meta":"","astra-migrate-meta-layouts":"default","ast-page-background-enabled":"default","ast-page-background-meta":{"desktop":{"background-color":"var(--ast-global-color-5)","background-image":"","background-repeat":"repeat","background-position":"center center","background-size":"auto","background-attachment":"scroll","background-type":"","background-media":"","overlay-type":"","overlay-color":"","overlay-opacity":"","overlay-gradient":""},"tablet":{"background-color":"","background-image":"","background-repeat":"repeat","background-position":"center center","background-size":"auto","background-attachment":"scroll","background-type":"","background-media":"","overlay-type":"","overlay-color":"","overlay-opacity":"","overlay-gradient":""},"mobile":{"background-color":"","background-image":"","background-repeat":"repeat","background-position":"center center","background-size":"auto","background-attachment":"scroll","background-type":"","background-media":"","overlay-type":"","overlay-color":"","overlay-opacity":"","overlay-gradient":""}},"ast-content-background-meta":{"desktop":{"background-color":"var(--ast-global-color-4)","background-image":"","background-repeat":"repeat","background-position":"center center","background-size":"auto","background-attachment":"scroll","background-type":"","background-media":"","overlay-type":"","overlay-color":"","overlay-opacity":"","overlay-gradient":""},"tablet":{"background-color":"var(--ast-global-color-4)","background-image":"","background-repeat":"repeat","background-position":"center center","background-size":"auto","background-attachment":"scroll","background-type":"","background-media":"","overlay-type":"","overlay-color":"","overlay-opacity":"","overlay-gradient":""},"mobile":{"background-color":"var(--ast-global-color-4)","background-image":"","background-repeat":"repeat","background-position":"center center","background-size":"auto","background-attachment":"scroll","background-type":"","background-media":"","overlay-type":"","overlay-color":"","overlay-opacity":"","overlay-gradient":""}},"footnotes":""},"class_list":["post-10","page","type-page","status-publish","hentry"],"_links":{"self":[{"href":"https:\/\/academia.utp.edu.co\/psp\/wp-json\/wp\/v2\/pages\/10","targetHints":{"allow":["GET"]}}],"collection":[{"href":"https:\/\/academia.utp.edu.co\/psp\/wp-json\/wp\/v2\/pages"}],"about":[{"href":"https:\/\/academia.utp.edu.co\/psp\/wp-json\/wp\/v2\/types\/page"}],"author":[{"embeddable":true,"href":"https:\/\/academia.utp.edu.co\/psp\/wp-json\/wp\/v2\/users\/1996"}],"replies":[{"embeddable":true,"href":"https:\/\/academia.utp.edu.co\/psp\/wp-json\/wp\/v2\/comments?post=10"}],"version-history":[{"count":2,"href":"https:\/\/academia.utp.edu.co\/psp\/wp-json\/wp\/v2\/pages\/10\/revisions"}],"predecessor-version":[{"id":16,"href":"https:\/\/academia.utp.edu.co\/psp\/wp-json\/wp\/v2\/pages\/10\/revisions\/16"}],"wp:attachment":[{"href":"https:\/\/academia.utp.edu.co\/psp\/wp-json\/wp\/v2\/media?parent=10"}],"curies":[{"name":"wp","href":"https:\/\/api.w.org\/{rel}","templated":true}]}}