{"id":54,"date":"2026-01-26T09:57:55","date_gmt":"2026-01-26T14:57:55","guid":{"rendered":"https:\/\/academia.utp.edu.co\/sand\/?page_id=54"},"modified":"2026-03-17T14:48:13","modified_gmt":"2026-03-17T19:48:13","slug":"nosotros","status":"publish","type":"page","link":"https:\/\/academia.utp.edu.co\/sand\/nosotros\/","title":{"rendered":"Nosotros"},"content":{"rendered":"\n<div class=\"wp-block-columns has-ast-global-color-5-background-color has-background is-layout-flex wp-container-core-columns-is-layout-35f520d9 wp-block-columns-is-layout-flex\" style=\"margin-top:0;margin-bottom:0;padding-top:var(--wp--preset--spacing--30);padding-right:var(--wp--preset--spacing--40);padding-bottom:var(--wp--preset--spacing--30);padding-left:var(--wp--preset--spacing--40)\">\n<div class=\"wp-block-column is-layout-flow wp-block-column-is-layout-flow\">\n<p class=\"has-large-font-size\" style=\"font-style:normal;font-weight:700\">Misi\u00f3n<\/p>\n\n\n\n<p class=\"has-medium-font-size\">Formar estudiantes con capacidades anal\u00edticas, cr\u00edticas y t\u00e9cnicas en el uso de datos, promoviendo el desarrollo de soluciones basadas en evidencia para problemas reales en distintos contextos.<\/p>\n<\/div>\n\n\n\n<div class=\"wp-block-column is-layout-flow wp-block-column-is-layout-flow\">\n<p class=\"has-large-font-size\" style=\"font-style:normal;font-weight:700\">Visi\u00f3n<\/p>\n\n\n\n<p class=\"has-medium-font-size\">Ser un semillero reconocido por su impacto acad\u00e9mico, investigativo y social, destac\u00e1ndose en la formaci\u00f3n de talento en anal\u00edtica de datos y en la generaci\u00f3n de proyectos con valor aplicado.<\/p>\n<\/div>\n<\/div>\n\n\n\n<p class=\"has-medium-font-size\">L\u00edneas de investigaci\u00f3n:<\/p>\n\n\n\n<ul class=\"wp-block-list\">\n<li>An\u00e1lisis de Datos<\/li>\n\n\n\n<li>Procesamiento de Se\u00f1ales<\/li>\n\n\n\n<li>Procesamiento de Lenguaje Natural<\/li>\n\n\n\n<li>Ciencias de la Computaci\u00f3n<\/li>\n\n\n\n<li>Innovaci\u00f3n<\/li>\n\n\n\n<li>Gesti\u00f3n Social<\/li>\n\n\n\n<li>Desarrollo Sostenible<\/li>\n<\/ul>\n\n\n\n<div class=\"wp-block-columns has-ast-global-color-6-color has-ast-global-color-4-background-color has-text-color has-background has-link-color wp-elements-208737c5a3178eb1d833932157c9281d is-layout-flex wp-container-core-columns-is-layout-a5331a9e wp-block-columns-is-layout-flex\" style=\"padding-top:0;padding-right:0;padding-bottom:0;padding-left:0\">\n<div class=\"wp-block-column is-layout-flow wp-block-column-is-layout-flow\">\n<figure class=\"wp-block-image size-full\"><img loading=\"lazy\" decoding=\"async\" width=\"475\" height=\"87\" src=\"https:\/\/academia.utp.edu.co\/sand\/files\/2026\/03\/logo_GIADSc.png\" alt=\"\" class=\"wp-image-106\" srcset=\"https:\/\/academia.utp.edu.co\/sand\/files\/2026\/03\/logo_GIADSc.png 475w, https:\/\/academia.utp.edu.co\/sand\/files\/2026\/03\/logo_GIADSc-300x55.png 300w\" sizes=\"auto, (max-width: 475px) 100vw, 475px\" \/><\/figure>\n<\/div>\n\n\n\n<div class=\"wp-block-column is-layout-flow wp-container-core-column-is-layout-0ccb5541 wp-block-column-is-layout-flow\" style=\"padding-top:0;padding-right:var(--wp--preset--spacing--20);padding-bottom:0;padding-left:var(--wp--preset--spacing--20)\">\n<p class=\"has-medium-font-size\" style=\"font-style:normal;font-weight:900\">Este semillero est\u00e1 asociado al Grupo de Investigaci\u00f3n en An\u00e1lisis de Datos y Sociolog\u00eda Computacional (GIADSc).<\/p>\n<\/div>\n<\/div>\n","protected":false},"excerpt":{"rendered":"<p>Misi\u00f3n Formar estudiantes con capacidades anal\u00edticas, cr\u00edticas y t\u00e9cnicas en el uso de datos, promoviendo el desarrollo de soluciones basadas en evidencia para problemas reales en distintos contextos. Visi\u00f3n Ser [&hellip;]<\/p>\n","protected":false},"author":531,"featured_media":0,"parent":0,"menu_order":0,"comment_status":"closed","ping_status":"closed","template":"","meta":{"site-sidebar-layout":"default","site-content-layout":"","ast-site-content-layout":"default","site-content-style":"default","site-sidebar-style":"default","ast-global-header-display":"","ast-banner-title-visibility":"","ast-main-header-display":"","ast-hfb-above-header-display":"","ast-hfb-below-header-display":"","ast-hfb-mobile-header-display":"","site-post-title":"","ast-breadcrumbs-content":"","ast-featured-img":"","footer-sml-layout":"","ast-disable-related-posts":"","theme-transparent-header-meta":"","adv-header-id-meta":"","stick-header-meta":"","header-above-stick-meta":"","header-main-stick-meta":"","header-below-stick-meta":"","astra-migrate-meta-layouts":"default","ast-page-background-enabled":"default","ast-page-background-meta":{"desktop":{"background-color":"var(--ast-global-color-5)","background-image":"","background-repeat":"repeat","background-position":"center center","background-size":"auto","background-attachment":"scroll","background-type":"","background-media":"","overlay-type":"","overlay-color":"","overlay-opacity":"","overlay-gradient":""},"tablet":{"background-color":"","background-image":"","background-repeat":"repeat","background-position":"center center","background-size":"auto","background-attachment":"scroll","background-type":"","background-media":"","overlay-type":"","overlay-color":"","overlay-opacity":"","overlay-gradient":""},"mobile":{"background-color":"","background-image":"","background-repeat":"repeat","background-position":"center center","background-size":"auto","background-attachment":"scroll","background-type":"","background-media":"","overlay-type":"","overlay-color":"","overlay-opacity":"","overlay-gradient":""}},"ast-content-background-meta":{"desktop":{"background-color":"var(--ast-global-color-4)","background-image":"","background-repeat":"repeat","background-position":"center center","background-size":"auto","background-attachment":"scroll","background-type":"","background-media":"","overlay-type":"","overlay-color":"","overlay-opacity":"","overlay-gradient":""},"tablet":{"background-color":"var(--ast-global-color-4)","background-image":"","background-repeat":"repeat","background-position":"center center","background-size":"auto","background-attachment":"scroll","background-type":"","background-media":"","overlay-type":"","overlay-color":"","overlay-opacity":"","overlay-gradient":""},"mobile":{"background-color":"var(--ast-global-color-4)","background-image":"","background-repeat":"repeat","background-position":"center center","background-size":"auto","background-attachment":"scroll","background-type":"","background-media":"","overlay-type":"","overlay-color":"","overlay-opacity":"","overlay-gradient":""}},"footnotes":""},"class_list":["post-54","page","type-page","status-publish","hentry"],"_links":{"self":[{"href":"https:\/\/academia.utp.edu.co\/sand\/wp-json\/wp\/v2\/pages\/54","targetHints":{"allow":["GET"]}}],"collection":[{"href":"https:\/\/academia.utp.edu.co\/sand\/wp-json\/wp\/v2\/pages"}],"about":[{"href":"https:\/\/academia.utp.edu.co\/sand\/wp-json\/wp\/v2\/types\/page"}],"author":[{"embeddable":true,"href":"https:\/\/academia.utp.edu.co\/sand\/wp-json\/wp\/v2\/users\/531"}],"replies":[{"embeddable":true,"href":"https:\/\/academia.utp.edu.co\/sand\/wp-json\/wp\/v2\/comments?post=54"}],"version-history":[{"count":3,"href":"https:\/\/academia.utp.edu.co\/sand\/wp-json\/wp\/v2\/pages\/54\/revisions"}],"predecessor-version":[{"id":107,"href":"https:\/\/academia.utp.edu.co\/sand\/wp-json\/wp\/v2\/pages\/54\/revisions\/107"}],"wp:attachment":[{"href":"https:\/\/academia.utp.edu.co\/sand\/wp-json\/wp\/v2\/media?parent=54"}],"curies":[{"name":"wp","href":"https:\/\/api.w.org\/{rel}","templated":true}]}}