{"id":92,"date":"2026-03-17T14:29:09","date_gmt":"2026-03-17T19:29:09","guid":{"rendered":"https:\/\/academia.utp.edu.co\/sand\/?page_id=92"},"modified":"2026-03-17T14:53:18","modified_gmt":"2026-03-17T19:53:18","slug":"inicio","status":"publish","type":"page","link":"https:\/\/academia.utp.edu.co\/sand\/","title":{"rendered":"Inicio"},"content":{"rendered":"\n<div class=\"wp-block-columns is-layout-flex wp-container-core-columns-is-layout-28f84493 wp-block-columns-is-layout-flex\">\n<div class=\"wp-block-column is-layout-flow wp-block-column-is-layout-flow\">\n<figure class=\"wp-block-image size-full\" style=\"margin-top:var(--wp--preset--spacing--70);margin-bottom:var(--wp--preset--spacing--70)\"><img loading=\"lazy\" decoding=\"async\" width=\"2560\" height=\"1440\" src=\"https:\/\/academia.utp.edu.co\/sand\/files\/2026\/03\/CRC2-scaled.jpg\" alt=\"\" class=\"wp-image-83\" srcset=\"https:\/\/academia.utp.edu.co\/sand\/files\/2026\/03\/CRC2-scaled.jpg 2560w, https:\/\/academia.utp.edu.co\/sand\/files\/2026\/03\/CRC2-300x169.jpg 300w, https:\/\/academia.utp.edu.co\/sand\/files\/2026\/03\/CRC2-1024x576.jpg 1024w, https:\/\/academia.utp.edu.co\/sand\/files\/2026\/03\/CRC2-768x432.jpg 768w, https:\/\/academia.utp.edu.co\/sand\/files\/2026\/03\/CRC2-1536x864.jpg 1536w, https:\/\/academia.utp.edu.co\/sand\/files\/2026\/03\/CRC2-2048x1152.jpg 2048w\" sizes=\"auto, (max-width: 2560px) 100vw, 2560px\" \/><\/figure>\n<\/div>\n\n\n\n<div class=\"wp-block-column is-layout-flow wp-block-column-is-layout-flow\">\n<p class=\"has-large-font-size\">\u00bfQui\u00e9nes somos?<\/p>\n\n\n\n<p class=\"has-medium-font-size\">Somos el Semillero de Investigaci\u00f3n en An\u00e1lisis de Datos (SAND), una comunidad acad\u00e9mica conformada por estudiantes de diferentes programas y niveles de formaci\u00f3n, unidos por el inter\u00e9s en comprender, analizar y transformar la realidad a trav\u00e9s de los datos.<\/p>\n\n\n\n<p class=\"has-white-color has-ast-global-color-1-background-color has-text-color has-background has-link-color wp-elements-f5ed5cb254f8276b39ec79fc57957f53\">Aplicamos ciencia de datos para entender problemas reales y generar soluciones con impacto.<\/p>\n<\/div>\n<\/div>\n\n\n\n<div class=\"wp-block-columns has-ast-global-color-5-background-color has-background is-layout-flex wp-container-core-columns-is-layout-28f84493 wp-block-columns-is-layout-flex\">\n<div class=\"wp-block-column is-layout-flow wp-block-column-is-layout-flow\">\n<p class=\"has-large-font-size\">\u00bfQu\u00e9 hacemos?<\/p>\n\n\n\n<p class=\"has-medium-font-size\">Desarrollamos proyectos aplicados de anal\u00edtica de datos que abarcan desde la recolecci\u00f3n, limpieza y exploraci\u00f3n de informaci\u00f3n, hasta la construcci\u00f3n de modelos anal\u00edticos, visualizaci\u00f3n de resultados y comunicaci\u00f3n de hallazgos. Trabajamos de manera colaborativa, integrando herramientas y metodolog\u00edas modernas en ciencia de datos.<\/p>\n<\/div>\n\n\n\n<div class=\"wp-block-column is-layout-flow wp-block-column-is-layout-flow\">\n<p class=\"has-large-font-size\">\u00bfPor qu\u00e9 importa?<\/p>\n\n\n\n<p class=\"has-medium-font-size\">Porque los datos son un activo fundamental para la toma de decisiones en la sociedad actual. A trav\u00e9s del an\u00e1lisis de datos, generamos conocimiento \u00fatil, apoyamos la soluci\u00f3n de problemas reales y contribuimos al desarrollo acad\u00e9mico, empresarial y social.<\/p>\n<\/div>\n<\/div>\n\n\n\n<div class=\"wp-block-group alignfull has-background-color has-white-color has-black-background-color has-text-color has-background has-link-color wp-elements-6b153918682f53fc17584cd12e08c977 is-vertical is-content-justification-stretch is-layout-flex wp-container-core-group-is-layout-48a3dbfb wp-block-group-is-layout-flex\" style=\"min-height:40vh;margin-top:0;margin-bottom:0;padding-top:var(--wp--preset--spacing--60);padding-right:var(--wp--preset--spacing--40);padding-bottom:var(--wp--preset--spacing--60);padding-left:var(--wp--preset--spacing--40)\">\n<div class=\"wp-block-columns alignwide has-small-font-size is-layout-flex wp-container-core-columns-is-layout-28f84493 wp-block-columns-is-layout-flex\">\n<div class=\"wp-block-column is-layout-flow wp-block-column-is-layout-flow\">\n<p class=\"has-text-align-center\">Ubicaci\u00f3n<\/p>\n\n\n\n<p class=\"has-text-align-center\">Universidad Tecnol\u00f3gica de Pereira<\/p>\n\n\n\n<div style=\"height:24px\" aria-hidden=\"true\" class=\"wp-block-spacer\"><\/div>\n<\/div>\n\n\n\n<div class=\"wp-block-column is-layout-flow wp-block-column-is-layout-flow\">\n<p class=\"has-text-align-center\">P\u00e1ginas<\/p>\n\n\n<nav class=\"has-small-font-size items-justified-center is-vertical no-wrap wp-block-navigation is-content-justification-center is-nowrap is-layout-flex wp-container-core-navigation-is-layout-34a3ecb2 wp-block-navigation-is-layout-flex\" aria-label=\"Navegaci\u00f3n\"><ul class=\"wp-block-navigation__container has-small-font-size items-justified-center is-vertical no-wrap wp-block-navigation has-small-font-size\"><li class=\"has-small-font-size wp-block-navigation-item wp-block-navigation-link\"><a class=\"wp-block-navigation-item__content\"  href=\"https:\/\/academia.utp.edu.co\/sand\/nosotros\/\"><span class=\"wp-block-navigation-item__label\">Nosotros<\/span><\/a><\/li><\/ul><ul class=\"wp-block-navigation__container has-small-font-size items-justified-center is-vertical no-wrap wp-block-navigation has-small-font-size\"><li class=\"has-small-font-size wp-block-navigation-item wp-block-navigation-link\"><a class=\"wp-block-navigation-item__content\"  href=\"https:\/\/academia.utp.edu.co\/sand\/proyectos\/\"><span class=\"wp-block-navigation-item__label\">Proyectos<\/span><\/a><\/li><\/ul><\/nav>\n\n\n<div style=\"height:24px\" aria-hidden=\"true\" class=\"wp-block-spacer\"><\/div>\n<\/div>\n\n\n\n<div class=\"wp-block-column is-layout-flow wp-block-column-is-layout-flow\">\n<p class=\"has-text-align-center\">S\u00edguenos<\/p>\n\n\n\n<div class=\"wp-block-group is-vertical is-content-justification-center is-layout-flex wp-container-core-group-is-layout-0e868306 wp-block-group-is-layout-flex\">\n<p><a href=\"https:\/\/www.linkedin.com\/company\/112773879\">LinkedIn<\/a><\/p>\n\n\n\n<p><a href=\"https:\/\/www.instagram.com\/sandutp?igsh=MW1meHFyNDdjbjIzNw%3D%3D\">Instagram<\/a><\/p>\n\n\n\n<p><a href=\"https:\/\/chat.whatsapp.com\/F3LiFq8zh593BN43nOiWB4\">WhatsApp<\/a><\/p>\n\n\n\n<p><a href=\"semillero.sandutp@gmail.com\" data-type=\"link\" data-id=\"semillero.sandutp@gmail.com\">Gmail<\/a><\/p>\n<\/div>\n<\/div>\n<\/div>\n\n\n\n<div class=\"wp-block-group alignwide is-content-justification-center is-layout-flex wp-container-core-group-is-layout-c124d1c4 wp-block-group-is-layout-flex\">\n<p class=\"has-text-align-center has-small-font-size\"> Orgullosamente impulsado por <a rel=\"nofollow\" href=\"https:\/\/wordpress.org\">WordPress<\/a> <\/p>\n<\/div>\n<\/div>\n\n\n\n<p><\/p>\n","protected":false},"excerpt":{"rendered":"<p>\u00bfQui\u00e9nes somos? Somos el Semillero de Investigaci\u00f3n en An\u00e1lisis de Datos (SAND), una comunidad acad\u00e9mica conformada por estudiantes de diferentes programas y niveles de formaci\u00f3n, unidos por el inter\u00e9s en [&hellip;]<\/p>\n","protected":false},"author":1960,"featured_media":0,"parent":0,"menu_order":0,"comment_status":"closed","ping_status":"closed","template":"","meta":{"site-sidebar-layout":"default","site-content-layout":"","ast-site-content-layout":"default","site-content-style":"default","site-sidebar-style":"default","ast-global-header-display":"","ast-banner-title-visibility":"","ast-main-header-display":"","ast-hfb-above-header-display":"","ast-hfb-below-header-display":"","ast-hfb-mobile-header-display":"","site-post-title":"","ast-breadcrumbs-content":"","ast-featured-img":"","footer-sml-layout":"","ast-disable-related-posts":"","theme-transparent-header-meta":"","adv-header-id-meta":"","stick-header-meta":"","header-above-stick-meta":"","header-main-stick-meta":"","header-below-stick-meta":"","astra-migrate-meta-layouts":"default","ast-page-background-enabled":"default","ast-page-background-meta":{"desktop":{"background-color":"var(--ast-global-color-5)","background-image":"","background-repeat":"repeat","background-position":"center center","background-size":"auto","background-attachment":"scroll","background-type":"","background-media":"","overlay-type":"","overlay-color":"","overlay-opacity":"","overlay-gradient":""},"tablet":{"background-color":"","background-image":"","background-repeat":"repeat","background-position":"center center","background-size":"auto","background-attachment":"scroll","background-type":"","background-media":"","overlay-type":"","overlay-color":"","overlay-opacity":"","overlay-gradient":""},"mobile":{"background-color":"","background-image":"","background-repeat":"repeat","background-position":"center center","background-size":"auto","background-attachment":"scroll","background-type":"","background-media":"","overlay-type":"","overlay-color":"","overlay-opacity":"","overlay-gradient":""}},"ast-content-background-meta":{"desktop":{"background-color":"var(--ast-global-color-4)","background-image":"","background-repeat":"repeat","background-position":"center center","background-size":"auto","background-attachment":"scroll","background-type":"","background-media":"","overlay-type":"","overlay-color":"","overlay-opacity":"","overlay-gradient":""},"tablet":{"background-color":"var(--ast-global-color-4)","background-image":"","background-repeat":"repeat","background-position":"center center","background-size":"auto","background-attachment":"scroll","background-type":"","background-media":"","overlay-type":"","overlay-color":"","overlay-opacity":"","overlay-gradient":""},"mobile":{"background-color":"var(--ast-global-color-4)","background-image":"","background-repeat":"repeat","background-position":"center center","background-size":"auto","background-attachment":"scroll","background-type":"","background-media":"","overlay-type":"","overlay-color":"","overlay-opacity":"","overlay-gradient":""}},"footnotes":""},"class_list":["post-92","page","type-page","status-publish","hentry"],"_links":{"self":[{"href":"https:\/\/academia.utp.edu.co\/sand\/wp-json\/wp\/v2\/pages\/92","targetHints":{"allow":["GET"]}}],"collection":[{"href":"https:\/\/academia.utp.edu.co\/sand\/wp-json\/wp\/v2\/pages"}],"about":[{"href":"https:\/\/academia.utp.edu.co\/sand\/wp-json\/wp\/v2\/types\/page"}],"author":[{"embeddable":true,"href":"https:\/\/academia.utp.edu.co\/sand\/wp-json\/wp\/v2\/users\/1960"}],"replies":[{"embeddable":true,"href":"https:\/\/academia.utp.edu.co\/sand\/wp-json\/wp\/v2\/comments?post=92"}],"version-history":[{"count":7,"href":"https:\/\/academia.utp.edu.co\/sand\/wp-json\/wp\/v2\/pages\/92\/revisions"}],"predecessor-version":[{"id":111,"href":"https:\/\/academia.utp.edu.co\/sand\/wp-json\/wp\/v2\/pages\/92\/revisions\/111"}],"wp:attachment":[{"href":"https:\/\/academia.utp.edu.co\/sand\/wp-json\/wp\/v2\/media?parent=92"}],"curies":[{"name":"wp","href":"https:\/\/api.w.org\/{rel}","templated":true}]}}