{"id":1562,"date":"2026-03-15T06:30:53","date_gmt":"2026-03-15T11:30:53","guid":{"rendered":"https:\/\/academia.utp.edu.co\/seintelec\/?page_id=1562"},"modified":"2026-03-15T06:30:54","modified_gmt":"2026-03-15T11:30:54","slug":"tecnologia-humanitaria","status":"publish","type":"page","link":"https:\/\/academia.utp.edu.co\/seintelec\/tecnologia-humanitaria\/","title":{"rendered":"Tecnolog\u00eda Humanitaria"},"content":{"rendered":"\n<p>La l\u00ednea de Tecnolog\u00eda Humanitaria fomenta en los estudiantes del semillero el inter\u00e9s por aportar en la soluci\u00f3n de las necesidades sociales en el entorno local y regional, a partir el conocimiento de las diferentes l\u00edneas de investigaci\u00f3n<\/p>\n\n\n\n<p>El profesor a cargo de la l\u00ednea de investigaci\u00f3n es Maximiliano Bueno L\u00f3pez<\/p>\n\n\n\n<p><\/p>\n","protected":false},"excerpt":{"rendered":"<p>La l\u00ednea de Tecnolog\u00eda Humanitaria fomenta en los estudiantes del semillero el inter\u00e9s por aportar en la soluci\u00f3n de las necesidades sociales en el entorno local y regional, a partir el conocimiento de las diferentes l\u00edneas de investigaci\u00f3n El profesor a cargo de la l\u00ednea de investigaci\u00f3n es Maximiliano Bueno [&hellip;]<\/p>\n","protected":false},"author":1914,"featured_media":0,"parent":0,"menu_order":0,"comment_status":"closed","ping_status":"closed","template":"","meta":{"footnotes":""},"class_list":["post-1562","page","type-page","status-publish","hentry"],"_links":{"self":[{"href":"https:\/\/academia.utp.edu.co\/seintelec\/wp-json\/wp\/v2\/pages\/1562","targetHints":{"allow":["GET"]}}],"collection":[{"href":"https:\/\/academia.utp.edu.co\/seintelec\/wp-json\/wp\/v2\/pages"}],"about":[{"href":"https:\/\/academia.utp.edu.co\/seintelec\/wp-json\/wp\/v2\/types\/page"}],"author":[{"embeddable":true,"href":"https:\/\/academia.utp.edu.co\/seintelec\/wp-json\/wp\/v2\/users\/1914"}],"replies":[{"embeddable":true,"href":"https:\/\/academia.utp.edu.co\/seintelec\/wp-json\/wp\/v2\/comments?post=1562"}],"version-history":[{"count":2,"href":"https:\/\/academia.utp.edu.co\/seintelec\/wp-json\/wp\/v2\/pages\/1562\/revisions"}],"predecessor-version":[{"id":1564,"href":"https:\/\/academia.utp.edu.co\/seintelec\/wp-json\/wp\/v2\/pages\/1562\/revisions\/1564"}],"wp:attachment":[{"href":"https:\/\/academia.utp.edu.co\/seintelec\/wp-json\/wp\/v2\/media?parent=1562"}],"curies":[{"name":"wp","href":"https:\/\/api.w.org\/{rel}","templated":true}]}}