{"id":491,"date":"2015-05-05T16:33:15","date_gmt":"2015-05-05T21:33:15","guid":{"rendered":"http:\/\/academia.utp.edu.co\/seintelec\/?page_id=491"},"modified":"2025-02-15T18:37:33","modified_gmt":"2025-02-15T23:37:33","slug":"sistemas-electricos-de-potencia","status":"publish","type":"page","link":"https:\/\/academia.utp.edu.co\/seintelec\/sistemas-electricos-de-potencia\/","title":{"rendered":"Sistemas El\u00e9ctricos de Potencia"},"content":{"rendered":"\n<p>La l\u00ednea de sistemas el\u00e9ctricos de potencia fomenta en los estudiantes del semillero el inter\u00e9s por aprender sobre el planeamiento de las redes de distribuci\u00f3n y transmisi\u00f3n, as\u00ed como el an\u00e1lisis de flujos de carga y fallas del sistema el\u00e9ctrico<\/p>\n\n\n\n<p>El profesor a cargo de la l\u00ednea de investigaci\u00f3n es Laura M\u00f3nica Escobar Vargas<\/p>\n\n\n<div class=\"wp-block-image\">\n<figure class=\"aligncenter size-large is-resized\"><a href=\"https:\/\/academia.utp.edu.co\/seintelec\/files\/2024\/06\/Sistemas_electricos_de_potencia-scaled.jpg\"><img loading=\"lazy\" decoding=\"async\" width=\"1024\" height=\"576\" src=\"https:\/\/academia.utp.edu.co\/seintelec\/files\/2024\/06\/Sistemas_electricos_de_potencia-1024x576.jpg\" alt=\"\" class=\"wp-image-1321\" style=\"width:547px;height:auto\" srcset=\"https:\/\/academia.utp.edu.co\/seintelec\/files\/2024\/06\/Sistemas_electricos_de_potencia-1024x576.jpg 1024w, https:\/\/academia.utp.edu.co\/seintelec\/files\/2024\/06\/Sistemas_electricos_de_potencia-300x169.jpg 300w, https:\/\/academia.utp.edu.co\/seintelec\/files\/2024\/06\/Sistemas_electricos_de_potencia-768x432.jpg 768w, https:\/\/academia.utp.edu.co\/seintelec\/files\/2024\/06\/Sistemas_electricos_de_potencia-1536x864.jpg 1536w, https:\/\/academia.utp.edu.co\/seintelec\/files\/2024\/06\/Sistemas_electricos_de_potencia-2048x1152.jpg 2048w\" sizes=\"auto, (max-width: 1024px) 100vw, 1024px\" \/><\/a><\/figure>\n<\/div>","protected":false},"excerpt":{"rendered":"<p>La l\u00ednea de sistemas el\u00e9ctricos de potencia fomenta en los estudiantes del semillero el inter\u00e9s por aprender sobre el planeamiento de las redes de distribuci\u00f3n y transmisi\u00f3n, as\u00ed como el an\u00e1lisis de flujos de carga y fallas del sistema el\u00e9ctrico El profesor a cargo de la l\u00ednea de investigaci\u00f3n es [&hellip;]<\/p>\n","protected":false},"author":151,"featured_media":341,"parent":0,"menu_order":0,"comment_status":"closed","ping_status":"closed","template":"","meta":{"footnotes":""},"class_list":["post-491","page","type-page","status-publish","has-post-thumbnail","hentry"],"_links":{"self":[{"href":"https:\/\/academia.utp.edu.co\/seintelec\/wp-json\/wp\/v2\/pages\/491","targetHints":{"allow":["GET"]}}],"collection":[{"href":"https:\/\/academia.utp.edu.co\/seintelec\/wp-json\/wp\/v2\/pages"}],"about":[{"href":"https:\/\/academia.utp.edu.co\/seintelec\/wp-json\/wp\/v2\/types\/page"}],"author":[{"embeddable":true,"href":"https:\/\/academia.utp.edu.co\/seintelec\/wp-json\/wp\/v2\/users\/151"}],"replies":[{"embeddable":true,"href":"https:\/\/academia.utp.edu.co\/seintelec\/wp-json\/wp\/v2\/comments?post=491"}],"version-history":[{"count":4,"href":"https:\/\/academia.utp.edu.co\/seintelec\/wp-json\/wp\/v2\/pages\/491\/revisions"}],"predecessor-version":[{"id":1503,"href":"https:\/\/academia.utp.edu.co\/seintelec\/wp-json\/wp\/v2\/pages\/491\/revisions\/1503"}],"wp:featuredmedia":[{"embeddable":true,"href":"https:\/\/academia.utp.edu.co\/seintelec\/wp-json\/wp\/v2\/media\/341"}],"wp:attachment":[{"href":"https:\/\/academia.utp.edu.co\/seintelec\/wp-json\/wp\/v2\/media?parent=491"}],"curies":[{"name":"wp","href":"https:\/\/api.w.org\/{rel}","templated":true}]}}