{"id":531,"date":"2015-05-05T16:34:39","date_gmt":"2015-05-05T21:34:39","guid":{"rendered":"http:\/\/academia.utp.edu.co\/seintelec\/?page_id=531"},"modified":"2026-03-15T06:32:47","modified_gmt":"2026-03-15T11:32:47","slug":"lineas-de-investigacion","status":"publish","type":"page","link":"https:\/\/academia.utp.edu.co\/seintelec\/lineas-de-investigacion\/","title":{"rendered":"Lineas de Investigaci\u00f3n"},"content":{"rendered":"\n<p>Las l\u00edneas de investigaci\u00f3n que se manejan en el semillero de investigaci\u00f3n SEINTELEC est\u00e1n relacionadas con las l\u00edneas de formaci\u00f3n de la malla curricular del programa de Tecnolog\u00eda El\u00e9ctrica, las cuales son:<\/p>\n\n\n\n<ul class=\"wp-block-list\">\n<li><a href=\"https:\/\/academia.utp.edu.co\/seintelec\/automatizacion-y-control\/\">Automatizaci\u00f3n y Control<\/a><\/li>\n\n\n\n<li><a href=\"https:\/\/academia.utp.edu.co\/seintelec\/electronica-y-telecomunicaciones\/\" data-type=\"page\" data-id=\"421\">Electr\u00f3nica y Telecomunicaciones<\/a><\/li>\n\n\n\n<li><a href=\"https:\/\/academia.utp.edu.co\/seintelec\/sistemas-electricos-de-potencia\/\" data-type=\"page\" data-id=\"491\">Sistemas El\u00e9ctricos de Potencia<\/a><\/li>\n\n\n\n<li><a href=\"https:\/\/academia.utp.edu.co\/seintelec\/sistemas-de-puesta-a-tierra\/\" data-type=\"page\" data-id=\"471\">Sistemas de Puesta a Tierra<\/a><\/li>\n\n\n\n<li><a href=\"https:\/\/academia.utp.edu.co\/seintelec\/tecnologia-humanitaria\/\" data-type=\"link\" data-id=\"https:\/\/academia.utp.edu.co\/seintelec\/tecnologia-humanitaria\/\">Tecnolog\u00eda Humanitaria<\/a><\/li>\n<\/ul>\n\n\n\n<p><\/p>\n","protected":false},"excerpt":{"rendered":"<p>Las l\u00edneas de investigaci\u00f3n que se manejan en el semillero de investigaci\u00f3n SEINTELEC est\u00e1n relacionadas con las l\u00edneas de formaci\u00f3n de la malla curricular del programa de Tecnolog\u00eda El\u00e9ctrica, las cuales son:<\/p>\n","protected":false},"author":151,"featured_media":1272,"parent":0,"menu_order":0,"comment_status":"closed","ping_status":"closed","template":"","meta":{"footnotes":""},"class_list":["post-531","page","type-page","status-publish","has-post-thumbnail","hentry"],"_links":{"self":[{"href":"https:\/\/academia.utp.edu.co\/seintelec\/wp-json\/wp\/v2\/pages\/531","targetHints":{"allow":["GET"]}}],"collection":[{"href":"https:\/\/academia.utp.edu.co\/seintelec\/wp-json\/wp\/v2\/pages"}],"about":[{"href":"https:\/\/academia.utp.edu.co\/seintelec\/wp-json\/wp\/v2\/types\/page"}],"author":[{"embeddable":true,"href":"https:\/\/academia.utp.edu.co\/seintelec\/wp-json\/wp\/v2\/users\/151"}],"replies":[{"embeddable":true,"href":"https:\/\/academia.utp.edu.co\/seintelec\/wp-json\/wp\/v2\/comments?post=531"}],"version-history":[{"count":4,"href":"https:\/\/academia.utp.edu.co\/seintelec\/wp-json\/wp\/v2\/pages\/531\/revisions"}],"predecessor-version":[{"id":1566,"href":"https:\/\/academia.utp.edu.co\/seintelec\/wp-json\/wp\/v2\/pages\/531\/revisions\/1566"}],"wp:featuredmedia":[{"embeddable":true,"href":"https:\/\/academia.utp.edu.co\/seintelec\/wp-json\/wp\/v2\/media\/1272"}],"wp:attachment":[{"href":"https:\/\/academia.utp.edu.co\/seintelec\/wp-json\/wp\/v2\/media?parent=531"}],"curies":[{"name":"wp","href":"https:\/\/api.w.org\/{rel}","templated":true}]}}