{"id":551,"date":"2015-05-05T16:35:24","date_gmt":"2015-05-05T21:35:24","guid":{"rendered":"http:\/\/academia.utp.edu.co\/seintelec\/?page_id=551"},"modified":"2024-06-23T00:04:30","modified_gmt":"2024-06-23T05:04:30","slug":"programa","status":"publish","type":"page","link":"https:\/\/academia.utp.edu.co\/seintelec\/programa\/","title":{"rendered":"Programa de Tecnolog\u00eda El\u00e9ctrica"},"content":{"rendered":"\n<div class=\"wp-block-media-text is-stacked-on-mobile\" style=\"grid-template-columns:35% auto\"><figure class=\"wp-block-media-text__media\"><img loading=\"lazy\" decoding=\"async\" width=\"1024\" height=\"1024\" src=\"https:\/\/academia.utp.edu.co\/seintelec\/files\/2024\/06\/TEUTP-1-1024x1024.jpg\" alt=\"\" class=\"wp-image-1440 size-full\" srcset=\"https:\/\/academia.utp.edu.co\/seintelec\/files\/2024\/06\/TEUTP-1-1024x1024.jpg 1024w, https:\/\/academia.utp.edu.co\/seintelec\/files\/2024\/06\/TEUTP-1-300x300.jpg 300w, https:\/\/academia.utp.edu.co\/seintelec\/files\/2024\/06\/TEUTP-1-150x150.jpg 150w, https:\/\/academia.utp.edu.co\/seintelec\/files\/2024\/06\/TEUTP-1-768x768.jpg 768w, https:\/\/academia.utp.edu.co\/seintelec\/files\/2024\/06\/TEUTP-1.jpg 1498w\" sizes=\"auto, (max-width: 1024px) 100vw, 1024px\" \/><\/figure><div class=\"wp-block-media-text__content\">\n<p>La escuela de Tecnolog\u00eda El\u00e9ctrica es una dependencia de la Facultad de Tecnolog\u00eda, el cu\u00e1l se cre\u00f3 por el <strong>Acuerdo 20 del 21 de noviembre de 1961<\/strong> del Consejo Superior de la Universidad Tecnol\u00f3gica de Pereira y fue autorizada para iniciar labores mediante el Acuerdo 10 del 28 de febrero de 1962, emanado del Comit\u00e9 Administrativo de la Asociaci\u00f3n Colombiana de Universidades. La Escuela es un organismo acad\u00e9mico y administrativo en donde se define el rumbo del programa de Tecnolog\u00eda El\u00e9ctrica, el cual inici\u00f3 actividades el primer semestre de 1966.<\/p>\n<\/div><\/div>\n\n\n<p>Durante toda su trayectoria, el Programa se ha consolidado como uno de los m\u00e1s importantes programas para la formaci\u00f3n de tecn\u00f3logos para el sector el\u00e9ctrico, fruto de ello ha sido el otorgamiento de la Acreditaci\u00f3n de Alta Calidad por parte del Ministerio de Educaci\u00f3n Nacional seg\u00fan las siguientes resoluciones:<\/p>\n<ul>\n<li>Resoluci\u00f3n 1819 del 4 de agosto de 2003 por un per\u00edodo de 5 a\u00f1os<\/li>\n<li>Resoluci\u00f3n 6468 del 23 de julio de 2010 por un per\u00edodo de 6 a\u00f1os<\/li>\n<li>Resoluci\u00f3n 17488 del 31 de agosto de 2017\u00a0por un per\u00edodo de 6 a\u00f1os.<\/li>\n<\/ul>\n<p><strong>MISI\u00d3N<\/strong><\/p>\n<p>El Programa es una entidad acad\u00e9mica que tiene como prop\u00f3sito la formaci\u00f3n de sus discentes en un entorno cognitivo integral de fundamentaci\u00f3n te\u00f3rica y su aplicaci\u00f3n pr\u00e1ctica, con altos valores \u00e9ticos, comprometidos con el cuidado de los recursos naturales y con la b\u00fasqueda de soluciones a las necesidades tecnol\u00f3gicas de la sociedad.<\/p>\n<p><strong>VISI\u00d3N<\/strong><\/p>\n<p><strong><\/strong>El Programa continuar\u00e1 siendo reconocido como un centro de formaci\u00f3n acad\u00e9mica, de investigaci\u00f3n y extensi\u00f3n, que proporcione soluciones a problemas cient\u00edficos y tecnol\u00f3gicos, en las \u00e1reas relacionadas con la potencia el\u00e9ctrica, la electr\u00f3nica, las comunicaciones y los sistemas de automatizaci\u00f3n y control, con altos est\u00e1ndares de calidad y manteniendo el reconocimiento de la comunidad cient\u00edfica<\/p>","protected":false},"excerpt":{"rendered":"<p>La escuela de Tecnolog\u00eda El\u00e9ctrica es una dependencia de la Facultad de Tecnolog\u00eda, el cu\u00e1l se cre\u00f3 por el Acuerdo 20 del 21 de noviembre de 1961 del Consejo Superior de la Universidad Tecnol\u00f3gica de Pereira y fue autorizada para iniciar labores mediante el Acuerdo 10 del 28 de febrero [&hellip;]<\/p>\n","protected":false},"author":151,"featured_media":101,"parent":0,"menu_order":0,"comment_status":"closed","ping_status":"closed","template":"","meta":{"footnotes":""},"class_list":["post-551","page","type-page","status-publish","has-post-thumbnail","hentry"],"_links":{"self":[{"href":"https:\/\/academia.utp.edu.co\/seintelec\/wp-json\/wp\/v2\/pages\/551","targetHints":{"allow":["GET"]}}],"collection":[{"href":"https:\/\/academia.utp.edu.co\/seintelec\/wp-json\/wp\/v2\/pages"}],"about":[{"href":"https:\/\/academia.utp.edu.co\/seintelec\/wp-json\/wp\/v2\/types\/page"}],"author":[{"embeddable":true,"href":"https:\/\/academia.utp.edu.co\/seintelec\/wp-json\/wp\/v2\/users\/151"}],"replies":[{"embeddable":true,"href":"https:\/\/academia.utp.edu.co\/seintelec\/wp-json\/wp\/v2\/comments?post=551"}],"version-history":[{"count":8,"href":"https:\/\/academia.utp.edu.co\/seintelec\/wp-json\/wp\/v2\/pages\/551\/revisions"}],"predecessor-version":[{"id":1442,"href":"https:\/\/academia.utp.edu.co\/seintelec\/wp-json\/wp\/v2\/pages\/551\/revisions\/1442"}],"wp:featuredmedia":[{"embeddable":true,"href":"https:\/\/academia.utp.edu.co\/seintelec\/wp-json\/wp\/v2\/media\/101"}],"wp:attachment":[{"href":"https:\/\/academia.utp.edu.co\/seintelec\/wp-json\/wp\/v2\/media?parent=551"}],"curies":[{"name":"wp","href":"https:\/\/api.w.org\/{rel}","templated":true}]}}