{"id":8,"date":"2025-04-02T15:54:20","date_gmt":"2025-04-02T13:54:20","guid":{"rendered":"https:\/\/academia.utp.edu.co\/semillero-de-investigacion-cystur\/?page_id=8"},"modified":"2026-04-11T12:08:16","modified_gmt":"2026-04-11T17:08:16","slug":"inicio","status":"publish","type":"page","link":"https:\/\/academia.utp.edu.co\/semillero-de-investigacion-cystur\/","title":{"rendered":"Semillero de investigaci\u00f3n en Calidad y Servicios Tur\u00edsticos"},"content":{"rendered":"\n<div class=\"wp-block-media-text alignwide has-media-on-the-right is-stacked-on-mobile is-vertically-aligned-center has-background\" style=\"background-color:#d6d6d6;grid-template-columns:auto 43%\"><div class=\"wp-block-media-text__content\">\n<div class=\"wp-block-group is-layout-flow wp-block-group-is-layout-flow\" style=\"padding-top:2em;padding-right:2em;padding-bottom:2em;padding-left:2em\">\n<p><strong>CYSTUR<\/strong> es un Semillero de investigaci\u00f3n en Calidad y Servicios Tur\u00edsticos, adscrito a GRITUS, creado con el c\u00f3digo SE2-24-1 con el objetivo de suscitar un espacio para estudiantes y profesores de los programas de Turismo Sostenible, promoviendo el ejercicio investigativo en lo referente a la cadena de valor en el turismo, d\u00e1ndole valor agregado a trav\u00e9s del caf\u00e9 como un baluarte del PCC.<\/p>\n<\/div>\n<\/div><figure class=\"wp-block-media-text__media\"><a href=\"https:\/\/www.mincit.gov.co\/estudios-economicos\/estadisticas-e-informes\/informes-de-turismo\" target=\"_blank\" rel=\" noreferrer noopener\"><img loading=\"lazy\" decoding=\"async\" width=\"1024\" height=\"768\" src=\"http:\/\/academia.utp.edu.co\/semillero-de-investigacion-cystur\/files\/2025\/06\/WhatsApp-Image-2025-05-26-at-18.58.56-1024x768.jpeg\" alt=\"\" class=\"wp-image-71 size-full\" srcset=\"https:\/\/academia.utp.edu.co\/semillero-de-investigacion-cystur\/files\/2025\/06\/WhatsApp-Image-2025-05-26-at-18.58.56-1024x768.jpeg 1024w, https:\/\/academia.utp.edu.co\/semillero-de-investigacion-cystur\/files\/2025\/06\/WhatsApp-Image-2025-05-26-at-18.58.56-300x225.jpeg 300w, https:\/\/academia.utp.edu.co\/semillero-de-investigacion-cystur\/files\/2025\/06\/WhatsApp-Image-2025-05-26-at-18.58.56-768x576.jpeg 768w, https:\/\/academia.utp.edu.co\/semillero-de-investigacion-cystur\/files\/2025\/06\/WhatsApp-Image-2025-05-26-at-18.58.56-1536x1152.jpeg 1536w, https:\/\/academia.utp.edu.co\/semillero-de-investigacion-cystur\/files\/2025\/06\/WhatsApp-Image-2025-05-26-at-18.58.56.jpeg 1600w\" sizes=\"auto, (max-width: 1024px) 100vw, 1024px\" \/><\/a><\/figure><\/div>\n\n\n\n<div class=\"wp-block-uagb-image aligncenter uagb-block-447dfaff wp-block-uagb-image--layout-default wp-block-uagb-image--effect-static wp-block-uagb-image--align-center\"><figure class=\"wp-block-uagb-image__figure\"><img loading=\"lazy\" decoding=\"async\" src=\"https:\/\/academia.utp.edu.co\/semillero-de-investigacion-cystur\/files\/2026\/04\/IMG-20260319-WA0024-1024x768-1.jpg\" alt=\"\" class=\"uag-image-97\" width=\"300\" height=\"225\" title=\"IMG-20260319-WA0024-1024x768\" role=\"img\" \/><\/figure><\/div>\n\n\n\n<div class=\"wp-block-columns is-layout-flex wp-container-core-columns-is-layout-28f84493 wp-block-columns-is-layout-flex\">\n<div class=\"wp-block-column is-layout-flow wp-block-column-is-layout-flow\">\n<div class=\"wp-block-buttons is-content-justification-center is-layout-flex wp-container-core-buttons-is-layout-a89b3969 wp-block-buttons-is-layout-flex\">\n<div class=\"wp-block-button has-custom-width wp-block-button__width-75 is-style-fill\"><a class=\"wp-block-button__link has-ast-global-color-2-color has-ast-global-color-0-background-color has-text-color has-background has-link-color wp-element-button\" href=\"https:\/\/comunicaciones.utp.edu.co\/105944\/facultades\/facultades-facultades-6\/semillero-de-la-utp-fortalece-el-turismo-rural-y-la-inclusion-laboral-en-risaralda\/\">Fortalecimiento  turismo rural <br><\/a><\/div>\n<\/div>\n<\/div>\n\n\n\n<div class=\"wp-block-column is-layout-flow wp-block-column-is-layout-flow\">\n<div class=\"wp-block-buttons is-content-justification-center is-layout-flex wp-container-core-buttons-is-layout-a89b3969 wp-block-buttons-is-layout-flex\">\n<div class=\"wp-block-button is-style-fill\"><a class=\"wp-block-button__link has-ast-global-color-2-color has-ast-global-color-1-background-color has-text-color has-background has-link-color wp-element-button\" href=\"https:\/\/comunicaciones.utp.edu.co\/106825\/facultades\/facultades-facultades-6\/de-la-universidad-al-mundo-laboral-el-camino-de-henderson-perdomo-hacia-la-inclusion-turistica\/\">Inclusi\u00f3n laboral en Risaralda<br><\/a><\/div>\n<\/div>\n<\/div>\n<\/div>\n\n\n\n<p><\/p>\n","protected":false},"excerpt":{"rendered":"","protected":false},"author":531,"featured_media":0,"parent":0,"menu_order":0,"comment_status":"closed","ping_status":"closed","template":"","meta":{"_uag_custom_page_level_css":"","site-sidebar-layout":"default","site-content-layout":"","ast-site-content-layout":"","site-content-style":"default","site-sidebar-style":"default","ast-global-header-display":"","ast-banner-title-visibility":"","ast-main-header-display":"","ast-hfb-above-header-display":"","ast-hfb-below-header-display":"","ast-hfb-mobile-header-display":"","site-post-title":"disabled","ast-breadcrumbs-content":"","ast-featured-img":"","footer-sml-layout":"","ast-disable-related-posts":"","theme-transparent-header-meta":"","adv-header-id-meta":"","stick-header-meta":"","header-above-stick-meta":"","header-main-stick-meta":"","header-below-stick-meta":"","astra-migrate-meta-layouts":"default","ast-page-background-enabled":"default","ast-page-background-meta":{"desktop":{"background-color":"var(--ast-global-color-5)","background-image":"","background-repeat":"repeat","background-position":"center center","background-size":"auto","background-attachment":"scroll","background-type":"","background-media":"","overlay-type":"","overlay-color":"","overlay-opacity":"","overlay-gradient":""},"tablet":{"background-color":"","background-image":"","background-repeat":"repeat","background-position":"center center","background-size":"auto","background-attachment":"scroll","background-type":"","background-media":"","overlay-type":"","overlay-color":"","overlay-opacity":"","overlay-gradient":""},"mobile":{"background-color":"","background-image":"","background-repeat":"repeat","background-position":"center center","background-size":"auto","background-attachment":"scroll","background-type":"","background-media":"","overlay-type":"","overlay-color":"","overlay-opacity":"","overlay-gradient":""}},"ast-content-background-meta":{"desktop":{"background-color":"var(--ast-global-color-4)","background-image":"","background-repeat":"repeat","background-position":"center center","background-size":"auto","background-attachment":"scroll","background-type":"","background-media":"","overlay-type":"","overlay-color":"","overlay-opacity":"","overlay-gradient":""},"tablet":{"background-color":"var(--ast-global-color-4)","background-image":"","background-repeat":"repeat","background-position":"center center","background-size":"auto","background-attachment":"scroll","background-type":"","background-media":"","overlay-type":"","overlay-color":"","overlay-opacity":"","overlay-gradient":""},"mobile":{"background-color":"var(--ast-global-color-4)","background-image":"","background-repeat":"repeat","background-position":"center center","background-size":"auto","background-attachment":"scroll","background-type":"","background-media":"","overlay-type":"","overlay-color":"","overlay-opacity":"","overlay-gradient":""}},"footnotes":""},"class_list":["post-8","page","type-page","status-publish","hentry"],"uagb_featured_image_src":{"full":false,"thumbnail":false,"medium":false,"medium_large":false,"large":false,"1536x1536":false,"2048x2048":false},"uagb_author_info":{"display_name":"jltg","author_link":"https:\/\/academia.utp.edu.co\/semillero-de-investigacion-cystur\/author\/jltg\/"},"uagb_comment_info":0,"uagb_excerpt":null,"_links":{"self":[{"href":"https:\/\/academia.utp.edu.co\/semillero-de-investigacion-cystur\/wp-json\/wp\/v2\/pages\/8","targetHints":{"allow":["GET"]}}],"collection":[{"href":"https:\/\/academia.utp.edu.co\/semillero-de-investigacion-cystur\/wp-json\/wp\/v2\/pages"}],"about":[{"href":"https:\/\/academia.utp.edu.co\/semillero-de-investigacion-cystur\/wp-json\/wp\/v2\/types\/page"}],"author":[{"embeddable":true,"href":"https:\/\/academia.utp.edu.co\/semillero-de-investigacion-cystur\/wp-json\/wp\/v2\/users\/531"}],"replies":[{"embeddable":true,"href":"https:\/\/academia.utp.edu.co\/semillero-de-investigacion-cystur\/wp-json\/wp\/v2\/comments?post=8"}],"version-history":[{"count":22,"href":"https:\/\/academia.utp.edu.co\/semillero-de-investigacion-cystur\/wp-json\/wp\/v2\/pages\/8\/revisions"}],"predecessor-version":[{"id":104,"href":"https:\/\/academia.utp.edu.co\/semillero-de-investigacion-cystur\/wp-json\/wp\/v2\/pages\/8\/revisions\/104"}],"wp:attachment":[{"href":"https:\/\/academia.utp.edu.co\/semillero-de-investigacion-cystur\/wp-json\/wp\/v2\/media?parent=8"}],"curies":[{"name":"wp","href":"https:\/\/api.w.org\/{rel}","templated":true}]}}