{"id":181,"date":"2021-10-17T23:08:06","date_gmt":"2021-10-18T04:08:06","guid":{"rendered":"https:\/\/academia.utp.edu.co\/semillerodebiotecnologiaproductosnaturales\/?page_id=181"},"modified":"2022-08-11T11:54:48","modified_gmt":"2022-08-11T16:54:48","slug":"sobre-nosotros","status":"publish","type":"page","link":"https:\/\/academia.utp.edu.co\/semillerodebiotecnologiaproductosnaturales\/sobre-nosotros\/","title":{"rendered":"Las bases de nuestro trabajo son:"},"content":{"rendered":"\n<h2>\n\t\tMisi\u00f3n\n\t<\/h2>\n\t<p>Manejar l\u00edneas de investigaci\u00f3n que permitan determinar el potencial de los metabolitos secundarios presentes en la flora regional a trav\u00e9s de la bioprospecci\u00f3n, identificaci\u00f3n estructural y cuantificaci\u00f3n de estos metabolitos bioactivos en diferentes extractos vegetales, con importancia farmacol\u00f3gica y agroindustrial.<\/p>\n<h2>\n\t\tObjetivo\n\t<\/h2>\n\t<p>Realizar investigaci\u00f3n para la exploraci\u00f3n, conservaci\u00f3n y fortalecimiento de los bio-recursos a trav\u00e9s de la qu\u00edmica org\u00e1nica de productos naturales y de procesos biotecnol\u00f3gicos<\/p>\n<h2>\n\t\tVisi\u00f3n\n\t<\/h2>\n\t<p>Aportar el avance de la ciencia y la tecnolog\u00eda con los resultados obtenidos en las investigaciones realizadas; adem\u00e1s, contribuir con el desarrollo, crecimiento y competitividad de las industrias cosm\u00e9tica, farmacol\u00f3gica y alimentaria de la regi\u00f3n, mediante la prestaci\u00f3n de servicios de an\u00e1lisis que les permitan cumplir con las normas establecidas en la legislaci\u00f3n vigente.<\/p>\n","protected":false},"excerpt":{"rendered":"","protected":false},"author":531,"featured_media":0,"parent":0,"menu_order":0,"comment_status":"closed","ping_status":"closed","template":"template-fullwidth.php","meta":{"_EventAllDay":false,"_EventTimezone":"","_EventStartDate":"","_EventEndDate":"","_EventStartDateUTC":"","_EventEndDateUTC":"","_EventShowMap":false,"_EventShowMapLink":false,"_EventURL":"","_EventCost":"","_EventCostDescription":"","_EventCurrencySymbol":"","_EventCurrencyCode":"","_EventCurrencyPosition":"","_EventDateTimeSeparator":"","_EventTimeRangeSeparator":"","_EventOrganizerID":[],"_EventVenueID":[],"_OrganizerEmail":"","_OrganizerPhone":"","_OrganizerWebsite":"","_VenueAddress":"","_VenueCity":"","_VenueCountry":"","_VenueProvince":"","_VenueState":"","_VenueZip":"","_VenuePhone":"","_VenueURL":"","_VenueStateProvince":"","_VenueLat":"","_VenueLng":"","_VenueShowMap":false,"_VenueShowMapLink":false,"footnotes":""},"class_list":["post-181","page","type-page","status-publish","hentry"],"_links":{"self":[{"href":"https:\/\/academia.utp.edu.co\/semillerodebiotecnologiaproductosnaturales\/wp-json\/wp\/v2\/pages\/181","targetHints":{"allow":["GET"]}}],"collection":[{"href":"https:\/\/academia.utp.edu.co\/semillerodebiotecnologiaproductosnaturales\/wp-json\/wp\/v2\/pages"}],"about":[{"href":"https:\/\/academia.utp.edu.co\/semillerodebiotecnologiaproductosnaturales\/wp-json\/wp\/v2\/types\/page"}],"author":[{"embeddable":true,"href":"https:\/\/academia.utp.edu.co\/semillerodebiotecnologiaproductosnaturales\/wp-json\/wp\/v2\/users\/531"}],"replies":[{"embeddable":true,"href":"https:\/\/academia.utp.edu.co\/semillerodebiotecnologiaproductosnaturales\/wp-json\/wp\/v2\/comments?post=181"}],"version-history":[{"count":25,"href":"https:\/\/academia.utp.edu.co\/semillerodebiotecnologiaproductosnaturales\/wp-json\/wp\/v2\/pages\/181\/revisions"}],"predecessor-version":[{"id":6302,"href":"https:\/\/academia.utp.edu.co\/semillerodebiotecnologiaproductosnaturales\/wp-json\/wp\/v2\/pages\/181\/revisions\/6302"}],"wp:attachment":[{"href":"https:\/\/academia.utp.edu.co\/semillerodebiotecnologiaproductosnaturales\/wp-json\/wp\/v2\/media?parent=181"}],"curies":[{"name":"wp","href":"https:\/\/api.w.org\/{rel}","templated":true}]}}