{"id":51,"date":"2021-09-28T15:01:31","date_gmt":"2021-09-28T15:01:31","guid":{"rendered":"https:\/\/academia.utp.edu.co\/semillerodebiotecnologiaproductosnaturales\/?page_id=51"},"modified":"2024-10-01T10:16:59","modified_gmt":"2024-10-01T15:16:59","slug":"inicio","status":"publish","type":"page","link":"https:\/\/academia.utp.edu.co\/semillerodebiotecnologiaproductosnaturales\/","title":{"rendered":"Semillero de Biotecnolog\u00eda &#8211; Productos Naturales"},"content":{"rendered":"\n<div style=\"width: 640px;\" class=\"wp-video\"><video class=\"wp-video-shortcode\" id=\"video-51-1\" width=\"640\" height=\"360\" poster=\"https:\/\/academia.utp.edu.co\/semillerodebiotecnologiaproductosnaturales\/files\/2021\/10\/Diseno-sin-titulo-2.png\" preload=\"none\" controls=\"controls\"><source type=\"video\/mp4\" src=\"https:\/\/academia.utp.edu.co\/semillerodebiotecnologiaproductosnaturales\/files\/2021\/10\/SEMILLERO-2.mp4?_=1\" \/><a href=\"https:\/\/academia.utp.edu.co\/semillerodebiotecnologiaproductosnaturales\/files\/2021\/10\/SEMILLERO-2.mp4\">https:\/\/academia.utp.edu.co\/semillerodebiotecnologiaproductosnaturales\/files\/2021\/10\/SEMILLERO-2.mp4<\/a><\/video><\/div>\n\t<\/h2>\n\t<\/h2>\n\t<p>El semillero de investigaci\u00f3n en <strong>Biotecnolog\u00eda &#8211; Productos Naturales <\/strong>fomenta&nbsp;y orienta la investigaci\u00f3n formativa para la exploraci\u00f3n, conservaci\u00f3n y potencializaci\u00f3n del uso de la flora y microbiota del departamento de Risaralda a trav\u00e9s de la qu\u00edmica org\u00e1nica de productos naturales y de procesos biotecnol\u00f3gicos.\n<p>&nbsp;<\/p>\n","protected":false},"excerpt":{"rendered":"<p>El semillero de investigaci\u00f3n en Biotecnolog\u00eda &#8211; Productos Naturales fomenta&nbsp;y orienta la investigaci\u00f3n formativa para la exploraci\u00f3n, conservaci\u00f3n y potencializaci\u00f3n del uso de la flora y microbiota del departamento de Risaralda a trav\u00e9s de la qu\u00edmica org\u00e1nica de productos naturales y de procesos biotecnol\u00f3gicos. &nbsp;<\/p>\n","protected":false},"author":1641,"featured_media":0,"parent":0,"menu_order":0,"comment_status":"closed","ping_status":"closed","template":"template-fullwidth.php","meta":{"_EventAllDay":false,"_EventTimezone":"","_EventStartDate":"","_EventEndDate":"","_EventStartDateUTC":"","_EventEndDateUTC":"","_EventShowMap":false,"_EventShowMapLink":false,"_EventURL":"","_EventCost":"","_EventCostDescription":"","_EventCurrencySymbol":"","_EventCurrencyCode":"","_EventCurrencyPosition":"","_EventDateTimeSeparator":"","_EventTimeRangeSeparator":"","_EventOrganizerID":[],"_EventVenueID":[],"_OrganizerEmail":"","_OrganizerPhone":"","_OrganizerWebsite":"","_VenueAddress":"","_VenueCity":"","_VenueCountry":"","_VenueProvince":"","_VenueState":"","_VenueZip":"","_VenuePhone":"","_VenueURL":"","_VenueStateProvince":"","_VenueLat":"","_VenueLng":"","_VenueShowMap":false,"_VenueShowMapLink":false,"footnotes":""},"class_list":["post-51","page","type-page","status-publish","hentry"],"_links":{"self":[{"href":"https:\/\/academia.utp.edu.co\/semillerodebiotecnologiaproductosnaturales\/wp-json\/wp\/v2\/pages\/51","targetHints":{"allow":["GET"]}}],"collection":[{"href":"https:\/\/academia.utp.edu.co\/semillerodebiotecnologiaproductosnaturales\/wp-json\/wp\/v2\/pages"}],"about":[{"href":"https:\/\/academia.utp.edu.co\/semillerodebiotecnologiaproductosnaturales\/wp-json\/wp\/v2\/types\/page"}],"author":[{"embeddable":true,"href":"https:\/\/academia.utp.edu.co\/semillerodebiotecnologiaproductosnaturales\/wp-json\/wp\/v2\/users\/1641"}],"replies":[{"embeddable":true,"href":"https:\/\/academia.utp.edu.co\/semillerodebiotecnologiaproductosnaturales\/wp-json\/wp\/v2\/comments?post=51"}],"version-history":[{"count":36,"href":"https:\/\/academia.utp.edu.co\/semillerodebiotecnologiaproductosnaturales\/wp-json\/wp\/v2\/pages\/51\/revisions"}],"predecessor-version":[{"id":6383,"href":"https:\/\/academia.utp.edu.co\/semillerodebiotecnologiaproductosnaturales\/wp-json\/wp\/v2\/pages\/51\/revisions\/6383"}],"wp:attachment":[{"href":"https:\/\/academia.utp.edu.co\/semillerodebiotecnologiaproductosnaturales\/wp-json\/wp\/v2\/media?parent=51"}],"curies":[{"name":"wp","href":"https:\/\/api.w.org\/{rel}","templated":true}]}}