{"id":301,"date":"2021-12-02T16:22:42","date_gmt":"2021-12-02T16:22:42","guid":{"rendered":"https:\/\/academia.utp.edu.co\/semillerogifes\/?page_id=301"},"modified":"2022-02-02T12:23:09","modified_gmt":"2022-02-02T17:23:09","slug":"pirolisis","status":"publish","type":"page","link":"https:\/\/academia.utp.edu.co\/semillerogifes\/pirolisis\/","title":{"rendered":"Pir\u00f3lisis"},"content":{"rendered":"\n<p class=\"has-medium-font-size\"><strong>\u00bfQu\u00e9 se hace?<\/strong><\/p>\n\n\n\n<p class=\"has-text-align-center has-medium-font-size\">Se realizan clases sincr\u00f3nicas sobre todo lo relacionado con esta l\u00ednea, se plantea desarrollar un proyecto que eval\u00faa el efecto de catalizadores heterog\u00e9neos dopados para la producci\u00f3n de compuestos de inter\u00e9s industrial, un avances en el conocimiento de la valorizaci\u00f3n pirol\u00edtica de neum\u00e1ticos de desechos.<\/p>\n","protected":false},"excerpt":{"rendered":"<p>\u00bfQu\u00e9 se hace? Se realizan clases sincr\u00f3nicas sobre todo lo relacionado con esta l\u00ednea, se plantea desarrollar un proyecto que eval\u00faa el efecto de catalizadores heterog\u00e9neos dopados para la producci\u00f3n [&hellip;]<\/p>\n","protected":false},"author":1611,"featured_media":0,"parent":0,"menu_order":0,"comment_status":"closed","ping_status":"closed","template":"","meta":{"site-sidebar-layout":"default","site-content-layout":"","ast-site-content-layout":"default","site-content-style":"default","site-sidebar-style":"default","ast-global-header-display":"","ast-banner-title-visibility":"","ast-main-header-display":"","ast-hfb-above-header-display":"","ast-hfb-below-header-display":"","ast-hfb-mobile-header-display":"","site-post-title":"","ast-breadcrumbs-content":"","ast-featured-img":"","footer-sml-layout":"","ast-disable-related-posts":"","theme-transparent-header-meta":"","adv-header-id-meta":"","stick-header-meta":"","header-above-stick-meta":"","header-main-stick-meta":"","header-below-stick-meta":"","astra-migrate-meta-layouts":"default","ast-page-background-enabled":"default","ast-page-background-meta":{"desktop":{"background-color":"var(--ast-global-color-5)","background-image":"","background-repeat":"repeat","background-position":"center center","background-size":"auto","background-attachment":"scroll","background-type":"","background-media":"","overlay-type":"","overlay-color":"","overlay-opacity":"","overlay-gradient":""},"tablet":{"background-color":"","background-image":"","background-repeat":"repeat","background-position":"center center","background-size":"auto","background-attachment":"scroll","background-type":"","background-media":"","overlay-type":"","overlay-color":"","overlay-opacity":"","overlay-gradient":""},"mobile":{"background-color":"","background-image":"","background-repeat":"repeat","background-position":"center center","background-size":"auto","background-attachment":"scroll","background-type":"","background-media":"","overlay-type":"","overlay-color":"","overlay-opacity":"","overlay-gradient":""}},"ast-content-background-meta":{"desktop":{"background-color":"var(--ast-global-color-4)","background-image":"","background-repeat":"repeat","background-position":"center center","background-size":"auto","background-attachment":"scroll","background-type":"","background-media":"","overlay-type":"","overlay-color":"","overlay-opacity":"","overlay-gradient":""},"tablet":{"background-color":"var(--ast-global-color-4)","background-image":"","background-repeat":"repeat","background-position":"center center","background-size":"auto","background-attachment":"scroll","background-type":"","background-media":"","overlay-type":"","overlay-color":"","overlay-opacity":"","overlay-gradient":""},"mobile":{"background-color":"var(--ast-global-color-4)","background-image":"","background-repeat":"repeat","background-position":"center center","background-size":"auto","background-attachment":"scroll","background-type":"","background-media":"","overlay-type":"","overlay-color":"","overlay-opacity":"","overlay-gradient":""}},"footnotes":""},"class_list":["post-301","page","type-page","status-publish","hentry"],"_links":{"self":[{"href":"https:\/\/academia.utp.edu.co\/semillerogifes\/wp-json\/wp\/v2\/pages\/301","targetHints":{"allow":["GET"]}}],"collection":[{"href":"https:\/\/academia.utp.edu.co\/semillerogifes\/wp-json\/wp\/v2\/pages"}],"about":[{"href":"https:\/\/academia.utp.edu.co\/semillerogifes\/wp-json\/wp\/v2\/types\/page"}],"author":[{"embeddable":true,"href":"https:\/\/academia.utp.edu.co\/semillerogifes\/wp-json\/wp\/v2\/users\/1611"}],"replies":[{"embeddable":true,"href":"https:\/\/academia.utp.edu.co\/semillerogifes\/wp-json\/wp\/v2\/comments?post=301"}],"version-history":[{"count":3,"href":"https:\/\/academia.utp.edu.co\/semillerogifes\/wp-json\/wp\/v2\/pages\/301\/revisions"}],"predecessor-version":[{"id":2241,"href":"https:\/\/academia.utp.edu.co\/semillerogifes\/wp-json\/wp\/v2\/pages\/301\/revisions\/2241"}],"wp:attachment":[{"href":"https:\/\/academia.utp.edu.co\/semillerogifes\/wp-json\/wp\/v2\/media?parent=301"}],"curies":[{"name":"wp","href":"https:\/\/api.w.org\/{rel}","templated":true}]}}