{"id":341,"date":"2021-12-02T16:22:43","date_gmt":"2021-12-02T16:22:43","guid":{"rendered":"https:\/\/academia.utp.edu.co\/semillerogifes\/?page_id=341"},"modified":"2022-02-02T18:05:54","modified_gmt":"2022-02-02T23:05:54","slug":"gifes","status":"publish","type":"page","link":"https:\/\/academia.utp.edu.co\/semillerogifes\/","title":{"rendered":""},"content":{"rendered":"\n<p class=\"has-large-font-size\"><strong>\u00bfQui\u00e9nes somos?<\/strong><\/p>\n\n\n\n<p>En compa\u00f1\u00eda del <a href=\"https:\/\/scienti.minciencias.gov.co\/gruplac\/jsp\/visualiza\/visualizagr.jsp?nro=00000000010059\" data-type=\"URL\" data-id=\"https:\/\/scienti.minciencias.gov.co\/gruplac\/jsp\/visualiza\/visualizagr.jsp?nro=00000000010059\">Grupo de Investigaci\u00f3n en Fotocat\u00e1lisis y Estado S\u00f3lido<\/a>, se busca formar a los estudiantes de la Escuela de Qu\u00edmica de pregrado y posgrado en las diferentes l\u00edneas de investigaci\u00f3n que pertenecen al grupo GIFES. A los semilleristas se le incentiva en la lectura de art\u00edculos cient\u00edficos, busque da de informaci\u00f3n t\u00e9cnica, cursos sobre temas especializados, capacitaci\u00f3n te t\u00e9cnicas de laboratorio espec\u00edficas y formas de disertaci\u00f3n de temas de investigaci\u00f3n.<\/p>\n\n\n\n<p>El semillero de investigaci\u00f3n de materiales con aplicaciones en tratamientos fotocat\u00e1liticos, producci\u00f3n de hidrogeno y celdas de combustible pretende complementar la investigaci\u00f3n formativa que complementa las competencias y resultados de aprendizaje que adquieren durante la carrera de pregrado y posgrado.<\/p>\n\n\n\n<figure class=\"wp-block-embed aligncenter is-type-video is-provider-youtube wp-block-embed-youtube wp-embed-aspect-16-9 wp-has-aspect-ratio\"><div class=\"wp-block-embed__wrapper\">\n<iframe loading=\"lazy\" title=\"SEMILLERO  1\" width=\"500\" height=\"281\" src=\"https:\/\/www.youtube.com\/embed\/LA-C-ayP02I?feature=oembed\" frameborder=\"0\" allow=\"accelerometer; autoplay; clipboard-write; encrypted-media; gyroscope; picture-in-picture; web-share\" referrerpolicy=\"strict-origin-when-cross-origin\" allowfullscreen><\/iframe>\n<\/div><figcaption>Video de presentaci\u00f3n de nuestro semillero<\/figcaption><\/figure>\n\n\n\n<p><\/p>\n","protected":false},"excerpt":{"rendered":"<p>\u00bfQui\u00e9nes somos? En compa\u00f1\u00eda del Grupo de Investigaci\u00f3n en Fotocat\u00e1lisis y Estado S\u00f3lido, se busca formar a los estudiantes de la Escuela de Qu\u00edmica de pregrado y posgrado en las [&hellip;]<\/p>\n","protected":false},"author":1611,"featured_media":0,"parent":0,"menu_order":0,"comment_status":"closed","ping_status":"closed","template":"","meta":{"site-sidebar-layout":"default","site-content-layout":"","ast-site-content-layout":"default","site-content-style":"default","site-sidebar-style":"default","ast-global-header-display":"","ast-banner-title-visibility":"","ast-main-header-display":"","ast-hfb-above-header-display":"","ast-hfb-below-header-display":"","ast-hfb-mobile-header-display":"","site-post-title":"","ast-breadcrumbs-content":"","ast-featured-img":"","footer-sml-layout":"","ast-disable-related-posts":"","theme-transparent-header-meta":"","adv-header-id-meta":"","stick-header-meta":"","header-above-stick-meta":"","header-main-stick-meta":"","header-below-stick-meta":"","astra-migrate-meta-layouts":"default","ast-page-background-enabled":"default","ast-page-background-meta":{"desktop":{"background-color":"var(--ast-global-color-5)","background-image":"","background-repeat":"repeat","background-position":"center center","background-size":"auto","background-attachment":"scroll","background-type":"","background-media":"","overlay-type":"","overlay-color":"","overlay-opacity":"","overlay-gradient":""},"tablet":{"background-color":"","background-image":"","background-repeat":"repeat","background-position":"center center","background-size":"auto","background-attachment":"scroll","background-type":"","background-media":"","overlay-type":"","overlay-color":"","overlay-opacity":"","overlay-gradient":""},"mobile":{"background-color":"","background-image":"","background-repeat":"repeat","background-position":"center center","background-size":"auto","background-attachment":"scroll","background-type":"","background-media":"","overlay-type":"","overlay-color":"","overlay-opacity":"","overlay-gradient":""}},"ast-content-background-meta":{"desktop":{"background-color":"var(--ast-global-color-4)","background-image":"","background-repeat":"repeat","background-position":"center center","background-size":"auto","background-attachment":"scroll","background-type":"","background-media":"","overlay-type":"","overlay-color":"","overlay-opacity":"","overlay-gradient":""},"tablet":{"background-color":"var(--ast-global-color-4)","background-image":"","background-repeat":"repeat","background-position":"center center","background-size":"auto","background-attachment":"scroll","background-type":"","background-media":"","overlay-type":"","overlay-color":"","overlay-opacity":"","overlay-gradient":""},"mobile":{"background-color":"var(--ast-global-color-4)","background-image":"","background-repeat":"repeat","background-position":"center center","background-size":"auto","background-attachment":"scroll","background-type":"","background-media":"","overlay-type":"","overlay-color":"","overlay-opacity":"","overlay-gradient":""}},"footnotes":""},"class_list":["post-341","page","type-page","status-publish","hentry"],"_links":{"self":[{"href":"https:\/\/academia.utp.edu.co\/semillerogifes\/wp-json\/wp\/v2\/pages\/341","targetHints":{"allow":["GET"]}}],"collection":[{"href":"https:\/\/academia.utp.edu.co\/semillerogifes\/wp-json\/wp\/v2\/pages"}],"about":[{"href":"https:\/\/academia.utp.edu.co\/semillerogifes\/wp-json\/wp\/v2\/types\/page"}],"author":[{"embeddable":true,"href":"https:\/\/academia.utp.edu.co\/semillerogifes\/wp-json\/wp\/v2\/users\/1611"}],"replies":[{"embeddable":true,"href":"https:\/\/academia.utp.edu.co\/semillerogifes\/wp-json\/wp\/v2\/comments?post=341"}],"version-history":[{"count":25,"href":"https:\/\/academia.utp.edu.co\/semillerogifes\/wp-json\/wp\/v2\/pages\/341\/revisions"}],"predecessor-version":[{"id":2871,"href":"https:\/\/academia.utp.edu.co\/semillerogifes\/wp-json\/wp\/v2\/pages\/341\/revisions\/2871"}],"wp:attachment":[{"href":"https:\/\/academia.utp.edu.co\/semillerogifes\/wp-json\/wp\/v2\/media?parent=341"}],"curies":[{"name":"wp","href":"https:\/\/api.w.org\/{rel}","templated":true}]}}