{"id":1431,"date":"2017-08-21T23:04:30","date_gmt":"2017-08-21T23:04:30","guid":{"rendered":"http:\/\/academia.utp.edu.co\/seminario-investigacion-II\/?page_id=1431"},"modified":"2022-09-05T14:44:38","modified_gmt":"2022-09-05T14:44:38","slug":"margarita-cano","status":"publish","type":"page","link":"https:\/\/academia.utp.edu.co\/seminario-investigacion-II\/margarita-cano\/","title":{"rendered":"DOCENTE  MARGARITA MAR\u00cdA CANO"},"content":{"rendered":"\n<p><a href=\"https:\/\/academia.utp.edu.co\/seminario-investigacion-II\/hoja-de-vida-margarita-cano\/\" data-type=\"URL\" data-id=\"https:\/\/academia.utp.edu.co\/seminario-investigacion-II\/hoja-de-vida-margarita-cano\/\">Hoja de vida<\/a><\/p>\n\n\n\n<p><a href=\"https:\/\/academia.utp.edu.co\/seminario-investigacion-II\/files\/2017\/08\/invcualiticfes.pdf\">Investigaci\u00f3n cualitativa ICFES<\/a><\/p>\n\n\n\n<p><a href=\"https:\/\/academia.utp.edu.co\/seminario-investigacion-II\/files\/2021\/02\/Monografia.pdf\">LA MONOGRAF\u00cdA EN EL \u00c1MBITO INVESTIGATIVO<\/a><\/p>\n\n\n\n<p><a href=\"https:\/\/academia.utp.edu.co\/seminario-investigacion-II\/files\/2017\/03\/4categorizacion-y-trinagulacio\u00f3n.pdf\">Categorizaci\u00f3n y triangulaci\u00f3n<\/a><\/p>\n\n\n<p><a href=\"https:\/\/academia.utp.edu.co\/seminario-investigacion-II\/files\/2017\/03\/C\u00f3mo-escribir-un-art\u00edculo-cient\u00edfico.pdf\">C\u00f3mo escribir un art\u00edculo cient\u00edfico<\/a><\/p>\n<p><a href=\"https:\/\/academia.utp.edu.co\/seminario-investigacion-II\/files\/2017\/03\/RequisitosArt\u00edculosRMR.pdf\">Requisitos Art\u00edculos Revista M\u00e9dica del Risaralda<\/a><\/p>\n<p>\u00a0<\/p>\n\n\n<p><\/p>\n","protected":false},"excerpt":{"rendered":"<p>Hoja de vida Investigaci\u00f3n cualitativa ICFES LA MONOGRAF\u00cdA EN EL \u00c1MBITO INVESTIGATIVO Categorizaci\u00f3n y triangulaci\u00f3n C\u00f3mo escribir un art\u00edculo cient\u00edfico Requisitos Art\u00edculos Revista M\u00e9dica del Risaralda \u00a0<\/p>\n","protected":false},"author":581,"featured_media":0,"parent":0,"menu_order":0,"comment_status":"closed","ping_status":"closed","template":"","meta":{"footnotes":""},"class_list":["post-1431","page","type-page","status-publish","hentry"],"_links":{"self":[{"href":"https:\/\/academia.utp.edu.co\/seminario-investigacion-II\/wp-json\/wp\/v2\/pages\/1431","targetHints":{"allow":["GET"]}}],"collection":[{"href":"https:\/\/academia.utp.edu.co\/seminario-investigacion-II\/wp-json\/wp\/v2\/pages"}],"about":[{"href":"https:\/\/academia.utp.edu.co\/seminario-investigacion-II\/wp-json\/wp\/v2\/types\/page"}],"author":[{"embeddable":true,"href":"https:\/\/academia.utp.edu.co\/seminario-investigacion-II\/wp-json\/wp\/v2\/users\/581"}],"replies":[{"embeddable":true,"href":"https:\/\/academia.utp.edu.co\/seminario-investigacion-II\/wp-json\/wp\/v2\/comments?post=1431"}],"version-history":[{"count":39,"href":"https:\/\/academia.utp.edu.co\/seminario-investigacion-II\/wp-json\/wp\/v2\/pages\/1431\/revisions"}],"predecessor-version":[{"id":5251,"href":"https:\/\/academia.utp.edu.co\/seminario-investigacion-II\/wp-json\/wp\/v2\/pages\/1431\/revisions\/5251"}],"wp:attachment":[{"href":"https:\/\/academia.utp.edu.co\/seminario-investigacion-II\/wp-json\/wp\/v2\/media?parent=1431"}],"curies":[{"name":"wp","href":"https:\/\/api.w.org\/{rel}","templated":true}]}}