{"id":351,"date":"2017-03-22T03:35:00","date_gmt":"2017-03-22T03:35:00","guid":{"rendered":"http:\/\/academia.utp.edu.co\/seminario-investigacion-II\/?page_id=351"},"modified":"2021-10-26T01:02:16","modified_gmt":"2021-10-26T01:02:16","slug":"guias-de-investigacion","status":"publish","type":"page","link":"https:\/\/academia.utp.edu.co\/seminario-investigacion-II\/guias-de-investigacion\/","title":{"rendered":"GU\u00cdAS DE INVESTIGACI\u00d3N"},"content":{"rendered":"<p><a href=\"https:\/\/academia.utp.edu.co\/seminario-investigacion-II\/files\/2021\/10\/Guia-Inv-APA-27jul2021.pdf\">Gu\u00eda de investigaci\u00f3n 2021<\/a><\/p>\n<p><a href=\"http:\/\/academia.utp.edu.co\/seminario-investigacion-i\/files\/2020\/03\/Formato-APA-7.docx\">Formato APA 7<\/a><\/p>\n<p><a href=\"http:\/\/academia.utp.edu.co\/seminario-investigacion-i\/files\/2020\/03\/Normas-APA-7-M\u00ednimas-3.docx\">Normas APA 7 m\u00ednimas<\/a><\/p>\n<p><a href=\"https:\/\/academia.utp.edu.co\/seminario-investigacion-II\/files\/2017\/03\/Gu\u00edaInv-Oct2015-Explicaci\u00f3n.pdf\">\/Gu\u00edaInv-Oct2015-Explicaci\u00f3n.pdf<\/a><\/p>\n<p><a href=\"https:\/\/academia.utp.edu.co\/seminario-investigacion-II\/files\/2017\/03\/Acuerdo12-TG-22jul20152.pdf\">Acuerdo12-TG-22jul2015<\/a><\/p>\n<p><a href=\"https:\/\/academia.utp.edu.co\/seminario-investigacion-II\/files\/2017\/03\/ReferenciasAPAconWord-Versi\u00f3n2016.pdf\">ReferenciasAPAconWord-Versi\u00f3n2016<\/a><\/p>\n<p><a href=\"http:\/\/recursosbiblioteca.utp.edu.co\/OVA2\/word.htm\" target=\"_blank\" rel=\"noopener noreferrer\">Gu\u00eda para la presentaci\u00f3n de Trabajos de Grado y Tesis &#8211; Biblioteca UTP<\/a><\/p>\n","protected":false},"excerpt":{"rendered":"<p>Gu\u00eda de investigaci\u00f3n 2021 Formato APA 7 Normas APA 7 m\u00ednimas \/Gu\u00edaInv-Oct2015-Explicaci\u00f3n.pdf Acuerdo12-TG-22jul2015 ReferenciasAPAconWord-Versi\u00f3n2016 Gu\u00eda para la presentaci\u00f3n de Trabajos de Grado y Tesis &#8211; Biblioteca UTP<\/p>\n","protected":false},"author":581,"featured_media":0,"parent":0,"menu_order":1,"comment_status":"closed","ping_status":"closed","template":"","meta":{"footnotes":""},"class_list":["post-351","page","type-page","status-publish","hentry"],"_links":{"self":[{"href":"https:\/\/academia.utp.edu.co\/seminario-investigacion-II\/wp-json\/wp\/v2\/pages\/351","targetHints":{"allow":["GET"]}}],"collection":[{"href":"https:\/\/academia.utp.edu.co\/seminario-investigacion-II\/wp-json\/wp\/v2\/pages"}],"about":[{"href":"https:\/\/academia.utp.edu.co\/seminario-investigacion-II\/wp-json\/wp\/v2\/types\/page"}],"author":[{"embeddable":true,"href":"https:\/\/academia.utp.edu.co\/seminario-investigacion-II\/wp-json\/wp\/v2\/users\/581"}],"replies":[{"embeddable":true,"href":"https:\/\/academia.utp.edu.co\/seminario-investigacion-II\/wp-json\/wp\/v2\/comments?post=351"}],"version-history":[{"count":17,"href":"https:\/\/academia.utp.edu.co\/seminario-investigacion-II\/wp-json\/wp\/v2\/pages\/351\/revisions"}],"predecessor-version":[{"id":5041,"href":"https:\/\/academia.utp.edu.co\/seminario-investigacion-II\/wp-json\/wp\/v2\/pages\/351\/revisions\/5041"}],"wp:attachment":[{"href":"https:\/\/academia.utp.edu.co\/seminario-investigacion-II\/wp-json\/wp\/v2\/media?parent=351"}],"curies":[{"name":"wp","href":"https:\/\/api.w.org\/{rel}","templated":true}]}}