{"id":481,"date":"2017-03-24T15:35:28","date_gmt":"2017-03-24T15:35:28","guid":{"rendered":"http:\/\/academia.utp.edu.co\/seminario-investigacion-II\/?page_id=481"},"modified":"2017-03-24T15:46:19","modified_gmt":"2017-03-24T15:46:19","slug":"guias-apa","status":"publish","type":"page","link":"https:\/\/academia.utp.edu.co\/seminario-investigacion-II\/guias-de-investigacion\/guias-apa\/","title":{"rendered":"GU\u00cdAS APA"},"content":{"rendered":"<p><a href=\"http:\/\/www.cibem.org\/~josepr23\/2017\/CIBEM2017_OK\/index.php\/es\/\" target=\"_blank\">REFERENCIAS SEG\u00daN NORMAS APA<\/a><\/p>\n<p><a href=\"https:\/\/academia.utp.edu.co\/seminario-investigacion-II\/files\/2017\/03\/ReferenciasAPAconWord-Versi\u00f3n20161.pdf\">ReferenciasAPAconWord-Versi\u00f3n2016<\/a><\/p>\n<p><a href=\"https:\/\/www.youtube.com\/watch?v=uGgpzRxMvGA&amp;feature=fvwrel\" target=\"_blank\">Normas APA para referencias bibliogr\u00e1ficas con Word (YouTube)<\/a><\/p>\n","protected":false},"excerpt":{"rendered":"<p>REFERENCIAS SEG\u00daN NORMAS APA ReferenciasAPAconWord-Versi\u00f3n2016 Normas APA para referencias bibliogr\u00e1ficas con Word (YouTube)<\/p>\n","protected":false},"author":581,"featured_media":0,"parent":351,"menu_order":3,"comment_status":"closed","ping_status":"closed","template":"","meta":{"footnotes":""},"class_list":["post-481","page","type-page","status-publish","hentry"],"_links":{"self":[{"href":"https:\/\/academia.utp.edu.co\/seminario-investigacion-II\/wp-json\/wp\/v2\/pages\/481","targetHints":{"allow":["GET"]}}],"collection":[{"href":"https:\/\/academia.utp.edu.co\/seminario-investigacion-II\/wp-json\/wp\/v2\/pages"}],"about":[{"href":"https:\/\/academia.utp.edu.co\/seminario-investigacion-II\/wp-json\/wp\/v2\/types\/page"}],"author":[{"embeddable":true,"href":"https:\/\/academia.utp.edu.co\/seminario-investigacion-II\/wp-json\/wp\/v2\/users\/581"}],"replies":[{"embeddable":true,"href":"https:\/\/academia.utp.edu.co\/seminario-investigacion-II\/wp-json\/wp\/v2\/comments?post=481"}],"version-history":[{"count":3,"href":"https:\/\/academia.utp.edu.co\/seminario-investigacion-II\/wp-json\/wp\/v2\/pages\/481\/revisions"}],"predecessor-version":[{"id":571,"href":"https:\/\/academia.utp.edu.co\/seminario-investigacion-II\/wp-json\/wp\/v2\/pages\/481\/revisions\/571"}],"up":[{"embeddable":true,"href":"https:\/\/academia.utp.edu.co\/seminario-investigacion-II\/wp-json\/wp\/v2\/pages\/351"}],"wp:attachment":[{"href":"https:\/\/academia.utp.edu.co\/seminario-investigacion-II\/wp-json\/wp\/v2\/media?parent=481"}],"curies":[{"name":"wp","href":"https:\/\/api.w.org\/{rel}","templated":true}]}}