{"id":621,"date":"2017-03-24T15:50:08","date_gmt":"2017-03-24T15:50:08","guid":{"rendered":"http:\/\/academia.utp.edu.co\/seminario-investigacion-II\/?page_id=621"},"modified":"2017-03-24T15:50:08","modified_gmt":"2017-03-24T15:50:08","slug":"guias-para-articulos-cientificos","status":"publish","type":"page","link":"https:\/\/academia.utp.edu.co\/seminario-investigacion-II\/guias-de-investigacion\/guias-para-articulos-cientificos\/","title":{"rendered":"GU\u00cdAS PARA ART\u00cdCULOS CIENT\u00cdFICOS"},"content":{"rendered":"<p><a href=\"https:\/\/academia.utp.edu.co\/seminario-investigacion-II\/files\/2017\/03\/RequisitosArt\u00edculoRevistasBiom\u00e9dicas.pdf\">RequisitosArt\u00edculoRevistasBiom\u00e9dicas<\/a><\/p>\n<p><a href=\"https:\/\/academia.utp.edu.co\/seminario-investigacion-II\/files\/2017\/03\/RequisitosArt\u00edculosRMR.pdf\">RequisitosArt\u00edculosRMR<\/a><\/p>\n","protected":false},"excerpt":{"rendered":"<p>RequisitosArt\u00edculoRevistasBiom\u00e9dicas RequisitosArt\u00edculosRMR<\/p>\n","protected":false},"author":581,"featured_media":0,"parent":351,"menu_order":5,"comment_status":"closed","ping_status":"closed","template":"","meta":{"footnotes":""},"class_list":["post-621","page","type-page","status-publish","hentry"],"_links":{"self":[{"href":"https:\/\/academia.utp.edu.co\/seminario-investigacion-II\/wp-json\/wp\/v2\/pages\/621","targetHints":{"allow":["GET"]}}],"collection":[{"href":"https:\/\/academia.utp.edu.co\/seminario-investigacion-II\/wp-json\/wp\/v2\/pages"}],"about":[{"href":"https:\/\/academia.utp.edu.co\/seminario-investigacion-II\/wp-json\/wp\/v2\/types\/page"}],"author":[{"embeddable":true,"href":"https:\/\/academia.utp.edu.co\/seminario-investigacion-II\/wp-json\/wp\/v2\/users\/581"}],"replies":[{"embeddable":true,"href":"https:\/\/academia.utp.edu.co\/seminario-investigacion-II\/wp-json\/wp\/v2\/comments?post=621"}],"version-history":[{"count":1,"href":"https:\/\/academia.utp.edu.co\/seminario-investigacion-II\/wp-json\/wp\/v2\/pages\/621\/revisions"}],"predecessor-version":[{"id":651,"href":"https:\/\/academia.utp.edu.co\/seminario-investigacion-II\/wp-json\/wp\/v2\/pages\/621\/revisions\/651"}],"up":[{"embeddable":true,"href":"https:\/\/academia.utp.edu.co\/seminario-investigacion-II\/wp-json\/wp\/v2\/pages\/351"}],"wp:attachment":[{"href":"https:\/\/academia.utp.edu.co\/seminario-investigacion-II\/wp-json\/wp\/v2\/media?parent=621"}],"curies":[{"name":"wp","href":"https:\/\/api.w.org\/{rel}","templated":true}]}}