{"id":961,"date":"2017-03-24T16:26:02","date_gmt":"2017-03-24T16:26:02","guid":{"rendered":"http:\/\/academia.utp.edu.co\/seminario-investigacion-II\/?page_id=961"},"modified":"2025-02-03T14:37:59","modified_gmt":"2025-02-03T19:37:59","slug":"p-claudia-p-cardona-t","status":"publish","type":"page","link":"https:\/\/academia.utp.edu.co\/seminario-investigacion-II\/p-claudia-p-cardona-t\/","title":{"rendered":"REDACCI\u00d3N CIENT\u00cdFICA"},"content":{"rendered":"<p><u><b>DOCUMENTOS DE APOYO<\/b><\/u><\/p>\n<p><a href=\"https:\/\/academia.utp.edu.co\/seminario-investigacion-II\/files\/2018\/08\/Estructura-del-Texto-Argumentativo.pdf\">Estructura del Texto Argumentativo<\/a><\/p>\n<p><a href=\"https:\/\/academia.utp.edu.co\/seminario-investigacion-II\/files\/2018\/08\/Secuencias-Argumentativas.pdf\">Secuencias Argumentativas<\/a><\/p>\n<p><a href=\"https:\/\/academia.utp.edu.co\/seminario-investigacion-II\/files\/2018\/08\/Recursos-Persuasivos.pdf\">Recursos Persuasivos<\/a><\/p>\n<p><a href=\"https:\/\/academia.utp.edu.co\/seminario-investigacion-II\/files\/2017\/03\/Taller-Ortograf\u00eda..pdf\">Taller Ortograf\u00eda.<\/a><\/p>\n<p><a href=\"https:\/\/academia.utp.edu.co\/seminario-investigacion-II\/files\/2017\/03\/VICIOS-IDIOM\u00c1TICOS.docx\">Vicios idiom\u00e1ticos<\/a><\/p>\n<p><a href=\"https:\/\/academia.utp.edu.co\/seminario-investigacion-II\/files\/2017\/03\/6La-etapa-final-del-an\u00e1lisis-y-la-redacci\u00f3n-del-informe.doc\">La etapa final del an\u00e1lisis y la redacci\u00f3n del informe<\/a><\/p>\n","protected":false},"excerpt":{"rendered":"<p>DOCUMENTOS DE APOYO Estructura del Texto Argumentativo Secuencias Argumentativas Recursos Persuasivos Taller Ortograf\u00eda. Vicios idiom\u00e1ticos La etapa final del an\u00e1lisis y la redacci\u00f3n del informe<\/p>\n","protected":false},"author":581,"featured_media":0,"parent":0,"menu_order":1,"comment_status":"closed","ping_status":"closed","template":"showcase.php","meta":{"footnotes":""},"class_list":["post-961","page","type-page","status-publish","hentry"],"_links":{"self":[{"href":"https:\/\/academia.utp.edu.co\/seminario-investigacion-II\/wp-json\/wp\/v2\/pages\/961","targetHints":{"allow":["GET"]}}],"collection":[{"href":"https:\/\/academia.utp.edu.co\/seminario-investigacion-II\/wp-json\/wp\/v2\/pages"}],"about":[{"href":"https:\/\/academia.utp.edu.co\/seminario-investigacion-II\/wp-json\/wp\/v2\/types\/page"}],"author":[{"embeddable":true,"href":"https:\/\/academia.utp.edu.co\/seminario-investigacion-II\/wp-json\/wp\/v2\/users\/581"}],"replies":[{"embeddable":true,"href":"https:\/\/academia.utp.edu.co\/seminario-investigacion-II\/wp-json\/wp\/v2\/comments?post=961"}],"version-history":[{"count":12,"href":"https:\/\/academia.utp.edu.co\/seminario-investigacion-II\/wp-json\/wp\/v2\/pages\/961\/revisions"}],"predecessor-version":[{"id":5368,"href":"https:\/\/academia.utp.edu.co\/seminario-investigacion-II\/wp-json\/wp\/v2\/pages\/961\/revisions\/5368"}],"wp:attachment":[{"href":"https:\/\/academia.utp.edu.co\/seminario-investigacion-II\/wp-json\/wp\/v2\/media?parent=961"}],"curies":[{"name":"wp","href":"https:\/\/api.w.org\/{rel}","templated":true}]}}