{"id":9,"date":"2026-04-27T08:58:37","date_gmt":"2026-04-27T13:58:37","guid":{"rendered":"https:\/\/academia.utp.edu.co\/sictur\/?page_id=9"},"modified":"2026-04-28T10:34:47","modified_gmt":"2026-04-28T15:34:47","slug":"inicio","status":"publish","type":"page","link":"https:\/\/academia.utp.edu.co\/sictur\/","title":{"rendered":"Inicio"},"content":{"rendered":"\n<div class=\"wp-block-uagb-container uagb-block-0f844c8f alignfull uagb-is-root-container\"><div class=\"uagb-container-inner-blocks-wrap\">\n<figure class=\"wp-block-image aligncenter size-full\" style=\"margin-top:0;margin-right:0;margin-bottom:0;margin-left:0\"><img loading=\"lazy\" decoding=\"async\" width=\"1920\" height=\"200\" src=\"https:\/\/academia.utp.edu.co\/sictur\/files\/2026\/04\/banner.png\" alt=\"\" class=\"wp-image-13\" srcset=\"https:\/\/academia.utp.edu.co\/sictur\/files\/2026\/04\/banner.png 1920w, https:\/\/academia.utp.edu.co\/sictur\/files\/2026\/04\/banner-300x31.png 300w, https:\/\/academia.utp.edu.co\/sictur\/files\/2026\/04\/banner-1024x107.png 1024w, https:\/\/academia.utp.edu.co\/sictur\/files\/2026\/04\/banner-768x80.png 768w, https:\/\/academia.utp.edu.co\/sictur\/files\/2026\/04\/banner-1536x160.png 1536w\" sizes=\"auto, (max-width: 1920px) 100vw, 1920px\" \/><\/figure>\n<\/div><\/div>\n\n\n\n<div class=\"wp-block-uagb-container uagb-block-179edcbe alignfull uagb-is-root-container\"><div class=\"uagb-container-inner-blocks-wrap\">\n<div class=\"wp-block-uagb-container uagb-block-630bdc55\">\n<div class=\"wp-block-uagb-advanced-heading uagb-block-d69e9b81\"><h2 class=\"uagb-heading-text\">SEMILLERO DE INVESTIGACI\u00d3N EN COMPLEJIDAD TUR\u00cdSTICA &#8211; SICTUR<\/h2><\/div>\n\n\n\n<p>Co-crear un espacio para la investigaci\u00f3n formativa en torno a la complejidad de los sistemas tur\u00edsticos, mediante el estudio de sus din\u00e1micas socio-ecol\u00f3gicas, secto-territoriales, para el desarrollo de competencias cient\u00edficas, pensamiento complejo y capacidades de gesti\u00f3n entre los participantes.<\/p>\n<\/div>\n\n\n\n<div class=\"wp-block-uagb-container uagb-block-1756cbeb\">\n<figure class=\"wp-block-image size-large\"><img loading=\"lazy\" decoding=\"async\" width=\"1024\" height=\"1024\" src=\"https:\/\/academia.utp.edu.co\/sictur\/files\/2026\/04\/sictur-1024x1024.jpg\" alt=\"\" class=\"wp-image-19\" srcset=\"https:\/\/academia.utp.edu.co\/sictur\/files\/2026\/04\/sictur-1024x1024.jpg 1024w, https:\/\/academia.utp.edu.co\/sictur\/files\/2026\/04\/sictur-300x300.jpg 300w, https:\/\/academia.utp.edu.co\/sictur\/files\/2026\/04\/sictur-150x150.jpg 150w, https:\/\/academia.utp.edu.co\/sictur\/files\/2026\/04\/sictur-768x768.jpg 768w, https:\/\/academia.utp.edu.co\/sictur\/files\/2026\/04\/sictur-1536x1536.jpg 1536w, https:\/\/academia.utp.edu.co\/sictur\/files\/2026\/04\/sictur.jpg 1667w\" sizes=\"auto, (max-width: 1024px) 100vw, 1024px\" \/><\/figure>\n<\/div>\n<\/div><\/div>\n\n\n\n<div class=\"wp-block-uagb-container uagb-block-e0e0a91d alignfull uagb-is-root-container\"><div class=\"uagb-container-inner-blocks-wrap\">\n<div class=\"wp-block-uagb-tabs uagb-block-05ecbf09 uagb-tabs__wrap uagb-tabs__vstyle8-desktop uagb-tabs__vstyle6-tablet uagb-tabs__stack1-mobile\" data-tab-active=\"0\"><ul class=\"uagb-tabs__panel uagb-tabs__align-center\" role=\"tablist\"><li class=\"uagb-tab uagb-tabs__active\" role=\"none\"><a href=\"#uagb-tabs__tab0\" class=\"uagb-tabs-list uagb-tabs__icon-position-left\" data-tab=\"0\" role=\"tab\"><div>L\u00edneas de Investigaci\u00f3n<\/div><\/a><\/li><li class=\"uagb-tab \" role=\"none\"><a href=\"#uagb-tabs__tab1\" class=\"uagb-tabs-list uagb-tabs__icon-position-left\" data-tab=\"1\" role=\"tab\"><div>Proyectos<\/div><\/a><\/li><\/ul><div class=\"uagb-tabs__body-wrap\">\n<div class=\"wp-block-uagb-tabs-child uagb-tabs__body-container uagb-inner-tab-0\" aria-labelledby=\"uagb-tabs__tab0\">\n<ul class=\"wp-block-list\">\n<li>Ciclo de vida de sistemas tur\u00edsticos.<\/li>\n\n\n\n<li>Gesti\u00f3n del riesgo, y desastres en actividades y destinos tur\u00edsticos.<\/li>\n\n\n\n<li>Pensamiento complejo y sist\u00e9mico.<\/li>\n\n\n\n<li>Problemas P y NP asociados al turismo.<\/li>\n\n\n\n<li>Sistemas adaptativos tur\u00edsticos.<\/li>\n\n\n\n<li>Sociolog\u00eda computacional aplicada al turismo.<\/li>\n<\/ul>\n<\/div>\n\n\n\n<div class=\"wp-block-uagb-tabs-child uagb-tabs__body-container uagb-inner-tab-1\" aria-labelledby=\"uagb-tabs__tab1\">\n<p><\/p>\n<\/div>\n<\/div><\/div>\n<\/div><\/div>\n\n\n\n<hr class=\"wp-block-separator has-alpha-channel-opacity is-style-wide\" style=\"margin-top:var(--wp--preset--spacing--40);margin-bottom:var(--wp--preset--spacing--40)\"\/>\n\n\n\n<div class=\"wp-block-uagb-container uagb-block-79cef611 alignfull uagb-is-root-container\"><div class=\"uagb-container-inner-blocks-wrap\">\n<div class=\"wp-block-columns are-vertically-aligned-center is-layout-flex wp-container-core-columns-is-layout-83a07855 wp-block-columns-is-layout-flex\" style=\"margin-top:var(--wp--preset--spacing--30);margin-bottom:var(--wp--preset--spacing--30);padding-top:var(--wp--preset--spacing--30);padding-right:var(--wp--preset--spacing--30);padding-bottom:var(--wp--preset--spacing--30);padding-left:var(--wp--preset--spacing--30)\">\n<div class=\"wp-block-column is-vertically-aligned-center is-layout-flow wp-block-column-is-layout-flow\" style=\"flex-basis:33.33%\">\n<figure class=\"wp-block-image aligncenter size-full\"><img loading=\"lazy\" decoding=\"async\" width=\"202\" height=\"201\" src=\"https:\/\/academia.utp.edu.co\/sictur\/files\/2026\/04\/el.png\" alt=\"\" class=\"wp-image-14\" srcset=\"https:\/\/academia.utp.edu.co\/sictur\/files\/2026\/04\/el.png 202w, https:\/\/academia.utp.edu.co\/sictur\/files\/2026\/04\/el-150x150.png 150w\" sizes=\"auto, (max-width: 202px) 100vw, 202px\" \/><\/figure>\n<\/div>\n\n\n\n<div class=\"wp-block-column is-vertically-aligned-center is-layout-flow wp-block-column-is-layout-flow\" style=\"flex-basis:66.66%\">\n<h3 class=\"wp-block-heading\" style=\"margin-top:0;margin-right:0;margin-bottom:0;margin-left:0;padding-top:0;padding-right:0;padding-bottom:0;padding-left:0\">DIRECTOR(A)<\/h3>\n\n\n\n<figure class=\"wp-block-table is-style-stripes\"><table class=\"has-fixed-layout\"><tbody><tr><td><strong>MANUEL TIBERIO FL\u00d3REZ CALDER\u00d3N<\/strong><\/td><\/tr><tr><td><a href=\"mailto:mtflorez@utp.edu.co, l.sepulveda@utp.edu.co\">mtflorez@utp.edu.co, l.sepulveda@utp.edu.co<\/a><\/td><\/tr><\/tbody><\/table><\/figure>\n<\/div>\n<\/div>\n\n\n\n<div class=\"wp-block-columns is-layout-flex wp-container-core-columns-is-layout-5148cb95 wp-block-columns-is-layout-flex\" style=\"margin-top:var(--wp--preset--spacing--30);margin-bottom:var(--wp--preset--spacing--30);padding-top:var(--wp--preset--spacing--30);padding-right:var(--wp--preset--spacing--30);padding-bottom:var(--wp--preset--spacing--30);padding-left:var(--wp--preset--spacing--30)\">\n<div class=\"wp-block-column is-layout-flow wp-container-core-column-is-layout-a590c3e2 wp-block-column-is-layout-flow\" style=\"padding-top:var(--wp--preset--spacing--30);padding-right:var(--wp--preset--spacing--30);padding-bottom:var(--wp--preset--spacing--30);padding-left:var(--wp--preset--spacing--30)\">\n<div class=\"wp-block-columns are-vertically-aligned-center is-layout-flex wp-container-core-columns-is-layout-28f84493 wp-block-columns-is-layout-flex\">\n<div class=\"wp-block-column is-vertically-aligned-center is-layout-flow wp-block-column-is-layout-flow\" style=\"flex-basis:33.33%\">\n<figure class=\"wp-block-image aligncenter size-full\"><img loading=\"lazy\" decoding=\"async\" width=\"203\" height=\"203\" src=\"https:\/\/academia.utp.edu.co\/sictur\/files\/2026\/04\/ella.png\" alt=\"\" class=\"wp-image-15\" srcset=\"https:\/\/academia.utp.edu.co\/sictur\/files\/2026\/04\/ella.png 203w, https:\/\/academia.utp.edu.co\/sictur\/files\/2026\/04\/ella-150x150.png 150w\" sizes=\"auto, (max-width: 203px) 100vw, 203px\" \/><\/figure>\n<\/div>\n\n\n\n<div class=\"wp-block-column is-vertically-aligned-center is-layout-flow wp-block-column-is-layout-flow\" style=\"flex-basis:66.66%\">\n<figure class=\"wp-block-table is-style-stripes\"><table class=\"has-fixed-layout\"><tbody><tr><td><strong>MARIANA RENGIFO BUSTOS<\/strong><\/td><\/tr><tr><td>INTEGRANTE<\/td><\/tr><\/tbody><\/table><\/figure>\n<\/div>\n<\/div>\n<\/div>\n\n\n\n<div class=\"wp-block-column is-layout-flow wp-block-column-is-layout-flow\">\n<div class=\"wp-block-columns are-vertically-aligned-center is-layout-flex wp-container-core-columns-is-layout-28f84493 wp-block-columns-is-layout-flex\">\n<div class=\"wp-block-column is-vertically-aligned-center is-layout-flow wp-block-column-is-layout-flow\" style=\"flex-basis:33.33%\">\n<figure class=\"wp-block-image aligncenter size-full\"><img loading=\"lazy\" decoding=\"async\" width=\"203\" height=\"203\" src=\"https:\/\/academia.utp.edu.co\/sictur\/files\/2026\/04\/ella.png\" alt=\"\" class=\"wp-image-15\" srcset=\"https:\/\/academia.utp.edu.co\/sictur\/files\/2026\/04\/ella.png 203w, https:\/\/academia.utp.edu.co\/sictur\/files\/2026\/04\/ella-150x150.png 150w\" sizes=\"auto, (max-width: 203px) 100vw, 203px\" \/><\/figure>\n<\/div>\n\n\n\n<div class=\"wp-block-column is-vertically-aligned-center is-layout-flow wp-block-column-is-layout-flow\" style=\"flex-basis:66.66%\">\n<figure class=\"wp-block-table is-style-stripes\"><table class=\"has-fixed-layout\"><tbody><tr><td><strong>SANDRA MILENA GOMEZ HENAO<\/strong><\/td><\/tr><tr><td>INTEGRANTE<\/td><\/tr><\/tbody><\/table><\/figure>\n<\/div>\n<\/div>\n<\/div>\n<\/div>\n\n\n\n<div class=\"wp-block-columns are-vertically-aligned-center is-layout-flex wp-container-core-columns-is-layout-3ece3376 wp-block-columns-is-layout-flex\" style=\"margin-top:var(--wp--preset--spacing--30);margin-bottom:var(--wp--preset--spacing--30);padding-top:var(--wp--preset--spacing--30);padding-right:var(--wp--preset--spacing--30);padding-bottom:var(--wp--preset--spacing--30);padding-left:var(--wp--preset--spacing--30)\">\n<div class=\"wp-block-column is-vertically-aligned-center is-layout-flow wp-block-column-is-layout-flow\">\n<div class=\"wp-block-columns are-vertically-aligned-center is-layout-flex wp-container-core-columns-is-layout-28f84493 wp-block-columns-is-layout-flex\">\n<div class=\"wp-block-column is-vertically-aligned-center is-layout-flow wp-block-column-is-layout-flow\" style=\"flex-basis:33.33%\">\n<figure class=\"wp-block-image aligncenter size-full\"><img loading=\"lazy\" decoding=\"async\" width=\"202\" height=\"201\" src=\"https:\/\/academia.utp.edu.co\/sictur\/files\/2026\/04\/el.png\" alt=\"\" class=\"wp-image-14\" srcset=\"https:\/\/academia.utp.edu.co\/sictur\/files\/2026\/04\/el.png 202w, https:\/\/academia.utp.edu.co\/sictur\/files\/2026\/04\/el-150x150.png 150w\" sizes=\"auto, (max-width: 202px) 100vw, 202px\" \/><\/figure>\n<\/div>\n\n\n\n<div class=\"wp-block-column is-vertically-aligned-center is-layout-flow wp-block-column-is-layout-flow\" style=\"flex-basis:66.66%\">\n<figure class=\"wp-block-table is-style-stripes\"><table class=\"has-fixed-layout\"><tbody><tr><td><strong>CAMILO PEL\u00c1EZ CASTA\u00d1O<\/strong><\/td><\/tr><tr><td>INTEGRANTE<\/td><\/tr><\/tbody><\/table><\/figure>\n<\/div>\n<\/div>\n<\/div>\n\n\n\n<div class=\"wp-block-column is-vertically-aligned-center is-layout-flow wp-block-column-is-layout-flow\">\n<div class=\"wp-block-columns are-vertically-aligned-center is-layout-flex wp-container-core-columns-is-layout-28f84493 wp-block-columns-is-layout-flex\">\n<div class=\"wp-block-column is-vertically-aligned-center is-layout-flow wp-block-column-is-layout-flow\" style=\"flex-basis:33.33%\">\n<figure class=\"wp-block-image aligncenter size-full\"><img loading=\"lazy\" decoding=\"async\" width=\"202\" height=\"201\" src=\"https:\/\/academia.utp.edu.co\/sictur\/files\/2026\/04\/el.png\" alt=\"\" class=\"wp-image-14\" srcset=\"https:\/\/academia.utp.edu.co\/sictur\/files\/2026\/04\/el.png 202w, https:\/\/academia.utp.edu.co\/sictur\/files\/2026\/04\/el-150x150.png 150w\" sizes=\"auto, (max-width: 202px) 100vw, 202px\" \/><\/figure>\n<\/div>\n\n\n\n<div class=\"wp-block-column is-vertically-aligned-center is-layout-flow wp-block-column-is-layout-flow\" style=\"flex-basis:66.66%\">\n<figure class=\"wp-block-table is-style-stripes\"><table class=\"has-fixed-layout\"><tbody><tr><td><strong>JEISSON DANIEL CUNDAR MOLINA<\/strong><\/td><\/tr><tr><td>INTEGRANTE<\/td><\/tr><\/tbody><\/table><\/figure>\n<\/div>\n<\/div>\n<\/div>\n<\/div>\n\n\n\n<div class=\"wp-block-columns are-vertically-aligned-center is-layout-flex wp-container-core-columns-is-layout-2359b645 wp-block-columns-is-layout-flex\" style=\"margin-top:var(--wp--preset--spacing--30);margin-bottom:var(--wp--preset--spacing--30);padding-top:var(--wp--preset--spacing--30);padding-right:var(--wp--preset--spacing--30);padding-bottom:var(--wp--preset--spacing--30);padding-left:var(--wp--preset--spacing--30)\">\n<div class=\"wp-block-column is-vertically-aligned-center is-layout-flow wp-block-column-is-layout-flow\">\n<div class=\"wp-block-columns are-vertically-aligned-center is-layout-flex wp-container-core-columns-is-layout-28f84493 wp-block-columns-is-layout-flex\">\n<div class=\"wp-block-column is-vertically-aligned-center is-layout-flow wp-block-column-is-layout-flow\" style=\"flex-basis:33.33%\">\n<figure class=\"wp-block-image aligncenter size-full\"><img loading=\"lazy\" decoding=\"async\" width=\"203\" height=\"203\" src=\"https:\/\/academia.utp.edu.co\/sictur\/files\/2026\/04\/ella.png\" alt=\"\" class=\"wp-image-15\" srcset=\"https:\/\/academia.utp.edu.co\/sictur\/files\/2026\/04\/ella.png 203w, https:\/\/academia.utp.edu.co\/sictur\/files\/2026\/04\/ella-150x150.png 150w\" sizes=\"auto, (max-width: 203px) 100vw, 203px\" \/><\/figure>\n<\/div>\n\n\n\n<div class=\"wp-block-column is-vertically-aligned-center is-layout-flow wp-block-column-is-layout-flow\" style=\"flex-basis:66.66%\">\n<figure class=\"wp-block-table is-style-stripes\"><table class=\"has-fixed-layout\"><tbody><tr><td><strong>LAURA VANESSA SEP\u00daLVEDA GARC\u00cdA<\/strong><\/td><\/tr><tr><td>LIDER<\/td><\/tr><\/tbody><\/table><\/figure>\n<\/div>\n<\/div>\n<\/div>\n\n\n\n<div class=\"wp-block-column is-vertically-aligned-center is-layout-flow wp-block-column-is-layout-flow\">\n<div class=\"wp-block-columns are-vertically-aligned-center is-layout-flex wp-container-core-columns-is-layout-28f84493 wp-block-columns-is-layout-flex\">\n<div class=\"wp-block-column is-vertically-aligned-center is-layout-flow wp-block-column-is-layout-flow\" style=\"flex-basis:33.33%\"><\/div>\n\n\n\n<div class=\"wp-block-column is-vertically-aligned-center is-layout-flow wp-block-column-is-layout-flow\" style=\"flex-basis:66.66%\"><\/div>\n<\/div>\n<\/div>\n<\/div>\n<\/div><\/div>\n\n\n\n<div class=\"wp-block-uagb-container uagb-block-7524d451 alignfull uagb-is-root-container\">\n<div class=\"wp-block-uagb-container uagb-block-35a99c21\">\n<div class=\"wp-block-cover has-aspect-ratio\" style=\"margin-top:0;margin-bottom:0;padding-top:0;padding-right:0;padding-bottom:0;padding-left:0;aspect-ratio:9\/16;min-height:unset;\"><span aria-hidden=\"true\" class=\"wp-block-cover__background has-background-dim-100 has-background-dim\" style=\"background-color:#6f6e39\"><\/span><div class=\"wp-block-cover__inner-container is-layout-constrained wp-container-core-cover-is-layout-72d38984 wp-block-cover-is-layout-constrained\">\n<p class=\"has-text-align-center has-ast-global-color-4-color has-text-color has-link-color has-large-font-size wp-elements-c6107a5141cf98310ccb782fb8f5da84\">Investigaci\u00f3n en Nuestra <strong>Facultad<\/strong><\/p>\n\n\n\n<div class=\"wp-block-columns is-layout-flex wp-container-core-columns-is-layout-28f84493 wp-block-columns-is-layout-flex\">\n<div class=\"wp-block-column is-layout-flow wp-block-column-is-layout-flow\">\n<div class=\"wp-block-group is-layout-constrained wp-container-core-group-is-layout-72d38984 wp-block-group-is-layout-constrained\" style=\"margin-top:0;margin-bottom:0;padding-top:0;padding-right:0;padding-bottom:0;padding-left:0\">\n<p class=\"has-text-align-center has-white-color has-text-color has-link-color has-large-font-size wp-elements-c40089dd7c845932edb3516727545b4c\" style=\"margin-top:0;margin-right:0;margin-bottom:0;margin-left:0;padding-top:0;padding-right:0;padding-bottom:0;padding-left:0\"><strong>16 <\/strong><\/p>\n\n\n\n<p class=\"has-text-align-center has-ast-global-color-4-color has-text-color has-link-color wp-elements-ce17472689d94de142f4d33fc02b7d15\" style=\"margin-top:0;margin-right:0;margin-bottom:0;margin-left:0;padding-top:0;padding-right:0;padding-bottom:0;padding-left:0\"><a href=\"https:\/\/vicerrectorias.utp.edu.co\/viie\/listar_grupo\/51\/Facultad%20de%20Ciencias%20Ambientales\/2\" data-type=\"link\" data-id=\"https:\/\/vicerrectorias.utp.edu.co\/viie\/listar_grupo\/51\/Facultad%20de%20Ciencias%20Ambientales\/2\" target=\"_blank\" rel=\"noreferrer noopener\">Semilleros<\/a><\/p>\n<\/div>\n<\/div>\n<\/div>\n<\/div><\/div>\n<\/div>\n\n\n\n<div class=\"wp-block-uagb-container uagb-block-53b67a1f\">\n<figure class=\"wp-block-embed is-type-video is-provider-youtube wp-block-embed-youtube wp-embed-aspect-16-9 wp-has-aspect-ratio\"><div class=\"wp-block-embed__wrapper\">\n<iframe loading=\"lazy\" title=\"Conocimiento que transforma: conoce la Vicerrector\u00eda\u00a0de Investigaciones, Innovacci\u00f3n y Extensi\u00f3n\" width=\"500\" height=\"281\" src=\"https:\/\/www.youtube.com\/embed\/1Ca8UGIf9c4?start=15&#038;feature=oembed\" frameborder=\"0\" allow=\"accelerometer; autoplay; clipboard-write; encrypted-media; gyroscope; picture-in-picture; web-share\" referrerpolicy=\"strict-origin-when-cross-origin\" allowfullscreen><\/iframe>\n<\/div><\/figure>\n<\/div>\n<\/div>\n\n\n\n<p><\/p>\n","protected":false},"excerpt":{"rendered":"<p>SEMILLERO DE INVESTIGACI\u00d3N EN COMPLEJIDAD TUR\u00cdSTICA &#8211; SICTUR Co-crear un espacio para la investigaci\u00f3n formativa en torno a la complejidad de los sistemas tur\u00edsticos, mediante el estudio de sus din\u00e1micas [&hellip;]<\/p>\n","protected":false},"author":531,"featured_media":0,"parent":0,"menu_order":0,"comment_status":"closed","ping_status":"closed","template":"","meta":{"_uag_custom_page_level_css":"","site-sidebar-layout":"default","site-content-layout":"","ast-site-content-layout":"default","site-content-style":"default","site-sidebar-style":"default","ast-global-header-display":"","ast-banner-title-visibility":"","ast-main-header-display":"","ast-hfb-above-header-display":"","ast-hfb-below-header-display":"","ast-hfb-mobile-header-display":"","site-post-title":"disabled","ast-breadcrumbs-content":"","ast-featured-img":"","footer-sml-layout":"","ast-disable-related-posts":"","theme-transparent-header-meta":"","adv-header-id-meta":"","stick-header-meta":"","header-above-stick-meta":"","header-main-stick-meta":"","header-below-stick-meta":"","astra-migrate-meta-layouts":"default","ast-page-background-enabled":"default","ast-page-background-meta":{"desktop":{"background-color":"var(--ast-global-color-5)","background-image":"","background-repeat":"repeat","background-position":"center center","background-size":"auto","background-attachment":"scroll","background-type":"","background-media":"","overlay-type":"","overlay-color":"","overlay-opacity":"","overlay-gradient":""},"tablet":{"background-color":"","background-image":"","background-repeat":"repeat","background-position":"center center","background-size":"auto","background-attachment":"scroll","background-type":"","background-media":"","overlay-type":"","overlay-color":"","overlay-opacity":"","overlay-gradient":""},"mobile":{"background-color":"","background-image":"","background-repeat":"repeat","background-position":"center center","background-size":"auto","background-attachment":"scroll","background-type":"","background-media":"","overlay-type":"","overlay-color":"","overlay-opacity":"","overlay-gradient":""}},"ast-content-background-meta":{"desktop":{"background-color":"var(--ast-global-color-4)","background-image":"","background-repeat":"repeat","background-position":"center center","background-size":"auto","background-attachment":"scroll","background-type":"","background-media":"","overlay-type":"","overlay-color":"","overlay-opacity":"","overlay-gradient":""},"tablet":{"background-color":"var(--ast-global-color-4)","background-image":"","background-repeat":"repeat","background-position":"center center","background-size":"auto","background-attachment":"scroll","background-type":"","background-media":"","overlay-type":"","overlay-color":"","overlay-opacity":"","overlay-gradient":""},"mobile":{"background-color":"var(--ast-global-color-4)","background-image":"","background-repeat":"repeat","background-position":"center center","background-size":"auto","background-attachment":"scroll","background-type":"","background-media":"","overlay-type":"","overlay-color":"","overlay-opacity":"","overlay-gradient":""}},"footnotes":""},"class_list":["post-9","page","type-page","status-publish","hentry"],"uagb_featured_image_src":{"full":false,"thumbnail":false,"medium":false,"medium_large":false,"large":false,"1536x1536":false,"2048x2048":false},"uagb_author_info":{"display_name":"jltg","author_link":"https:\/\/academia.utp.edu.co\/sictur\/author\/jltg\/"},"uagb_comment_info":0,"uagb_excerpt":"SEMILLERO DE INVESTIGACI\u00d3N EN COMPLEJIDAD TUR\u00cdSTICA &#8211; SICTUR Co-crear un espacio para la investigaci\u00f3n formativa en torno a la complejidad de los sistemas tur\u00edsticos, mediante el estudio de sus din\u00e1micas [&hellip;]","_links":{"self":[{"href":"https:\/\/academia.utp.edu.co\/sictur\/wp-json\/wp\/v2\/pages\/9","targetHints":{"allow":["GET"]}}],"collection":[{"href":"https:\/\/academia.utp.edu.co\/sictur\/wp-json\/wp\/v2\/pages"}],"about":[{"href":"https:\/\/academia.utp.edu.co\/sictur\/wp-json\/wp\/v2\/types\/page"}],"author":[{"embeddable":true,"href":"https:\/\/academia.utp.edu.co\/sictur\/wp-json\/wp\/v2\/users\/531"}],"replies":[{"embeddable":true,"href":"https:\/\/academia.utp.edu.co\/sictur\/wp-json\/wp\/v2\/comments?post=9"}],"version-history":[{"count":21,"href":"https:\/\/academia.utp.edu.co\/sictur\/wp-json\/wp\/v2\/pages\/9\/revisions"}],"predecessor-version":[{"id":74,"href":"https:\/\/academia.utp.edu.co\/sictur\/wp-json\/wp\/v2\/pages\/9\/revisions\/74"}],"wp:attachment":[{"href":"https:\/\/academia.utp.edu.co\/sictur\/wp-json\/wp\/v2\/media?parent=9"}],"curies":[{"name":"wp","href":"https:\/\/api.w.org\/{rel}","templated":true}]}}