{"id":157,"date":"2026-04-09T17:33:16","date_gmt":"2026-04-09T22:33:16","guid":{"rendered":"https:\/\/academia.utp.edu.co\/sieds\/?page_id=157"},"modified":"2026-04-13T18:53:45","modified_gmt":"2026-04-13T23:53:45","slug":"quienes-somos","status":"publish","type":"page","link":"https:\/\/academia.utp.edu.co\/sieds\/quienes-somos\/","title":{"rendered":"\u00bfQUIENES SOMOS?"},"content":{"rendered":"\n<p>Bienvenidos al blog del Semillero de Investigaci\u00f3n en Energ\u00eda, Desarrollo y Sociedad (SIEDS), un espacio donde el conocimiento se construye de manera colectiva, cr\u00edtica y transformadora.<\/p>\n\n\n\n<p>En SIEDS creemos que la energ\u00eda no solo se mide en t\u00e9rminos t\u00e9cnicos, sino tambi\u00e9n en su impacto social, ambiental y humano. Por eso, este blog nace como un punto de encuentro para compartir ideas, reflexiones, avances investigativos y experiencias que conectan la tecnolog\u00eda con las realidades de nuestro entorno.<\/p>\n\n\n\n<figure class=\"wp-block-gallery has-nested-images columns-default is-cropped wp-block-gallery-1 is-layout-flex wp-block-gallery-is-layout-flex\">\n<figure class=\"wp-block-image size-large\"><img loading=\"lazy\" decoding=\"async\" width=\"1024\" height=\"576\" data-id=\"88\" src=\"https:\/\/academia.utp.edu.co\/sieds\/files\/2026\/04\/WhatsApp-Image-2026-03-24-at-6.53.13-PM-1024x576.jpeg\" alt=\"\" class=\"wp-image-88\" srcset=\"https:\/\/academia.utp.edu.co\/sieds\/files\/2026\/04\/WhatsApp-Image-2026-03-24-at-6.53.13-PM-1024x576.jpeg 1024w, https:\/\/academia.utp.edu.co\/sieds\/files\/2026\/04\/WhatsApp-Image-2026-03-24-at-6.53.13-PM-300x169.jpeg 300w, https:\/\/academia.utp.edu.co\/sieds\/files\/2026\/04\/WhatsApp-Image-2026-03-24-at-6.53.13-PM-768x432.jpeg 768w, https:\/\/academia.utp.edu.co\/sieds\/files\/2026\/04\/WhatsApp-Image-2026-03-24-at-6.53.13-PM-1536x864.jpeg 1536w, https:\/\/academia.utp.edu.co\/sieds\/files\/2026\/04\/WhatsApp-Image-2026-03-24-at-6.53.13-PM-2048x1152.jpeg 2048w\" sizes=\"auto, (max-width: 1024px) 100vw, 1024px\" \/><\/figure>\n\n\n\n<figure class=\"wp-block-image size-large\"><img loading=\"lazy\" decoding=\"async\" width=\"1024\" height=\"768\" data-id=\"89\" src=\"https:\/\/academia.utp.edu.co\/sieds\/files\/2026\/04\/WhatsApp-Image-2026-03-24-at-6.53.17-PM-1024x768.jpeg\" alt=\"\" class=\"wp-image-89\" srcset=\"https:\/\/academia.utp.edu.co\/sieds\/files\/2026\/04\/WhatsApp-Image-2026-03-24-at-6.53.17-PM-1024x768.jpeg 1024w, https:\/\/academia.utp.edu.co\/sieds\/files\/2026\/04\/WhatsApp-Image-2026-03-24-at-6.53.17-PM-300x225.jpeg 300w, https:\/\/academia.utp.edu.co\/sieds\/files\/2026\/04\/WhatsApp-Image-2026-03-24-at-6.53.17-PM-768x576.jpeg 768w, https:\/\/academia.utp.edu.co\/sieds\/files\/2026\/04\/WhatsApp-Image-2026-03-24-at-6.53.17-PM-1536x1152.jpeg 1536w, https:\/\/academia.utp.edu.co\/sieds\/files\/2026\/04\/WhatsApp-Image-2026-03-24-at-6.53.17-PM.jpeg 1600w\" sizes=\"auto, (max-width: 1024px) 100vw, 1024px\" \/><\/figure>\n\n\n\n<figure class=\"wp-block-image size-large\"><img loading=\"lazy\" decoding=\"async\" width=\"1024\" height=\"576\" data-id=\"20\" src=\"https:\/\/academia.utp.edu.co\/sieds\/files\/2026\/03\/WhatsApp-Image-2026-03-30-at-6.32.11-PM-1024x576.jpeg\" alt=\"\" class=\"wp-image-20\" srcset=\"https:\/\/academia.utp.edu.co\/sieds\/files\/2026\/03\/WhatsApp-Image-2026-03-30-at-6.32.11-PM-1024x576.jpeg 1024w, https:\/\/academia.utp.edu.co\/sieds\/files\/2026\/03\/WhatsApp-Image-2026-03-30-at-6.32.11-PM-300x169.jpeg 300w, https:\/\/academia.utp.edu.co\/sieds\/files\/2026\/03\/WhatsApp-Image-2026-03-30-at-6.32.11-PM-768x432.jpeg 768w, https:\/\/academia.utp.edu.co\/sieds\/files\/2026\/03\/WhatsApp-Image-2026-03-30-at-6.32.11-PM-1536x864.jpeg 1536w, https:\/\/academia.utp.edu.co\/sieds\/files\/2026\/03\/WhatsApp-Image-2026-03-30-at-6.32.11-PM-2048x1152.jpeg 2048w\" sizes=\"auto, (max-width: 1024px) 100vw, 1024px\" \/><\/figure>\n<\/figure>\n\n\n\n<p><\/p>\n","protected":false},"excerpt":{"rendered":"<p>Bienvenidos al blog del Semillero de Investigaci\u00f3n en Energ\u00eda, Desarrollo y Sociedad (SIEDS), un espacio donde el conocimiento se construye de manera colectiva, cr\u00edtica y transformadora. En SIEDS creemos que la energ\u00eda no solo se mide en t\u00e9rminos t\u00e9cnicos, sino tambi\u00e9n en su impacto social, ambiental y humano. Por eso, [&hellip;]<\/p>\n","protected":false},"author":1967,"featured_media":0,"parent":0,"menu_order":0,"comment_status":"closed","ping_status":"closed","template":"","meta":{"footnotes":""},"class_list":["post-157","page","type-page","status-publish","hentry"],"_links":{"self":[{"href":"https:\/\/academia.utp.edu.co\/sieds\/wp-json\/wp\/v2\/pages\/157","targetHints":{"allow":["GET"]}}],"collection":[{"href":"https:\/\/academia.utp.edu.co\/sieds\/wp-json\/wp\/v2\/pages"}],"about":[{"href":"https:\/\/academia.utp.edu.co\/sieds\/wp-json\/wp\/v2\/types\/page"}],"author":[{"embeddable":true,"href":"https:\/\/academia.utp.edu.co\/sieds\/wp-json\/wp\/v2\/users\/1967"}],"replies":[{"embeddable":true,"href":"https:\/\/academia.utp.edu.co\/sieds\/wp-json\/wp\/v2\/comments?post=157"}],"version-history":[{"count":2,"href":"https:\/\/academia.utp.edu.co\/sieds\/wp-json\/wp\/v2\/pages\/157\/revisions"}],"predecessor-version":[{"id":219,"href":"https:\/\/academia.utp.edu.co\/sieds\/wp-json\/wp\/v2\/pages\/157\/revisions\/219"}],"wp:attachment":[{"href":"https:\/\/academia.utp.edu.co\/sieds\/wp-json\/wp\/v2\/media?parent=157"}],"curies":[{"name":"wp","href":"https:\/\/api.w.org\/{rel}","templated":true}]}}