{"id":2,"date":"2026-03-11T20:50:22","date_gmt":"2026-03-11T19:50:22","guid":{"rendered":"https:\/\/academia.utp.edu.co\/sieds\/?page_id=2"},"modified":"2026-04-09T17:39:08","modified_gmt":"2026-04-09T22:39:08","slug":"conocenos","status":"publish","type":"page","link":"https:\/\/academia.utp.edu.co\/sieds\/conocenos\/","title":{"rendered":"CONOCENOS"},"content":{"rendered":"\n<p>En el marco del desarrollo acad\u00e9mico y cient\u00edfico, se ha conformado un semillero de investigaci\u00f3n enfocado en la pol\u00edtica energ\u00e9tica. Dicho grupo de estudio est\u00e1 compuesto tanto por docentes como por estudiantes, quienes tienen como objetivo profundizar en el an\u00e1lisis de la situaci\u00f3n actual que maneja principalmente nuestro pa\u00eds en relaci\u00f3n a este tema.<\/p>\n\n\n\n<blockquote class=\"wp-block-quote is-layout-flow wp-block-quote-is-layout-flow\">\n<p><strong>El prop\u00f3sito de esta investigaci\u00f3n es enfocarse principalmente en la integraci\u00f3n energ\u00e9tica y su transici\u00f3n. Para ello, se han organizado capacitaciones con diferentes ingenieros, quienes ocupan roles de importancia en el \u00e1mbito energ\u00e9tico de la naci\u00f3n, a fin de recabar informaci\u00f3n actualizada y conocer la evoluci\u00f3n que ha tenido la pol\u00edtica energ\u00e9tica en nuestro pa\u00eds.<\/strong><\/p>\n<\/blockquote>\n\n\n\n<p>Es de resaltar que este semillero de investigaci\u00f3n se encuentra comprometido con el desarrollo sostenible, por lo que se buscar\u00e1 promover el uso de energ\u00edas limpias y renovables en la transici\u00f3n energ\u00e9tica. Todo lo anterior, en aras de aportar al desarrollo y bienestar de nuestra sociedad y el cuidado del\u00a0medio\u00a0ambiente.<\/p>\n\n\n\n<p><\/p>\n\n\n\n<p><\/p>\n","protected":false},"excerpt":{"rendered":"<p>En el marco del desarrollo acad\u00e9mico y cient\u00edfico, se ha conformado un semillero de investigaci\u00f3n enfocado en la pol\u00edtica energ\u00e9tica. Dicho grupo de estudio est\u00e1 compuesto tanto por docentes como por estudiantes, quienes tienen como objetivo profundizar en el an\u00e1lisis de la situaci\u00f3n actual que maneja principalmente nuestro pa\u00eds en [&hellip;]<\/p>\n","protected":false},"author":1967,"featured_media":0,"parent":0,"menu_order":0,"comment_status":"closed","ping_status":"open","template":"","meta":{"footnotes":""},"class_list":["post-2","page","type-page","status-publish","hentry"],"_links":{"self":[{"href":"https:\/\/academia.utp.edu.co\/sieds\/wp-json\/wp\/v2\/pages\/2","targetHints":{"allow":["GET"]}}],"collection":[{"href":"https:\/\/academia.utp.edu.co\/sieds\/wp-json\/wp\/v2\/pages"}],"about":[{"href":"https:\/\/academia.utp.edu.co\/sieds\/wp-json\/wp\/v2\/types\/page"}],"author":[{"embeddable":true,"href":"https:\/\/academia.utp.edu.co\/sieds\/wp-json\/wp\/v2\/users\/1967"}],"replies":[{"embeddable":true,"href":"https:\/\/academia.utp.edu.co\/sieds\/wp-json\/wp\/v2\/comments?post=2"}],"version-history":[{"count":2,"href":"https:\/\/academia.utp.edu.co\/sieds\/wp-json\/wp\/v2\/pages\/2\/revisions"}],"predecessor-version":[{"id":59,"href":"https:\/\/academia.utp.edu.co\/sieds\/wp-json\/wp\/v2\/pages\/2\/revisions\/59"}],"wp:attachment":[{"href":"https:\/\/academia.utp.edu.co\/sieds\/wp-json\/wp\/v2\/media?parent=2"}],"curies":[{"name":"wp","href":"https:\/\/api.w.org\/{rel}","templated":true}]}}