{"id":78,"date":"2022-10-17T07:03:13","date_gmt":"2022-10-17T07:03:13","guid":{"rendered":"https:\/\/academia.utp.edu.co\/situr\/home\/"},"modified":"2026-03-25T18:44:44","modified_gmt":"2026-03-25T23:44:44","slug":"inicio","status":"publish","type":"page","link":"https:\/\/academia.utp.edu.co\/situr\/","title":{"rendered":"Inicio"},"content":{"rendered":"\n<div class=\"wp-block-cover alignfull has-custom-content-position is-position-top-center\" style=\"margin-top:0;padding-top:5vw;padding-right:5vw;padding-bottom:5vw;padding-left:5vw\"><span aria-hidden=\"true\" class=\"wp-block-cover__background has-background-dim-100 has-background-dim\" style=\"background-color:#36220c\"><\/span><div class=\"wp-block-cover__inner-container is-layout-flow wp-block-cover-is-layout-flow\">\n<div class=\"wp-block-group is-content-justification-space-between is-layout-flex wp-container-core-group-is-layout-495512eb wp-block-group-is-layout-flex\">\n<div class=\"wp-block-cover is-light has-custom-content-position is-position-top-right wp-container-content-ceb7f5b3 wp-duotone-rgb137750-rgb210210210-1\" style=\"padding-top:4vw;padding-right:4vw;padding-bottom:4vw;padding-left:4vw;min-height:75vh;aspect-ratio:unset;\"><img decoding=\"async\" class=\"wp-block-cover__image-background wp-image-334\" alt=\"\" src=\"https:\/\/pd.w.org\/2023\/04\/654642d52f20d6367.57324872.jpg\" data-object-fit=\"cover\" \/><span aria-hidden=\"true\" class=\"wp-block-cover__background has-background-dim\"><\/span><div class=\"wp-block-cover__inner-container is-layout-flow wp-block-cover-is-layout-flow\">\n<div class=\"wp-block-group is-vertical is-content-justification-right is-layout-flex wp-container-core-group-is-layout-c823fb2d wp-block-group-is-layout-flex\">\n<p class=\"has-text-align-left has-text-color\" style=\"color:#e5683a;font-size:90px;font-style:normal;font-weight:800;letter-spacing:-6px;line-height:0.8;text-transform:uppercase\"><strong>Semillero de Investigaci\u00f3n en Complejidad Tur\u00edstica <\/strong><\/p>\n\n\n\n<p class=\"has-text-align-center has-text-color\" style=\"color:#d09c9c;font-size:90px;font-style:normal;font-weight:800;letter-spacing:0px;line-height:1;text-transform:uppercase\"><p class=\"has-text-align-center has-text-color\" style=\"color:#d09c9c;font-size:90px;font-style:normal;font-weight:800;letter-spacing:0px;line-height:1;text-transform:uppercase\"><strong> <\/strong><\/p><\/p>\n\n\n\n<p class=\"has-text-align-center has-text-color\" style=\"color:#d09c9c;font-size:90px;font-style:normal;font-weight:800;letter-spacing:0px;line-height:1;text-transform:uppercase\"><strong>SICTUR<\/strong><\/p>\n\n\n\n<div class=\"wp-block-group is-vertical is-layout-flex wp-container-core-group-is-layout-fe9cc265 wp-block-group-is-layout-flex\">\n<p><\/p>\n\n\n\n<p><\/p>\n\n\n\n<p class=\"has-text-align-right has-text-color\" style=\"color:#e59937;font-size:35px;font-style:normal;font-weight:800;letter-spacing:0px;line-height:0.8;text-transform:uppercase\">Escuela de Turismo Sostenible<\/p>\n\n\n\n<p class=\"has-text-align-right has-text-color\" style=\"color:#e59937;font-size:35px;font-style:normal;font-weight:800;letter-spacing:0px;line-height:0.8;text-transform:uppercase\">Facultad de Ciencias Ambientales<\/p>\n\n\n\n<p class=\"has-text-align-right has-text-color\" style=\"color:#e59937;font-size:35px;font-style:normal;font-weight:800;letter-spacing:0px;line-height:0.8;text-transform:uppercase\">Universidad tecnol\u00d3gica de Pereira <\/p>\n\n\n\n<p><\/p>\n<\/div>\n<\/div>\n<\/div><\/div>\n\n\n\n<div class=\"wp-block-group wp-container-content-d387280b is-vertical is-nowrap is-layout-flex wp-container-core-group-is-layout-3cf04848 wp-block-group-is-layout-flex\">\n<p class=\"has-text-color\" style=\"color:#e59937;font-size:18px;font-style:normal;font-weight:400;letter-spacing:0px;line-height:1.7\">Objetivo: Co-crear un espacio para la investigaci\u00f3n formativa en torno a la complejidad de los sistemas tur\u00edsticos, mediante el estudio de sus din\u00e1micas socio-ecol\u00f3gicas, secto-territoriales, para el desarrollo de competencias cient\u00edficas, pensamiento complejo&nbsp; y capacidades de gesti\u00f3n entre los participantes.<\/p>\n\n\n\n<p class=\"has-text-color\" style=\"color:#e59937;font-size:18px;font-style:normal;font-weight:400;letter-spacing:0px;line-height:1.7\"><\/p>\n\n\n\n<div class=\"wp-block-buttons is-content-justification-left is-nowrap is-layout-flex wp-container-core-buttons-is-layout-fc9f69e7 wp-block-buttons-is-layout-flex\">\n<div class=\"wp-block-button is-style-outline is-style-outline--2\"><a class=\"wp-block-button__link has-text-color has-custom-font-size wp-element-button\" style=\"border-radius:0px;color:#e59937;padding-top:16px;padding-right:32px;padding-bottom:16px;padding-left:32px;font-size:16px;font-style:normal;font-weight:700;letter-spacing:0px;text-transform:uppercase\">Escuchar ahora<\/a><\/div>\n<\/div>\n\n\n\n<div style=\"height:0px\" aria-hidden=\"true\" class=\"wp-block-spacer wp-container-content-85b6a097\"><\/div>\n<\/div>\n<\/div>\n<\/div><\/div>\n","protected":false},"excerpt":{"rendered":"","protected":false},"author":1919,"featured_media":0,"parent":0,"menu_order":0,"comment_status":"closed","ping_status":"closed","template":"","meta":{"_uag_custom_page_level_css":"","site-sidebar-layout":"default","site-content-layout":"page-builder","ast-site-content-layout":"full-width-container","site-content-style":"unboxed","site-sidebar-style":"unboxed","ast-global-header-display":"","ast-banner-title-visibility":"","ast-main-header-display":"","ast-hfb-above-header-display":"","ast-hfb-below-header-display":"","ast-hfb-mobile-header-display":"","site-post-title":"disabled","ast-breadcrumbs-content":"","ast-featured-img":"","footer-sml-layout":"","ast-disable-related-posts":"","theme-transparent-header-meta":"enabled","adv-header-id-meta":"","stick-header-meta":"","header-above-stick-meta":"","header-main-stick-meta":"","header-below-stick-meta":"","astra-migrate-meta-layouts":"set","ast-page-background-enabled":"default","ast-page-background-meta":{"desktop":{"background-color":"var(--ast-global-color-4)","background-image":"","background-repeat":"repeat","background-position":"center center","background-size":"auto","background-attachment":"scroll","background-type":"","background-media":"","overlay-type":"","overlay-color":"","overlay-opacity":"","overlay-gradient":""},"tablet":{"background-color":"","background-image":"","background-repeat":"repeat","background-position":"center center","background-size":"auto","background-attachment":"scroll","background-type":"","background-media":"","overlay-type":"","overlay-color":"","overlay-opacity":"","overlay-gradient":""},"mobile":{"background-color":"","background-image":"","background-repeat":"repeat","background-position":"center center","background-size":"auto","background-attachment":"scroll","background-type":"","background-media":"","overlay-type":"","overlay-color":"","overlay-opacity":"","overlay-gradient":""}},"ast-content-background-meta":{"desktop":{"background-color":"var(--ast-global-color-5)","background-image":"","background-repeat":"repeat","background-position":"center center","background-size":"auto","background-attachment":"scroll","background-type":"","background-media":"","overlay-type":"","overlay-color":"","overlay-opacity":"","overlay-gradient":""},"tablet":{"background-color":"var(--ast-global-color-5)","background-image":"","background-repeat":"repeat","background-position":"center center","background-size":"auto","background-attachment":"scroll","background-type":"","background-media":"","overlay-type":"","overlay-color":"","overlay-opacity":"","overlay-gradient":""},"mobile":{"background-color":"var(--ast-global-color-5)","background-image":"","background-repeat":"repeat","background-position":"center center","background-size":"auto","background-attachment":"scroll","background-type":"","background-media":"","overlay-type":"","overlay-color":"","overlay-opacity":"","overlay-gradient":""}},"footnotes":""},"class_list":["post-78","page","type-page","status-publish","hentry"],"uagb_featured_image_src":{"full":false,"thumbnail":false,"medium":false,"medium_large":false,"large":false,"1536x1536":false,"2048x2048":false},"uagb_author_info":{"display_name":"juancarlossierra","author_link":"https:\/\/academia.utp.edu.co\/situr\/author\/juancarlossierra\/"},"uagb_comment_info":0,"uagb_excerpt":null,"_links":{"self":[{"href":"https:\/\/academia.utp.edu.co\/situr\/wp-json\/wp\/v2\/pages\/78","targetHints":{"allow":["GET"]}}],"collection":[{"href":"https:\/\/academia.utp.edu.co\/situr\/wp-json\/wp\/v2\/pages"}],"about":[{"href":"https:\/\/academia.utp.edu.co\/situr\/wp-json\/wp\/v2\/types\/page"}],"author":[{"embeddable":true,"href":"https:\/\/academia.utp.edu.co\/situr\/wp-json\/wp\/v2\/users\/1919"}],"replies":[{"embeddable":true,"href":"https:\/\/academia.utp.edu.co\/situr\/wp-json\/wp\/v2\/comments?post=78"}],"version-history":[{"count":6,"href":"https:\/\/academia.utp.edu.co\/situr\/wp-json\/wp\/v2\/pages\/78\/revisions"}],"predecessor-version":[{"id":909,"href":"https:\/\/academia.utp.edu.co\/situr\/wp-json\/wp\/v2\/pages\/78\/revisions\/909"}],"wp:attachment":[{"href":"https:\/\/academia.utp.edu.co\/situr\/wp-json\/wp\/v2\/media?parent=78"}],"curies":[{"name":"wp","href":"https:\/\/api.w.org\/{rel}","templated":true}]}}