{"id":2,"date":"2024-03-15T15:03:47","date_gmt":"2024-03-15T14:03:47","guid":{"rendered":"https:\/\/academia.utp.edu.co\/sonar-isc\/?page_id=2"},"modified":"2024-03-20T12:30:04","modified_gmt":"2024-03-20T17:30:04","slug":"pagina-ejemplo","status":"publish","type":"page","link":"https:\/\/academia.utp.edu.co\/sonar-isc\/","title":{"rendered":""},"content":{"rendered":"\n<div class=\"wp-block-columns are-vertically-aligned-center is-layout-flex wp-container-core-columns-is-layout-9d6595d7 wp-block-columns-is-layout-flex\">\n<div class=\"wp-block-column is-vertically-aligned-center is-layout-flow wp-block-column-is-layout-flow\">\n<h1 class=\"wp-block-heading has-text-align-center\">Semillero de investigaci\u00f3n SONAR I.S.C.<\/h1>\n\n\n\n<h2 class=\"wp-block-heading has-text-align-center\">Testing &amp; Quality Assurance<\/h2>\n\n\n\n<p class=\"has-text-align-center\">Semillero de investigaci\u00f3n enfocado en calidad de software de la Universidad Tecnol\u00f3gica de Pereira.<\/p>\n<\/div>\n\n\n\n<div class=\"wp-block-column is-vertically-aligned-center is-layout-flow wp-block-column-is-layout-flow\">\n<figure class=\"wp-block-image size-full is-resized\"><img loading=\"lazy\" decoding=\"async\" width=\"500\" height=\"500\" src=\"https:\/\/academia.utp.edu.co\/sonar-isc\/files\/2024\/03\/2-circ-1.png\" alt=\"\" class=\"wp-image-97\" style=\"width:351px;height:auto\" srcset=\"https:\/\/academia.utp.edu.co\/sonar-isc\/files\/2024\/03\/2-circ-1.png 500w, https:\/\/academia.utp.edu.co\/sonar-isc\/files\/2024\/03\/2-circ-1-300x300.png 300w, https:\/\/academia.utp.edu.co\/sonar-isc\/files\/2024\/03\/2-circ-1-150x150.png 150w, https:\/\/academia.utp.edu.co\/sonar-isc\/files\/2024\/03\/2-circ-1-100x100.png 100w, https:\/\/academia.utp.edu.co\/sonar-isc\/files\/2024\/03\/2-circ-1-200x200.png 200w, https:\/\/academia.utp.edu.co\/sonar-isc\/files\/2024\/03\/2-circ-1-450x450.png 450w\" sizes=\"auto, (max-width: 500px) 100vw, 500px\" \/><\/figure>\n\n\n\n<p><\/p>\n<\/div>\n<\/div>\n\n\n\n<div class=\"wp-block-columns alignfull is-layout-flex wp-container-core-columns-is-layout-9d6595d7 wp-block-columns-is-layout-flex\">\n<div class=\"wp-block-column is-vertically-aligned-center has-responsive-container-background-color-background-color has-background is-layout-flow wp-block-column-is-layout-flow\" style=\"flex-basis:99vw\">\n<h1 class=\"wp-block-heading alignfull has-text-align-center has-responsive-main-container-background-color-color has-button-hover-color-background-color has-text-color has-background has-link-color wp-elements-2d169e9a521ef777784e0fa830bc7ba5\">L\u00edneas de Investigaci\u00f3n<\/h1>\n\n\n\n<div class=\"wp-block-group has-responsive-container-background-color-background-color has-background has-normal-font-size is-layout-constrained wp-block-group-is-layout-constrained\">\n<h2 class=\"wp-block-heading alignwide has-text-align-right has-responsive-main-container-background-color-color has-text-color has-link-color wp-elements-2f8da434f68eee79cd2203be0c0f7446\"><br><strong>Automatizaci\u00f3n de Pruebas<\/strong><\/h2>\n\n\n\n<div class=\"wp-block-group is-layout-constrained wp-block-group-is-layout-constrained\">\n<div class=\"wp-block-columns are-vertically-aligned-center is-layout-flex wp-container-core-columns-is-layout-9d6595d7 wp-block-columns-is-layout-flex\">\n<div class=\"wp-block-column is-vertically-aligned-center is-layout-flow wp-block-column-is-layout-flow\">\n<figure class=\"wp-block-image size-large is-resized\"><img loading=\"lazy\" decoding=\"async\" width=\"1024\" height=\"327\" src=\"https:\/\/academia.utp.edu.co\/sonar-isc\/files\/2024\/03\/imagen_2024-03-17_013006321-1024x327.png\" alt=\"\" class=\"wp-image-128\" style=\"width:579px;height:auto\" srcset=\"https:\/\/academia.utp.edu.co\/sonar-isc\/files\/2024\/03\/imagen_2024-03-17_013006321-1024x327.png 1024w, https:\/\/academia.utp.edu.co\/sonar-isc\/files\/2024\/03\/imagen_2024-03-17_013006321-300x96.png 300w, https:\/\/academia.utp.edu.co\/sonar-isc\/files\/2024\/03\/imagen_2024-03-17_013006321-768x245.png 768w, https:\/\/academia.utp.edu.co\/sonar-isc\/files\/2024\/03\/imagen_2024-03-17_013006321-1536x490.png 1536w, https:\/\/academia.utp.edu.co\/sonar-isc\/files\/2024\/03\/imagen_2024-03-17_013006321-100x32.png 100w, https:\/\/academia.utp.edu.co\/sonar-isc\/files\/2024\/03\/imagen_2024-03-17_013006321-150x48.png 150w, https:\/\/academia.utp.edu.co\/sonar-isc\/files\/2024\/03\/imagen_2024-03-17_013006321-200x64.png 200w, https:\/\/academia.utp.edu.co\/sonar-isc\/files\/2024\/03\/imagen_2024-03-17_013006321-450x143.png 450w, https:\/\/academia.utp.edu.co\/sonar-isc\/files\/2024\/03\/imagen_2024-03-17_013006321-600x191.png 600w, https:\/\/academia.utp.edu.co\/sonar-isc\/files\/2024\/03\/imagen_2024-03-17_013006321-900x287.png 900w, https:\/\/academia.utp.edu.co\/sonar-isc\/files\/2024\/03\/imagen_2024-03-17_013006321.png 1938w\" sizes=\"auto, (max-width: 1024px) 100vw, 1024px\" \/><\/figure>\n<\/div>\n\n\n\n<div class=\"wp-block-column is-vertically-aligned-center is-layout-flow wp-block-column-is-layout-flow\">\n<p class=\"has-text-align-left has-responsive-main-container-background-color-color has-text-color has-link-color wp-elements-adaa48a68dc30722fdf755af3f72a7a0\">La automatizaci\u00f3n de pruebas implica utilizar herramientas especializadas para ejecutar pruebas de forma automatizada, lo que contribuye a mejorar la eficiencia y la consistencia en el aseguramiento de la calidad del software. <br>Dentro del semillero, incentivamos el estudio de la teor\u00eda necesaria para la automatizaci\u00f3n de pruebas en general, as\u00ed como el estudio especifico de las herramientas disponibles en el mercado para este fin.<\/p>\n<\/div>\n<\/div>\n<\/div>\n<\/div>\n\n\n\n<div class=\"wp-block-group has-background is-vertical is-content-justification-left is-layout-flex wp-container-core-group-is-layout-c0ca7d81 wp-block-group-is-layout-flex\" style=\"background-color:#828282\">\n<div class=\"wp-block-group wp-container-content-9cfa9a5a is-layout-constrained wp-block-group-is-layout-constrained\">\n<h2 class=\"wp-block-heading has-text-align-left has-responsive-main-container-background-color-color has-text-color has-link-color wp-elements-f4b8767a7d420f7afc9a74ede101fb39\"><br><strong><strong><strong>Metodolog\u00edas \u00c1giles<\/strong><\/strong><\/strong><\/h2>\n\n\n\n<div class=\"wp-block-columns is-layout-flex wp-container-core-columns-is-layout-9d6595d7 wp-block-columns-is-layout-flex\">\n<div class=\"wp-block-column is-vertically-aligned-center is-layout-flow wp-block-column-is-layout-flow\">\n<p class=\"has-text-align-left has-responsive-main-container-background-color-color has-text-color has-link-color wp-elements-3e3890a1e2d1ac9d3d8428b35ad7bfdb\">Las metodolog\u00edas \u00e1giles, como Scrum o Kanban, se enfocan en la entrega incremental y colaborativa del software, integrando actividades de prueba a lo largo de todo el proceso de desarrollo para asegurar la calidad del producto en cada iteraci\u00f3n.<br>En el semillero se busca que sus miembros conozcan estas metodolog\u00edas, de tal modo que puedan aprovechar sus virtudes dentro de su vida acad\u00e9mica y est\u00e9n preparados para aplicarlas en su vida laboral.<\/p>\n<\/div>\n\n\n\n<div class=\"wp-block-column is-layout-flow wp-block-column-is-layout-flow\">\n<figure class=\"wp-block-image size-large is-resized\"><img loading=\"lazy\" decoding=\"async\" width=\"1024\" height=\"400\" src=\"http:\/\/academia.utp.edu.co\/sonar-isc\/files\/2024\/03\/imagen_2024-03-17_013528935-1024x400.png\" alt=\"\" class=\"wp-image-132\" style=\"width:492px;height:auto\" srcset=\"https:\/\/academia.utp.edu.co\/sonar-isc\/files\/2024\/03\/imagen_2024-03-17_013528935-1024x400.png 1024w, https:\/\/academia.utp.edu.co\/sonar-isc\/files\/2024\/03\/imagen_2024-03-17_013528935-300x117.png 300w, https:\/\/academia.utp.edu.co\/sonar-isc\/files\/2024\/03\/imagen_2024-03-17_013528935-768x300.png 768w, https:\/\/academia.utp.edu.co\/sonar-isc\/files\/2024\/03\/imagen_2024-03-17_013528935-1536x600.png 1536w, https:\/\/academia.utp.edu.co\/sonar-isc\/files\/2024\/03\/imagen_2024-03-17_013528935-100x39.png 100w, https:\/\/academia.utp.edu.co\/sonar-isc\/files\/2024\/03\/imagen_2024-03-17_013528935-150x59.png 150w, https:\/\/academia.utp.edu.co\/sonar-isc\/files\/2024\/03\/imagen_2024-03-17_013528935-200x78.png 200w, https:\/\/academia.utp.edu.co\/sonar-isc\/files\/2024\/03\/imagen_2024-03-17_013528935-450x176.png 450w, https:\/\/academia.utp.edu.co\/sonar-isc\/files\/2024\/03\/imagen_2024-03-17_013528935-600x234.png 600w, https:\/\/academia.utp.edu.co\/sonar-isc\/files\/2024\/03\/imagen_2024-03-17_013528935-900x351.png 900w, https:\/\/academia.utp.edu.co\/sonar-isc\/files\/2024\/03\/imagen_2024-03-17_013528935.png 2000w\" sizes=\"auto, (max-width: 1024px) 100vw, 1024px\" \/><\/figure>\n<\/div>\n<\/div>\n<\/div>\n<\/div>\n\n\n\n<div class=\"wp-block-group is-vertical is-content-justification-center is-layout-flex wp-container-core-group-is-layout-4b2eccd6 wp-block-group-is-layout-flex\">\n<div class=\"wp-block-group wp-container-content-9cfa9a5a is-layout-constrained wp-block-group-is-layout-constrained\">\n<h2 class=\"wp-block-heading alignwide has-text-align-right has-responsive-main-container-background-color-color has-text-color has-link-color wp-elements-447c58ba93824188d6765506d6e4bca6\"><br><strong><strong><strong><strong>Pruebas de Software con Inteligencia Artificial<\/strong><\/strong><\/strong><\/strong><\/h2>\n\n\n\n<div class=\"wp-block-columns is-layout-flex wp-container-core-columns-is-layout-9d6595d7 wp-block-columns-is-layout-flex\">\n<div class=\"wp-block-column is-layout-flow wp-block-column-is-layout-flow\">\n<figure class=\"wp-block-image size-large is-resized\"><img loading=\"lazy\" decoding=\"async\" width=\"1024\" height=\"470\" src=\"http:\/\/academia.utp.edu.co\/sonar-isc\/files\/2024\/03\/imagen_2024-03-17_014726872-1024x470.png\" alt=\"\" class=\"wp-image-134\" style=\"width:488px;height:auto\" srcset=\"https:\/\/academia.utp.edu.co\/sonar-isc\/files\/2024\/03\/imagen_2024-03-17_014726872-1024x470.png 1024w, https:\/\/academia.utp.edu.co\/sonar-isc\/files\/2024\/03\/imagen_2024-03-17_014726872-300x138.png 300w, https:\/\/academia.utp.edu.co\/sonar-isc\/files\/2024\/03\/imagen_2024-03-17_014726872-768x353.png 768w, https:\/\/academia.utp.edu.co\/sonar-isc\/files\/2024\/03\/imagen_2024-03-17_014726872-1536x705.png 1536w, https:\/\/academia.utp.edu.co\/sonar-isc\/files\/2024\/03\/imagen_2024-03-17_014726872-100x46.png 100w, https:\/\/academia.utp.edu.co\/sonar-isc\/files\/2024\/03\/imagen_2024-03-17_014726872-150x69.png 150w, https:\/\/academia.utp.edu.co\/sonar-isc\/files\/2024\/03\/imagen_2024-03-17_014726872-200x92.png 200w, https:\/\/academia.utp.edu.co\/sonar-isc\/files\/2024\/03\/imagen_2024-03-17_014726872-450x207.png 450w, https:\/\/academia.utp.edu.co\/sonar-isc\/files\/2024\/03\/imagen_2024-03-17_014726872-600x276.png 600w, https:\/\/academia.utp.edu.co\/sonar-isc\/files\/2024\/03\/imagen_2024-03-17_014726872-900x413.png 900w, https:\/\/academia.utp.edu.co\/sonar-isc\/files\/2024\/03\/imagen_2024-03-17_014726872.png 1642w\" sizes=\"auto, (max-width: 1024px) 100vw, 1024px\" \/><\/figure>\n<\/div>\n\n\n\n<div class=\"wp-block-column is-vertically-aligned-center is-layout-flow wp-block-column-is-layout-flow\">\n<p class=\"has-text-align-left has-responsive-main-container-background-color-color has-text-color has-link-color wp-elements-6979fde0615df0aad47648f291372df9\">Aprovechando la actual accesibilidad a modelos de lenguaje como ChatGPT, las pruebas de software con inteligencia artificial se centran en el uso de algoritmos de aprendizaje autom\u00e1tico para automatizar y mejorar el proceso de prueba. Esto implica la generaci\u00f3n autom\u00e1tica de casos de prueba, la detecci\u00f3n de defectos y la optimizaci\u00f3n de la cobertura de pruebas, todo ello para mejorar la eficiencia y la precisi\u00f3n en el aseguramiento de la calidad del software.<\/p>\n<\/div>\n<\/div>\n<\/div>\n<\/div>\n\n\n\n<div class=\"wp-block-group has-background is-vertical is-content-justification-center is-layout-flex wp-container-core-group-is-layout-52c8502b wp-block-group-is-layout-flex\" style=\"background-color:#828282\">\n<div class=\"wp-block-group wp-container-content-9cfa9a5a is-layout-constrained wp-block-group-is-layout-constrained\">\n<h2 class=\"wp-block-heading has-text-align-left has-responsive-main-container-background-color-color has-text-color has-link-color wp-elements-5940b2b548a55542d20609f2a6d969ae\"><br><strong><strong><strong><strong>Agile Testing<\/strong><\/strong><\/strong><\/strong><\/h2>\n\n\n\n<div class=\"wp-block-columns is-layout-flex wp-container-core-columns-is-layout-9d6595d7 wp-block-columns-is-layout-flex\">\n<div class=\"wp-block-column is-layout-flow wp-block-column-is-layout-flow\">\n<figure class=\"wp-block-image aligncenter size-full is-resized\"><img loading=\"lazy\" decoding=\"async\" width=\"548\" height=\"528\" src=\"https:\/\/academia.utp.edu.co\/sonar-isc\/files\/2024\/03\/imagen_2024-03-17_020751551-edited.png\" alt=\"\" class=\"wp-image-145\" style=\"width:277px;height:auto\" srcset=\"https:\/\/academia.utp.edu.co\/sonar-isc\/files\/2024\/03\/imagen_2024-03-17_020751551-edited.png 548w, https:\/\/academia.utp.edu.co\/sonar-isc\/files\/2024\/03\/imagen_2024-03-17_020751551-edited-300x289.png 300w, https:\/\/academia.utp.edu.co\/sonar-isc\/files\/2024\/03\/imagen_2024-03-17_020751551-edited-100x96.png 100w, https:\/\/academia.utp.edu.co\/sonar-isc\/files\/2024\/03\/imagen_2024-03-17_020751551-edited-150x145.png 150w, https:\/\/academia.utp.edu.co\/sonar-isc\/files\/2024\/03\/imagen_2024-03-17_020751551-edited-200x193.png 200w, https:\/\/academia.utp.edu.co\/sonar-isc\/files\/2024\/03\/imagen_2024-03-17_020751551-edited-450x434.png 450w\" sizes=\"auto, (max-width: 548px) 100vw, 548px\" \/><\/figure>\n<\/div>\n\n\n\n<div class=\"wp-block-column is-vertically-aligned-center is-layout-flow wp-block-column-is-layout-flow\">\n<p class=\"has-text-align-left has-responsive-main-container-background-color-color has-text-color has-link-color wp-elements-ce247351e1f22b4570723ac8db514b2a\">El Agile Testing promueve la colaboraci\u00f3n entre desarrolladores y profesionales de pruebas desde el inicio del proyecto, garantizando una atenci\u00f3n continua a la calidad del software y una adaptaci\u00f3n \u00e1gil a los cambios del cliente o del mercado.<br>Partiendo de las virtudes consignadas en el Manfiesto AGILE, los miembros del semillero podr\u00e1n comprender a\u00fan m\u00e1s la importancia de la calidad dentro del desarrollo del software.<\/p>\n<\/div>\n<\/div>\n<\/div>\n<\/div>\n<\/div>\n<\/div>\n","protected":false},"excerpt":{"rendered":"<p>Semillero de investigaci\u00f3n SONAR I.S.C. Testing &amp; Quality Assurance Semillero de investigaci\u00f3n enfocado en calidad de software de la Universidad Tecnol\u00f3gica de Pereira. L\u00edneas de Investigaci\u00f3n Automatizaci\u00f3n de Pruebas La automatizaci\u00f3n de pruebas implica utilizar herramientas especializadas para ejecutar pruebas &hellip;<\/p>\n<p class=\"read-more\"> <a class=\"more-link\" href=\"https:\/\/academia.utp.edu.co\/sonar-isc\/\">  Leer m\u00e1s \u00bb<\/a><\/p>\n","protected":false},"author":1401,"featured_media":0,"parent":0,"menu_order":0,"comment_status":"closed","ping_status":"open","template":"","meta":{"footnotes":""},"class_list":["post-2","page","type-page","status-publish","hentry"],"_links":{"self":[{"href":"https:\/\/academia.utp.edu.co\/sonar-isc\/wp-json\/wp\/v2\/pages\/2","targetHints":{"allow":["GET"]}}],"collection":[{"href":"https:\/\/academia.utp.edu.co\/sonar-isc\/wp-json\/wp\/v2\/pages"}],"about":[{"href":"https:\/\/academia.utp.edu.co\/sonar-isc\/wp-json\/wp\/v2\/types\/page"}],"author":[{"embeddable":true,"href":"https:\/\/academia.utp.edu.co\/sonar-isc\/wp-json\/wp\/v2\/users\/1401"}],"replies":[{"embeddable":true,"href":"https:\/\/academia.utp.edu.co\/sonar-isc\/wp-json\/wp\/v2\/comments?post=2"}],"version-history":[{"count":62,"href":"https:\/\/academia.utp.edu.co\/sonar-isc\/wp-json\/wp\/v2\/pages\/2\/revisions"}],"predecessor-version":[{"id":239,"href":"https:\/\/academia.utp.edu.co\/sonar-isc\/wp-json\/wp\/v2\/pages\/2\/revisions\/239"}],"wp:attachment":[{"href":"https:\/\/academia.utp.edu.co\/sonar-isc\/wp-json\/wp\/v2\/media?parent=2"}],"curies":[{"name":"wp","href":"https:\/\/api.w.org\/{rel}","templated":true}]}}