{"id":54,"date":"2024-03-16T22:03:11","date_gmt":"2024-03-17T03:03:11","guid":{"rendered":"https:\/\/academia.utp.edu.co\/sonar-isc\/?page_id=54"},"modified":"2024-04-18T17:48:28","modified_gmt":"2024-04-18T22:48:28","slug":"quienes-somos","status":"publish","type":"page","link":"https:\/\/academia.utp.edu.co\/sonar-isc\/quienes-somos\/","title":{"rendered":"\u00bfQui\u00e9nes Somos?"},"content":{"rendered":"\n<p>SONAR I.S.C. es un semillero de investigaci\u00f3n adscrito al Grupo de Avanzada en Desarrollo de Software (GRANDE) de la facultad de ingenier\u00edas. Llevamos en operaciones desde junio de 2022, y desde entonces hemos estado en operaciones de forma ininterrumpida.<\/p>\n\n\n\n<p>Nuestro objetivo principal es el estudio del aseguramiento y control de calidad durante el proceso de desarrollo de software, enfoc\u00e1ndonos en investigar las t\u00e9cnicas, herramientas y principios de las pruebas de software, el an\u00e1lisis de las metodolog\u00edas \u00e1giles y las nuevas culturas de trabajo, as\u00ed como en el aprendizaje de las buenas pr\u00e1cticas y el manejo correcto de la codificaci\u00f3n, durante todo el ciclo de vida del software.<\/p>\n\n\n\n<h2 class=\"wp-block-heading\">\u00bfQu\u00e9 hacemos?<\/h2>\n\n\n\n<h3 class=\"wp-block-heading\">Reuniones Regulares<\/h3>\n\n\n\n<p>El semillero tiene reuniones regulares una vez a la semana. En ellas, compartimos informaci\u00f3n relevante sobre est\u00e1ndares, herramientas, metodolog\u00edas y dem\u00e1s factores fundamentales sobre la industria del software.<\/p>\n\n\n\n<p>Adem\u00e1s, generamos discusi\u00f3n sobre posibles temas que podr\u00edan generar un proyecto de investigaci\u00f3n, a la vez que nos preparamos para futuras actividades o participaci\u00f3n en eventos.<\/p>\n\n\n\n<p>Procuramos, en la medida que el tema lo permita, que las actividades sean pr\u00e1cticas, para que podamos apoyarnos mutuamente en la aplicaci\u00f3n de la teor\u00eda que aprendemos.<\/p>\n\n\n\n<h3 class=\"wp-block-heading\">Participaci\u00f3n en eventos<\/h3>\n\n\n\n<p>SONAR I.S.C. ha tenido participaciones destacables dentro y fuera de nuestro campus universitario, en eventos como el <a href=\"https:\/\/flisol.info\/\" data-type=\"link\" data-id=\"https:\/\/flisol.info\/FLISOL2023\/Colombia\/Pereira\">Festival Latinoamericano de Instalaci\u00f3n del Software Libre (FLISoL)<\/a>, el d\u00eda del Software Libre de Pereira y Bucaramanga, los encuentros departamentales y regionales de la <a href=\"https:\/\/rredsi.com.co\">Red Regional de Semilleros de Investigaci\u00f3n<\/a>, entre otros.<br><br>Estas participaciones tienen como objetivo el dar a conocer al semillero, as\u00ed como ayudar a la generaci\u00f3n de habilidades comunicativas de sus integrantes.<\/p>\n\n\n\n<h3 class=\"wp-block-heading\">Generaci\u00f3n de Proyectos de investigaci\u00f3n<\/h3>\n\n\n\n<p>Naturalmente, un semillero de investigaci\u00f3n propugna la profundizaci\u00f3n de los temas que trata, as\u00ed como de hallar soluciones innovadoras a preguntas de amplio inter\u00e9s. En ese sentido, SONAR I.S.C ha procurado la generaci\u00f3n de proyectos de investigaci\u00f3n que permitan a sus miembros desenvolverse en el campo acad\u00e9mico, al mismo tiempo que se indaga sobre la teor\u00eda detr\u00e1s de las actividades pr\u00e1cticas que realizamos en el semillero.<\/p>\n\n\n\n<figure class=\"wp-block-image size-full\"><img loading=\"lazy\" decoding=\"async\" width=\"500\" height=\"500\" src=\"https:\/\/academia.utp.edu.co\/sonar-isc\/files\/2024\/03\/imagen_2024-03-16_234035111.png\" alt=\"\" class=\"wp-image-75\" srcset=\"https:\/\/academia.utp.edu.co\/sonar-isc\/files\/2024\/03\/imagen_2024-03-16_234035111.png 500w, https:\/\/academia.utp.edu.co\/sonar-isc\/files\/2024\/03\/imagen_2024-03-16_234035111-300x300.png 300w, https:\/\/academia.utp.edu.co\/sonar-isc\/files\/2024\/03\/imagen_2024-03-16_234035111-150x150.png 150w, https:\/\/academia.utp.edu.co\/sonar-isc\/files\/2024\/03\/imagen_2024-03-16_234035111-100x100.png 100w, https:\/\/academia.utp.edu.co\/sonar-isc\/files\/2024\/03\/imagen_2024-03-16_234035111-200x200.png 200w, https:\/\/academia.utp.edu.co\/sonar-isc\/files\/2024\/03\/imagen_2024-03-16_234035111-450x450.png 450w\" sizes=\"auto, (max-width: 500px) 100vw, 500px\" \/><\/figure>\n","protected":false},"excerpt":{"rendered":"<p>SONAR I.S.C. es un semillero de investigaci\u00f3n adscrito al Grupo de Avanzada en Desarrollo de Software (GRANDE) de la facultad de ingenier\u00edas. Llevamos en operaciones desde junio de 2022, y desde entonces hemos estado en operaciones de forma ininterrumpida. Nuestro &hellip;<\/p>\n<p class=\"read-more\"> <a class=\"more-link\" href=\"https:\/\/academia.utp.edu.co\/sonar-isc\/quienes-somos\/\"> <span class=\"screen-reader-text\">\u00bfQui\u00e9nes Somos?<\/span> Leer m\u00e1s \u00bb<\/a><\/p>\n","protected":false},"author":1923,"featured_media":0,"parent":0,"menu_order":0,"comment_status":"closed","ping_status":"closed","template":"","meta":{"footnotes":""},"class_list":["post-54","page","type-page","status-publish","hentry"],"_links":{"self":[{"href":"https:\/\/academia.utp.edu.co\/sonar-isc\/wp-json\/wp\/v2\/pages\/54","targetHints":{"allow":["GET"]}}],"collection":[{"href":"https:\/\/academia.utp.edu.co\/sonar-isc\/wp-json\/wp\/v2\/pages"}],"about":[{"href":"https:\/\/academia.utp.edu.co\/sonar-isc\/wp-json\/wp\/v2\/types\/page"}],"author":[{"embeddable":true,"href":"https:\/\/academia.utp.edu.co\/sonar-isc\/wp-json\/wp\/v2\/users\/1923"}],"replies":[{"embeddable":true,"href":"https:\/\/academia.utp.edu.co\/sonar-isc\/wp-json\/wp\/v2\/comments?post=54"}],"version-history":[{"count":18,"href":"https:\/\/academia.utp.edu.co\/sonar-isc\/wp-json\/wp\/v2\/pages\/54\/revisions"}],"predecessor-version":[{"id":255,"href":"https:\/\/academia.utp.edu.co\/sonar-isc\/wp-json\/wp\/v2\/pages\/54\/revisions\/255"}],"wp:attachment":[{"href":"https:\/\/academia.utp.edu.co\/sonar-isc\/wp-json\/wp\/v2\/media?parent=54"}],"curies":[{"name":"wp","href":"https:\/\/api.w.org\/{rel}","templated":true}]}}