
{"id":9,"date":"2012-09-07T06:17:14","date_gmt":"2012-09-07T06:17:14","guid":{"rendered":"http:\/\/academia.utp.edu.co\/soportevitalbasicoypa\/?page_id=9"},"modified":"2020-05-19T12:19:52","modified_gmt":"2020-05-19T12:19:52","slug":"modulo-1","status":"publish","type":"page","link":"https:\/\/academia.utp.edu.co\/soportevitalbasicoypa\/modulo-1\/","title":{"rendered":"PRIMER M\u00d3DULO"},"content":{"rendered":"<h3><a style=\"font-size: 13px\" href=\"https:\/\/academia.utp.edu.co\/soportevitalbasicoypa\/files\/2012\/09\/1-PRINCIPIOS-GENERALES-DE-LOS-PRIMEROS-AUXILIOS.pdf\"><span style=\"color: #3366ff\"><span style=\"font-size: 14pt\">1<\/span><\/span><\/a><span style=\"font-size: 14pt\"> <a href=\"https:\/\/academia.utp.edu.co\/soportevitalbasicoypa\/files\/2012\/09\/1-PRINCIPIOS-GENERALES-DE-LOS-PRIMEROS-AUXILIOS.pdf\"><span style=\"color: #800000\">PRINCIPIOS GENERALES DE LOS PRIMEROS AUXILIOS<\/span><\/a><\/span><\/h3>\n<h3><strong><a href=\"https:\/\/academia.utp.edu.co\/soportevitalbasicoypa\/files\/2012\/09\/2-SIGNOS-VITALES.pdf\"><span style=\"color: #3366ff\">2 SIGNOS VITALES<\/span><\/a>\u00a0<\/strong><\/h3>\n<h3><span style=\"color: #339966\"><strong><a href=\"https:\/\/academia.utp.edu.co\/soportevitalbasicoypa\/files\/2012\/09\/VARIABILIDAD-EN-LA-MEDICI\u00d3N-INDIRECTA-DE-LA-PRESI\u00d3N-ARTERIAL.pdf\"><span style=\"color: #339966\">VARIABILIDAD EN LA MEDICI\u00d3N INDIRECTA DE LA PRESI\u00d3N ARTERIAL<\/span><\/a><\/strong><\/span><\/h3>\n<h3><strong style=\"font-size: 1em\"><span style=\"color: #3366ff\">\u00a0<a href=\"https:\/\/academia.utp.edu.co\/soportevitalbasicoypa\/files\/2012\/09\/3-LESI\u00d3N-DE-TEJIDOS-BLANDOS.pdf\"><span style=\"color: #3366ff\">3 LESI\u00d3N DE TEJIDOS BLANDOS<\/span><\/a><\/span><\/strong><\/h3>\n<h3><strong><a href=\"https:\/\/academia.utp.edu.co\/soportevitalbasicoypa\/files\/2012\/09\/4-HEMORRAGIAS.pdf\"><span style=\"color: #3366ff\">4 HEMORRAGIAS<\/span><\/a><\/strong><\/h3>\n<h3><a href=\"https:\/\/academia.utp.edu.co\/soportevitalbasicoypa\/files\/2012\/09\/5-QUEMADURAS.pdf\"><span style=\"color: #3366ff\">5 QUEMADURAS<\/span><\/a><\/h3>\n<p><a href=\"https:\/\/academia.utp.edu.co\/soportevitalbasicoypa\/files\/2018\/09\/Hoja-de-Registro-Toma-Signos-Vitales.pdf\">Hoja de Registro Toma Signos Vitales<\/a><\/p>\n<h3>\u00a0<span style=\"color: #ff0000\">6\u00a0<a href=\"https:\/\/academia.utp.edu.co\/soportevitalbasicoypa\/files\/2012\/09\/GU\u00cdA-TACTICA-DE-EMERGENCIAS-UTP.pdf\"><span style=\"color: #ff0000\">GU\u00cdA\u00a0T\u00c1CTICA\u00a0DE EMERGENCIAS UTP<\/span><\/a><\/span><\/h3>\n<h2><strong><span style=\"color: #800000\"><a href=\"https:\/\/academia.utp.edu.co\/soportevitalbasicoypa\/files\/2012\/09\/Protocolo-en-caso-de-emergencias-UTP.pdf\"><span style=\"color: #800000\">Protocolo en caso de emergencias UTP<\/span><\/a><\/span><\/strong><\/h2>\n<p>\u00daltima actualizaci\u00f3n: Mi\u00e9rcoles, Septiembre 18, 2013 8:50 AM<\/p>\n<p><em id=\"__mceDel\"> Por: Brigada de Emergencias<\/em><\/p>\n<div>\n<p><img loading=\"lazy\" decoding=\"async\" class=\"alignleft\" src=\"http:\/\/www.utp.edu.co\/cms-utp\/data\/bin\/UTP\/web\/uploads\/media\/comunicaciones\/img\/Brigada-de-Emergencias.jpg\" alt=\"Protocolo en caso de emergencia\" width=\"228\" height=\"132\" \/>La Brigada de Emergencias de la Universidad Tecnol\u00f3gica de Pereira socializa con la comunidad el Protocolo en caso de emergencias.\u00a0Igualmente invita a \u00a0consultar el sitio web del Comit\u00e9 de Emergencias, ubicado en la parte inferior de la p\u00e1gina de la UTP, en \u201cEnlaces de Inter\u00e9s\u201d<span style=\"color: #0000ff\">:<a href=\"http:\/\/www.utp.edu.co\/vicerrectoria\/administrativa\/comite-emergencias\/informacion-general.html\" target=\"_blank\" rel=\"noopener noreferrer\"><span style=\"color: #0000ff\">http:\/\/www.utp.edu.co\/vicerrectoria\/administrativa\/comite-emergencias\/informacion-general.html<\/span><\/a><\/span><\/p>\n<\/div>\n<ol>\n<li style=\"list-style-type: none\">\n<ol>\n<li>\n<h1>Taller practico por Classroom<\/h1>\n<\/li>\n<\/ol>\n<\/li>\n<\/ol>\n","protected":false},"excerpt":{"rendered":"<p>1 PRINCIPIOS GENERALES DE LOS PRIMEROS AUXILIOS 2 SIGNOS VITALES\u00a0 VARIABILIDAD EN LA MEDICI\u00d3N INDIRECTA DE LA PRESI\u00d3N ARTERIAL \u00a03 LESI\u00d3N DE TEJIDOS BLANDOS 4 HEMORRAGIAS 5 QUEMADURAS Hoja de [&hellip;]<\/p>\n","protected":false},"author":15,"featured_media":0,"parent":0,"menu_order":1,"comment_status":"open","ping_status":"closed","template":"","meta":{"footnotes":""},"class_list":["post-9","page","type-page","status-publish","hentry"],"_links":{"self":[{"href":"https:\/\/academia.utp.edu.co\/soportevitalbasicoypa\/wp-json\/wp\/v2\/pages\/9","targetHints":{"allow":["GET"]}}],"collection":[{"href":"https:\/\/academia.utp.edu.co\/soportevitalbasicoypa\/wp-json\/wp\/v2\/pages"}],"about":[{"href":"https:\/\/academia.utp.edu.co\/soportevitalbasicoypa\/wp-json\/wp\/v2\/types\/page"}],"author":[{"embeddable":true,"href":"https:\/\/academia.utp.edu.co\/soportevitalbasicoypa\/wp-json\/wp\/v2\/users\/15"}],"replies":[{"embeddable":true,"href":"https:\/\/academia.utp.edu.co\/soportevitalbasicoypa\/wp-json\/wp\/v2\/comments?post=9"}],"version-history":[{"count":73,"href":"https:\/\/academia.utp.edu.co\/soportevitalbasicoypa\/wp-json\/wp\/v2\/pages\/9\/revisions"}],"predecessor-version":[{"id":2101,"href":"https:\/\/academia.utp.edu.co\/soportevitalbasicoypa\/wp-json\/wp\/v2\/pages\/9\/revisions\/2101"}],"wp:attachment":[{"href":"https:\/\/academia.utp.edu.co\/soportevitalbasicoypa\/wp-json\/wp\/v2\/media?parent=9"}],"curies":[{"name":"wp","href":"https:\/\/api.w.org\/{rel}","templated":true}]}}