{"id":9,"date":"2023-09-18T23:40:38","date_gmt":"2023-09-18T21:40:38","guid":{"rendered":"https:\/\/academia.utp.edu.co\/universidad-por-siempre\/?page_id=9"},"modified":"2024-07-04T11:40:44","modified_gmt":"2024-07-04T16:40:44","slug":"inicio","status":"publish","type":"page","link":"https:\/\/academia.utp.edu.co\/universidad-por-siempre\/","title":{"rendered":"Universidad por Siempre"},"content":{"rendered":"\n<div class=\"wp-block-cover\"><span aria-hidden=\"true\" class=\"wp-block-cover__background has-background-dim-0 has-background-dim\" style=\"background-color:#565656\"><\/span><img loading=\"lazy\" decoding=\"async\" width=\"2000\" height=\"1149\" class=\"wp-block-cover__image-background wp-image-531\" alt=\"\" src=\"http:\/\/academia.utp.edu.co\/universidad-por-siempre\/files\/2024\/06\/cropped-monochrome-portrait-parent-child-showing-affection-sharing-time-together-scaled-1.jpg\" data-object-fit=\"cover\" srcset=\"https:\/\/academia.utp.edu.co\/universidad-por-siempre\/files\/2024\/06\/cropped-monochrome-portrait-parent-child-showing-affection-sharing-time-together-scaled-1.jpg 2000w, https:\/\/academia.utp.edu.co\/universidad-por-siempre\/files\/2024\/06\/cropped-monochrome-portrait-parent-child-showing-affection-sharing-time-together-scaled-1-300x172.jpg 300w, https:\/\/academia.utp.edu.co\/universidad-por-siempre\/files\/2024\/06\/cropped-monochrome-portrait-parent-child-showing-affection-sharing-time-together-scaled-1-1024x588.jpg 1024w, https:\/\/academia.utp.edu.co\/universidad-por-siempre\/files\/2024\/06\/cropped-monochrome-portrait-parent-child-showing-affection-sharing-time-together-scaled-1-768x441.jpg 768w, https:\/\/academia.utp.edu.co\/universidad-por-siempre\/files\/2024\/06\/cropped-monochrome-portrait-parent-child-showing-affection-sharing-time-together-scaled-1-1536x882.jpg 1536w\" sizes=\"auto, (max-width: 2000px) 100vw, 2000px\" \/><div class=\"wp-block-cover__inner-container is-layout-constrained wp-block-cover-is-layout-constrained\">\n<div class=\"wp-block-buttons is-content-justification-center is-layout-flex wp-container-core-buttons-is-layout-a89b3969 wp-block-buttons-is-layout-flex\"><\/div>\n\n\n\n<div class=\"wp-block-columns is-layout-flex wp-container-core-columns-is-layout-28f84493 wp-block-columns-is-layout-flex\">\n<div class=\"wp-block-column is-layout-flow wp-block-column-is-layout-flow\">\n<h1 class=\"wp-block-heading alignwide has-text-align-left has-white-color has-text-color has-link-color has-x-large-font-size wp-elements-731f1645629fa00ff1ca5579e4517149\">Universidad por Siempre<\/h1>\n\n\n\n<div class=\"wp-block-buttons is-layout-flex wp-block-buttons-is-layout-flex\">\n<div class=\"wp-block-button\"><a class=\"wp-block-button__link has-text-align-left wp-element-button\" href=\"https:\/\/academia.utp.edu.co\/universidad-por-siempre\/category\/oferta-extension\/\">CONOCE NUESTRA OFERTA DE EXTENSI\u00d3N<\/a><\/div>\n<\/div>\n<\/div>\n\n\n\n<div class=\"wp-block-column is-layout-flow wp-block-column-is-layout-flow\"><\/div>\n<\/div>\n<\/div><\/div>\n\n\n\n<div style=\"height:14px\" aria-hidden=\"true\" class=\"wp-block-spacer\"><\/div>\n\n\n\n<div style=\"height:0px;width:0px\" aria-hidden=\"true\" class=\"wp-block-spacer\"><\/div>\n\n\n\n<div style=\"height:100px\" aria-hidden=\"true\" class=\"wp-block-spacer\"><\/div>\n\n\n\n<h2 class=\"wp-block-heading has-text-align-center\">Aprendizaje a lo largo de la vida<\/h2>\n\n\n\n<hr class=\"wp-block-separator has-text-color has-alpha-channel-opacity has-background is-style-default\" style=\"background-color:#d53e79;color:#d53e79\" \/>\n\n\n\n<p>El prop\u00f3sito fundamental de la educaci\u00f3n a lo largo de la vida, es contribuir al cultivo de la humanidad, al ejercicio de la autonom\u00eda, al disfrute de la libertad de pensamiento y de acci\u00f3n como posibilidad de una existencia plena. La humanidad no es algo dado (Savater, 2005), no es una mera disposici\u00f3n gen\u00e9tica: es un don que nace en la reciprocidad de las interacciones y en el dinamismo que posibilita el v\u00ednculo social con nuestros semejantes. Por eso, los humanos tenemos la compleja tarea de desarrollar la posibilidad humana que hay en cada uno; una tarea que s\u00f3lo se logra por mediaci\u00f3n de otros, que debe ser suscitada, impulsada y cultivada a lo largo de la existencia.<\/p>\n\n\n\n<p>Conscientes de la necesidad de aportar a este prop\u00f3sito, la Vicerrector\u00eda de Investigaciones, Innovaci\u00f3n y Extensi\u00f3n de la Universidad Tecnol\u00f3gica de Pereira, con el respaldo acad\u00e9mico de la Maestr\u00eda en Est\u00e9tica y Creaci\u00f3n, ha dise\u00f1ado el programa Universidad por Siempre. Una oferta extendida de formaci\u00f3n para adultos orientada a continuar fortaleciendo esa condici\u00f3n humana que nos vincula y nos hace pr\u00f3ximos, que nos permite reconocer la grandeza de nuestras creaciones, para comprendernos en la pluralidad y el sentido que entra\u00f1a el pasado en la azarosa configuraci\u00f3n del presente.<\/p>\n\n\n\t\t\t\t\t<div\n\t\t\t\t\t\tclass=\"wp-block-uagb-image-gallery uagb-block-81838106     \"\n\t\t\t\t\t\tstyle=\"\"\n\t\t\t\t\t>\n\t\t\t\t\t\t\t\t\t\t\t<div class=\"spectra-image-gallery spectra-image-gallery__layout--carousel\">\n\t\t\t\t\t\t\t\t<div class=\"uagb-slick-carousel uagb-block-81838106\">\n\t\t\t\t\t\t\t\t\t\t\t\t<div class='spectra-image-gallery__media-wrapper' data-spectra-gallery-image-id='445'>\n\t\t\t\t\t\t\t<div class=\"spectra-image-gallery__media spectra-image-gallery__media--carousel\">\n\t\t\t\t<picture>\n\t\t\t\t\t<source media=\"(min-width: 1024px)\" srcset=\"https:\/\/academia.utp.edu.co\/universidad-por-siempre\/files\/2024\/05\/WhatsApp-Image-2023-09-18-at-2.03.20-PM-1021x1024-2.jpeg\">\n\t\t\t\t\t<source media=\"(min-width: 768px)\" srcset=\"https:\/\/academia.utp.edu.co\/universidad-por-siempre\/files\/2024\/05\/WhatsApp-Image-2023-09-18-at-2.03.20-PM-1021x1024-2.jpeg\">\n\t\t\t\t\t<img decoding=\"async\" class=\"spectra-image-gallery__media-thumbnail spectra-image-gallery__media-thumbnail--carousel\" src=\"https:\/\/academia.utp.edu.co\/universidad-por-siempre\/files\/2024\/05\/WhatsApp-Image-2023-09-18-at-2.03.20-PM-1021x1024-2-300x300.jpeg\" alt=\"\" loading=\"lazy\" \/>\n\t\t\t\t<\/picture>\n\t\t\t\t<div class=\"spectra-image-gallery__media-thumbnail-blurrer\"><\/div>\n\t\t\t\t\t\t\t\t\t\t\t<div class=\"spectra-image-gallery__media-thumbnail-caption-wrapper spectra-image-gallery__media-thumbnail-caption-wrapper--overlay\"><\/div>\n\t\t\t\t\t\t\t\t<\/div>\n\t\t\t\t\t\t<\/div>\n\t\t\t\t\t\t<div class='spectra-image-gallery__media-wrapper' data-spectra-gallery-image-id='444'>\n\t\t\t\t\t\t\t<div class=\"spectra-image-gallery__media spectra-image-gallery__media--carousel\">\n\t\t\t\t<picture>\n\t\t\t\t\t<source media=\"(min-width: 1024px)\" srcset=\"https:\/\/academia.utp.edu.co\/universidad-por-siempre\/files\/2024\/05\/WhatsApp-Image-2023-09-18-at-2.03.21-PM-1-1024x1024-2.jpeg\">\n\t\t\t\t\t<source media=\"(min-width: 768px)\" srcset=\"https:\/\/academia.utp.edu.co\/universidad-por-siempre\/files\/2024\/05\/WhatsApp-Image-2023-09-18-at-2.03.21-PM-1-1024x1024-2.jpeg\">\n\t\t\t\t\t<img decoding=\"async\" class=\"spectra-image-gallery__media-thumbnail spectra-image-gallery__media-thumbnail--carousel\" src=\"https:\/\/academia.utp.edu.co\/universidad-por-siempre\/files\/2024\/05\/WhatsApp-Image-2023-09-18-at-2.03.21-PM-1-1024x1024-2-300x300.jpeg\" alt=\"\" loading=\"lazy\" \/>\n\t\t\t\t<\/picture>\n\t\t\t\t<div class=\"spectra-image-gallery__media-thumbnail-blurrer\"><\/div>\n\t\t\t\t\t\t\t\t\t\t\t<div class=\"spectra-image-gallery__media-thumbnail-caption-wrapper spectra-image-gallery__media-thumbnail-caption-wrapper--overlay\"><\/div>\n\t\t\t\t\t\t\t\t<\/div>\n\t\t\t\t\t\t<\/div>\n\t\t\t\t\t\t<div class='spectra-image-gallery__media-wrapper' data-spectra-gallery-image-id='442'>\n\t\t\t\t\t\t\t<div class=\"spectra-image-gallery__media spectra-image-gallery__media--carousel\">\n\t\t\t\t<picture>\n\t\t\t\t\t<source media=\"(min-width: 1024px)\" srcset=\"https:\/\/academia.utp.edu.co\/universidad-por-siempre\/files\/2024\/05\/WhatsApp-Image-2023-09-18-at-2.03.21-PM-1024x1024-2.jpeg\">\n\t\t\t\t\t<source media=\"(min-width: 768px)\" srcset=\"https:\/\/academia.utp.edu.co\/universidad-por-siempre\/files\/2024\/05\/WhatsApp-Image-2023-09-18-at-2.03.21-PM-1024x1024-2.jpeg\">\n\t\t\t\t\t<img decoding=\"async\" class=\"spectra-image-gallery__media-thumbnail spectra-image-gallery__media-thumbnail--carousel\" src=\"https:\/\/academia.utp.edu.co\/universidad-por-siempre\/files\/2024\/05\/WhatsApp-Image-2023-09-18-at-2.03.21-PM-1024x1024-2-300x300.jpeg\" alt=\"\" loading=\"lazy\" \/>\n\t\t\t\t<\/picture>\n\t\t\t\t<div class=\"spectra-image-gallery__media-thumbnail-blurrer\"><\/div>\n\t\t\t\t\t\t\t\t\t\t\t<div class=\"spectra-image-gallery__media-thumbnail-caption-wrapper spectra-image-gallery__media-thumbnail-caption-wrapper--overlay\"><\/div>\n\t\t\t\t\t\t\t\t<\/div>\n\t\t\t\t\t\t<\/div>\n\t\t\t\t\t\t\t\t\t\t\t<\/div>\n\t\t\t\t\t\t\t<\/div>\n\t\t\t\t\t\t\t\t\t\t\t<\/div>\n\t\t\t\t\t\t\t\t\t","protected":false},"excerpt":{"rendered":"<p>Aprendizaje a lo largo de la vida El prop\u00f3sito fundamental de la educaci\u00f3n a lo largo de la vida, es contribuir al cultivo de la humanidad, al ejercicio de la [&hellip;]<\/p>\n","protected":false},"author":1911,"featured_media":0,"parent":0,"menu_order":0,"comment_status":"closed","ping_status":"closed","template":"","meta":{"_uag_custom_page_level_css":"","site-sidebar-layout":"default","site-content-layout":"","ast-site-content-layout":"default","site-content-style":"default","site-sidebar-style":"default","ast-global-header-display":"","ast-banner-title-visibility":"","ast-main-header-display":"","ast-hfb-above-header-display":"","ast-hfb-below-header-display":"","ast-hfb-mobile-header-display":"","site-post-title":"disabled","ast-breadcrumbs-content":"","ast-featured-img":"","footer-sml-layout":"","ast-disable-related-posts":"","theme-transparent-header-meta":"","adv-header-id-meta":"","stick-header-meta":"","header-above-stick-meta":"","header-main-stick-meta":"","header-below-stick-meta":"","astra-migrate-meta-layouts":"default","ast-page-background-enabled":"default","ast-page-background-meta":{"desktop":{"background-color":"var(--ast-global-color-4)","background-image":"","background-repeat":"repeat","background-position":"center center","background-size":"auto","background-attachment":"scroll","background-type":"","background-media":"","overlay-type":"","overlay-color":"","overlay-opacity":"","overlay-gradient":""},"tablet":{"background-color":"","background-image":"","background-repeat":"repeat","background-position":"center center","background-size":"auto","background-attachment":"scroll","background-type":"","background-media":"","overlay-type":"","overlay-color":"","overlay-opacity":"","overlay-gradient":""},"mobile":{"background-color":"","background-image":"","background-repeat":"repeat","background-position":"center center","background-size":"auto","background-attachment":"scroll","background-type":"","background-media":"","overlay-type":"","overlay-color":"","overlay-opacity":"","overlay-gradient":""}},"ast-content-background-meta":{"desktop":{"background-color":"var(--ast-global-color-5)","background-image":"","background-repeat":"repeat","background-position":"center center","background-size":"auto","background-attachment":"scroll","background-type":"","background-media":"","overlay-type":"","overlay-color":"","overlay-opacity":"","overlay-gradient":""},"tablet":{"background-color":"var(--ast-global-color-5)","background-image":"","background-repeat":"repeat","background-position":"center center","background-size":"auto","background-attachment":"scroll","background-type":"","background-media":"","overlay-type":"","overlay-color":"","overlay-opacity":"","overlay-gradient":""},"mobile":{"background-color":"var(--ast-global-color-5)","background-image":"","background-repeat":"repeat","background-position":"center center","background-size":"auto","background-attachment":"scroll","background-type":"","background-media":"","overlay-type":"","overlay-color":"","overlay-opacity":"","overlay-gradient":""}},"footnotes":""},"class_list":["post-9","page","type-page","status-publish","hentry"],"uagb_featured_image_src":{"full":false,"thumbnail":false,"medium":false,"medium_large":false,"large":false,"1536x1536":false,"2048x2048":false},"uagb_author_info":{"display_name":"universidad-por-siempre","author_link":"https:\/\/academia.utp.edu.co\/universidad-por-siempre\/author\/universidad-por-siempre\/"},"uagb_comment_info":0,"uagb_excerpt":"Aprendizaje a lo largo de la vida El prop\u00f3sito fundamental de la educaci\u00f3n a lo largo de la vida, es contribuir al cultivo de la humanidad, al ejercicio de la [&hellip;]","_links":{"self":[{"href":"https:\/\/academia.utp.edu.co\/universidad-por-siempre\/wp-json\/wp\/v2\/pages\/9","targetHints":{"allow":["GET"]}}],"collection":[{"href":"https:\/\/academia.utp.edu.co\/universidad-por-siempre\/wp-json\/wp\/v2\/pages"}],"about":[{"href":"https:\/\/academia.utp.edu.co\/universidad-por-siempre\/wp-json\/wp\/v2\/types\/page"}],"author":[{"embeddable":true,"href":"https:\/\/academia.utp.edu.co\/universidad-por-siempre\/wp-json\/wp\/v2\/users\/1911"}],"replies":[{"embeddable":true,"href":"https:\/\/academia.utp.edu.co\/universidad-por-siempre\/wp-json\/wp\/v2\/comments?post=9"}],"version-history":[{"count":83,"href":"https:\/\/academia.utp.edu.co\/universidad-por-siempre\/wp-json\/wp\/v2\/pages\/9\/revisions"}],"predecessor-version":[{"id":761,"href":"https:\/\/academia.utp.edu.co\/universidad-por-siempre\/wp-json\/wp\/v2\/pages\/9\/revisions\/761"}],"wp:attachment":[{"href":"https:\/\/academia.utp.edu.co\/universidad-por-siempre\/wp-json\/wp\/v2\/media?parent=9"}],"curies":[{"name":"wp","href":"https:\/\/api.w.org\/{rel}","templated":true}]}}