{"id":2238,"date":"2023-07-28T22:37:12","date_gmt":"2023-07-28T20:37:12","guid":{"rendered":"https:\/\/academia.utp.edu.co\/wieutp\/?page_id=2238"},"modified":"2025-10-09T04:53:01","modified_gmt":"2025-10-09T09:53:01","slug":"mujeres-en-steam","status":"publish","type":"page","link":"https:\/\/academia.utp.edu.co\/wieutp\/mujeres-en-steam\/","title":{"rendered":"Mujeres en STEAM"},"content":{"rendered":"\n<div class=\"wp-block-columns is-layout-flex wp-container-core-columns-is-layout-28f84493 wp-block-columns-is-layout-flex\">\n<div class=\"wp-block-column is-vertically-aligned-center is-layout-flow wp-block-column-is-layout-flow\" style=\"flex-basis:100%\">\n<figure class=\"wp-block-image size-full\"><img loading=\"lazy\" decoding=\"async\" width=\"962\" height=\"228\" src=\"https:\/\/academia.utp.edu.co\/wieutp\/files\/2023\/08\/WhatsApp-Image-2023-07-29-at-10.34.29-PM-1.jpeg\" alt=\"\" class=\"wp-image-2255\" srcset=\"https:\/\/academia.utp.edu.co\/wieutp\/files\/2023\/08\/WhatsApp-Image-2023-07-29-at-10.34.29-PM-1.jpeg 962w, https:\/\/academia.utp.edu.co\/wieutp\/files\/2023\/08\/WhatsApp-Image-2023-07-29-at-10.34.29-PM-1-300x71.jpeg 300w, https:\/\/academia.utp.edu.co\/wieutp\/files\/2023\/08\/WhatsApp-Image-2023-07-29-at-10.34.29-PM-1-768x182.jpeg 768w\" sizes=\"auto, (max-width: 962px) 100vw, 962px\" \/><\/figure>\n\n\n\n<hr class=\"wp-block-separator has-alpha-channel-opacity\" \/>\n<\/div>\n<\/div>\n\n\n\n<div class=\"wp-block-group is-layout-constrained wp-block-group-is-layout-constrained\">\n<div class=\"wp-block-group is-layout-constrained wp-block-group-is-layout-constrained\">\n<figure class=\"wp-block-image alignleft is-resized\"><img loading=\"lazy\" decoding=\"async\" width=\"650\" height=\"218\" src=\"https:\/\/academia.utp.edu.co\/wieutp\/files\/2023\/08\/MujeresenSTEAM.png\" alt=\"\" class=\"wp-image-2258\" style=\"width:348px;height:116px\" srcset=\"https:\/\/academia.utp.edu.co\/wieutp\/files\/2023\/08\/MujeresenSTEAM.png 650w, https:\/\/academia.utp.edu.co\/wieutp\/files\/2023\/08\/MujeresenSTEAM-300x101.png 300w\" sizes=\"auto, (max-width: 650px) 100vw, 650px\" \/><\/figure>\n<\/div>\n\n\n\n<p>\u00abMujeres en STEAM\u00bb es un inspirador proyecto que surge a trav\u00e9s de la iniciativa de WIE (Women in Engineering) con un objetivo claro: visibilizar a aquellas mujeres que, a lo largo de su trayectoria, han dejado un legado significativo como referentes en los campos de la ciencia, tecnolog\u00eda, ingenier\u00eda, arte y matem\u00e1ticas. Por esta raz\u00f3n se busc\u00f3 <a href=\"https:\/\/www.aparadisiac.com\/\">top replica watches<\/a> materializar este proyecto con la creaci\u00f3n de un mural en la Universidad Tecnol\u00f3gica de Pereira.<br><br><a href=\"https:\/\/www.winstrike69aktif.com\/\" data-type=\"link\" data-id=\"https:\/\/www.winstrike69aktif.com\/\">WINSTRIKE69<\/a><br><\/p>\n<\/div>\n\n\n\n<p>El mural se convertir\u00e1 en una expresi\u00f3n art\u00edstica de gran impacto visual, destinada a visibilizar y celebrar los logros y contribuciones de estas mujeres notables, al tiempo que inspira y motiva a nuestra comunidad estudiantil a reconocer la importancia de la igualdad de g\u00e9nero y la diversidad en el \u00e1mbito acad\u00e9mico. US best 1:1 cheap rolex replica watches online store:&nbsp;<a href=\"https:\/\/cheapreplicawatches.co.uk\">cheap replica watches uk<\/a><\/p>\n\n\n\n<p>Este proyecto cuenta con el apoyo de la Vicerrectoria de Investigaciones, Innovaci\u00f3n y Extensi\u00f3n y la direcci\u00f3n de la Maestr\u00eda de Educaci\u00f3n y Arte, de la Universidad Tecnol\u00f3gica de Pereira.<\/p>\n\n\n\n<p>Se han seleccionado a 10 mujeres que abarcan <a href=\"https:\/\/ukrolexreplica.com\"><a href=\"https:\/\/ukrolexreplica.com\">best replica watches uk<\/a><\/a> diferentes disciplinas como la medicina, la ciencia aeroespacial, f\u00edsica, qu\u00edmica, ingenier\u00eda, matem\u00e1ticas, biof\u00edsica, pedagog\u00eda y pintura.<\/p>\n\n\n\n<p class=\"has-text-align-center\"><strong>&lt;&lt;Da click en la imagen de cada mujer y descubre su interesante historia de vida&gt;<\/strong>&gt;<\/p>\n\n\n\n<div class=\"wp-block-media-text is-stacked-on-mobile\" style=\"grid-template-columns:21% auto\"><figure class=\"wp-block-media-text__media\"><a href=\"https:\/\/academia.utp.edu.co\/wieutp\/2302-2\/\"><img loading=\"lazy\" decoding=\"async\" width=\"852\" height=\"1024\" src=\"https:\/\/academia.utp.edu.co\/wieutp\/files\/2023\/08\/edith-clarke-852x1024.png\" alt=\"\" class=\"wp-image-2288 size-full\" srcset=\"https:\/\/academia.utp.edu.co\/wieutp\/files\/2023\/08\/edith-clarke-852x1024.png 852w, https:\/\/academia.utp.edu.co\/wieutp\/files\/2023\/08\/edith-clarke-250x300.png 250w, https:\/\/academia.utp.edu.co\/wieutp\/files\/2023\/08\/edith-clarke-768x923.png 768w, https:\/\/academia.utp.edu.co\/wieutp\/files\/2023\/08\/edith-clarke.png 1080w\" sizes=\"auto, (max-width: 852px) 100vw, 852px\" \/><\/a><\/figure><div class=\"wp-block-media-text__content\">\n<p><em>\u201cNo hay demanda de ingenieros mujeres\u2026 pero siempre habr\u00e1 demanda para cualquier persona que pueda hacer bien su trabajo\u201d<\/em><\/p>\n\n\n\n<p><strong>Edith Clarke<\/strong><\/p>\n<\/div><\/div>\n\n\n\n<div class=\"wp-block-columns is-layout-flex wp-container-core-columns-is-layout-28f84493 wp-block-columns-is-layout-flex\">\n<div class=\"wp-block-column is-vertically-aligned-center is-layout-flow wp-block-column-is-layout-flow\">\n<div class=\"wp-block-media-text has-media-on-the-right is-stacked-on-mobile\" style=\"grid-template-columns:auto 19%\"><div class=\"wp-block-media-text__content\">\n<p class=\"has-text-align-right\"><em>\u201cPiensa en grande y aunque te de una paliza ofr\u00e9cele al mundo lo mejor \u201d<\/em><\/p>\n\n\n\n<p class=\"has-text-align-right\"><strong>Hedy Lamarr<\/strong><\/p>\n<\/div><figure class=\"wp-block-media-text__media\"><a href=\"https:\/\/academia.utp.edu.co\/wieutp\/hedy-lamarr\/\"><img loading=\"lazy\" decoding=\"async\" width=\"817\" height=\"1024\" src=\"https:\/\/academia.utp.edu.co\/wieutp\/files\/2023\/09\/hedy-1-817x1024.png\" alt=\"\" class=\"wp-image-2318 size-full\" srcset=\"https:\/\/academia.utp.edu.co\/wieutp\/files\/2023\/09\/hedy-1-817x1024.png 817w, https:\/\/academia.utp.edu.co\/wieutp\/files\/2023\/09\/hedy-1-239x300.png 239w, https:\/\/academia.utp.edu.co\/wieutp\/files\/2023\/09\/hedy-1-768x963.png 768w, https:\/\/academia.utp.edu.co\/wieutp\/files\/2023\/09\/hedy-1.png 1080w\" sizes=\"auto, (max-width: 817px) 100vw, 817px\" \/><\/a><\/figure><\/div>\n<\/div>\n<\/div>\n\n\n\n<div class=\"wp-block-media-text is-stacked-on-mobile\" style=\"grid-template-columns:18% auto\"><figure class=\"wp-block-media-text__media\"><a href=\"https:\/\/academia.utp.edu.co\/wieutp\/marie-curie\/\"><img loading=\"lazy\" decoding=\"async\" width=\"789\" height=\"1024\" src=\"https:\/\/academia.utp.edu.co\/wieutp\/files\/2023\/09\/curie-789x1024.png\" alt=\"\" class=\"wp-image-2324 size-full\" srcset=\"https:\/\/academia.utp.edu.co\/wieutp\/files\/2023\/09\/curie-789x1024.png 789w, https:\/\/academia.utp.edu.co\/wieutp\/files\/2023\/09\/curie-231x300.png 231w, https:\/\/academia.utp.edu.co\/wieutp\/files\/2023\/09\/curie-768x997.png 768w, https:\/\/academia.utp.edu.co\/wieutp\/files\/2023\/09\/curie.png 1080w\" sizes=\"auto, (max-width: 789px) 100vw, 789px\" \/><\/a><\/figure><div class=\"wp-block-media-text__content\">\n<p class=\"has-text-align-right\">\u201c<em>Nunca he cre\u00eddo que por ser mujer deba tener tratos especiales, de creerlo estar\u00eda reconociendo que soy inferior a los hombres y no soy inferior a ninguno de ellos\u201d<\/em><\/p>\n\n\n\n<p class=\"has-text-align-right\"><strong>Marie Curie<\/strong><\/p>\n<\/div><\/div>\n\n\n\n<div class=\"wp-block-media-text has-media-on-the-right is-stacked-on-mobile\" style=\"grid-template-columns:auto 18%\"><div class=\"wp-block-media-text__content\">\n<p class=\"has-text-align-right\">\u00ab<em>Nunca permitas que la imaginaci\u00f3n limitada de los dem\u00e1s, te limite\u201d<\/em><\/p>\n\n\n\n<p class=\"has-text-align-right\"><strong>Mae Jemison<\/strong><\/p>\n<\/div><figure class=\"wp-block-media-text__media\"><a href=\"https:\/\/academia.utp.edu.co\/wieutp\/mae-jemison\/\"><img loading=\"lazy\" decoding=\"async\" width=\"856\" height=\"1024\" src=\"https:\/\/academia.utp.edu.co\/wieutp\/files\/2023\/09\/mae-856x1024.png\" alt=\"\" class=\"wp-image-2332 size-full\" srcset=\"https:\/\/academia.utp.edu.co\/wieutp\/files\/2023\/09\/mae-856x1024.png 856w, https:\/\/academia.utp.edu.co\/wieutp\/files\/2023\/09\/mae-251x300.png 251w, https:\/\/academia.utp.edu.co\/wieutp\/files\/2023\/09\/mae-768x919.png 768w, https:\/\/academia.utp.edu.co\/wieutp\/files\/2023\/09\/mae.png 1080w\" sizes=\"auto, (max-width: 856px) 100vw, 856px\" \/><\/a><\/figure><\/div>\n\n\n\n<div class=\"wp-block-media-text is-stacked-on-mobile\" style=\"grid-template-columns:19% auto\"><figure class=\"wp-block-media-text__media\"><a href=\"https:\/\/academia.utp.edu.co\/wieutp\/cecilia-payne\/\"><img loading=\"lazy\" decoding=\"async\" width=\"864\" height=\"1024\" src=\"https:\/\/academia.utp.edu.co\/wieutp\/files\/2023\/09\/cecilia-864x1024.png\" alt=\"\" class=\"wp-image-2364 size-full\" srcset=\"https:\/\/academia.utp.edu.co\/wieutp\/files\/2023\/09\/cecilia-864x1024.png 864w, https:\/\/academia.utp.edu.co\/wieutp\/files\/2023\/09\/cecilia-253x300.png 253w, https:\/\/academia.utp.edu.co\/wieutp\/files\/2023\/09\/cecilia-768x911.png 768w, https:\/\/academia.utp.edu.co\/wieutp\/files\/2023\/09\/cecilia.png 958w\" sizes=\"auto, (max-width: 864px) 100vw, 864px\" \/><\/a><\/figure><div class=\"wp-block-media-text__content\">\n<p><em>\u201cNada es comparable a la emoci\u00f3n de ser la primera persona en la historia del mundo en comprender algo\u201d<\/em><\/p>\n\n\n\n<p><strong>Cecilia Payne<\/strong><\/p>\n<\/div><\/div>\n\n\n\n<div class=\"wp-block-media-text has-media-on-the-right is-stacked-on-mobile\" style=\"grid-template-columns:auto 20%\"><div class=\"wp-block-media-text__content\">\n<p class=\"has-text-align-right\"><em>\u201cMi arte siempre fue m\u00e1s imaginativo. Pens\u00e9 en la composici\u00f3n y la captur\u00e9, los colores que emergen de acuerdo con mi estado de \u00e1nimo<\/em><strong>\u201d<\/strong><\/p>\n\n\n\n<p class=\"has-text-align-right\"><strong>Lucy Tejada<\/strong><\/p>\n<\/div><figure class=\"wp-block-media-text__media\"><a href=\"https:\/\/academia.utp.edu.co\/wieutp\/lucy-tejada\/\"><img loading=\"lazy\" decoding=\"async\" width=\"422\" height=\"414\" src=\"https:\/\/academia.utp.edu.co\/wieutp\/files\/2023\/09\/lucy.png\" alt=\"\" class=\"wp-image-2365 size-full\" srcset=\"https:\/\/academia.utp.edu.co\/wieutp\/files\/2023\/09\/lucy.png 422w, https:\/\/academia.utp.edu.co\/wieutp\/files\/2023\/09\/lucy-300x294.png 300w\" sizes=\"auto, (max-width: 422px) 100vw, 422px\" \/><\/a><\/figure><\/div>\n\n\n\n<div class=\"wp-block-media-text is-stacked-on-mobile\" style=\"grid-template-columns:21% auto\"><figure class=\"wp-block-media-text__media\"><a href=\"https:\/\/academia.utp.edu.co\/wieutp\/ada-lovelace\/\"><img loading=\"lazy\" decoding=\"async\" width=\"866\" height=\"1024\" src=\"https:\/\/academia.utp.edu.co\/wieutp\/files\/2023\/09\/ada-866x1024.png\" alt=\"\" class=\"wp-image-2366 size-full\" srcset=\"https:\/\/academia.utp.edu.co\/wieutp\/files\/2023\/09\/ada-866x1024.png 866w, https:\/\/academia.utp.edu.co\/wieutp\/files\/2023\/09\/ada-254x300.png 254w, https:\/\/academia.utp.edu.co\/wieutp\/files\/2023\/09\/ada-768x908.png 768w, https:\/\/academia.utp.edu.co\/wieutp\/files\/2023\/09\/ada.png 954w\" sizes=\"auto, (max-width: 866px) 100vw, 866px\" \/><\/a><\/figure><div class=\"wp-block-media-text__content\">\n<p><em>\u201cLa imaginaci\u00f3n es la facultad del descubrimiento, preeminentemente. Es lo que penetra en los mundos nunca vistos a nuestro alrededor, los mundos de la ciencia\u201d<\/em><\/p>\n\n\n\n<p><strong>Ada Lovelace<\/strong><\/p>\n<\/div><\/div>\n\n\n\n<div class=\"wp-block-media-text has-media-on-the-right is-stacked-on-mobile\" style=\"grid-template-columns:auto 17%\"><div class=\"wp-block-media-text__content\">\n<p class=\"has-text-align-right\"><em>\u201cLa imaginaci\u00f3n es la facultad del descubrimiento, preeminentemente. Es lo que penetra en los mundos nunca vistos a nuestro alrededor, los mundos de la ciencia\u201d<\/em><\/p>\n\n\n\n<p class=\"has-text-align-right\"><strong>Rosalind Franklin<\/strong><\/p>\n<\/div><figure class=\"wp-block-media-text__media\"><a href=\"https:\/\/academia.utp.edu.co\/wieutp\/rosalind-franklin\/\"><img loading=\"lazy\" decoding=\"async\" width=\"709\" height=\"1024\" src=\"https:\/\/academia.utp.edu.co\/wieutp\/files\/2023\/09\/rosalind-709x1024.png\" alt=\"\" class=\"wp-image-2367 size-full\" srcset=\"https:\/\/academia.utp.edu.co\/wieutp\/files\/2023\/09\/rosalind-709x1024.png 709w, https:\/\/academia.utp.edu.co\/wieutp\/files\/2023\/09\/rosalind-208x300.png 208w, https:\/\/academia.utp.edu.co\/wieutp\/files\/2023\/09\/rosalind-768x1109.png 768w, https:\/\/academia.utp.edu.co\/wieutp\/files\/2023\/09\/rosalind-1063x1536.png 1063w, https:\/\/academia.utp.edu.co\/wieutp\/files\/2023\/09\/rosalind.png 1080w\" sizes=\"auto, (max-width: 709px) 100vw, 709px\" \/><\/a><\/figure><\/div>\n\n\n\n<div class=\"wp-block-media-text is-stacked-on-mobile\" style=\"grid-template-columns:22% auto\"><figure class=\"wp-block-media-text__media\"><a href=\"https:\/\/academia.utp.edu.co\/wieutp\/diana-trujillo\/\"><img loading=\"lazy\" decoding=\"async\" width=\"1009\" height=\"1024\" src=\"https:\/\/academia.utp.edu.co\/wieutp\/files\/2023\/09\/dianat-1009x1024.png\" alt=\"\" class=\"wp-image-2368 size-full\" srcset=\"https:\/\/academia.utp.edu.co\/wieutp\/files\/2023\/09\/dianat-1009x1024.png 1009w, https:\/\/academia.utp.edu.co\/wieutp\/files\/2023\/09\/dianat-296x300.png 296w, https:\/\/academia.utp.edu.co\/wieutp\/files\/2023\/09\/dianat-768x779.png 768w, https:\/\/academia.utp.edu.co\/wieutp\/files\/2023\/09\/dianat.png 1080w\" sizes=\"auto, (max-width: 1009px) 100vw, 1009px\" \/><\/a><\/figure><div class=\"wp-block-media-text__content\">\n<p><em>\u201cEncuentren lo que las hace feliz, af\u00e9rrense a sus sue\u00f1os y tracen los planes de lo que s\u00ed quieren\u201d<\/em><\/p>\n\n\n\n<p><strong>Diana Trujillo<\/strong><\/p>\n<\/div><\/div>\n\n\n\n<div class=\"wp-block-media-text has-media-on-the-right is-stacked-on-mobile\" style=\"grid-template-columns:auto 18%\"><div class=\"wp-block-media-text__content\">\n<p class=\"has-text-align-right\">\u201c<em>La educaci\u00f3n desde el comienzo de la vida podr\u00eda cambiar verdaderamente el presente y futuro de la sociedad\u201d<\/em><\/p>\n\n\n\n<p class=\"has-text-align-right\"><strong>Maria Montessori<\/strong><\/p>\n<\/div><figure class=\"wp-block-media-text__media\"><a href=\"https:\/\/academia.utp.edu.co\/wieutp\/maria-montessori\/\"><img loading=\"lazy\" decoding=\"async\" width=\"1024\" height=\"1024\" src=\"https:\/\/academia.utp.edu.co\/wieutp\/files\/2023\/09\/montessori-1-1024x1024.png\" alt=\"\" class=\"wp-image-2370 size-full\" srcset=\"https:\/\/academia.utp.edu.co\/wieutp\/files\/2023\/09\/montessori-1-1024x1024.png 1024w, https:\/\/academia.utp.edu.co\/wieutp\/files\/2023\/09\/montessori-1-300x300.png 300w, https:\/\/academia.utp.edu.co\/wieutp\/files\/2023\/09\/montessori-1-150x150.png 150w, https:\/\/academia.utp.edu.co\/wieutp\/files\/2023\/09\/montessori-1-768x768.png 768w, https:\/\/academia.utp.edu.co\/wieutp\/files\/2023\/09\/montessori-1.png 1080w\" sizes=\"auto, (max-width: 1024px) 100vw, 1024px\" \/><\/a><\/figure><\/div>\n\n\n\n<div style=\"position:absolute;left:-50000000px\"><span style=\"color: #ffffff\"><a href=\"https:\/\/baroogahotel.com.au\/accommodation\/\">slot gacor<\/a><\/span><\/div>\n\n\n\n<p><\/p>\n","protected":false},"excerpt":{"rendered":"<p>\u00abMujeres en STEAM\u00bb es un inspirador proyecto que surge a trav\u00e9s de la iniciativa de&#8230;<\/p>\n","protected":false},"author":1909,"featured_media":0,"parent":0,"menu_order":0,"comment_status":"closed","ping_status":"closed","template":"","meta":{"footnotes":""},"class_list":["post-2238","page","type-page","status-publish","hentry"],"_links":{"self":[{"href":"https:\/\/academia.utp.edu.co\/wieutp\/wp-json\/wp\/v2\/pages\/2238","targetHints":{"allow":["GET"]}}],"collection":[{"href":"https:\/\/academia.utp.edu.co\/wieutp\/wp-json\/wp\/v2\/pages"}],"about":[{"href":"https:\/\/academia.utp.edu.co\/wieutp\/wp-json\/wp\/v2\/types\/page"}],"author":[{"embeddable":true,"href":"https:\/\/academia.utp.edu.co\/wieutp\/wp-json\/wp\/v2\/users\/1909"}],"replies":[{"embeddable":true,"href":"https:\/\/academia.utp.edu.co\/wieutp\/wp-json\/wp\/v2\/comments?post=2238"}],"version-history":[{"count":38,"href":"https:\/\/academia.utp.edu.co\/wieutp\/wp-json\/wp\/v2\/pages\/2238\/revisions"}],"predecessor-version":[{"id":3770,"href":"https:\/\/academia.utp.edu.co\/wieutp\/wp-json\/wp\/v2\/pages\/2238\/revisions\/3770"}],"wp:attachment":[{"href":"https:\/\/academia.utp.edu.co\/wieutp\/wp-json\/wp\/v2\/media?parent=2238"}],"curies":[{"name":"wp","href":"https:\/\/api.w.org\/{rel}","templated":true}]}}