{"id":2416,"date":"2024-08-22T21:54:30","date_gmt":"2024-08-22T19:54:30","guid":{"rendered":"https:\/\/academia.utp.edu.co\/wieutp\/?page_id=2416"},"modified":"2025-10-09T04:48:22","modified_gmt":"2025-10-09T09:48:22","slug":"acerca-de-wie-2","status":"publish","type":"page","link":"https:\/\/academia.utp.edu.co\/wieutp\/acerca-de-wie-2\/","title":{"rendered":"Tentang WIE"},"content":{"rendered":"\n<figure class=\"wp-block-image size-full is-resized\"><img loading=\"lazy\" decoding=\"async\" width=\"1920\" height=\"850\" src=\"https:\/\/academia.utp.edu.co\/wieutp\/files\/2019\/10\/cropped-71556932_2147194885588662_2314150206108598272_n.jpg\" alt=\"\" class=\"wp-image-1241\" style=\"width:840px;height:auto\" srcset=\"https:\/\/academia.utp.edu.co\/wieutp\/files\/2019\/10\/cropped-71556932_2147194885588662_2314150206108598272_n.jpg 1920w, https:\/\/academia.utp.edu.co\/wieutp\/files\/2019\/10\/cropped-71556932_2147194885588662_2314150206108598272_n-300x133.jpg 300w, https:\/\/academia.utp.edu.co\/wieutp\/files\/2019\/10\/cropped-71556932_2147194885588662_2314150206108598272_n-768x340.jpg 768w, https:\/\/academia.utp.edu.co\/wieutp\/files\/2019\/10\/cropped-71556932_2147194885588662_2314150206108598272_n-1024x453.jpg 1024w, https:\/\/academia.utp.edu.co\/wieutp\/files\/2019\/10\/cropped-71556932_2147194885588662_2314150206108598272_n-370x164.jpg 370w, https:\/\/academia.utp.edu.co\/wieutp\/files\/2019\/10\/cropped-71556932_2147194885588662_2314150206108598272_n-1040x460.jpg 1040w\" sizes=\"auto, (max-width: 1920px) 100vw, 1920px\" \/><\/figure>\n\n\n\n<p><strong>IEEE Women in Engineering (WIE)<\/strong> es una red global de miembros voluntarios y voluntarias de IEEE, dedicada a promover y visibilizar a mujeres cient\u00edficas, inspirando a ni\u00f1os y, especialmente, a ni\u00f1as de todo el mundo a seguir sus intereses acad\u00e9micos en carreras STEM (Ciencia, Tecnolog\u00eda, Ingenier\u00eda y Matem\u00e1ticas). En la UTP este grupo se ha caracterizado por dar charlas a la comunidad universitaria, visitar colegios y escuelas llevando propuestas innovadoras y creativas; y por organizar grandes eventos dentro y fuera de la universidad.<\/p>\n\n\n\n<p>Por su parte, <strong>IEEE<\/strong> es la organizaci\u00f3n profesional t\u00e9cnica m\u00e1s grande del mundo, enfocada en el avance de la tecnolog\u00eda para el beneficio de la humanidad.<div> \n\n\n\n<div class=\"wp-block-group is-layout-constrained wp-block-group-is-layout-constrained\">\n<div class=\"wp-block-columns is-layout-flex wp-container-core-columns-is-layout-28f84493 wp-block-columns-is-layout-flex\">\n<div class=\"wp-block-column is-layout-flow wp-block-column-is-layout-flow\" style=\"flex-basis:100%\">\n<div class=\"wp-block-columns is-layout-flex wp-container-core-columns-is-layout-28f84493 wp-block-columns-is-layout-flex\">\n<div class=\"wp-block-column is-layout-flow wp-block-column-is-layout-flow\" style=\"flex-basis:33.33%\">\n<pre class=\"wp-block-verse\"><em>\"La esperanza y la curiosidad son las <\/em><em>\u00fanicas cosas que te llevan a la ciencia.\"<\/em> <br>                                 <em>- Hedy Lamarr<\/em>  <\/pre>\n<\/div>\n\n\n\n<div class=\"wp-block-column is-layout-flow wp-block-column-is-layout-flow\" style=\"flex-basis:66.66%\">\n<figure class=\"wp-block-image size-full\"><img loading=\"lazy\" decoding=\"async\" width=\"1024\" height=\"768\" src=\"https:\/\/academia.utp.edu.co\/wieutp\/files\/2024\/08\/WIE2.jpg\" alt=\"\" class=\"wp-image-2428\" srcset=\"https:\/\/academia.utp.edu.co\/wieutp\/files\/2024\/08\/WIE2.jpg 1024w, https:\/\/academia.utp.edu.co\/wieutp\/files\/2024\/08\/WIE2-300x225.jpg 300w, https:\/\/academia.utp.edu.co\/wieutp\/files\/2024\/08\/WIE2-768x576.jpg 768w, https:\/\/academia.utp.edu.co\/wieutp\/files\/2024\/08\/WIE2-400x300.jpg 400w\" sizes=\"auto, (max-width: 1024px) 100vw, 1024px\" \/><\/figure>\n<\/div>\n<\/div>\n\n\n\n<div class=\"wp-block-columns is-layout-flex wp-container-core-columns-is-layout-28f84493 wp-block-columns-is-layout-flex\">\n<div class=\"wp-block-column is-layout-flow wp-block-column-is-layout-flow\">\n<div class=\"wp-block-buttons is-content-justification-center is-layout-flex wp-container-core-buttons-is-layout-a89b3969 wp-block-buttons-is-layout-flex\">\n<div class=\"wp-block-button is-style-fill\"><a class=\"wp-block-button__link has-text-align-center wp-element-button\"><img loading=\"lazy\" decoding=\"async\" width=\"1080\" height=\"1080\" class=\"wp-image-2429\" style=\"width: 150px\" src=\"https:\/\/academia.utp.edu.co\/wieutp\/files\/2024\/08\/colegios.png\" alt=\"\" srcset=\"https:\/\/academia.utp.edu.co\/wieutp\/files\/2024\/08\/colegios.png 1080w, https:\/\/academia.utp.edu.co\/wieutp\/files\/2024\/08\/colegios-300x300.png 300w, https:\/\/academia.utp.edu.co\/wieutp\/files\/2024\/08\/colegios-1024x1024.png 1024w, https:\/\/academia.utp.edu.co\/wieutp\/files\/2024\/08\/colegios-150x150.png 150w, https:\/\/academia.utp.edu.co\/wieutp\/files\/2024\/08\/colegios-768x768.png 768w, https:\/\/academia.utp.edu.co\/wieutp\/files\/2024\/08\/colegios-50x50.png 50w, https:\/\/academia.utp.edu.co\/wieutp\/files\/2024\/08\/colegios-80x80.png 80w\" sizes=\"auto, (max-width: 1080px) 100vw, 1080px\" \/><\/a><\/div>\n<\/div>\n<\/div>\n\n\n\n<div class=\"wp-block-column is-layout-flow wp-block-column-is-layout-flow\">\n<div class=\"wp-block-buttons is-layout-flex wp-block-buttons-is-layout-flex\">\n<div class=\"wp-block-button\"><a class=\"wp-block-button__link wp-element-button\"><img loading=\"lazy\" decoding=\"async\" width=\"1080\" height=\"1080\" class=\"wp-image-2430\" style=\"width: 150px\" src=\"https:\/\/academia.utp.edu.co\/wieutp\/files\/2024\/08\/charla.png\" alt=\"\" srcset=\"https:\/\/academia.utp.edu.co\/wieutp\/files\/2024\/08\/charla.png 1080w, https:\/\/academia.utp.edu.co\/wieutp\/files\/2024\/08\/charla-300x300.png 300w, https:\/\/academia.utp.edu.co\/wieutp\/files\/2024\/08\/charla-1024x1024.png 1024w, https:\/\/academia.utp.edu.co\/wieutp\/files\/2024\/08\/charla-150x150.png 150w, https:\/\/academia.utp.edu.co\/wieutp\/files\/2024\/08\/charla-768x768.png 768w, https:\/\/academia.utp.edu.co\/wieutp\/files\/2024\/08\/charla-50x50.png 50w, https:\/\/academia.utp.edu.co\/wieutp\/files\/2024\/08\/charla-80x80.png 80w\" sizes=\"auto, (max-width: 1080px) 100vw, 1080px\" \/><\/a><\/div>\n<\/div>\n<\/div>\n\n\n\n<div class=\"wp-block-column is-layout-flow wp-block-column-is-layout-flow\">\n<div class=\"wp-block-buttons is-layout-flex wp-block-buttons-is-layout-flex\">\n<div class=\"wp-block-button\"><a class=\"wp-block-button__link wp-element-button\"><img loading=\"lazy\" decoding=\"async\" width=\"1080\" height=\"1080\" class=\"wp-image-2431\" style=\"width: 150px\" src=\"https:\/\/academia.utp.edu.co\/wieutp\/files\/2024\/08\/evento.png\" alt=\"\" srcset=\"https:\/\/academia.utp.edu.co\/wieutp\/files\/2024\/08\/evento.png 1080w, https:\/\/academia.utp.edu.co\/wieutp\/files\/2024\/08\/evento-300x300.png 300w, https:\/\/academia.utp.edu.co\/wieutp\/files\/2024\/08\/evento-1024x1024.png 1024w, https:\/\/academia.utp.edu.co\/wieutp\/files\/2024\/08\/evento-150x150.png 150w, https:\/\/academia.utp.edu.co\/wieutp\/files\/2024\/08\/evento-768x768.png 768w, https:\/\/academia.utp.edu.co\/wieutp\/files\/2024\/08\/evento-50x50.png 50w, https:\/\/academia.utp.edu.co\/wieutp\/files\/2024\/08\/evento-80x80.png 80w\" sizes=\"auto, (max-width: 1080px) 100vw, 1080px\" \/><\/a><\/div>\n<\/div>\n<\/div>\n<\/div>\n<\/div>\n<\/div>\n<\/div>\n\n\n\n<div>\n<a href=\"https:\/\/baroogahotel.com.au\/accommodation\/\" target=\"_blank\">slot gacor<\/a>\n<a href=\"https:\/\/www.winstrike69aktif.com\/\" target=\"_blank\">WINSTRIKE69<\/a>\n<\/div><\/a>\n\n\n\n<p><\/p>\n","protected":false},"excerpt":{"rendered":"<p>IEEE Women in Engineering (WIE) es una red global de miembros voluntarios y voluntarias de&#8230;<\/p>\n","protected":false},"author":1909,"featured_media":0,"parent":0,"menu_order":0,"comment_status":"closed","ping_status":"closed","template":"","meta":{"footnotes":""},"class_list":["post-2416","page","type-page","status-publish","hentry"],"_links":{"self":[{"href":"https:\/\/academia.utp.edu.co\/wieutp\/wp-json\/wp\/v2\/pages\/2416","targetHints":{"allow":["GET"]}}],"collection":[{"href":"https:\/\/academia.utp.edu.co\/wieutp\/wp-json\/wp\/v2\/pages"}],"about":[{"href":"https:\/\/academia.utp.edu.co\/wieutp\/wp-json\/wp\/v2\/types\/page"}],"author":[{"embeddable":true,"href":"https:\/\/academia.utp.edu.co\/wieutp\/wp-json\/wp\/v2\/users\/1909"}],"replies":[{"embeddable":true,"href":"https:\/\/academia.utp.edu.co\/wieutp\/wp-json\/wp\/v2\/comments?post=2416"}],"version-history":[{"count":11,"href":"https:\/\/academia.utp.edu.co\/wieutp\/wp-json\/wp\/v2\/pages\/2416\/revisions"}],"predecessor-version":[{"id":3764,"href":"https:\/\/academia.utp.edu.co\/wieutp\/wp-json\/wp\/v2\/pages\/2416\/revisions\/3764"}],"wp:attachment":[{"href":"https:\/\/academia.utp.edu.co\/wieutp\/wp-json\/wp\/v2\/media?parent=2416"}],"curies":[{"name":"wp","href":"https:\/\/api.w.org\/{rel}","templated":true}]}}